{"id":1627,"date":"2020-06-22T18:42:41","date_gmt":"2020-06-22T18:42:41","guid":{"rendered":"http:\/\/www2.unifap.br\/ppcs\/?page_id=1627"},"modified":"2023-03-08T17:10:55","modified_gmt":"2023-03-08T20:10:55","slug":"ps-bolsa-capes-2020","status":"publish","type":"page","link":"https:\/\/www2.unifap.br\/ppcs\/bolsas\/ps-bolsa-capes-2020\/","title":{"rendered":"PS Bolsas Capes 2020"},"content":{"rendered":"<p>O Programa de P\u00f3s-gradua\u00e7\u00e3o em Ci\u00eancias da Sa\u00fade torna p\u00fablica a abertura de inscri\u00e7\u00f5es e estabelece as normas para o processo de sele\u00e7\u00e3o de candidatos com vista a preencher vagas para bolsas Demanda Social \u2013 CAPES<\/p>\n<p>&nbsp;<\/p>\n<p><a href=\"http:\/\/www2.unifap.br\/ppcs\/files\/2020\/06\/Edital_Demanda-Social-2020-PPGCS-Publica\u00e7\u00e3o.pdf\">Edital_Demanda Social 2020 &#8211; PPGCS &#8211; Publica\u00e7\u00e3o<\/a><\/p>\n<p><a href=\"http:\/\/www2.unifap.br\/ppcs\/files\/2020\/07\/Resultado-Preliminar-Bolsa-Capes-DS-2020.pdf\">Resultado Preliminar Bolsa Capes DS 2020<\/a><\/p>\n<p><a href=\"http:\/\/www2.unifap.br\/ppcs\/files\/2020\/07\/RESULTADO-FINAL-DS-2020.pdf\">Resultado Final Bolsa Capes DS-2020<\/a><\/p>\n","protected":false},"excerpt":{"rendered":"<p>O Programa de P\u00f3s-gradua\u00e7\u00e3o em Ci\u00eancias da Sa\u00fade torna p\u00fablica a abertura de inscri\u00e7\u00f5es e estabelece as normas para o processo de sele\u00e7\u00e3o de candidatos com vista a preencher vagas para bolsas Demanda Social \u2013 CAPES &nbsp; Edital_Demanda Social 2020 &#8211; PPGCS &#8211; Publica\u00e7\u00e3o Resultado Preliminar Bolsa Capes DS 2020 \u2026 <a class=\"continue-reading-link\" href=\"https:\/\/www2.unifap.br\/ppcs\/bolsas\/ps-bolsa-capes-2020\/\"> Continue Lendo <span class=\"meta-nav\">&rarr; <\/span><\/a><\/p>\n","protected":false},"author":3848,"featured_media":0,"parent":947,"menu_order":0,"comment_status":"closed","ping_status":"closed","template":"","meta":{"inline_featured_image":false,"ngg_post_thumbnail":0,"footnotes":""},"class_list":["post-1627","page","type-page","status-publish","hentry"],"_links":{"self":[{"href":"https:\/\/www2.unifap.br\/ppcs\/wp-json\/wp\/v2\/pages\/1627","targetHints":{"allow":["GET"]}}],"collection":[{"href":"https:\/\/www2.unifap.br\/ppcs\/wp-json\/wp\/v2\/pages"}],"about":[{"href":"https:\/\/www2.unifap.br\/ppcs\/wp-json\/wp\/v2\/types\/page"}],"author":[{"embeddable":true,"href":"https:\/\/www2.unifap.br\/ppcs\/wp-json\/wp\/v2\/users\/3848"}],"replies":[{"embeddable":true,"href":"https:\/\/www2.unifap.br\/ppcs\/wp-json\/wp\/v2\/comments?post=1627"}],"version-history":[{"count":5,"href":"https:\/\/www2.unifap.br\/ppcs\/wp-json\/wp\/v2\/pages\/1627\/revisions"}],"predecessor-version":[{"id":1662,"href":"https:\/\/www2.unifap.br\/ppcs\/wp-json\/wp\/v2\/pages\/1627\/revisions\/1662"}],"up":[{"embeddable":true,"href":"https:\/\/www2.unifap.br\/ppcs\/wp-json\/wp\/v2\/pages\/947"}],"wp:attachment":[{"href":"https:\/\/www2.unifap.br\/ppcs\/wp-json\/wp\/v2\/media?parent=1627"}],"curies":[{"name":"wp","href":"https:\/\/api.w.org\/{rel}","templated":true}]}}