{"id":2392,"date":"2022-02-07T11:22:29","date_gmt":"2022-02-07T14:22:29","guid":{"rendered":"http:\/\/www2.unifap.br\/ppcs\/?page_id=2392"},"modified":"2023-03-08T17:11:35","modified_gmt":"2023-03-08T20:11:35","slug":"edital-01-2022-ppgcs-unifap","status":"publish","type":"page","link":"https:\/\/www2.unifap.br\/ppcs\/editais-e-processos-seletivos\/edital-01-2022-ppgcs-unifap\/","title":{"rendered":"Edital 01\/2022-PPGCS\/Unifap"},"content":{"rendered":"<div class=\"row\">\n<div class=\"col\">\n<div>\n<p><span id=\"page3R_mcid7\" class=\"markedContent\"><span dir=\"ltr\" role=\"presentation\">A Coordena\u00e7\u00e3o do Programa de P\u00f3s-Gradua\u00e7\u00e3o em Ci\u00eancias da Sa\u00fade (PPGCS), da Universidade Federal do Amap\u00e1 (UNIFAP), torna p\u00fablico que, no per\u00edodo de 01 a 11 mar\u00e7o de 2022 estar\u00e3o abertas as inscri\u00e7\u00f5es para o exame de sele\u00e7\u00e3o ao curso de Mestrado, com ingresso previsto para o 1\u00ba semestre de 2022.<br \/>\n<\/span><\/span><\/p>\n<\/div>\n<\/div>\n<\/div>\n<div class=\"row\"><\/div>\n<p><a href=\"http:\/\/www2.unifap.br\/ppcs\/files\/2022\/02\/EDITAL-01-2022-PPGCS.pdf\">EDITAL 01-2022 &#8211; PPGCS<\/a><\/p>\n<p>Acompanhe o certame no site: https:\/\/depsec.unifap.br\/concursos<\/p>\n<div class=\"container\">\n<div class=\"row\">\n<h2 class=\"font-weight-medium\">Per\u00edodo de Inscri\u00e7\u00f5es:<\/h2>\n<\/div>\n<div class=\"row\">\n<ul>\n<li>Iniciam em\u00a0<strong>01\/03\/2022, 08:00h<\/strong>. Terminam em\u00a0<strong>11\/03\/2022, 23:59<\/strong><\/li>\n<\/ul>\n<p><a href=\"http:\/\/www2.unifap.br\/ppcs\/files\/2022\/03\/PRORROGACAO-INSCRICOES-DEPSEC-PPGCS.2022.pdf\">PRORROGACAO-INSCRICOES-DEPSEC-PPGCS.2022<\/a><\/p>\n<ul>\n<li>Inscri\u00e7\u00f5es Prorrogadas at\u00e9 \u00e0s 12:00( meio-dia) do dia 16\/03\/2022<\/li>\n<\/ul>\n<p>&nbsp;<\/p>\n<p><strong>INSCRI\u00c7\u00d5ES HOMOLOGADAS DO EDITAL 01\/2022-PPGCS<\/strong><\/p>\n<p><a href=\"http:\/\/www2.unifap.br\/ppcs\/files\/2022\/03\/HOMOLOGA\u00c7AO-DAS-INSCRI\u00c7\u00d5ES-Edital-N\u00ba-01_2022-PPGCS_UNIFAP-1.pdf\">HOMOLOGA\u00c7AO DAS INSCRI\u00c7\u00d5ES Edital N\u00ba 01_2022 &#8211; PPGCS_UNIFAP &#8211; (1)<\/a><\/p>\n<p><strong>RESULTADO DEFINITIVO DAS HOMOLOGA\u00c7\u00d5ES DAS INCRI\u00c7\u00d5ES<\/strong><\/p>\n<p><a href=\"http:\/\/www2.unifap.br\/ppcs\/files\/2022\/03\/HOMOLOGACAO-DEFINITIVA-DAS-INSCRICOES-Edital-No-01_2022-PPGCS_UNIFAP-.pdf\">HOMOLOGA\u00c7AO DEFINITIVA DAS INSCRI\u00c7\u00d5ES Edital N\u00ba 01_2022 &#8211; PPGCS_UNIFAP &#8211;<\/a><\/p>\n<p><strong>RESULTADO PROVIS\u00d3RIO DAS NOTAS DA CARTAS DE APRESENTA\u00c7\u00c3O E INTEN\u00c7\u00c3O<\/strong><\/p>\n<p><a href=\"http:\/\/www2.unifap.br\/ppcs\/files\/2022\/03\/Resultado-Provisorio-da-Analise-de-Cartas-de-Apresentacao-e-Intencao-Fase-1-Eliminatoria-e-Classificatoria.pdf\">Resultado Provis\u00f3rio da An\u00e1lise de Cartas de Apresenta\u00e7\u00e3o e Inten\u00e7\u00e3o (Fase 1 &#8211; Eliminat\u00f3ria e Classificat\u00f3ria)<\/a><\/p>\n<p><strong>RESULTADO DEFINITIVO DAS NOTAS DA CARTAS DE APRESENTA\u00c7\u00c3O E INTEN\u00c7\u00c3O<\/strong><\/p>\n<p><a href=\"http:\/\/www2.unifap.br\/ppcs\/files\/2022\/03\/Resultado-Final-da-Analise-de-Cartas-de-Apresentacao-e-Intencao-Fase-1-Eliminatoria-e-Classificatoria.pdf\">Resultado Final da An\u00e1lise de Cartas de Apresenta\u00e7\u00e3o e Inten\u00e7\u00e3o-(Fase 1 &#8211; Eliminat\u00f3ria e Classificat\u00f3ria)<\/a><\/p>\n<p><strong>RESULTADO PROVIS\u00d3RIO &#8211; AN\u00c1LISE DO PROJETO PESQUISA &#8211; 06\/04\/2022<\/strong><\/p>\n<p><a href=\"http:\/\/www2.unifap.br\/ppcs\/files\/2022\/04\/Resultado_Provisorio_Analise_Projetos_PS_2022_PPGCS-1.pdf\">Resultado_Provis\u00f3rio_An\u00e1lise_Projetos_PS_2022_PPGCS-1<\/a><\/p>\n<p><strong>RESULTADO DEFINITIVO- AN\u00c1LISE DOS PROJETOS-08\/04\/2022<\/strong><\/p>\n<p><a href=\"http:\/\/www2.unifap.br\/ppcs\/files\/2022\/04\/Resultado_Definitivo_Analise_Projetos_PS_2022_PPGCS_.pdf\">Resultado_Definitivo_An\u00e1lise_Projetos_PS_2022_PPGCS_<\/a><\/p>\n<p><strong>RESULTADOS DOS RECURSOS DOS PROJETOS-08\/04\/2022<\/strong><\/p>\n<p><a href=\"http:\/\/www2.unifap.br\/ppcs\/files\/2022\/04\/Resultados_dos_Recursos-da-Fase-2_.pdf\">Resultados_dos_Recursos da Fase 2_<\/a><\/p>\n<p><strong>CALEND\u00c1RIO DE ENTREVIASTAS- 08\/04\/2022<\/strong><\/p>\n<p><a href=\"http:\/\/www2.unifap.br\/ppcs\/files\/2022\/04\/CALENDARIO-DE-ENTREVISTA_FASE-3_PS_PPGCS_2022.pdf\">CALEND\u00c1RIO DE ENTREVISTA_FASE 3_PS_PPGCS_202<\/a><\/p>\n<p>RESULTADOS_FASE 3_FASE 4_PS_PPGCS_2022 (1).pdf<\/p>\n<p><a href=\"http:\/\/www2.unifap.br\/ppcs\/files\/2022\/05\/RESULTDOS_FASE-3_FASE-4_PS_PPGCS_2022-1.pdf\">RESULTDOS_FASE 3_FASE 4_PS_PPGCS_2022 (1)<\/a><\/p>\n<p>RESULTADO_FINAL PROVIS\u00d3RIO_PS_2022_PPGCS.pdf<\/p>\n<p><a href=\"http:\/\/www2.unifap.br\/ppcs\/files\/2022\/05\/RESULTADO_FINAL-PROVISORIO_PS_2022_PPGCS.pdf\">RESULTADO_FINAL PROVIS\u00d3RIO_PS_2022_PPGCS<\/a><\/p>\n<p><strong>RESULTADO FINAL PS 01\/2022-PPGCS<\/strong><\/p>\n<p><a href=\"http:\/\/www2.unifap.br\/ppcs\/files\/2022\/05\/RESULTADO_FINAL_PS-01_2022_PPGCS.pdf\">RESULTADO_FINAL_PS 01_2022_PPGCS<\/a><\/p>\n<\/div>\n<\/div>\n","protected":false},"excerpt":{"rendered":"<p>A Coordena\u00e7\u00e3o do Programa de P\u00f3s-Gradua\u00e7\u00e3o em Ci\u00eancias da Sa\u00fade (PPGCS), da Universidade Federal do Amap\u00e1 (UNIFAP), torna p\u00fablico que, no per\u00edodo de 01 a 11 mar\u00e7o de 2022 estar\u00e3o abertas as inscri\u00e7\u00f5es para o exame de sele\u00e7\u00e3o ao curso de Mestrado, com ingresso previsto para o 1\u00ba semestre de \u2026 <a class=\"continue-reading-link\" href=\"https:\/\/www2.unifap.br\/ppcs\/editais-e-processos-seletivos\/edital-01-2022-ppgcs-unifap\/\"> Continue Lendo <span class=\"meta-nav\">&rarr; <\/span><\/a><\/p>\n","protected":false},"author":3922,"featured_media":0,"parent":2795,"menu_order":0,"comment_status":"closed","ping_status":"closed","template":"","meta":{"inline_featured_image":false,"ngg_post_thumbnail":0,"footnotes":""},"class_list":["post-2392","page","type-page","status-publish","hentry"],"_links":{"self":[{"href":"https:\/\/www2.unifap.br\/ppcs\/wp-json\/wp\/v2\/pages\/2392","targetHints":{"allow":["GET"]}}],"collection":[{"href":"https:\/\/www2.unifap.br\/ppcs\/wp-json\/wp\/v2\/pages"}],"about":[{"href":"https:\/\/www2.unifap.br\/ppcs\/wp-json\/wp\/v2\/types\/page"}],"author":[{"embeddable":true,"href":"https:\/\/www2.unifap.br\/ppcs\/wp-json\/wp\/v2\/users\/3922"}],"replies":[{"embeddable":true,"href":"https:\/\/www2.unifap.br\/ppcs\/wp-json\/wp\/v2\/comments?post=2392"}],"version-history":[{"count":14,"href":"https:\/\/www2.unifap.br\/ppcs\/wp-json\/wp\/v2\/pages\/2392\/revisions"}],"predecessor-version":[{"id":2705,"href":"https:\/\/www2.unifap.br\/ppcs\/wp-json\/wp\/v2\/pages\/2392\/revisions\/2705"}],"up":[{"embeddable":true,"href":"https:\/\/www2.unifap.br\/ppcs\/wp-json\/wp\/v2\/pages\/2795"}],"wp:attachment":[{"href":"https:\/\/www2.unifap.br\/ppcs\/wp-json\/wp\/v2\/media?parent=2392"}],"curies":[{"name":"wp","href":"https:\/\/api.w.org\/{rel}","templated":true}]}}