{"id":2709,"date":"2023-01-05T09:25:40","date_gmt":"2023-01-05T12:25:40","guid":{"rendered":"https:\/\/www2.unifap.br\/ppcs\/?page_id=2709"},"modified":"2024-05-04T01:27:40","modified_gmt":"2024-05-04T04:27:40","slug":"turma-2021","status":"publish","type":"page","link":"https:\/\/www2.unifap.br\/ppcs\/corpo-academico\/corpo-discente\/turma-2021\/","title":{"rendered":"TURMA 2021"},"content":{"rendered":"<p>Adriane Stefanny Rocha Ribeiro<\/p>\n<p>Alex Carlos Silva da Silva<\/p>\n<p>Breno Willian Batista Nery<\/p>\n<p>Caio Cesar dos Reis Fa\u00e7anha<\/p>\n<p>Camilla Coimbra Faria<\/p>\n<p>Daniely Prado Barros<\/p>\n<p>Danyela Darienso<\/p>\n<p>Gleice Aleixo Garcia(Desligado)<\/p>\n<p>Heidy Segeti Pimentel<\/p>\n<p>Hiago Rafael Lima da Silva<\/p>\n<p>J\u00e9ssica Gomes da Silva<\/p>\n<p>Juliana Vit\u00f3ria Rocha Leite Chaves<\/p>\n<p>K\u00e9ssia Regina Ferreira Batista<\/p>\n<p>La\u00eds Ferreira Tapaj\u00f3s<\/p>\n<p>Malenna Cristina Pican\u00e7o<\/p>\n<p>Neurene Lameira Vieira Guimar\u00e3es<\/p>\n<p>Patr\u00edcia Trindade Pantoja<\/p>\n<p>Paulo Cesar Beckman da Silva Junior<\/p>\n<p>Stephanie Vanessa Penafort Martins Cavalcante<\/p>\n<p>Thais Batista Marques<\/p>\n<p>Thaissianne Freires Fernandes<\/p>\n<p>Wenderson Pican\u00e7o Cust\u00f3dio<\/p>\n<p>winnie Karen de Farias Lima Pires<\/p>\n<p>&nbsp;<\/p>\n<p>&nbsp;<\/p>\n","protected":false},"excerpt":{"rendered":"<p>Adriane Stefanny Rocha Ribeiro Alex Carlos Silva da Silva Breno Willian Batista Nery Caio Cesar dos Reis Fa\u00e7anha Camilla Coimbra Faria Daniely Prado Barros Danyela Darienso Gleice Aleixo Garcia(Desligado) Heidy Segeti Pimentel Hiago Rafael Lima da Silva J\u00e9ssica Gomes da Silva Juliana Vit\u00f3ria Rocha Leite Chaves K\u00e9ssia Regina Ferreira Batista \u2026 <a class=\"continue-reading-link\" href=\"https:\/\/www2.unifap.br\/ppcs\/corpo-academico\/corpo-discente\/turma-2021\/\"> Continue Lendo <span class=\"meta-nav\">&rarr; <\/span><\/a><\/p>\n","protected":false},"author":3922,"featured_media":0,"parent":676,"menu_order":12,"comment_status":"closed","ping_status":"closed","template":"","meta":{"inline_featured_image":false,"ngg_post_thumbnail":0,"footnotes":""},"class_list":["post-2709","page","type-page","status-publish","hentry"],"_links":{"self":[{"href":"https:\/\/www2.unifap.br\/ppcs\/wp-json\/wp\/v2\/pages\/2709","targetHints":{"allow":["GET"]}}],"collection":[{"href":"https:\/\/www2.unifap.br\/ppcs\/wp-json\/wp\/v2\/pages"}],"about":[{"href":"https:\/\/www2.unifap.br\/ppcs\/wp-json\/wp\/v2\/types\/page"}],"author":[{"embeddable":true,"href":"https:\/\/www2.unifap.br\/ppcs\/wp-json\/wp\/v2\/users\/3922"}],"replies":[{"embeddable":true,"href":"https:\/\/www2.unifap.br\/ppcs\/wp-json\/wp\/v2\/comments?post=2709"}],"version-history":[{"count":3,"href":"https:\/\/www2.unifap.br\/ppcs\/wp-json\/wp\/v2\/pages\/2709\/revisions"}],"predecessor-version":[{"id":2712,"href":"https:\/\/www2.unifap.br\/ppcs\/wp-json\/wp\/v2\/pages\/2709\/revisions\/2712"}],"up":[{"embeddable":true,"href":"https:\/\/www2.unifap.br\/ppcs\/wp-json\/wp\/v2\/pages\/676"}],"wp:attachment":[{"href":"https:\/\/www2.unifap.br\/ppcs\/wp-json\/wp\/v2\/media?parent=2709"}],"curies":[{"name":"wp","href":"https:\/\/api.w.org\/{rel}","templated":true}]}}