{"id":2757,"date":"2023-01-22T14:25:39","date_gmt":"2023-01-22T17:25:39","guid":{"rendered":"https:\/\/www2.unifap.br\/ppcs\/?page_id=2757"},"modified":"2023-05-09T23:57:47","modified_gmt":"2023-05-10T02:57:47","slug":"edital-01-2023","status":"publish","type":"page","link":"https:\/\/www2.unifap.br\/ppcs\/editais-e-processos-seletivos\/edital-01-2023\/","title":{"rendered":"EDITAL 01\/2023 PPGCS"},"content":{"rendered":"<p><strong>MESTRADO EM CI\u00caNCIAS DA SA\u00daDE DO PROGRAMA DE P\u00d3S-GRADUA\u00c7\u00c3O EM CI\u00caNCIAS DA SA\u00daDE (PPGCS) \u2013 TURMA 2023<\/strong><\/p>\n<p>A Comiss\u00e3o e a Coordena\u00e7\u00e3o do Programa de P\u00f3s-Gradua\u00e7\u00e3o em Ci\u00eancias da Sa\u00fade(PPGCS) da Universidade Federal do Amap\u00e1 (UNIFAP) torna p\u00fablico os Edital de Sele\u00e7\u00e3o para o Curso de Mestrado em Ci\u00eancias da Sa\u00fade \u2013 Turma 2023, com inscri\u00e7\u00e3o de candidatos(as) no per\u00edodo de 27 de fevereiro a 10 de mar\u00e7o de 2023, para ingresso no 1\u00ba Semestre Letivo de 2023 (conforme Calend\u00e1rio Acad\u00eamico da UNIFAP).<\/p>\n<p><span style=\"color: #2e3944;font-family: 'Open Sans Condensed', sans-serif;font-size: 16px;background-color: #ffffff\"><a href=\"https:\/\/depsec.unifap.br\/concursos\/processos\/63cacd4888cd1fadb7432f30\">INSCRI\u00c7\u00d5ES AQUI!<\/a>&nbsp;<\/span><\/p>\n<p><a href=\"http:\/\/www2.unifap.br\/ppcs\/files\/2023\/01\/1674235544942-EDITAL__N_01_2023_PPGCS_UNIFAP_23__JANEIRO__2023-1.pdf\">EDITAL__N_01_2023_PPGCS_UNIFAP_23__JANEIRO__2023 (1)<\/a><\/p>\n<p><strong>PRIMEIRA RETIFICA\u00c7\u00c3O DO EDITAL N\u00ba 01\/2023-PPGCS\/UNIFAP, 23 DE JANEIRO DE 2023<\/strong><\/p>\n<p><a href=\"http:\/\/www2.unifap.br\/ppcs\/files\/2023\/02\/retificacao_EDITAL__N_01_2023_PPGCS-1.pdf\">retificacao_EDITAL__N_01_2023_PPGCS-1<\/a><\/p>\n<p><strong>QUADRO DE VAGAS POR ORIENTADOR PAR O MESTRADO PPGCS TURMA 2023<\/strong><\/p>\n<p><a href=\"http:\/\/www2.unifap.br\/ppcs\/files\/2023\/03\/quado_vagas.pdf\">http:\/\/www2.unifap.br\/ppcs\/files\/2023\/03\/quado_vagas.pdf<\/a><\/p>\n<p><strong>SEGUNDA RETIFICA\u00c7\u00c3O DO EDITAL N\u00ba 01\/2023-PPGCS\/UNIFAP, 23 DE JANEIRO DE 2023<\/strong><\/p>\n<p><a href=\"http:\/\/www2.unifap.br\/ppcs\/files\/2023\/03\/segunda_retificacao_EDITAL__N_01_2023_PPGCS.pdf\">segunda_retificacao_EDITAL__N_01_2023_PPGCS<\/a><\/p>\n<p><strong>RESULTADO HOMOLOGA\u00c7\u00d5ES DE INSCRI\u00c7\u00d5ES EDITAL 01\/2023-PPGCS\/UNIFAP<\/strong><\/p>\n<p><a href=\"http:\/\/www2.unifap.br\/ppcs\/files\/2023\/03\/Homologacao-Mestrado-PPGCS-2023.pdf\">Homologacao-Mestrado-PPGCS-2023<\/a><\/p>\n<p><strong>RESULTADO PEDIDOS DE RECURSOS DA HOMOLOGA\u00c7\u00c3O DAS INSCRI\u00c7\u00d5ES EDITAL 01\/2023-PPGCS\/UNIFAP<\/strong><\/p>\n<p><a href=\"http:\/\/www2.unifap.br\/ppcs\/files\/2023\/03\/Recursos_Homologacao_Mestrado_PPGCS_2023.pdf\">Resultado_Recursos_inscri\u00e7\u00f5es<\/a><\/p>\n<p><strong>LISTA FINAL DE INSCRI\u00c7\u00d5ES HOMOLOGADAS E DISTRIBUI\u00c7\u00c3O DE CANDIDATOS POR SALA DE PROVA EDITAL 01\/2023-PPGCS\/UNIFAP<\/strong><\/p>\n<p><a href=\"http:\/\/www2.unifap.br\/ppcs\/files\/2023\/03\/Homologacao-Final-e-Salas-de-Prova-Mestrado-PPGCS-2023.pdf\">Homologa\u00e7\u00e3o_Final_Inscri\u00e7\u00f5es_Salas_Prova<\/a>&nbsp;<\/p>\n<p><strong>ERRATA DE INSTRU\u00c7\u00d5ES DA PROVA DO DIA 31\/03\/2023 EDITAL 01\/2023-PPGCS\/UNIFAP<\/strong><\/p>\n<p><a href=\"http:\/\/www2.unifap.br\/ppcs\/files\/2023\/03\/ERRADA_PROVA_PPGCS_-PS_2023.pdf\">Errata_Instru\u00e7\u00f5es_Prova<\/a><\/p>\n<p><strong>RESULTADO PRELIMINAR 1\u00aa FASE &#8211; PROVA OBJETIVA EDITAL 01\/2023-PPGCS\/UNIFAP<\/strong><\/p>\n<p><a href=\"http:\/\/www2.unifap.br\/ppcs\/files\/2023\/04\/resultado_preliminar_prova_objetiva_Mestrado-PPGCS-2023.pdf\">resultado_preliminar_prova_objetiva<\/a><\/p>\n<p><strong>GABARITO DA PROVA OBJETIVA &#8211; EDITAL 01\/2023-PPGCS\/UNIFAP<\/strong><\/p>\n<p><a href=\"http:\/\/www2.unifap.br\/ppcs\/files\/2023\/04\/Gabarito_Prova_Objetiva_PPGCS_-PS_2023.pdf\">Gabarito_Prova_Objetiva_PPGCS_-PS_2023<\/a><\/p>\n<p><strong>RESULTADO DA AVALIA\u00c7\u00c3O DA INTERPOSI\u00c7\u00c3O DE RECURSOS PROVA OBJETIVA \u2013 1\u00aa FASE &#8211; MESTRADO TURMA 2023<\/strong><\/p>\n<p><a href=\"http:\/\/www2.unifap.br\/ppcs\/files\/2023\/04\/Recursos_Prova_Objetiva_Mestrado_PPGCS_2023.pdf\">Recursos_Prova_Objetiva_Mestrado_PPGCS_2023<\/a><\/p>\n<p><strong>RESULTADO FINAL 1\u00aa FASE &#8211; PROVA OBJETIVA EDITAL 01\/2023-PPGCS\/UNIFAP<\/strong><\/p>\n<p><a href=\"http:\/\/www2.unifap.br\/ppcs\/files\/2023\/04\/resultado_final_prova_objetiva_Mestrado-PPGCS-2023.pdf\">Resultado_final_prova_objetiva_Mestrado-PPGCS-2023<\/a><\/p>\n<p><strong>CRONOGRAMA DE ENTREVISTAS &#8211; PROVA ORAL &#8211; 2\u00aa FASE &#8211; EDITAL N\u00ba 01\/2023-PPGCS\/UNIFAP<\/strong><\/p>\n<p><a href=\"http:\/\/www2.unifap.br\/ppcs\/files\/2023\/04\/Calendario_Entrevistas_Mestrado_PPGCS_2023.pdf\">Calendario_Entrevistas_Mestrado_PPGCS_2023<\/a><\/p>\n<p><strong>TERCEIRA RETIFICA\u00c7\u00c3O DO EDITAL N\u00ba 01\/2023-PPGCS\/UNIFAP, 23 DE JANEIRO DE 2023<\/strong><\/p>\n<p><a href=\"http:\/\/www2.unifap.br\/ppcs\/files\/2023\/04\/terceira_retificacao_EDITAL__N_01_2023_PPGCS.pdf\">Terceira_retificacao_EDITAL__N_01_2023_PPGCS<\/a><\/p>\n<p><strong>RESULTADO DA SEGUNDA AVALIA\u00c7\u00c3O DA INTERPOSI\u00c7\u00c3O DE RECURSOS PROVA OBJETIVA \u2013 1\u00aa FASE &#8211; MESTRADO TURMA 2023<\/strong><\/p>\n<p><a href=\"http:\/\/www2.unifap.br\/ppcs\/files\/2023\/04\/2a_Avaliacao_Recursos_Prova_Objetiva_Mestrado_PPGCS_2023.pdf\">2a_Avaliacao_Recursos_Prova_Objetiva_Mestrado_PPGCS_2023<\/a><\/p>\n<p><strong>RESULTADO FINAL CORRIGIDO 1\u00aa FASE &#8211; PROVA OBJETIVA EDITAL 01\/2023-PPGCS\/UNIFAP<\/strong><\/p>\n<p><a href=\"http:\/\/www2.unifap.br\/ppcs\/files\/2023\/04\/resultado_final_CORRIGIDO_prova_objetiva_Mestrado-PPGCS-2023.pdf\">resultado_final_CORRIGIDO_prova_objetiva_Mestrado-PPGCS-2023<\/a><\/p>\n<p><strong>SEGUNDO CRONOGRAMA DE ENTREVISTAS &#8211; PROVA ORAL &#8211; 2\u00aa FASE &#8211; EDITAL N\u00ba 01\/2023-PPGCS\/UNIFAP<\/strong><\/p>\n<p><a href=\"http:\/\/www2.unifap.br\/ppcs\/files\/2023\/04\/Segundo_Calendario_Entrevistas_Mestrado_PPGCS_2023.pdf\">Segundo_Calendario_Entrevistas_Mestrado_PPGCS_2023<\/a><\/p>\n<p><strong>SEGUNDO CRONOGRAMA DE ENTREVISTAS RETIFICADO &#8211; PROVA ORAL &#8211; 2\u00aa FASE &#8211; EDITAL N\u00ba 01\/2023-PPGCS\/UNIFAP<\/strong><\/p>\n<p><a href=\"http:\/\/www2.unifap.br\/ppcs\/files\/2023\/04\/rETIFICACAO_Segundo_Calendario_Entrevistas_Mestrado_PPGCS_2023.pdf\">Retificacao_Segundo_Calendario_Entrevistas_Mestrado_PPGCS_2023<\/a><\/p>\n<p><strong>RESULTADO PRELIMINAR PROVA ORAL E CURR\u00cdCULO EDITAL 01\/2023-PPGCS\/UNIFAP<\/strong><\/p>\n<p><a href=\"http:\/\/www2.unifap.br\/ppcs\/files\/2023\/05\/resultado_prova_oral_curriculo_Mestrado_PPGCS_2023.pdf\">Resultado_prova_oral_curriculo_Mestrado_PPGCS_2023<\/a><\/p>\n<p><strong>RESULTADO FINAL PROVA ORAL E CURR\u00cdCULO EDITAL 01\/2023-PPGCS\/UNIFAP<\/strong><\/p>\n<p><a href=\"http:\/\/www2.unifap.br\/ppcs\/files\/2023\/05\/resultado_FINAL_prova_oral_curriculo_Mestrado_PPGCS_2023.pdf\">Resultado_FINAL_prova_oral_curriculo_Mestrado_PPGCS_2023<\/a><\/p>\n<p><strong>RESULTADO PRELIMINAR EDITAL 01\/2023-PPGCS\/UNIFAP<\/strong><\/p>\n<p><a href=\"http:\/\/www2.unifap.br\/ppcs\/files\/2023\/05\/resultado_final_preliminar_Mestrado_PPGCS_2023.pdf\">Resultado_preliminar_mestrado_PPGCS_2023<\/a><\/p>\n<p><strong>RESULTADO FINAL EDITAL 01\/2023-PPGCS\/UNIFAP<\/strong><\/p>\n<p><a href=\"http:\/\/www2.unifap.br\/ppcs\/files\/2023\/05\/resultado_final_Mestrado_PPGCS_2023.pdf\">Resultado_final_Mestrado_PPGCS_2023<\/a><\/p>\n<p><strong>RESULTADO FINAL RETIFICADO EDITAL 01\/2023-PPGCS\/UNIFAP<\/strong><\/p>\n<p><a href=\"http:\/\/www2.unifap.br\/ppcs\/files\/2023\/05\/resultado_final_RETIFICADO_Mestrado_PPGCS_2023.pdf\">Resultado_final_RETIFICADO_Mestrado_PPGCS_2023<\/a><\/p>\n","protected":false},"excerpt":{"rendered":"<p>MESTRADO EM CI\u00caNCIAS DA SA\u00daDE DO PROGRAMA DE P\u00d3S-GRADUA\u00c7\u00c3O EM CI\u00caNCIAS DA SA\u00daDE (PPGCS) \u2013 TURMA 2023 A Comiss\u00e3o e a Coordena\u00e7\u00e3o do Programa de P\u00f3s-Gradua\u00e7\u00e3o em Ci\u00eancias da Sa\u00fade(PPGCS) da Universidade Federal do Amap\u00e1 (UNIFAP) torna p\u00fablico os Edital de Sele\u00e7\u00e3o para o Curso de Mestrado em Ci\u00eancias da \u2026 <a class=\"continue-reading-link\" href=\"https:\/\/www2.unifap.br\/ppcs\/editais-e-processos-seletivos\/edital-01-2023\/\"> Continue Lendo <span class=\"meta-nav\">&rarr; <\/span><\/a><\/p>\n","protected":false},"author":3922,"featured_media":0,"parent":2795,"menu_order":5,"comment_status":"closed","ping_status":"closed","template":"","meta":{"inline_featured_image":false,"ngg_post_thumbnail":0,"footnotes":""},"class_list":["post-2757","page","type-page","status-publish","hentry"],"_links":{"self":[{"href":"https:\/\/www2.unifap.br\/ppcs\/wp-json\/wp\/v2\/pages\/2757","targetHints":{"allow":["GET"]}}],"collection":[{"href":"https:\/\/www2.unifap.br\/ppcs\/wp-json\/wp\/v2\/pages"}],"about":[{"href":"https:\/\/www2.unifap.br\/ppcs\/wp-json\/wp\/v2\/types\/page"}],"author":[{"embeddable":true,"href":"https:\/\/www2.unifap.br\/ppcs\/wp-json\/wp\/v2\/users\/3922"}],"replies":[{"embeddable":true,"href":"https:\/\/www2.unifap.br\/ppcs\/wp-json\/wp\/v2\/comments?post=2757"}],"version-history":[{"count":48,"href":"https:\/\/www2.unifap.br\/ppcs\/wp-json\/wp\/v2\/pages\/2757\/revisions"}],"predecessor-version":[{"id":3277,"href":"https:\/\/www2.unifap.br\/ppcs\/wp-json\/wp\/v2\/pages\/2757\/revisions\/3277"}],"up":[{"embeddable":true,"href":"https:\/\/www2.unifap.br\/ppcs\/wp-json\/wp\/v2\/pages\/2795"}],"wp:attachment":[{"href":"https:\/\/www2.unifap.br\/ppcs\/wp-json\/wp\/v2\/media?parent=2757"}],"curies":[{"name":"wp","href":"https:\/\/api.w.org\/{rel}","templated":true}]}}