{"id":29,"date":"2009-11-11T07:11:31","date_gmt":"2009-11-11T07:11:31","guid":{"rendered":"http:\/\/pororoca.unifap.br\/ppcs\/?page_id=29"},"modified":"2023-03-10T12:24:56","modified_gmt":"2023-03-10T15:24:56","slug":"corpo-docente","status":"publish","type":"page","link":"https:\/\/www2.unifap.br\/ppcs\/corpo-academico\/corpo-docente\/","title":{"rendered":"Corpo Docente"},"content":{"rendered":"<p><a href=\"https:\/\/www2.unifap.br\/ppcs\/corpo-academico\/corpo-docente\/ensaios-biologicos\/\">ENSAIOS BIOL\u00d3GICOS<\/a><\/p>\n<p><a href=\"https:\/\/www2.unifap.br\/ppcs\/corpo-academico\/corpo-docente\/saude-publica-e-epidemiologia\/\">SA\u00daDE P\u00daBLICA E EPIDEMIOLOGIA<\/a><\/p>\n","protected":false},"excerpt":{"rendered":"<p>ENSAIOS BIOL\u00d3GICOS SA\u00daDE P\u00daBLICA E EPIDEMIOLOGIA<\/p>\n","protected":false},"author":25,"featured_media":0,"parent":1238,"menu_order":1,"comment_status":"closed","ping_status":"closed","template":"","meta":{"inline_featured_image":false,"ngg_post_thumbnail":0,"footnotes":""},"class_list":["post-29","page","type-page","status-publish","hentry"],"_links":{"self":[{"href":"https:\/\/www2.unifap.br\/ppcs\/wp-json\/wp\/v2\/pages\/29","targetHints":{"allow":["GET"]}}],"collection":[{"href":"https:\/\/www2.unifap.br\/ppcs\/wp-json\/wp\/v2\/pages"}],"about":[{"href":"https:\/\/www2.unifap.br\/ppcs\/wp-json\/wp\/v2\/types\/page"}],"author":[{"embeddable":true,"href":"https:\/\/www2.unifap.br\/ppcs\/wp-json\/wp\/v2\/users\/25"}],"replies":[{"embeddable":true,"href":"https:\/\/www2.unifap.br\/ppcs\/wp-json\/wp\/v2\/comments?post=29"}],"version-history":[{"count":17,"href":"https:\/\/www2.unifap.br\/ppcs\/wp-json\/wp\/v2\/pages\/29\/revisions"}],"predecessor-version":[{"id":3054,"href":"https:\/\/www2.unifap.br\/ppcs\/wp-json\/wp\/v2\/pages\/29\/revisions\/3054"}],"up":[{"embeddable":true,"href":"https:\/\/www2.unifap.br\/ppcs\/wp-json\/wp\/v2\/pages\/1238"}],"wp:attachment":[{"href":"https:\/\/www2.unifap.br\/ppcs\/wp-json\/wp\/v2\/media?parent=29"}],"curies":[{"name":"wp","href":"https:\/\/api.w.org\/{rel}","templated":true}]}}