{"id":335,"date":"2013-10-10T19:10:39","date_gmt":"2013-10-10T22:10:39","guid":{"rendered":"http:\/\/www2.unifap.br\/ppcs\/?page_id=335"},"modified":"2024-11-21T15:04:02","modified_gmt":"2024-11-21T18:04:02","slug":"regimento-do-programa-ppgcs","status":"publish","type":"page","link":"https:\/\/www2.unifap.br\/ppcs\/parceiros\/regimento-do-programa-ppgcs\/","title":{"rendered":"Regimento Interno do PPGCS"},"content":{"rendered":"<p>&nbsp;<\/p>\n<p><strong><a href=\"https:\/\/www2.unifap.br\/consu\/files\/2016\/05\/Resolu%C3%A7%C3%A3o-n%C2%BA-11-2016-Aprova-O-Regimento-do-Programa-de-P%C3%B3s-gradua%C3%A7%C3%A3o-em-Ci%C3%AAncias-da-Sa%C3%BAde-PPGCS.pdf\">REGIMENTO INTERNO PPGCS<\/a><\/strong><\/p>\n<p><a href=\"https:\/\/www2.unifap.br\/consu\/files\/2016\/05\/Resolu%C3%A7%C3%A3o-n%C2%BA-11-2016-Aprova-O-Regimento-do-Programa-de-P%C3%B3s-gradua%C3%A7%C3%A3o-em-Ci%C3%AAncias-da-Sa%C3%BAde-PPGCS.pdf\">RESOLU\u00c7\u00c3O n\u00ba 11 2016<\/a>&nbsp;(homologa\u00e7\u00e3o e altera\u00e7\u00e3o do Regimento)<\/p>\n","protected":false},"excerpt":{"rendered":"<p>&nbsp; REGIMENTO INTERNO PPGCS RESOLU\u00c7\u00c3O n\u00ba 11 2016&nbsp;(homologa\u00e7\u00e3o e altera\u00e7\u00e3o do Regimento)<\/p>\n","protected":false},"author":734,"featured_media":0,"parent":59,"menu_order":0,"comment_status":"closed","ping_status":"closed","template":"","meta":{"inline_featured_image":false,"ngg_post_thumbnail":0,"footnotes":""},"class_list":["post-335","page","type-page","status-publish","hentry"],"_links":{"self":[{"href":"https:\/\/www2.unifap.br\/ppcs\/wp-json\/wp\/v2\/pages\/335","targetHints":{"allow":["GET"]}}],"collection":[{"href":"https:\/\/www2.unifap.br\/ppcs\/wp-json\/wp\/v2\/pages"}],"about":[{"href":"https:\/\/www2.unifap.br\/ppcs\/wp-json\/wp\/v2\/types\/page"}],"author":[{"embeddable":true,"href":"https:\/\/www2.unifap.br\/ppcs\/wp-json\/wp\/v2\/users\/734"}],"replies":[{"embeddable":true,"href":"https:\/\/www2.unifap.br\/ppcs\/wp-json\/wp\/v2\/comments?post=335"}],"version-history":[{"count":12,"href":"https:\/\/www2.unifap.br\/ppcs\/wp-json\/wp\/v2\/pages\/335\/revisions"}],"predecessor-version":[{"id":3538,"href":"https:\/\/www2.unifap.br\/ppcs\/wp-json\/wp\/v2\/pages\/335\/revisions\/3538"}],"up":[{"embeddable":true,"href":"https:\/\/www2.unifap.br\/ppcs\/wp-json\/wp\/v2\/pages\/59"}],"wp:attachment":[{"href":"https:\/\/www2.unifap.br\/ppcs\/wp-json\/wp\/v2\/media?parent=335"}],"curies":[{"name":"wp","href":"https:\/\/api.w.org\/{rel}","templated":true}]}}