{"id":3468,"date":"2024-05-05T01:27:42","date_gmt":"2024-05-05T04:27:42","guid":{"rendered":"https:\/\/www2.unifap.br\/ppcs\/?page_id=3468"},"modified":"2024-05-05T01:34:12","modified_gmt":"2024-05-05T04:34:12","slug":"dissertacoes","status":"publish","type":"page","link":"https:\/\/www2.unifap.br\/ppcs\/defesas-e-qualificacoes-2\/dissertacoes\/","title":{"rendered":"Disserta\u00e7\u00f5es"},"content":{"rendered":"<p><a href=\"http:\/\/www2.unifap.br\/ppcs\/files\/2024\/05\/DISSERTACOES-ANO-2023.pdf\">DISSERTA\u00c7\u00d5ES ANO 2023<\/a><\/p>\n<p><a href=\"http:\/\/www2.unifap.br\/ppcs\/files\/2024\/05\/DISSERTACOES-ANO-2022.pdf\">DISSERTA\u00c7\u00d5ES ANO 2022<\/a><\/p>\n<p><a href=\"http:\/\/www2.unifap.br\/ppcs\/files\/2024\/05\/DISSERTACOES-ANO-2021.pdf\">DISSERTA\u00c7\u00d5ES ANO 2021<\/a><\/p>\n","protected":false},"excerpt":{"rendered":"<p>DISSERTA\u00c7\u00d5ES ANO 2023 DISSERTA\u00c7\u00d5ES ANO 2022 DISSERTA\u00c7\u00d5ES ANO 2021<\/p>\n","protected":false},"author":395,"featured_media":0,"parent":2806,"menu_order":3,"comment_status":"closed","ping_status":"closed","template":"","meta":{"inline_featured_image":false,"ngg_post_thumbnail":0,"footnotes":""},"class_list":["post-3468","page","type-page","status-publish","hentry"],"_links":{"self":[{"href":"https:\/\/www2.unifap.br\/ppcs\/wp-json\/wp\/v2\/pages\/3468","targetHints":{"allow":["GET"]}}],"collection":[{"href":"https:\/\/www2.unifap.br\/ppcs\/wp-json\/wp\/v2\/pages"}],"about":[{"href":"https:\/\/www2.unifap.br\/ppcs\/wp-json\/wp\/v2\/types\/page"}],"author":[{"embeddable":true,"href":"https:\/\/www2.unifap.br\/ppcs\/wp-json\/wp\/v2\/users\/395"}],"replies":[{"embeddable":true,"href":"https:\/\/www2.unifap.br\/ppcs\/wp-json\/wp\/v2\/comments?post=3468"}],"version-history":[{"count":3,"href":"https:\/\/www2.unifap.br\/ppcs\/wp-json\/wp\/v2\/pages\/3468\/revisions"}],"predecessor-version":[{"id":3475,"href":"https:\/\/www2.unifap.br\/ppcs\/wp-json\/wp\/v2\/pages\/3468\/revisions\/3475"}],"up":[{"embeddable":true,"href":"https:\/\/www2.unifap.br\/ppcs\/wp-json\/wp\/v2\/pages\/2806"}],"wp:attachment":[{"href":"https:\/\/www2.unifap.br\/ppcs\/wp-json\/wp\/v2\/media?parent=3468"}],"curies":[{"name":"wp","href":"https:\/\/api.w.org\/{rel}","templated":true}]}}