{"id":3490,"date":"2024-05-05T02:28:42","date_gmt":"2024-05-05T05:28:42","guid":{"rendered":"https:\/\/www2.unifap.br\/ppcs\/?page_id=3490"},"modified":"2024-05-05T02:28:42","modified_gmt":"2024-05-05T05:28:42","slug":"linhas-de-pesquisa-2","status":"publish","type":"page","link":"https:\/\/www2.unifap.br\/ppcs\/apresentacao\/linhas-de-pesquisa-2\/","title":{"rendered":"Linhas de Pesquisa"},"content":{"rendered":"<table width=\"480\">\n<tbody>\n<tr>\n<td bgcolor=\"#009966\" width=\"592\">\n<div><strong>DESCRI\u00c7\u00c3O DAS LINHAS DE PESQUISA<\/strong><\/div>\n<\/td>\n<\/tr>\n<\/tbody>\n<\/table>\n<p><strong>a) <\/strong><strong>Valida\u00e7\u00e3o biol\u00f3gica de produtos naturais e sint\u00e9ticos (Ensaios Biol\u00f3gicos)<\/strong><\/p>\n<p style=\"text-align: justify\">Esta linha representa temas aglutinadores de estudos cient\u00edficos que se fundamentam nas necessidades da obten\u00e7\u00e3o de alternativas terap\u00eauticas, atrav\u00e9s da valida\u00e7\u00e3o biol\u00f3gica de f\u00e1rmacos, que possam levar \u00e0 resolu\u00e7\u00e3o ou ao melhor conhecimento das patologias regionais, considerando a rela\u00e7\u00e3o com as condi\u00e7\u00f5es socioecon\u00f4micas e com o meio ambiente.<\/p>\n<p style=\"text-align: justify\"><strong>b) <\/strong><strong>Procedimentos e aten\u00e7\u00e3o em sa\u00fade no tr\u00f3pico \u00famido da Amaz\u00f4nia (Sa\u00fade P\u00fablica e epidemiologia)<\/strong><\/p>\n<p style=\"text-align: justify\">Esta linha representa temas aglutinadores de estudos cient\u00edficos direcionados \u00e0 pesquisa dos aspectos epidemiol\u00f3gicos relevantes da regi\u00e3o amaz\u00f4nica, que interferem na incid\u00eancia e preval\u00eancia das endemias regionais (doen\u00e7as transmiss\u00edveis e condi\u00e7\u00f5es cr\u00f4nicas de sa\u00fade), e a busca de estrat\u00e9gias para seu diagn\u00f3stico, determina\u00e7\u00e3o, tratamento e controle.<\/p>\n","protected":false},"excerpt":{"rendered":"<p>DESCRI\u00c7\u00c3O DAS LINHAS DE PESQUISA a) Valida\u00e7\u00e3o biol\u00f3gica de produtos naturais e sint\u00e9ticos (Ensaios Biol\u00f3gicos) Esta linha representa temas aglutinadores de estudos cient\u00edficos que se fundamentam nas necessidades da obten\u00e7\u00e3o de alternativas terap\u00eauticas, atrav\u00e9s da valida\u00e7\u00e3o biol\u00f3gica de f\u00e1rmacos, que possam levar \u00e0 resolu\u00e7\u00e3o ou ao melhor conhecimento das patologias \u2026 <a class=\"continue-reading-link\" href=\"https:\/\/www2.unifap.br\/ppcs\/apresentacao\/linhas-de-pesquisa-2\/\"> Continue Lendo <span class=\"meta-nav\">&rarr; <\/span><\/a><\/p>\n","protected":false},"author":395,"featured_media":0,"parent":39,"menu_order":0,"comment_status":"closed","ping_status":"closed","template":"","meta":{"inline_featured_image":false,"ngg_post_thumbnail":0,"footnotes":""},"class_list":["post-3490","page","type-page","status-publish","hentry"],"_links":{"self":[{"href":"https:\/\/www2.unifap.br\/ppcs\/wp-json\/wp\/v2\/pages\/3490","targetHints":{"allow":["GET"]}}],"collection":[{"href":"https:\/\/www2.unifap.br\/ppcs\/wp-json\/wp\/v2\/pages"}],"about":[{"href":"https:\/\/www2.unifap.br\/ppcs\/wp-json\/wp\/v2\/types\/page"}],"author":[{"embeddable":true,"href":"https:\/\/www2.unifap.br\/ppcs\/wp-json\/wp\/v2\/users\/395"}],"replies":[{"embeddable":true,"href":"https:\/\/www2.unifap.br\/ppcs\/wp-json\/wp\/v2\/comments?post=3490"}],"version-history":[{"count":1,"href":"https:\/\/www2.unifap.br\/ppcs\/wp-json\/wp\/v2\/pages\/3490\/revisions"}],"predecessor-version":[{"id":3491,"href":"https:\/\/www2.unifap.br\/ppcs\/wp-json\/wp\/v2\/pages\/3490\/revisions\/3491"}],"up":[{"embeddable":true,"href":"https:\/\/www2.unifap.br\/ppcs\/wp-json\/wp\/v2\/pages\/39"}],"wp:attachment":[{"href":"https:\/\/www2.unifap.br\/ppcs\/wp-json\/wp\/v2\/media?parent=3490"}],"curies":[{"name":"wp","href":"https:\/\/api.w.org\/{rel}","templated":true}]}}