{"id":3499,"date":"2024-05-05T03:02:52","date_gmt":"2024-05-05T06:02:52","guid":{"rendered":"https:\/\/www2.unifap.br\/ppcs\/?page_id=3499"},"modified":"2024-05-05T03:37:06","modified_gmt":"2024-05-05T06:37:06","slug":"producao-intelectual","status":"publish","type":"page","link":"https:\/\/www2.unifap.br\/ppcs\/pesquisa\/producao-intelectual\/","title":{"rendered":"Produ\u00e7\u00e3o Intelectual"},"content":{"rendered":"<p><a href=\"http:\/\/www2.unifap.br\/ppcs\/files\/2024\/05\/PRODUCAO-INTELECTUAL-2023.pdf\">PRODU\u00c7\u00c3O INTELECTUAL 2023<\/a><\/p>\n<p><a href=\"http:\/\/www2.unifap.br\/ppcs\/files\/2024\/05\/PRODUCAO-INTELECTUAL-2022.pdf\">PRODU\u00c7\u00c3O INTELECTUAL 2022<\/a><\/p>\n<p><a href=\"http:\/\/www2.unifap.br\/ppcs\/files\/2024\/05\/PRODUCAO-INTELECTUAL-2021.pdf\">PRODU\u00c7\u00c3O INTELECTUAL 2021<\/a><\/p>\n","protected":false},"excerpt":{"rendered":"<p>PRODU\u00c7\u00c3O INTELECTUAL 2023 PRODU\u00c7\u00c3O INTELECTUAL 2022 PRODU\u00c7\u00c3O INTELECTUAL 2021<\/p>\n","protected":false},"author":395,"featured_media":0,"parent":3493,"menu_order":0,"comment_status":"closed","ping_status":"closed","template":"","meta":{"inline_featured_image":false,"ngg_post_thumbnail":0,"footnotes":""},"class_list":["post-3499","page","type-page","status-publish","hentry"],"_links":{"self":[{"href":"https:\/\/www2.unifap.br\/ppcs\/wp-json\/wp\/v2\/pages\/3499","targetHints":{"allow":["GET"]}}],"collection":[{"href":"https:\/\/www2.unifap.br\/ppcs\/wp-json\/wp\/v2\/pages"}],"about":[{"href":"https:\/\/www2.unifap.br\/ppcs\/wp-json\/wp\/v2\/types\/page"}],"author":[{"embeddable":true,"href":"https:\/\/www2.unifap.br\/ppcs\/wp-json\/wp\/v2\/users\/395"}],"replies":[{"embeddable":true,"href":"https:\/\/www2.unifap.br\/ppcs\/wp-json\/wp\/v2\/comments?post=3499"}],"version-history":[{"count":3,"href":"https:\/\/www2.unifap.br\/ppcs\/wp-json\/wp\/v2\/pages\/3499\/revisions"}],"predecessor-version":[{"id":3506,"href":"https:\/\/www2.unifap.br\/ppcs\/wp-json\/wp\/v2\/pages\/3499\/revisions\/3506"}],"up":[{"embeddable":true,"href":"https:\/\/www2.unifap.br\/ppcs\/wp-json\/wp\/v2\/pages\/3493"}],"wp:attachment":[{"href":"https:\/\/www2.unifap.br\/ppcs\/wp-json\/wp\/v2\/media?parent=3499"}],"curies":[{"name":"wp","href":"https:\/\/api.w.org\/{rel}","templated":true}]}}