{"id":3520,"date":"2024-05-06T22:04:27","date_gmt":"2024-05-07T01:04:27","guid":{"rendered":"https:\/\/www2.unifap.br\/ppcs\/?page_id=3520"},"modified":"2024-05-07T09:51:43","modified_gmt":"2024-05-07T12:51:43","slug":"laboratorios","status":"publish","type":"page","link":"https:\/\/www2.unifap.br\/ppcs\/pesquisa\/laboratorios\/","title":{"rendered":"Laborat\u00f3rios"},"content":{"rendered":"<ol>\n<li>Bloco da P\u00f3s-gradua\u00e7\u00e3o: salas de aula\/reuni\u00f5es\/audit\u00f3rio CEPA\/coordena\u00e7\u00f5es\/DPG\/ coordena\u00e7\u00e3o PPGCS;<\/li>\n<li>Laborat\u00f3rio Biomol \/Biologia molecular\/fisiologia. Respons\u00e1vel: Prof. Emerson Castilho;<\/li>\n<li>Laborat\u00f3rio de CardioPneumo. Respons\u00e1vel: Prof. Elinaldo da Concei\u00e7\u00e3o;<\/li>\n<li>Laborat\u00f3rio de Avalia\u00e7\u00e3o Fisioterap\u00eautica. Respons\u00e1vel: Prof. Areolino Pena Matos;<\/li>\n<li>UBS\/ UNIFAP. Professores Respons\u00e1veis: Prof. Madson Ralide, Profa. Marlucilena Pinheiro e Profa. Francineide Pereira da Silva;<\/li>\n<li>Laborat\u00f3rio de Absor\u00e7\u00e3o At\u00f4mica. Respons\u00e1vel: Prof. Roberto Messias;<\/li>\n<li>Laborat\u00f3rio de pesquisa com dinam\u00f4metro isocin\u00e9tico, eletromi\u00f3grafo, dinam\u00f4metro e alg\u00f4metro, equipamentos de treino de for\u00e7a, esteira ergom\u00e9trica, Doppler portatil. Respos\u00e1vel: Profa. Natalia Camargo Rodrigues Isomuta;<\/li>\n<li>Laborat\u00f3rio de histologia, incluindo prepara\u00e7\u00e3o de material de processos patol\u00f3gicos. Equipamento Neuro e Biomodula\u00e7\u00e3o com tecnologia REAC. Respons\u00e1vel: Profa. Ana Rita Pinheiro Barcessat;<\/li>\n<li>Hospital Universit\u00e1rio: centro multiprofissional de reabilita\u00e7\u00e3o, centro de pesquisa, salas de aula e o audit\u00f3rio, Unidade de Cl\u00ednica M\u00e9dica,<br \/>\nUnidade de Terapia Intensiva e Centro Cir\u00fargico do HU. Respons\u00e1vel: Prof. Dr. Thiago Afonso, chefe do Setor de Gest\u00e3o do Ensino do HU.<\/li>\n<\/ol>\n","protected":false},"excerpt":{"rendered":"<p>Bloco da P\u00f3s-gradua\u00e7\u00e3o: salas de aula\/reuni\u00f5es\/audit\u00f3rio CEPA\/coordena\u00e7\u00f5es\/DPG\/ coordena\u00e7\u00e3o PPGCS; Laborat\u00f3rio Biomol \/Biologia molecular\/fisiologia. Respons\u00e1vel: Prof. Emerson Castilho; Laborat\u00f3rio de CardioPneumo. Respons\u00e1vel: Prof. Elinaldo da Concei\u00e7\u00e3o; Laborat\u00f3rio de Avalia\u00e7\u00e3o Fisioterap\u00eautica. Respons\u00e1vel: Prof. Areolino Pena Matos; UBS\/ UNIFAP. Professores Respons\u00e1veis: Prof. Madson Ralide, Profa. Marlucilena Pinheiro e Profa. Francineide Pereira da Silva; \u2026 <a class=\"continue-reading-link\" href=\"https:\/\/www2.unifap.br\/ppcs\/pesquisa\/laboratorios\/\"> Continue Lendo <span class=\"meta-nav\">&rarr; <\/span><\/a><\/p>\n","protected":false},"author":395,"featured_media":0,"parent":3493,"menu_order":3,"comment_status":"closed","ping_status":"closed","template":"","meta":{"inline_featured_image":false,"ngg_post_thumbnail":0,"footnotes":""},"class_list":["post-3520","page","type-page","status-publish","hentry"],"_links":{"self":[{"href":"https:\/\/www2.unifap.br\/ppcs\/wp-json\/wp\/v2\/pages\/3520","targetHints":{"allow":["GET"]}}],"collection":[{"href":"https:\/\/www2.unifap.br\/ppcs\/wp-json\/wp\/v2\/pages"}],"about":[{"href":"https:\/\/www2.unifap.br\/ppcs\/wp-json\/wp\/v2\/types\/page"}],"author":[{"embeddable":true,"href":"https:\/\/www2.unifap.br\/ppcs\/wp-json\/wp\/v2\/users\/395"}],"replies":[{"embeddable":true,"href":"https:\/\/www2.unifap.br\/ppcs\/wp-json\/wp\/v2\/comments?post=3520"}],"version-history":[{"count":3,"href":"https:\/\/www2.unifap.br\/ppcs\/wp-json\/wp\/v2\/pages\/3520\/revisions"}],"predecessor-version":[{"id":3533,"href":"https:\/\/www2.unifap.br\/ppcs\/wp-json\/wp\/v2\/pages\/3520\/revisions\/3533"}],"up":[{"embeddable":true,"href":"https:\/\/www2.unifap.br\/ppcs\/wp-json\/wp\/v2\/pages\/3493"}],"wp:attachment":[{"href":"https:\/\/www2.unifap.br\/ppcs\/wp-json\/wp\/v2\/media?parent=3520"}],"curies":[{"name":"wp","href":"https:\/\/api.w.org\/{rel}","templated":true}]}}