{"id":3541,"date":"2024-11-21T17:51:15","date_gmt":"2024-11-21T20:51:15","guid":{"rendered":"https:\/\/www2.unifap.br\/ppcs\/?page_id=3541"},"modified":"2025-02-17T19:10:13","modified_gmt":"2025-02-17T22:10:13","slug":"edital-02-2024-ppgcs-unifap","status":"publish","type":"page","link":"https:\/\/www2.unifap.br\/ppcs\/editais-e-processos-seletivos\/edital-02-2024-ppgcs-unifap\/","title":{"rendered":"Edital 02\/2024-PPGCS\/Unifap"},"content":{"rendered":"<div class=\"row\">\n<div class=\"col\">\n<div>\n<p><span id=\"page3R_mcid7\" class=\"markedContent\"><span dir=\"ltr\" role=\"presentation\">A Coordena\u00e7\u00e3o do Programa de P\u00f3s-Gradua\u00e7\u00e3o em Ci\u00eancias da Sa\u00fade (PPGCS), da Universidade Federal do Amap\u00e1 (UNIFAP), torna p\u00fablico que, no per\u00edodo <strong>de 06 a 10 de Janeiro de 2025<\/strong>, estar\u00e3o abertas as inscri\u00e7\u00f5es para o exame de sele\u00e7\u00e3o ao curso de Mestrado, com ingresso previsto para o 1\u00ba semestre de 2025.<br \/>\n<\/span><\/span><\/p>\n<\/div>\n<\/div>\n<\/div>\n<h4>Acesse aqui o edital completo: <a href=\"http:\/\/www2.unifap.br\/ppcs\/files\/2024\/11\/Edital_02_2024_PPGCS_Unifap_PS_2025.pdf\">EDITAL 02\/2024-PPGCS\/UNIFAP<\/a><\/h4>\n<p><strong>Acompanhe as publica\u00e7\u00f5es de avisos, resultados e erratas neste endere\u00e7o eletr\u00f4nico!<\/strong><\/p>\n<p><strong>1\u00aa Errata do Edital 02\/2024-PPGCS\/UNIFAP<\/strong><\/p>\n<ul>\n<li>Altera o hor\u00e1rio de aplica\u00e7\u00e3o da Prova de Conhecimentos Gerais em Ci\u00eancias<\/li>\n<li>Acesse o arquivo da <a href=\"http:\/\/www2.unifap.br\/ppcs\/files\/2025\/01\/1a_Errata_Edital_02_2024_PPGCS_Unifap_PS_2025.pdf\">Errata AQUI<\/a>. (publicado em 15\/01\/2025)<\/li>\n<\/ul>\n<p><strong>INSCRI\u00c7\u00d5ES:<\/strong><\/p>\n<div class=\"container\">\n<div class=\"row\">\n<ul>\n<li>In\u00edcio em <strong>06\/01\/2025<\/strong>. T\u00e9rmino \u00e0s <strong>23h59min do dia 10\/01\/2025<\/strong><\/li>\n<li>Acesse o formul\u00e1rio de inscri\u00e7\u00e3o no endere\u00e7o <a href=\"https:\/\/depsec.unifap.br\/concursos\/\">https:\/\/depsec.unifap.br\/concursos\/<\/a><\/li>\n<\/ul>\n<p><strong>LISTA DE ORIENTADORES COM VAGAS DISPON\u00cdVEIS (ANEXO IX):<\/strong><\/p>\n<div class=\"container\">\n<div class=\"row\">\n<ul>\n<li><strong><a href=\"http:\/\/www2.unifap.br\/ppcs\/files\/2024\/12\/ANEXO_IX.pdf\">Acesse aqui a lista de vagas e orientadores<\/a><\/strong> (Anexo IX). (publicado em 02\/12\/2024)<\/li>\n<\/ul>\n<p><strong>HOMOLOGA\u00c7\u00c3O DAS INSCRI\u00c7\u00d5ES:<\/strong><\/p>\n<\/div>\n<\/div>\n<div class=\"container\">\n<div class=\"row\">\n<ul>\n<li>Resultado provis\u00f3rio das homologa\u00e7\u00f5es de inscri\u00e7\u00f5es:<a href=\"http:\/\/www2.unifap.br\/ppcs\/files\/2025\/01\/homologacoes_preliminar.pdf\"><strong> CLIQUE AQUI<\/strong><\/a><\/li>\n<li>Resultado definitivo de homologa\u00e7\u00f5es de inscri\u00e7\u00f5es: <a href=\"http:\/\/www2.unifap.br\/ppcs\/files\/2025\/01\/Homologacoes_definitivo.pdf\"><strong>CLIQUE AQUI<\/strong><\/a><\/li>\n<\/ul>\n<div class=\"container\">\n<div class=\"row\">\n<p><strong>PRIMEIRA FASE:<\/strong><\/p>\n<\/div>\n<\/div>\n<div class=\"container\">\n<div class=\"row\">\n<ul>\n<li><a href=\"https:\/\/www2.unifap.br\/ppcs\/2025\/01\/17\/informacoes-sobre-a-prova-de-conhecimentos-gerais-em-ciencias-edital-02-2024-ppgcs-unifap\/\">Lista de distribui\u00e7\u00e3o de candidatos por sala e informa\u00e7\u00f5es importantes para a prova aqui<\/a>.<\/li>\n<li>Resultado preliminar da Prova de Conhecimentos Gerais em Ci\u00eancias: <a href=\"http:\/\/www2.unifap.br\/ppcs\/files\/2025\/01\/nota_prova_conhecimentos_preliminar.pdf\"><strong>CLIQUE AQUI<\/strong><\/a><\/li>\n<li>Gabarito da Prova de Conhecimentos Gerais em Ci\u00eancias:&nbsp;<a href=\"http:\/\/www2.unifap.br\/ppcs\/files\/2025\/01\/prova_conhecimentos_gerais_gabarito.pdf\"><strong>CLIQUE AQUI<\/strong><\/a><\/li>\n<li>Resultado definitivo da Prova de Conhecimentos Gerais em Ci\u00eancias: <a href=\"http:\/\/www2.unifap.br\/ppcs\/files\/2025\/01\/nota_prova_conhecimentos_FINAL.pdf\"><strong>CLIQUE AQUI<\/strong><\/a><\/li>\n<\/ul>\n<div class=\"container\">\n<div class=\"row\">\n<p><strong>SEGUNDA FASE:<\/strong><\/p>\n<\/div>\n<\/div>\n<div class=\"container\">\n<div class=\"row\">\n<ul>\n<li>Divulga\u00e7\u00e3o do cronograma de Entrevistas: <a href=\"http:\/\/www2.unifap.br\/ppcs\/files\/2025\/01\/quadro_programacao_entrevistas.pdf\"><strong>CLIQUE AQUI<\/strong><\/a><\/li>\n<li>Resultado preliminar das Entrevistas, da An\u00e1lise de Produ\u00e7\u00e3o Cient\u00edfica e Classifica\u00e7\u00e3o por Orientador: <a href=\"http:\/\/www2.unifap.br\/ppcs\/files\/2025\/02\/notas_preliminar_entrevista_curriculo.pdf\"><strong>CLIQUE AQUI<\/strong><\/a><\/li>\n<li>Resultado de <a href=\"http:\/\/www2.unifap.br\/ppcs\/files\/2025\/02\/resultados_recursos_entrevista_curriculo-1.pdf\"><strong>recursos<\/strong><\/a> e divulga\u00e7\u00e3o do Resultado Final das Entrevistas, da An\u00e1lise de Produ\u00e7\u00e3o Cient\u00edfica e Classifica\u00e7\u00e3o por Orientador: <a href=\"http:\/\/www2.unifap.br\/ppcs\/files\/2025\/02\/notas_final_entrevista_curriculo.pdf\"><strong>CLIQUE AQUI<\/strong><\/a><\/li>\n<\/ul>\n<div class=\"container\">\n<div class=\"row\">\n<p><strong>CONVOCA\u00c7\u00c3O PARA APROVEITAMENTO DE VAGAS OCIOSAS<\/strong>: <a style=\"cursor: pointer !important\" href=\"http:\/\/www2.unifap.br\/ppcs\/files\/2025\/02\/chamada_aproveitamento_vagas.pdf\"><strong>CLIQUE AQUI<\/strong><\/a><\/p>\n<\/div>\n<\/div>\n<\/div>\n<\/div>\n<\/div>\n<\/div>\n<\/div>\n<\/div>\n<\/div>\n<\/div>\n","protected":false},"excerpt":{"rendered":"<p>A Coordena\u00e7\u00e3o do Programa de P\u00f3s-Gradua\u00e7\u00e3o em Ci\u00eancias da Sa\u00fade (PPGCS), da Universidade Federal do Amap\u00e1 (UNIFAP), torna p\u00fablico que, no per\u00edodo de 06 a 10 de Janeiro de 2025, estar\u00e3o abertas as inscri\u00e7\u00f5es para o exame de sele\u00e7\u00e3o ao curso de Mestrado, com ingresso previsto para o 1\u00ba semestre \u2026 <a class=\"continue-reading-link\" href=\"https:\/\/www2.unifap.br\/ppcs\/editais-e-processos-seletivos\/edital-02-2024-ppgcs-unifap\/\"> Continue Lendo <span class=\"meta-nav\">&rarr; <\/span><\/a><\/p>\n","protected":false},"author":602,"featured_media":0,"parent":2795,"menu_order":0,"comment_status":"closed","ping_status":"closed","template":"","meta":{"inline_featured_image":false,"ngg_post_thumbnail":0,"footnotes":""},"class_list":["post-3541","page","type-page","status-publish","hentry"],"_links":{"self":[{"href":"https:\/\/www2.unifap.br\/ppcs\/wp-json\/wp\/v2\/pages\/3541","targetHints":{"allow":["GET"]}}],"collection":[{"href":"https:\/\/www2.unifap.br\/ppcs\/wp-json\/wp\/v2\/pages"}],"about":[{"href":"https:\/\/www2.unifap.br\/ppcs\/wp-json\/wp\/v2\/types\/page"}],"author":[{"embeddable":true,"href":"https:\/\/www2.unifap.br\/ppcs\/wp-json\/wp\/v2\/users\/602"}],"replies":[{"embeddable":true,"href":"https:\/\/www2.unifap.br\/ppcs\/wp-json\/wp\/v2\/comments?post=3541"}],"version-history":[{"count":29,"href":"https:\/\/www2.unifap.br\/ppcs\/wp-json\/wp\/v2\/pages\/3541\/revisions"}],"predecessor-version":[{"id":3636,"href":"https:\/\/www2.unifap.br\/ppcs\/wp-json\/wp\/v2\/pages\/3541\/revisions\/3636"}],"up":[{"embeddable":true,"href":"https:\/\/www2.unifap.br\/ppcs\/wp-json\/wp\/v2\/pages\/2795"}],"wp:attachment":[{"href":"https:\/\/www2.unifap.br\/ppcs\/wp-json\/wp\/v2\/media?parent=3541"}],"curies":[{"name":"wp","href":"https:\/\/api.w.org\/{rel}","templated":true}]}}