{"id":39,"date":"2012-02-13T19:09:52","date_gmt":"2012-02-13T19:09:52","guid":{"rendered":"http:\/\/www2.unifap.br\/ppcs\/?page_id=39"},"modified":"2024-05-05T02:05:58","modified_gmt":"2024-05-05T05:05:58","slug":"apresentacao","status":"publish","type":"page","link":"https:\/\/www2.unifap.br\/ppcs\/apresentacao\/","title":{"rendered":"SOBRE O CURSO"},"content":{"rendered":"<p><a href=\"http:\/\/www2.unifap.br\/ppcs\/files\/2012\/02\/ppcs-banner.jpg\"><img fetchpriority=\"high\" decoding=\"async\" class=\"aligncenter size-full wp-image-77\" src=\"http:\/\/www2.unifap.br\/ppcs\/files\/2012\/02\/ppcs-banner.jpg\" alt=\"\" width=\"800\" height=\"120\"><\/a><\/p>\n<p style=\"text-align: justify\">O Programa de P\u00f3s-Gradua\u00e7\u00e3o stricto sensu em Ci\u00eancias da Sa\u00fade (<strong>PPGCS<\/strong>) da Pr\u00f3-Reitoria de Pesquisa e P\u00f3s-Gradua\u00e7\u00e3o da Universidade Federal do Amap\u00e1 (PROPESPG-<a href=\"http:\/\/www.unifap.br\">UNIFAP<\/a>), destina-se a conferir ao candidato habilitado o t\u00edtulo de Mestre em Ci\u00eancias da Sa\u00fade.<\/p>\n<p style=\"text-align: justify\">O Mestrado, organizado na forma de Mestrado Acad\u00eamico, visa proporcionar forma\u00e7\u00e3o cient\u00edfica a portadores de t\u00edtulo de n\u00edvel superior, capacitando-os para pesquisa e doc\u00eancia na \u00e1rea de Ci\u00eancias da Sa\u00fade, aprimorando seus conhecimentos b\u00e1sicos te\u00f3ricos e pr\u00e1ticos, imprescind\u00edveis \u00e0 execu\u00e7\u00e3o de atividades cient\u00edficas, e desenvolvendo o esp\u00edrito cr\u00edtico e o rigor na prepara\u00e7\u00e3o cuidadosa de publica\u00e7\u00f5es cient\u00edficas, incluindo a reda\u00e7\u00e3o de monografias e disserta\u00e7\u00f5es.<\/p>\n","protected":false},"excerpt":{"rendered":"<p>O Programa de P\u00f3s-Gradua\u00e7\u00e3o stricto sensu em Ci\u00eancias da Sa\u00fade (PPGCS) da Pr\u00f3-Reitoria de Pesquisa e P\u00f3s-Gradua\u00e7\u00e3o da Universidade Federal do Amap\u00e1 (PROPESPG-UNIFAP), destina-se a conferir ao candidato habilitado o t\u00edtulo de Mestre em Ci\u00eancias da Sa\u00fade. O Mestrado, organizado na forma de Mestrado Acad\u00eamico, visa proporcionar forma\u00e7\u00e3o cient\u00edfica a \u2026 <a class=\"continue-reading-link\" href=\"https:\/\/www2.unifap.br\/ppcs\/apresentacao\/\"> Continue Lendo <span class=\"meta-nav\">&rarr; <\/span><\/a><\/p>\n","protected":false},"author":25,"featured_media":0,"parent":0,"menu_order":0,"comment_status":"closed","ping_status":"closed","template":"","meta":{"inline_featured_image":false,"ngg_post_thumbnail":0,"footnotes":""},"class_list":["post-39","page","type-page","status-publish","hentry"],"_links":{"self":[{"href":"https:\/\/www2.unifap.br\/ppcs\/wp-json\/wp\/v2\/pages\/39","targetHints":{"allow":["GET"]}}],"collection":[{"href":"https:\/\/www2.unifap.br\/ppcs\/wp-json\/wp\/v2\/pages"}],"about":[{"href":"https:\/\/www2.unifap.br\/ppcs\/wp-json\/wp\/v2\/types\/page"}],"author":[{"embeddable":true,"href":"https:\/\/www2.unifap.br\/ppcs\/wp-json\/wp\/v2\/users\/25"}],"replies":[{"embeddable":true,"href":"https:\/\/www2.unifap.br\/ppcs\/wp-json\/wp\/v2\/comments?post=39"}],"version-history":[{"count":12,"href":"https:\/\/www2.unifap.br\/ppcs\/wp-json\/wp\/v2\/pages\/39\/revisions"}],"predecessor-version":[{"id":3485,"href":"https:\/\/www2.unifap.br\/ppcs\/wp-json\/wp\/v2\/pages\/39\/revisions\/3485"}],"wp:attachment":[{"href":"https:\/\/www2.unifap.br\/ppcs\/wp-json\/wp\/v2\/media?parent=39"}],"curies":[{"name":"wp","href":"https:\/\/api.w.org\/{rel}","templated":true}]}}