{"id":494,"date":"2014-11-03T14:05:58","date_gmt":"2014-11-03T14:05:58","guid":{"rendered":"http:\/\/www2.unifap.br\/ppcs\/?page_id=494"},"modified":"2024-05-04T01:20:24","modified_gmt":"2024-05-04T04:20:24","slug":"turma-2010","status":"publish","type":"page","link":"https:\/\/www2.unifap.br\/ppcs\/corpo-academico\/corpo-discente\/turma-2010\/","title":{"rendered":"TURMA 2010"},"content":{"rendered":"<p>Adilson Mendes<\/p>\n<p>Amilton Rodrigues Lins<\/p>\n<p>Ariely Nunes Ferreira\u00a0(Bolsista Programa Demanda Social\/CAPES)<\/p>\n<p>Claudio Jos\u00e9 Monteiro da Costa<\/p>\n<p>Clodoaldo Tentes C\u00f4rtes<\/p>\n<p>Consuelo de Nazareth Paes Lopes Ferreira<\/p>\n<p>Edson F\u00e1bio Brito Ribeiro\u00a0(Bolsista Programa Demanda Social\/CAPES)<\/p>\n<p>Elziliam Aranha Sousa<\/p>\n<p>\u00c9rika Tatiane de Almeida Fernandes<\/p>\n<p>Fabio Luis da Silva Gato<\/p>\n<p>Ferlana Dylana dos Santos Oliveira\u00a0(Bolsista Programa Demanda Social\/CAPES)<\/p>\n<p>Fl\u00e1via Laurene Gemaque dos Santos<\/p>\n<p>Gabriela Lima da Costa<\/p>\n<p>Giovani Rodrigues Cordeiro Mariano\u00a0(Bolsista Programa Demanda Social\/CAPES)<\/p>\n<p>Jer\u00f4nimo Dias dos Santos<\/p>\n<p>Kellen Cristina Ign\u00e1cio Cardoso<\/p>\n<p>Kelly Cristine Pacheco de Lima<\/p>\n<p>Klingerry da Silva Penafort<\/p>\n<p>Luciana Cristina Gon\u00e7alves de Oliveira Andrade<\/p>\n<p>Luis Alexandre Lemos Costa<\/p>\n<p>Nathalye Dias Martins<\/p>\n<p>Rackel Barroso Monteiro<\/p>\n<p>Rafael Cleison Silva dos Santos<\/p>\n<p>Ronaldo Mendes Lima<\/p>\n<p>Simoni Lobato da Silva<\/p>\n<p>T\u00e2nia Regina Ferreira Vilhena<\/p>\n","protected":false},"excerpt":{"rendered":"<p>Adilson Mendes Amilton Rodrigues Lins Ariely Nunes Ferreira\u00a0(Bolsista Programa Demanda Social\/CAPES) Claudio Jos\u00e9 Monteiro da Costa Clodoaldo Tentes C\u00f4rtes Consuelo de Nazareth Paes Lopes Ferreira Edson F\u00e1bio Brito Ribeiro\u00a0(Bolsista Programa Demanda Social\/CAPES) Elziliam Aranha Sousa \u00c9rika Tatiane de Almeida Fernandes Fabio Luis da Silva Gato Ferlana Dylana dos Santos Oliveira\u00a0(Bolsista \u2026 <a class=\"continue-reading-link\" href=\"https:\/\/www2.unifap.br\/ppcs\/corpo-academico\/corpo-discente\/turma-2010\/\"> Continue Lendo <span class=\"meta-nav\">&rarr; <\/span><\/a><\/p>\n","protected":false},"author":200,"featured_media":0,"parent":676,"menu_order":1,"comment_status":"closed","ping_status":"closed","template":"","meta":{"inline_featured_image":false,"ngg_post_thumbnail":0,"footnotes":""},"class_list":["post-494","page","type-page","status-publish","hentry"],"_links":{"self":[{"href":"https:\/\/www2.unifap.br\/ppcs\/wp-json\/wp\/v2\/pages\/494","targetHints":{"allow":["GET"]}}],"collection":[{"href":"https:\/\/www2.unifap.br\/ppcs\/wp-json\/wp\/v2\/pages"}],"about":[{"href":"https:\/\/www2.unifap.br\/ppcs\/wp-json\/wp\/v2\/types\/page"}],"author":[{"embeddable":true,"href":"https:\/\/www2.unifap.br\/ppcs\/wp-json\/wp\/v2\/users\/200"}],"replies":[{"embeddable":true,"href":"https:\/\/www2.unifap.br\/ppcs\/wp-json\/wp\/v2\/comments?post=494"}],"version-history":[{"count":3,"href":"https:\/\/www2.unifap.br\/ppcs\/wp-json\/wp\/v2\/pages\/494\/revisions"}],"predecessor-version":[{"id":692,"href":"https:\/\/www2.unifap.br\/ppcs\/wp-json\/wp\/v2\/pages\/494\/revisions\/692"}],"up":[{"embeddable":true,"href":"https:\/\/www2.unifap.br\/ppcs\/wp-json\/wp\/v2\/pages\/676"}],"wp:attachment":[{"href":"https:\/\/www2.unifap.br\/ppcs\/wp-json\/wp\/v2\/media?parent=494"}],"curies":[{"name":"wp","href":"https:\/\/api.w.org\/{rel}","templated":true}]}}