{"id":499,"date":"2014-11-03T14:12:04","date_gmt":"2014-11-03T14:12:04","guid":{"rendered":"http:\/\/www2.unifap.br\/ppcs\/?page_id=499"},"modified":"2024-05-04T01:20:57","modified_gmt":"2024-05-04T04:20:57","slug":"turma-2011","status":"publish","type":"page","link":"https:\/\/www2.unifap.br\/ppcs\/corpo-academico\/corpo-discente\/turma-2011\/","title":{"rendered":"TURMA 2011"},"content":{"rendered":"<p>Alessandra Feij\u00e3o Soares<\/p>\n<p>Andre Mendon\u00e7a dos Santos\u00a0(Bolsista Programa Demanda Social\/CAPES)<\/p>\n<p>Andrew de Souza Caires\u00a0(Bolsista Programa Demanda Social\/CAPES)<\/p>\n<p>Antonio Marcio Neves de Oliveira<\/p>\n<p>Arialdo Martins da Silveira Junior\u00a0(Bolsista Programa Demanda Social\/CAPES)<\/p>\n<p>Benedito Pantoja Sacramento<\/p>\n<p>Br\u00e1ulio Erison Fran\u00e7a dos Santos<\/p>\n<p>Daniela Pinheiro da Silva<\/p>\n<p>Danilo Monteiro Monteiro<\/p>\n<p>Dayse Maria da Cunha S\u00e1<\/p>\n<p>Debora Palmeira da Silva Dias Neta\u00a0(Bolsista Programa Demanda Social\/CAPES)<\/p>\n<p>Denilson Henrique Silva de Miranda<\/p>\n<p>Edli de Araujo Pinheiro Carvalho<\/p>\n<p>Felipe Galdino Machado<\/p>\n<p>Francinelle Miranda dos Reis\u00a0(Bolsista Programa Demanda Social\/CAPES)<\/p>\n<p>Jose Adolfo Homobono Machado Bittencourt<\/p>\n<p>Kelly Christina Gomes de Araujo<\/p>\n<p>Libio Jose Tapajos Mota<\/p>\n<p>Mauricio Jose Cordeiro Souza<\/p>\n<p>Milagros Maria Soto Zuniga Sobral<\/p>\n<p>Natalia de Morais Castelo\u00a0(Bolsista Programa Demanda Social\/CAPES)<\/p>\n<p>Rubens Alex de Oliveira Menezes<\/p>\n<p>Samea Marine Bezerra da Silva<\/p>\n<p>Vencelau Jackson da Concei\u00e7\u00e3o Pantoja<\/p>\n<p>Wagner Barros Bento<\/p>\n","protected":false},"excerpt":{"rendered":"<p>Alessandra Feij\u00e3o Soares Andre Mendon\u00e7a dos Santos\u00a0(Bolsista Programa Demanda Social\/CAPES) Andrew de Souza Caires\u00a0(Bolsista Programa Demanda Social\/CAPES) Antonio Marcio Neves de Oliveira Arialdo Martins da Silveira Junior\u00a0(Bolsista Programa Demanda Social\/CAPES) Benedito Pantoja Sacramento Br\u00e1ulio Erison Fran\u00e7a dos Santos Daniela Pinheiro da Silva Danilo Monteiro Monteiro Dayse Maria da Cunha S\u00e1 \u2026 <a class=\"continue-reading-link\" href=\"https:\/\/www2.unifap.br\/ppcs\/corpo-academico\/corpo-discente\/turma-2011\/\"> Continue Lendo <span class=\"meta-nav\">&rarr; <\/span><\/a><\/p>\n","protected":false},"author":200,"featured_media":0,"parent":676,"menu_order":2,"comment_status":"closed","ping_status":"closed","template":"","meta":{"inline_featured_image":false,"ngg_post_thumbnail":0,"footnotes":""},"class_list":["post-499","page","type-page","status-publish","hentry"],"_links":{"self":[{"href":"https:\/\/www2.unifap.br\/ppcs\/wp-json\/wp\/v2\/pages\/499","targetHints":{"allow":["GET"]}}],"collection":[{"href":"https:\/\/www2.unifap.br\/ppcs\/wp-json\/wp\/v2\/pages"}],"about":[{"href":"https:\/\/www2.unifap.br\/ppcs\/wp-json\/wp\/v2\/types\/page"}],"author":[{"embeddable":true,"href":"https:\/\/www2.unifap.br\/ppcs\/wp-json\/wp\/v2\/users\/200"}],"replies":[{"embeddable":true,"href":"https:\/\/www2.unifap.br\/ppcs\/wp-json\/wp\/v2\/comments?post=499"}],"version-history":[{"count":4,"href":"https:\/\/www2.unifap.br\/ppcs\/wp-json\/wp\/v2\/pages\/499\/revisions"}],"predecessor-version":[{"id":690,"href":"https:\/\/www2.unifap.br\/ppcs\/wp-json\/wp\/v2\/pages\/499\/revisions\/690"}],"up":[{"embeddable":true,"href":"https:\/\/www2.unifap.br\/ppcs\/wp-json\/wp\/v2\/pages\/676"}],"wp:attachment":[{"href":"https:\/\/www2.unifap.br\/ppcs\/wp-json\/wp\/v2\/media?parent=499"}],"curies":[{"name":"wp","href":"https:\/\/api.w.org\/{rel}","templated":true}]}}