{"id":507,"date":"2014-11-03T14:16:46","date_gmt":"2014-11-03T14:16:46","guid":{"rendered":"http:\/\/www2.unifap.br\/ppcs\/?page_id=507"},"modified":"2024-05-04T01:24:52","modified_gmt":"2024-05-04T04:24:52","slug":"turma-2014","status":"publish","type":"page","link":"https:\/\/www2.unifap.br\/ppcs\/corpo-academico\/corpo-discente\/turma-2014\/","title":{"rendered":"TURMA 2014"},"content":{"rendered":"<p>Cristianne de Souza Galv\u00e3o<\/p>\n<p>Danielson Rodrigo Cavalcante da Silva \u00a0(Bolsista Programa Demanda Social\/CAPES)<\/p>\n<p>Danylo Jos\u00e9 Sim\u00f5es Costa<\/p>\n<p>J\u00e9ssica Caroline Evangelista Vilhena \u00a0(Bolsista Programa Demanda Social\/CAPES)<\/p>\n<p>Larissa de Magalh\u00e3es dos Santos<\/p>\n<p>Luis Alexandre Lemos Costa<\/p>\n<p>Nataly Silva Franco Pina<\/p>\n<p>Paulo Magalh\u00e3es Monard Nascimento<\/p>\n<p>Roberto Marcel Soares Alves<\/p>\n","protected":false},"excerpt":{"rendered":"<p>Cristianne de Souza Galv\u00e3o Danielson Rodrigo Cavalcante da Silva \u00a0(Bolsista Programa Demanda Social\/CAPES) Danylo Jos\u00e9 Sim\u00f5es Costa J\u00e9ssica Caroline Evangelista Vilhena \u00a0(Bolsista Programa Demanda Social\/CAPES) Larissa de Magalh\u00e3es dos Santos Luis Alexandre Lemos Costa Nataly Silva Franco Pina Paulo Magalh\u00e3es Monard Nascimento Roberto Marcel Soares Alves<\/p>\n","protected":false},"author":200,"featured_media":0,"parent":676,"menu_order":5,"comment_status":"closed","ping_status":"closed","template":"","meta":{"inline_featured_image":false,"ngg_post_thumbnail":0,"footnotes":""},"class_list":["post-507","page","type-page","status-publish","hentry"],"_links":{"self":[{"href":"https:\/\/www2.unifap.br\/ppcs\/wp-json\/wp\/v2\/pages\/507","targetHints":{"allow":["GET"]}}],"collection":[{"href":"https:\/\/www2.unifap.br\/ppcs\/wp-json\/wp\/v2\/pages"}],"about":[{"href":"https:\/\/www2.unifap.br\/ppcs\/wp-json\/wp\/v2\/types\/page"}],"author":[{"embeddable":true,"href":"https:\/\/www2.unifap.br\/ppcs\/wp-json\/wp\/v2\/users\/200"}],"replies":[{"embeddable":true,"href":"https:\/\/www2.unifap.br\/ppcs\/wp-json\/wp\/v2\/comments?post=507"}],"version-history":[{"count":3,"href":"https:\/\/www2.unifap.br\/ppcs\/wp-json\/wp\/v2\/pages\/507\/revisions"}],"predecessor-version":[{"id":685,"href":"https:\/\/www2.unifap.br\/ppcs\/wp-json\/wp\/v2\/pages\/507\/revisions\/685"}],"up":[{"embeddable":true,"href":"https:\/\/www2.unifap.br\/ppcs\/wp-json\/wp\/v2\/pages\/676"}],"wp:attachment":[{"href":"https:\/\/www2.unifap.br\/ppcs\/wp-json\/wp\/v2\/media?parent=507"}],"curies":[{"name":"wp","href":"https:\/\/api.w.org\/{rel}","templated":true}]}}