{"id":531,"date":"2014-11-03T14:33:22","date_gmt":"2014-11-03T14:33:22","guid":{"rendered":"http:\/\/www2.unifap.br\/ppcs\/?page_id=531"},"modified":"2024-05-03T22:41:34","modified_gmt":"2024-05-04T01:41:34","slug":"ensaios-biologicos","status":"publish","type":"page","link":"https:\/\/www2.unifap.br\/ppcs\/corpo-academico\/corpo-docente\/ensaios-biologicos\/","title":{"rendered":"ENSAIOS BIOL\u00d3GICOS"},"content":{"rendered":"<ol id=\"bio\">\n<li><a href=\"http:\/\/lattes.cnpq.br\/0736394038843448\" target=\"_blank\" rel=\"noopener\">Prof. Dr. ALEX BRUNO LOBATO RODRIGUES<\/a>&nbsp;<\/li>\n<li><a href=\"http:\/\/lattes.cnpq.br\/5767048181931211\">Profa. Dra. ALESSANDRA AZEVEDO DO NASCIMENTO<\/a><\/li>\n<li><a href=\"http:\/\/buscatextual.cnpq.br\/buscatextual\/visualizacv.do?id=K4215979H8\">Profa. Dra.&nbsp;ANA RITA PINHEIRO BARCESSAT<\/a><\/li>\n<li><a href=\"http:\/\/lattes.cnpq.br\/5013499072708263\" target=\"_blank\" rel=\"noopener\">Prof. Dr. AREOLINO PENA MATOS<\/a><\/li>\n<li><a href=\"http:\/\/lattes.cnpq.br\/5821193739571689\" target=\"_blank\" rel=\"noopener\">Prof. Dr. DIEGO BULC\u00c3O VISCO<\/a><\/li>\n<li><a href=\"http:\/\/lattes.cnpq.br\/9172895295920183\">Prof. Dr.&nbsp;EMERSON AUGUSTO CASTILHO MARTINS<\/a><\/li>\n<li><a href=\"http:\/\/lattes.cnpq.br\/6947946585534483\" target=\"_blank\" rel=\"noopener\">Prof. Dr. ELINALDO DA CONCEI\u00c7\u00c3O SANTOS<\/a><\/li>\n<li><a href=\"http:\/\/lattes.cnpq.br\/4185605695685617\">Prof. Dr. FERNANDO ANTONIO DE MEDEIROS<\/a><\/li>\n<li><a href=\"http:\/\/lattes.cnpq.br\/3561114338076976\" target=\"_blank\" rel=\"noopener\">Profa. Dra. LETHICIA BARRETO BRAND\u00c3O<\/a>&nbsp;<\/li>\n<li><a href=\"http:\/\/lattes.cnpq.br\/0513632107672072\">Prof. Dr. MADSON RALIDE FONSECA GOMES<\/a><\/li>\n<li><a style=\"line-height: 1.5em\" href=\"http:\/\/lattes.cnpq.br\/6957473111309835\">Prof. Dr. MOACIR DE AZEVEDO BENTES MONTEIRO NETO<\/a><\/li>\n<li><a href=\"http:\/\/lattes.cnpq.br\/8670098348397578\">Profa. Dra. NAT\u00c1LIA CAMARGO RODRIGUES IOSIMUTA<\/a><\/li>\n<li><a href=\"http:\/\/lattes.cnpq.br\/1661932002902797\">Prof. Dr. RAIMUNDO NONATO PICAN\u00c7O SOUTO<\/a><\/li>\n<li><a href=\"http:\/\/lattes.cnpq.br\/6862708091934825\">Prof. Dr. &nbsp;RAFAEL LIMA RESQUE<\/a><\/li>\n<li><a href=\"http:\/\/lattes.cnpq.br\/4832029632335990\">Profa. Dra.&nbsp;RAQUEL RODRIGUES DO AMARAL<\/a><\/li>\n<li><a style=\"line-height: 1.5em\" href=\"http:\/\/lattes.cnpq.br\/1515642850517082\">Prof. Dr. ROBERTO MESSIAS BEZERRA<\/a><\/li>\n<li><a href=\"http:\/\/lattes.cnpq.br\/1783173795698356\">Profa. Dra.&nbsp;VANIA TIE KOGA FERREIRA<\/a><\/li>\n<li><a href=\"http:\/\/lattes.cnpq.br\/7169355551481923\">Prof. Dr. WOLLNER MATERKO<\/a><\/li>\n<\/ol>\n","protected":false},"excerpt":{"rendered":"<p>Prof. Dr. ALEX BRUNO LOBATO RODRIGUES&nbsp; Profa. Dra. ALESSANDRA AZEVEDO DO NASCIMENTO Profa. Dra.&nbsp;ANA RITA PINHEIRO BARCESSAT Prof. Dr. AREOLINO PENA MATOS Prof. Dr. DIEGO BULC\u00c3O VISCO Prof. Dr.&nbsp;EMERSON AUGUSTO CASTILHO MARTINS Prof. Dr. ELINALDO DA CONCEI\u00c7\u00c3O SANTOS Prof. Dr. FERNANDO ANTONIO DE MEDEIROS Profa. Dra. LETHICIA BARRETO BRAND\u00c3O&nbsp; Prof. \u2026 <a class=\"continue-reading-link\" href=\"https:\/\/www2.unifap.br\/ppcs\/corpo-academico\/corpo-docente\/ensaios-biologicos\/\"> Continue Lendo <span class=\"meta-nav\">&rarr; <\/span><\/a><\/p>\n","protected":false},"author":734,"featured_media":0,"parent":29,"menu_order":0,"comment_status":"closed","ping_status":"open","template":"","meta":{"inline_featured_image":false,"ngg_post_thumbnail":0,"footnotes":""},"class_list":["post-531","page","type-page","status-publish","hentry"],"_links":{"self":[{"href":"https:\/\/www2.unifap.br\/ppcs\/wp-json\/wp\/v2\/pages\/531","targetHints":{"allow":["GET"]}}],"collection":[{"href":"https:\/\/www2.unifap.br\/ppcs\/wp-json\/wp\/v2\/pages"}],"about":[{"href":"https:\/\/www2.unifap.br\/ppcs\/wp-json\/wp\/v2\/types\/page"}],"author":[{"embeddable":true,"href":"https:\/\/www2.unifap.br\/ppcs\/wp-json\/wp\/v2\/users\/734"}],"replies":[{"embeddable":true,"href":"https:\/\/www2.unifap.br\/ppcs\/wp-json\/wp\/v2\/comments?post=531"}],"version-history":[{"count":23,"href":"https:\/\/www2.unifap.br\/ppcs\/wp-json\/wp\/v2\/pages\/531\/revisions"}],"predecessor-version":[{"id":3424,"href":"https:\/\/www2.unifap.br\/ppcs\/wp-json\/wp\/v2\/pages\/531\/revisions\/3424"}],"up":[{"embeddable":true,"href":"https:\/\/www2.unifap.br\/ppcs\/wp-json\/wp\/v2\/pages\/29"}],"wp:attachment":[{"href":"https:\/\/www2.unifap.br\/ppcs\/wp-json\/wp\/v2\/media?parent=531"}],"curies":[{"name":"wp","href":"https:\/\/api.w.org\/{rel}","templated":true}]}}