{"id":59,"date":"2012-02-13T19:14:32","date_gmt":"2012-02-13T19:14:32","guid":{"rendered":"http:\/\/www2.unifap.br\/ppcs\/?page_id=59"},"modified":"2023-03-08T17:11:35","modified_gmt":"2023-03-08T20:11:35","slug":"parceiros","status":"publish","type":"page","link":"https:\/\/www2.unifap.br\/ppcs\/parceiros\/","title":{"rendered":"Formul\u00e1rios e Orienta\u00e7\u00f5es"},"content":{"rendered":"<p><a href=\"http:\/\/www2.unifap.br\/ppcs\/files\/2021\/07\/PPGCS_2.gif\"><img fetchpriority=\"high\" decoding=\"async\" class=\"aligncenter wp-image-2247 size-full\" src=\"http:\/\/www2.unifap.br\/ppcs\/files\/2021\/07\/PPGCS_2.gif\" alt=\"\" width=\"1440\" height=\"810\" \/><\/a><\/p>\n<p style=\"text-align: center\"><strong>Matr\u00edcula Semestral<\/strong><\/p>\n<p style=\"text-align: center\"><strong><a href=\"http:\/\/www2.unifap.br\/ppcs\/files\/2012\/02\/RELAT\u00d3RIO-SEMESTRAL-DE-ATIVIDADES2.doc\">RELAT\u00d3RIO SEMESTRAL DE ATIVIDADES<\/a><\/strong><\/p>\n<p style=\"text-align: center\"><strong>Aluno especial:<\/strong><\/p>\n<p style=\"text-align: center\"><a href=\"http:\/\/www2.unifap.br\/ppcs\/files\/2019\/04\/INFORMA\u00c7\u00d5ES-AOS-ALUNOS-ESPECIAS.docx\" target=\"_blank\" rel=\"noopener\"><strong>INFORMA\u00c7\u00d5ES AOS ALUNOS ESPECIAS<\/strong><\/a><\/p>\n<p style=\"text-align: center\"><strong><a href=\"http:\/\/www2.unifap.br\/ppcs\/files\/2019\/04\/FICHA-DE-MATR\u00cdCULA_PPGCS.doc\" target=\"_blank\" rel=\"noopener\">FICHA DE MATR\u00cdCULA_PPGCS<\/a><\/strong><\/p>\n<p style=\"text-align: center\"><strong>Est\u00e1gio de Doc\u00eancia\u00a0<\/strong><\/p>\n<p style=\"text-align: center\"><a href=\"http:\/\/www2.unifap.br\/ppcs\/files\/2019\/04\/SOLICITA\u00c7\u00c3O-PARA-REALIZA\u00c7\u00c3O-DE-ESTAGIO-EM-DOC\u00caNCIA.doc\" target=\"_blank\" rel=\"noopener\"><strong>SOLICITA\u00c7\u00c3O-PARA-REALIZA\u00c7\u00c3O-DE-ESTAGIO-EM-DOC\u00caNCIA<\/strong><\/a><\/p>\n<p style=\"text-align: center\"><strong><a href=\"http:\/\/www2.unifap.br\/ppcs\/files\/2012\/02\/Relat\u00f3rio-estagio-docencia.doc\" target=\"_blank\" rel=\"noopener\">RELAT\u00d3RIO DE EST\u00c1GIO DE DOC\u00caNCIA<\/a><\/strong><\/p>\n<p style=\"text-align: center\"><strong>Qualifica\u00e7\u00e3o:<\/strong><\/p>\n<p style=\"text-align: center\"><strong><a href=\"http:\/\/www2.unifap.br\/ppcs\/files\/2021\/04\/ORIENTA\u00c7\u00d5ES-PARA-QUALIFICA\u00c7\u00d5ES.pdf\" target=\"_blank\" rel=\"noopener\">ORIENTA\u00c7\u00d5ES PARA QUALIFICA\u00c7\u00d5ES<\/a><\/strong><\/p>\n<p style=\"text-align: center\"><strong><a href=\"http:\/\/www2.unifap.br\/ppcs\/files\/2021\/04\/SOLICITA\u00c7\u00c3O-DE-AGENDAMENTO-DE-QUALIFICA\u00c7\u00c3O.doc\">SOLICITA\u00c7\u00c3O DE AGENDAMENTO DE QUALIFICA\u00c7\u00c3O<\/a><\/strong><\/p>\n<p style=\"text-align: center\"><strong><a href=\"http:\/\/www2.unifap.br\/ppcs\/files\/2012\/02\/DADOS-DA-DISSERTA\u00c7\u00c3O.docx\" target=\"_blank\" rel=\"noopener\">DADOS DA DISSERTA\u00c7\u00c3O<\/a><\/strong><\/p>\n<p style=\"text-align: center\"><strong><a href=\"http:\/\/www2.unifap.br\/ppcs\/files\/2012\/02\/DADOS-DE-MEMBRO-EXTERNO.doc\" target=\"_blank\" rel=\"noopener\">DADOS DE MEMBRO EXTERNO<\/a><\/strong><\/p>\n<p style=\"text-align: center\"><strong><a href=\"http:\/\/www2.unifap.br\/ppcs\/files\/2012\/02\/MODELO-DE-PROJETO-PPGCS.doc\">MODELO DE PROJETO DE PESQUISA<\/a><\/strong><\/p>\n<p style=\"text-align: center\"><strong><a href=\"http:\/\/www2.unifap.br\/ppcs\/files\/2021\/01\/ORIENTA\u00c7\u00d5ES-SOBRE-PRORROGA\u00c7\u00c3O-DE-QUALIFICA\u00c7\u00c3O.pdf\" target=\"_blank\" rel=\"noopener\">ORIENTA\u00c7\u00d5ES SOBRE PRORROGA\u00c7\u00c3O DE QUALIFICA\u00c7\u00c3O<\/a><\/strong><\/p>\n<p style=\"text-align: center\"><strong><a href=\"http:\/\/www2.unifap.br\/ppcs\/files\/2021\/01\/FORMUL\u00c1RIO_SOLICITA\u00c7\u00c3O_PRORROGA\u00c7\u00c3O_QUALIFICA\u00c7\u00c3O.docx\" target=\"_blank\" rel=\"noopener\">FORMUL\u00c1RIO_SOLICITA\u00c7\u00c3O_PRORROGA\u00c7\u00c3O_QUALIFICA\u00c7\u00c3O<\/a><\/strong><\/p>\n<p style=\"text-align: center\"><strong>Defesa de Disserta\u00e7\u00e3o:\u00a0<\/strong><\/p>\n<p style=\"text-align: center\"><strong><a href=\"http:\/\/www2.unifap.br\/ppcs\/files\/2021\/05\/ORIENTA\u00c7\u00d5ES-PARA-AGENDAMENTO-DE-DEFESAS.pdf\" target=\"_blank\" rel=\"noopener\">ORIENTA\u00c7\u00d5ES PARA AGENDAMENTO DE DEFESAS<\/a><\/strong><\/p>\n<p style=\"text-align: center\"><strong><a href=\"http:\/\/www2.unifap.br\/ppcs\/files\/2019\/02\/FORMUL\u00c1RIO-SOLICITA\u00c7\u00c3O-DE-CR\u00c9DITOS-DE-ATIVIDADES-COMPLEMENTARES.pdf\" target=\"_blank\" rel=\"noopener\">SOLICITA\u00c7\u00c3O DE CR\u00c9DITOS DE ATIVIDADES COMPLEMENTARES<\/a><\/strong><\/p>\n<p style=\"text-align: center\"><strong><a href=\"http:\/\/www2.unifap.br\/ppcs\/files\/2021\/05\/FORMUL\u00c1RIO_AGENDAMENTO_DEFESA-DE-DISSERTA\u00c7\u00c3O.doc\" target=\"_blank\" rel=\"noopener\">FORMUL\u00c1RIO_AGENDAMENTO_DEFESA DE DISSERTA\u00c7\u00c3O<\/a> <\/strong><\/p>\n<p style=\"text-align: center\"><strong><a href=\"http:\/\/www2.unifap.br\/ppcs\/files\/2012\/02\/DADOS-DE-MEMBRO-EXTERNO.doc\" target=\"_blank\" rel=\"noopener\">DADOS DE MEMBRO EXTERNO<\/a><\/strong><\/p>\n<p style=\"text-align: center\"><strong><a href=\"http:\/\/www2.unifap.br\/ppcs\/files\/2021\/04\/TERMO-DE-COMPROMISSO-DEFESA-ONLINE.docx\" target=\"_blank\" rel=\"noopener\">TERMO DE COMPROMISSO DEFESA ONLINE<\/a><\/strong><\/p>\n<p style=\"text-align: center\"><strong><a href=\"http:\/\/www2.unifap.br\/ppcs\/files\/2021\/05\/PROCEDIMENTO-PARA-REALIZA\u00c7\u00c3O-DE-DEFESA-REMOTA.pdf\" target=\"_blank\" rel=\"noopener\">PROCEDIMENTO PARA REALIZA\u00c7\u00c3O DE DEFESA REMOTA<\/a><\/strong><\/p>\n<p style=\"text-align: center\"><strong><a href=\"http:\/\/www2.unifap.br\/ppcs\/files\/2019\/06\/SOLICITA\u00c7\u00c3O-DE-PRORROGA\u00c7\u00c3O-DE-PRAZO.doc\" target=\"_blank\" rel=\"noopener\">SOLICITA\u00c7\u00c3O DE PRORROGA\u00c7\u00c3O DE PRAZO DE DEFESA<\/a><\/strong><\/p>\n<p style=\"text-align: center\"><strong><a href=\"http:\/\/www2.unifap.br\/ppcs\/files\/2019\/06\/MODELO-DE-CRONOGRAMA-DE-ATIVIDADES-AT\u00c9-A-DATA-DA-DEFESA.doc\" target=\"_blank\" rel=\"noopener\">MODELO DE CRONOGRAMA DE ATIVIDADES AT\u00c9 A DATA DA DEFESA<\/a><\/strong><\/p>\n<p style=\"text-align: center\"><strong>P\u00f3s-defesa:<\/strong><\/p>\n<p style=\"text-align: center\"><strong><a href=\"http:\/\/www2.unifap.br\/ppcs\/files\/2021\/06\/ORIENTA\u00c7\u00d5ES-IMPORTANTES-PARA-P\u00d3S-DEFESA.-1.pdf\" target=\"_blank\" rel=\"noopener\">ORIENTA\u00c7\u00d5ES-IMPORTANTES-PARA-P\u00d3S-DEFESA<\/a><\/strong><\/p>\n<p style=\"text-align: center\"><strong><a href=\"http:\/\/www2.unifap.br\/ppcs\/files\/2012\/02\/ANUENCIA-DO-ORIENTADOR-PARA-ENTREGA-DA-VERS\u00c3O-FINAL.doc\">FORMUL\u00c1RIO DE SUBMISS\u00c3O \u00c0 COMISS\u00c3O DE NORMAS<\/a><\/strong><\/p>\n<p style=\"text-align: center\"><strong><a href=\"http:\/\/www2.unifap.br\/ppcs\/files\/2019\/03\/PARECER_CORRE\u00c7\u00c3O-DE-DISSERTA\u00c7\u00c3O.docx\" target=\"_blank\" rel=\"noopener\">PARECER DA COMISS\u00c3O DE DISSERTA\u00c7\u00c3O<\/a><\/strong><\/p>\n<p style=\"text-align: center\"><strong><a href=\"http:\/\/www2.unifap.br\/ppcs\/files\/2022\/01\/DECLARAO-DE-AUTORIA-E-AUTORIZAO-PARA-PUBLICAO_ATUAL-1-1.pdf\" target=\"_blank\" rel=\"noopener\">DECLARAO-DE-AUTORIA-E-AUTORIZAO-PARA-PUBLICAO_ATUAL (1)<\/a><\/strong><\/p>\n<p style=\"text-align: center\"><strong><a href=\"http:\/\/www2.unifap.br\/ppcs\/files\/2022\/10\/RELATORIO-DE-CONCLUSAO-DE-CURSO-E-ENTREGA-DA-VERSAO-FINAL1.doc\" target=\"_blank\" rel=\"noopener\">RELAT\u00d3RIO-DE-CONCLUSAO-DE-CURSO-E-ENTREGA-DA-VERSAO-FINAL1<\/a>\u00a0<\/strong><\/p>\n<p style=\"text-align: center\"><strong><a href=\"http:\/\/www2.unifap.br\/ppcs\/files\/2022\/10\/TERMO-DE-ENCAMINHAMENTO-DA-VERSAO-FINAL1.doc\" target=\"_blank\" rel=\"noopener\">TERMO-DE-ENCAMINHAMENTO-DA-VERS\u00c3O-FINAL1<\/a><\/strong><\/p>\n<p style=\"text-align: center\"><strong>Diploma:<\/strong><\/p>\n<p style=\"text-align: center\"><strong><a href=\"http:\/\/www2.unifap.br\/ppcs\/files\/2022\/10\/FORMULARIO_SOLICITACAO-DE-DIPLOMA-2.docx\" target=\"_blank\" rel=\"noopener\">FORMUL\u00c1RIO_SOLICITA\u00c7\u00c3O-DE-DIPLOMA-2<\/a><\/strong><\/p>\n<p style=\"text-align: center\"><strong>Proap<\/strong><\/p>\n<p style=\"text-align: center\"><strong><a href=\"http:\/\/www2.unifap.br\/ppcs\/files\/2012\/02\/DI\u00c1RIAS-E-PASSAGENS-Formul\u00e1rio-de-Solicita\u00e7\u00e3o11.doc\" target=\"_blank\" rel=\"noopener\">SOLICITA\u00c7\u00c3O DE DI\u00c1RIAS E\/OU PASSAGENS &#8211; DOCENTE \u2013 PROAP-CAPES\/ PROPESPG-UNIFAP<\/a><\/strong><\/p>\n<p style=\"text-align: center\"><strong><a href=\"http:\/\/www2.unifap.br\/ppcs\/files\/2012\/02\/Formul\u00e1rio-de-solicita\u00e7\u00e3o-auxilio-financeiro-a-pesquisador.docx\" target=\"_blank\" rel=\"noopener\">SOLICITA\u00c7\u00c3O DE AUXILIO FINANCEIRO A PESQUISADOR &#8211; PROAP-PNPD-CAPES<\/a><\/strong><\/p>\n<p style=\"text-align: center\"><strong><a href=\"http:\/\/www2.unifap.br\/ppcs\/files\/2012\/02\/Formul\u00e1rio-para-presta\u00e7\u00e3o-de-contas-AUXILIO-FINANCEIRO-A-PESQUISADOR.docx\" target=\"_blank\" rel=\"noopener\">RELAT\u00d3RIO AUXILIO FINANCEIRO A PESQUISADOR &#8211; PRESTA\u00c7\u00c3O DE CONTAS<\/a><\/strong><\/p>\n<p style=\"text-align: center\"><strong><a href=\"http:\/\/www2.unifap.br\/ppcs\/files\/2012\/02\/Relat\u00f3rio-Presta\u00e7\u00e3o-de-Contas-211.doc\" target=\"_blank\" rel=\"noopener\">RELAT\u00d3RIO DE PRESTA\u00c7\u00c3O DE CONTAS &#8211; PROAP<\/a><\/strong><\/p>\n<p style=\"text-align: center\"><strong>Outros:<br \/>\n<\/strong><\/p>\n<p style=\"text-align: center\"><strong><a href=\"http:\/\/www2.unifap.br\/ppcs\/files\/2019\/02\/REQUERIMENTO-GERAL-PARA-DISCENTE1.doc\" target=\"_blank\" rel=\"noopener\">REQUERIMENTO GERAL PARA DISCENTE<\/a><\/strong><\/p>\n<p style=\"text-align: center\"><strong><strong><a href=\"http:\/\/www2.unifap.br\/ppcs\/files\/2012\/02\/SOLICITA\u00c7\u00c3O-DE-CANCELAMENTO-DE-MATR\u00cdCULA-EM-DISCIPLINA.doc\">SOLICITA\u00c7\u00c3O DE CANCELAMENTO DE MATR\u00cdCULA EM DISCIPLINA<\/a><\/strong><\/strong><span style=\"text-decoration: underline\"><strong><br \/>\n<\/strong><\/span><\/p>\n<p style=\"text-align: center\"><strong><a href=\"http:\/\/www2.unifap.br\/ppcs\/files\/2012\/02\/Solicita\u00e7\u00e3o.doc\" target=\"_blank\" rel=\"noopener\">SOLICITA\u00c7\u00c3O DE CREDENCIAMENTO DE COORIENTADOR<\/a><\/strong><\/p>\n<p style=\"text-align: center\"><strong><a href=\"http:\/\/www2.unifap.br\/ppcs\/files\/2012\/02\/Requerimento-Creditos-disciplinas.doc\" target=\"_blank\" rel=\"noopener\">SOLICITA\u00c7\u00c3O DE CR\u00c9DITOS DE DISCIPLINAS<\/a><\/strong><\/p>\n<p style=\"text-align: center\"><strong><a href=\"http:\/\/www2.unifap.br\/ppcs\/files\/2021\/01\/SOLICITA\u00c7\u00c3O-DE-DESLIGAMENTO-DO-CURSO.docx\" target=\"_blank\" rel=\"noopener\">SOLICITA\u00c7\u00c3O DE DESLIGAMENTO DO CURSO<\/a><\/strong><\/p>\n","protected":false},"excerpt":{"rendered":"<p>Matr\u00edcula Semestral RELAT\u00d3RIO SEMESTRAL DE ATIVIDADES Aluno especial: INFORMA\u00c7\u00d5ES AOS ALUNOS ESPECIAS FICHA DE MATR\u00cdCULA_PPGCS Est\u00e1gio de Doc\u00eancia\u00a0 SOLICITA\u00c7\u00c3O-PARA-REALIZA\u00c7\u00c3O-DE-ESTAGIO-EM-DOC\u00caNCIA RELAT\u00d3RIO DE EST\u00c1GIO DE DOC\u00caNCIA Qualifica\u00e7\u00e3o: ORIENTA\u00c7\u00d5ES PARA QUALIFICA\u00c7\u00d5ES SOLICITA\u00c7\u00c3O DE AGENDAMENTO DE QUALIFICA\u00c7\u00c3O DADOS DA DISSERTA\u00c7\u00c3O DADOS DE MEMBRO EXTERNO MODELO DE PROJETO DE PESQUISA ORIENTA\u00c7\u00d5ES SOBRE PRORROGA\u00c7\u00c3O DE QUALIFICA\u00c7\u00c3O \u2026 <a class=\"continue-reading-link\" href=\"https:\/\/www2.unifap.br\/ppcs\/parceiros\/\"> Continue Lendo <span class=\"meta-nav\">&rarr; <\/span><\/a><\/p>\n","protected":false},"author":25,"featured_media":0,"parent":0,"menu_order":2,"comment_status":"closed","ping_status":"open","template":"","meta":{"inline_featured_image":false,"ngg_post_thumbnail":0,"footnotes":""},"class_list":["post-59","page","type-page","status-publish","hentry"],"_links":{"self":[{"href":"https:\/\/www2.unifap.br\/ppcs\/wp-json\/wp\/v2\/pages\/59","targetHints":{"allow":["GET"]}}],"collection":[{"href":"https:\/\/www2.unifap.br\/ppcs\/wp-json\/wp\/v2\/pages"}],"about":[{"href":"https:\/\/www2.unifap.br\/ppcs\/wp-json\/wp\/v2\/types\/page"}],"author":[{"embeddable":true,"href":"https:\/\/www2.unifap.br\/ppcs\/wp-json\/wp\/v2\/users\/25"}],"replies":[{"embeddable":true,"href":"https:\/\/www2.unifap.br\/ppcs\/wp-json\/wp\/v2\/comments?post=59"}],"version-history":[{"count":100,"href":"https:\/\/www2.unifap.br\/ppcs\/wp-json\/wp\/v2\/pages\/59\/revisions"}],"predecessor-version":[{"id":2652,"href":"https:\/\/www2.unifap.br\/ppcs\/wp-json\/wp\/v2\/pages\/59\/revisions\/2652"}],"wp:attachment":[{"href":"https:\/\/www2.unifap.br\/ppcs\/wp-json\/wp\/v2\/media?parent=59"}],"curies":[{"name":"wp","href":"https:\/\/api.w.org\/{rel}","templated":true}]}}