{"id":71,"date":"2012-02-13T19:16:29","date_gmt":"2012-02-13T22:16:29","guid":{"rendered":"http:\/\/www2.unifap.br\/ppcs\/?page_id=71"},"modified":"2023-03-10T12:26:49","modified_gmt":"2023-03-10T15:26:49","slug":"fale-conosco","status":"publish","type":"page","link":"https:\/\/www2.unifap.br\/ppcs\/apresentacao\/coordenacao\/fale-conosco\/","title":{"rendered":"Fale Conosco"},"content":{"rendered":"<hr>\n<p><a href=\"http:\/\/www2.unifap.br\/ppcs\/files\/2021\/07\/LOGO-PPGCS.jpeg\"><img decoding=\"async\" class=\" wp-image-2244 alignleft\" src=\"http:\/\/www2.unifap.br\/ppcs\/files\/2021\/07\/LOGO-PPGCS.jpeg\" alt=\"\" width=\"205\" height=\"198\" srcset=\"https:\/\/www2.unifap.br\/ppcs\/files\/2021\/07\/LOGO-PPGCS.jpeg 545w, https:\/\/www2.unifap.br\/ppcs\/files\/2021\/07\/LOGO-PPGCS-300x290.jpeg 300w\" sizes=\"(max-width: 205px) 100vw, 205px\" \/><\/a><\/p>\n<p>&nbsp;<\/p>\n<p><span style=\"color: #000000\">Profa. Anneli Mercedes Celis de Cardenas &#8211; Coordena\u00e7\u00e3o<\/span><\/p>\n<p><span style=\"color: #000000\">Prof. Emerson Augusto Castilho Martins &#8211; Vice-coordena\u00e7\u00e3o<\/span><\/p>\n<p><span style=\"color: #000000\">Rosa Maria Vilhena Farias &#8211; Secretaria<\/span><\/p>\n<p>&nbsp;<\/p>\n<p>Universidade Federal do Amap\u00e1<\/p>\n<p>Programa de P\u00f3s-Gradua\u00e7\u00e3o em Ci\u00eancias da Sa\u00fade<\/p>\n<p>Campus Universit\u00e1rio Marco Zero<\/p>\n<p>Rodovia Juscelino Kubitschek, km 02,&nbsp;Bairro Universidade, CEP&nbsp;68903-419 \u2013 Macap\u00e1, AP.<\/p>\n<p>Bloco Novo da P\u00f3s-Gradua\u00e7\u00e3o (em frente a R\u00e1dio Universit\u00e1ria) &#8211; Sala 5<\/p>\n<p>E-mail: <strong><span style=\"color: #0000ff\">ppgcs@unifap.br<\/span><\/strong><\/p>\n<p>&nbsp;<\/p>\n<p>&nbsp;<\/p>\n<p>&nbsp;<\/p>\n<p>&nbsp;<\/p>\n","protected":false},"excerpt":{"rendered":"<p>&nbsp; Profa. Anneli Mercedes Celis de Cardenas &#8211; Coordena\u00e7\u00e3o Prof. Emerson Augusto Castilho Martins &#8211; Vice-coordena\u00e7\u00e3o Rosa Maria Vilhena Farias &#8211; Secretaria &nbsp; Universidade Federal do Amap\u00e1 Programa de P\u00f3s-Gradua\u00e7\u00e3o em Ci\u00eancias da Sa\u00fade Campus Universit\u00e1rio Marco Zero Rodovia Juscelino Kubitschek, km 02,&nbsp;Bairro Universidade, CEP&nbsp;68903-419 \u2013 Macap\u00e1, AP. Bloco Novo \u2026 <a class=\"continue-reading-link\" href=\"https:\/\/www2.unifap.br\/ppcs\/apresentacao\/coordenacao\/fale-conosco\/\"> Continue Lendo <span class=\"meta-nav\">&rarr; <\/span><\/a><\/p>\n","protected":false},"author":25,"featured_media":0,"parent":1213,"menu_order":0,"comment_status":"closed","ping_status":"closed","template":"","meta":{"inline_featured_image":false,"ngg_post_thumbnail":0,"footnotes":""},"class_list":["post-71","page","type-page","status-publish","hentry"],"_links":{"self":[{"href":"https:\/\/www2.unifap.br\/ppcs\/wp-json\/wp\/v2\/pages\/71","targetHints":{"allow":["GET"]}}],"collection":[{"href":"https:\/\/www2.unifap.br\/ppcs\/wp-json\/wp\/v2\/pages"}],"about":[{"href":"https:\/\/www2.unifap.br\/ppcs\/wp-json\/wp\/v2\/types\/page"}],"author":[{"embeddable":true,"href":"https:\/\/www2.unifap.br\/ppcs\/wp-json\/wp\/v2\/users\/25"}],"replies":[{"embeddable":true,"href":"https:\/\/www2.unifap.br\/ppcs\/wp-json\/wp\/v2\/comments?post=71"}],"version-history":[{"count":20,"href":"https:\/\/www2.unifap.br\/ppcs\/wp-json\/wp\/v2\/pages\/71\/revisions"}],"predecessor-version":[{"id":3056,"href":"https:\/\/www2.unifap.br\/ppcs\/wp-json\/wp\/v2\/pages\/71\/revisions\/3056"}],"up":[{"embeddable":true,"href":"https:\/\/www2.unifap.br\/ppcs\/wp-json\/wp\/v2\/pages\/1213"}],"wp:attachment":[{"href":"https:\/\/www2.unifap.br\/ppcs\/wp-json\/wp\/v2\/media?parent=71"}],"curies":[{"name":"wp","href":"https:\/\/api.w.org\/{rel}","templated":true}]}}