{"id":936,"date":"2017-03-28T14:13:06","date_gmt":"2017-03-28T17:13:06","guid":{"rendered":"http:\/\/www2.unifap.br\/ppcs\/?page_id=936"},"modified":"2023-03-08T18:54:29","modified_gmt":"2023-03-08T21:54:29","slug":"modelo-de-projeto-ppgcs-2","status":"publish","type":"page","link":"https:\/\/www2.unifap.br\/ppcs\/parceiros\/modelo-de-projeto-ppgcs-2\/","title":{"rendered":"Modelo de Projeto PPGCS"},"content":{"rendered":"<p><strong>MODELO DE PROJETO PARA PR\u00c9-QUALIFICA\u00c7\u00c3O<\/strong><\/p>\n<p>Modelo de Projeto aprovado na reuni\u00e3o de colegiado do dia 21 de outubro de 2022. Revisado pela comiss\u00e3o ABNT do PPGCS.<\/p>\n<p><a href=\"http:\/\/www2.unifap.br\/ppcs\/files\/2022\/11\/MODELO_PROJETO_PPGCS-PRE-QUALIFICACAO.docx\" target=\"_blank\" rel=\"noopener\">MODELO_PROJETO_PPGCS &#8211; PRE-QUALIFICA\u00c7\u00c3O<\/a><\/p>\n<p><strong>MODELO DE PROJETO PARA\u00a0 QUALIFICA\u00c7\u00c3O\/PPGCS<\/strong><\/p>\n<p><a href=\"http:\/\/www2.unifap.br\/ppcs\/files\/2023\/02\/MODELO-PROJETO-QUALIFICACAO-PPGCS-1.pdf\">MODELO-PROJETO-QUALIFICA\u00c7\u00c3O-PPGCS (1)<\/a><\/p>\n<p><strong>MODELO DA VERS\u00c3O FINAL DA DISSERTA\u00c7\u00c3O\/ PPGCS<\/strong><\/p>\n<p><a href=\"http:\/\/www2.unifap.br\/ppcs\/files\/2023\/02\/MODELO-VERSAO-FINAL-DISSERTACAO-PPGCS.pdf\">MODELO-VERS\u00c3O-FINAL-DISSERTA\u00c7\u00c3O-PPGCS<\/a><\/p>\n","protected":false},"excerpt":{"rendered":"<p>MODELO DE PROJETO PARA PR\u00c9-QUALIFICA\u00c7\u00c3O Modelo de Projeto aprovado na reuni\u00e3o de colegiado do dia 21 de outubro de 2022. Revisado pela comiss\u00e3o ABNT do PPGCS. MODELO_PROJETO_PPGCS &#8211; PRE-QUALIFICA\u00c7\u00c3O MODELO DE PROJETO PARA\u00a0 QUALIFICA\u00c7\u00c3O\/PPGCS MODELO-PROJETO-QUALIFICA\u00c7\u00c3O-PPGCS (1) MODELO DA VERS\u00c3O FINAL DA DISSERTA\u00c7\u00c3O\/ PPGCS MODELO-VERS\u00c3O-FINAL-DISSERTA\u00c7\u00c3O-PPGCS<\/p>\n","protected":false},"author":734,"featured_media":0,"parent":59,"menu_order":4,"comment_status":"closed","ping_status":"closed","template":"","meta":{"inline_featured_image":false,"ngg_post_thumbnail":0,"footnotes":""},"class_list":["post-936","page","type-page","status-publish","hentry"],"_links":{"self":[{"href":"https:\/\/www2.unifap.br\/ppcs\/wp-json\/wp\/v2\/pages\/936","targetHints":{"allow":["GET"]}}],"collection":[{"href":"https:\/\/www2.unifap.br\/ppcs\/wp-json\/wp\/v2\/pages"}],"about":[{"href":"https:\/\/www2.unifap.br\/ppcs\/wp-json\/wp\/v2\/types\/page"}],"author":[{"embeddable":true,"href":"https:\/\/www2.unifap.br\/ppcs\/wp-json\/wp\/v2\/users\/734"}],"replies":[{"embeddable":true,"href":"https:\/\/www2.unifap.br\/ppcs\/wp-json\/wp\/v2\/comments?post=936"}],"version-history":[{"count":9,"href":"https:\/\/www2.unifap.br\/ppcs\/wp-json\/wp\/v2\/pages\/936\/revisions"}],"predecessor-version":[{"id":2764,"href":"https:\/\/www2.unifap.br\/ppcs\/wp-json\/wp\/v2\/pages\/936\/revisions\/2764"}],"up":[{"embeddable":true,"href":"https:\/\/www2.unifap.br\/ppcs\/wp-json\/wp\/v2\/pages\/59"}],"wp:attachment":[{"href":"https:\/\/www2.unifap.br\/ppcs\/wp-json\/wp\/v2\/media?parent=936"}],"curies":[{"name":"wp","href":"https:\/\/api.w.org\/{rel}","templated":true}]}}