{"id":947,"date":"2017-04-07T19:52:39","date_gmt":"2017-04-07T19:52:39","guid":{"rendered":"http:\/\/www2.unifap.br\/ppcs\/?page_id=947"},"modified":"2023-03-08T17:10:55","modified_gmt":"2023-03-08T20:10:55","slug":"bolsas","status":"publish","type":"page","link":"https:\/\/www2.unifap.br\/ppcs\/bolsas\/","title":{"rendered":"Bolsas"},"content":{"rendered":"<p><a href=\"http:\/\/www2.unifap.br\/ppcs\/files\/2017\/04\/capes-72012-RGB.png\"><img fetchpriority=\"high\" decoding=\"async\" class=\"size-medium wp-image-948 aligncenter\" src=\"http:\/\/www2.unifap.br\/ppcs\/files\/2017\/04\/capes-72012-RGB-300x275.png\" alt=\"capes-72012-RGB\" width=\"300\" height=\"275\" srcset=\"https:\/\/www2.unifap.br\/ppcs\/files\/2017\/04\/capes-72012-RGB-300x275.png 300w, https:\/\/www2.unifap.br\/ppcs\/files\/2017\/04\/capes-72012-RGB-1024x939.png 1024w\" sizes=\"(max-width: 300px) 100vw, 300px\" \/><\/a><\/p>\n<p>&nbsp;<\/p>\n<p>&nbsp;<\/p>\n<p>&nbsp;<\/p>\n<h3>Programa de Apoio \u00e0 P\u00f3s-Gradua\u00e7\u00e3o (PROAP)<\/h3>\n<p>Objetivo:<\/p>\n<p>Financiar as atividades dos cursos de p\u00f3s-gradua\u00e7\u00e3o, proporcionando melhores condi\u00e7\u00f5es para a forma\u00e7\u00e3o de recursos humanos.<\/p>\n<h3>Programa de Demanda Social (DS)<\/h3>\n<p>Objetivo:<\/p>\n<p>Promover a forma\u00e7\u00e3o de recursos humanos de alto n\u00edvel, por meio de concess\u00e3o de bolsas a cursos de p\u00f3s-gradua\u00e7\u00e3o stricto sensu (mestrado e doutorado).<\/p>\n<h3>Condi\u00e7\u00f5es obrigat\u00f3rias<\/h3>\n<p>As bolsas ser\u00e3o concedidas a institui\u00e7\u00f5es de personalidade jur\u00eddica de direito p\u00fablico e ensino gratuito, avaliadas pela CAPES com nota igual ou superior a tr\u00eas.<\/p>\n<h3>Como funciona?<\/h3>\n<ul>\n<li>As bolsas de estudo do DS s\u00e3o gerenciadas pelas institui\u00e7\u00f5es e cursos de p\u00f3s-gradua\u00e7\u00e3o, que s\u00e3o respons\u00e1veis pela sele\u00e7\u00e3o e acompanhamento dos bolsistas, conforme orienta\u00e7\u00f5es da CAPES.<\/li>\n<\/ul>\n<h3>Documentos necess\u00e1rios para implementa\u00e7\u00e3o da Bolsa ap\u00f3s a sele\u00e7\u00e3o?<\/h3>\n<ul>\n<li>C\u00f3pias dos documentos pessoais (RG, CPF, Passaporte \u2013 Para estrangeiros);<\/li>\n<li>C\u00f3pia do Comprovante de residencia em nome do bolsista (Ou declara\u00e7\u00e3o de moradia assinado pelo Respons\u00e1vel da resid\u00eancia)<\/li>\n<li>C\u00f3pia do Cart\u00e3o do Banco do Brasil ou contrato de abertura de conta<\/li>\n<li><a href=\"http:\/\/www2.unifap.br\/ppcs\/files\/2017\/04\/ModeloTermoCompromissoDS_mai13.doc\">ModeloTermoCompromisso<\/a>\u00a0preenchido e assinado<\/li>\n<li><a href=\"http:\/\/www2.unifap.br\/ppcs\/files\/2017\/04\/FormularioCadastro.xls\">FormularioCadastro<\/a>\u00a0preenchido e assinado<\/li>\n<\/ul>\n<p><a href=\"http:\/\/www2.unifap.br\/ppcs\/files\/2019\/06\/Portaria_076_RegulamentoDS.pdf\">PORTARIA<\/a><\/p>\n<p>&nbsp;<\/p>\n<p>Fonte:\u00a0<a href=\"http:\/\/www.capes.gov.br\/bolsas\/bolsas-no-pais\/ds-e-proap\">CAPES<\/a>.<\/p>\n<p>&nbsp;<\/p>\n","protected":false},"excerpt":{"rendered":"<p>&nbsp; &nbsp; &nbsp; Programa de Apoio \u00e0 P\u00f3s-Gradua\u00e7\u00e3o (PROAP) Objetivo: Financiar as atividades dos cursos de p\u00f3s-gradua\u00e7\u00e3o, proporcionando melhores condi\u00e7\u00f5es para a forma\u00e7\u00e3o de recursos humanos. Programa de Demanda Social (DS) Objetivo: Promover a forma\u00e7\u00e3o de recursos humanos de alto n\u00edvel, por meio de concess\u00e3o de bolsas a cursos de \u2026 <a class=\"continue-reading-link\" href=\"https:\/\/www2.unifap.br\/ppcs\/bolsas\/\"> Continue Lendo <span class=\"meta-nav\">&rarr; <\/span><\/a><\/p>\n","protected":false},"author":308,"featured_media":0,"parent":0,"menu_order":0,"comment_status":"closed","ping_status":"open","template":"","meta":{"inline_featured_image":false,"ngg_post_thumbnail":0,"footnotes":""},"class_list":["post-947","page","type-page","status-publish","hentry"],"_links":{"self":[{"href":"https:\/\/www2.unifap.br\/ppcs\/wp-json\/wp\/v2\/pages\/947","targetHints":{"allow":["GET"]}}],"collection":[{"href":"https:\/\/www2.unifap.br\/ppcs\/wp-json\/wp\/v2\/pages"}],"about":[{"href":"https:\/\/www2.unifap.br\/ppcs\/wp-json\/wp\/v2\/types\/page"}],"author":[{"embeddable":true,"href":"https:\/\/www2.unifap.br\/ppcs\/wp-json\/wp\/v2\/users\/308"}],"replies":[{"embeddable":true,"href":"https:\/\/www2.unifap.br\/ppcs\/wp-json\/wp\/v2\/comments?post=947"}],"version-history":[{"count":6,"href":"https:\/\/www2.unifap.br\/ppcs\/wp-json\/wp\/v2\/pages\/947\/revisions"}],"predecessor-version":[{"id":954,"href":"https:\/\/www2.unifap.br\/ppcs\/wp-json\/wp\/v2\/pages\/947\/revisions\/954"}],"wp:attachment":[{"href":"https:\/\/www2.unifap.br\/ppcs\/wp-json\/wp\/v2\/media?parent=947"}],"curies":[{"name":"wp","href":"https:\/\/api.w.org\/{rel}","templated":true}]}}