{"id":1570,"date":"2025-10-02T16:14:35","date_gmt":"2025-10-02T19:14:35","guid":{"rendered":"https:\/\/www2.unifap.br\/ppcult\/?page_id=1570"},"modified":"2025-11-26T16:48:10","modified_gmt":"2025-11-26T19:48:10","slug":"comissao-de-autoavaliacao","status":"publish","type":"page","link":"https:\/\/www2.unifap.br\/ppcult\/comissao-de-autoavaliacao\/","title":{"rendered":"COMISS\u00c3O DE AUTOAVALIA\u00c7\u00c3O"},"content":{"rendered":"\t\t<div data-elementor-type=\"wp-page\" data-elementor-id=\"1570\" class=\"elementor elementor-1570\">\n\t\t\t\t\t\t<section class=\"elementor-section elementor-top-section elementor-element elementor-element-1ad8f71f0 elementor-section-boxed elementor-section-height-default elementor-section-height-default wpr-particle-no wpr-jarallax-no wpr-parallax-no wpr-sticky-section-no\" data-id=\"1ad8f71f0\" data-element_type=\"section\" data-e-type=\"section\" data-settings=\"{&quot;background_background&quot;:&quot;classic&quot;}\">\n\t\t\t\t\t\t\t<div class=\"elementor-background-overlay\"><\/div>\n\t\t\t\t\t\t\t<div class=\"elementor-container elementor-column-gap-default\">\n\t\t\t\t\t<div class=\"elementor-column elementor-col-100 elementor-top-column elementor-element elementor-element-1adea341\" data-id=\"1adea341\" data-element_type=\"column\" data-e-type=\"column\">\n\t\t\t<div class=\"elementor-widget-wrap elementor-element-populated\">\n\t\t\t\t\t\t<div class=\"elementor-element elementor-element-7f8f2876 elementor-widget elementor-widget-heading\" data-id=\"7f8f2876\" data-element_type=\"widget\" data-e-type=\"widget\" data-widget_type=\"heading.default\">\n\t\t\t\t<div class=\"elementor-widget-container\">\n\t\t\t\t\t<h2 class=\"elementor-heading-title elementor-size-default\">Comiss\u00e3o de Autoavalia\u00e7\u00e3o<\/h2>\t\t\t\t<\/div>\n\t\t\t\t<\/div>\n\t\t\t\t\t<\/div>\n\t\t<\/div>\n\t\t\t\t\t<\/div>\n\t\t<\/section>\n\t\t\t\t<section class=\"elementor-section elementor-top-section elementor-element elementor-element-c9051a2 elementor-section-boxed elementor-section-height-default elementor-section-height-default wpr-particle-no wpr-jarallax-no wpr-parallax-no wpr-sticky-section-no\" data-id=\"c9051a2\" data-element_type=\"section\" data-e-type=\"section\">\n\t\t\t\t\t\t<div class=\"elementor-container elementor-column-gap-default\">\n\t\t\t\t\t<div class=\"elementor-column elementor-col-100 elementor-top-column elementor-element elementor-element-d269a1f\" data-id=\"d269a1f\" data-element_type=\"column\" data-e-type=\"column\">\n\t\t\t<div class=\"elementor-widget-wrap elementor-element-populated\">\n\t\t\t\t\t\t\t<\/div>\n\t\t<\/div>\n\t\t\t\t\t<\/div>\n\t\t<\/section>\n\t\t\t\t<section class=\"elementor-section elementor-top-section elementor-element elementor-element-4e1a43e elementor-section-boxed elementor-section-height-default elementor-section-height-default wpr-particle-no wpr-jarallax-no wpr-parallax-no wpr-sticky-section-no\" data-id=\"4e1a43e\" data-element_type=\"section\" data-e-type=\"section\">\n\t\t\t\t\t\t<div class=\"elementor-container elementor-column-gap-default\">\n\t\t\t\t\t<div class=\"elementor-column elementor-col-100 elementor-top-column elementor-element elementor-element-5cb3439\" data-id=\"5cb3439\" data-element_type=\"column\" data-e-type=\"column\">\n\t\t\t<div class=\"elementor-widget-wrap elementor-element-populated\">\n\t\t\t\t\t\t<div class=\"elementor-element elementor-element-9b0017d elementor-widget elementor-widget-text-editor\" data-id=\"9b0017d\" data-element_type=\"widget\" data-e-type=\"widget\" data-widget_type=\"text-editor.default\">\n\t\t\t\t<div class=\"elementor-widget-container\">\n\t\t\t\t\t\t\t\t\t<h5><span style=\"color: #ff0000\"><strong>Objetivo<\/strong> <\/span>&#8211; Desenvolver estrat\u00e9gias de monitoramento e avalia\u00e7\u00e3o interna do Programa de P\u00f3s-Gradua\u00e7\u00e3o em Estudos de Cultura e Pol\u00edtica (PPCULT) para qualificar as a\u00e7\u00f5es do curso.<\/h5>\n<h5><span style=\"color: #ff0000\"><strong>Presidenta<\/strong> <\/span>&#8211; Dra Dilneia Rochana do Couto&nbsp;<\/h5>\t\t\t\t\t\t\t\t<\/div>\n\t\t\t\t<\/div>\n\t\t\t\t\t<\/div>\n\t\t<\/div>\n\t\t\t\t\t<\/div>\n\t\t<\/section>\n\t\t\t\t<section class=\"elementor-section elementor-top-section elementor-element elementor-element-572ddf7 elementor-section-boxed elementor-section-height-default elementor-section-height-default wpr-particle-no wpr-jarallax-no wpr-parallax-no wpr-sticky-section-no\" data-id=\"572ddf7\" data-element_type=\"section\" data-e-type=\"section\">\n\t\t\t\t\t\t<div class=\"elementor-container elementor-column-gap-default\">\n\t\t\t\t\t<div class=\"elementor-column elementor-col-100 elementor-top-column elementor-element elementor-element-66661a4\" data-id=\"66661a4\" data-element_type=\"column\" data-e-type=\"column\">\n\t\t\t<div class=\"elementor-widget-wrap\">\n\t\t\t\t\t\t\t<\/div>\n\t\t<\/div>\n\t\t\t\t\t<\/div>\n\t\t<\/section>\n\t\t\t\t<section class=\"elementor-section elementor-top-section elementor-element elementor-element-7115fb4 elementor-section-height-min-height elementor-section-boxed elementor-section-height-default elementor-section-items-middle wpr-particle-no wpr-jarallax-no wpr-parallax-no wpr-sticky-section-no\" data-id=\"7115fb4\" data-element_type=\"section\" data-e-type=\"section\" data-settings=\"{&quot;background_background&quot;:&quot;classic&quot;}\">\n\t\t\t\t\t\t\t<div class=\"elementor-background-overlay\"><\/div>\n\t\t\t\t\t\t\t<div class=\"elementor-container elementor-column-gap-default\">\n\t\t\t\t\t<div class=\"elementor-column elementor-col-50 elementor-top-column elementor-element elementor-element-7b22480 elementor-hidden-tablet elementor-hidden-mobile\" data-id=\"7b22480\" data-element_type=\"column\" data-e-type=\"column\">\n\t\t\t<div class=\"elementor-widget-wrap\">\n\t\t\t\t\t\t\t<\/div>\n\t\t<\/div>\n\t\t\t\t<div class=\"elementor-column elementor-col-50 elementor-top-column elementor-element elementor-element-4a44f48\" data-id=\"4a44f48\" data-element_type=\"column\" data-e-type=\"column\">\n\t\t\t<div class=\"elementor-widget-wrap elementor-element-populated\">\n\t\t\t\t\t\t<div class=\"elementor-element elementor-element-fd05f39 elementor-widget elementor-widget-heading\" data-id=\"fd05f39\" data-element_type=\"widget\" data-e-type=\"widget\" data-widget_type=\"heading.default\">\n\t\t\t\t<div class=\"elementor-widget-container\">\n\t\t\t\t\t<h2 class=\"elementor-heading-title elementor-size-default\">Documentos Produzidos e Orienta\u00e7\u00f5es\/\nInformes da Comiss\u00e3o de Autoavalia\u00e7\u00e3o<\/h2>\t\t\t\t<\/div>\n\t\t\t\t<\/div>\n\t\t\t\t<div class=\"elementor-element elementor-element-8ba9967 elementor-widget-divider--view-line elementor-widget elementor-widget-divider\" data-id=\"8ba9967\" data-element_type=\"widget\" data-e-type=\"widget\" data-widget_type=\"divider.default\">\n\t\t\t\t<div class=\"elementor-widget-container\">\n\t\t\t\t\t\t\t<div class=\"elementor-divider\">\n\t\t\t<span class=\"elementor-divider-separator\">\n\t\t\t\t\t\t<\/span>\n\t\t<\/div>\n\t\t\t\t\t\t<\/div>\n\t\t\t\t<\/div>\n\t\t\t\t<div class=\"elementor-element elementor-element-407dd46 elementor-widget elementor-widget-text-editor\" data-id=\"407dd46\" data-element_type=\"widget\" data-e-type=\"widget\" data-widget_type=\"text-editor.default\">\n\t\t\t\t<div class=\"elementor-widget-container\">\n\t\t\t\t\t\t\t\t\t<h5><span style=\"color: #00ffff\">&#8211;\u00a0<strong>Formul\u00e1rio de autoavalia\u00e7\u00e3o docente &#8211; Ano base 2025\u00a0<\/strong>\u00a0&#8211;\u00a0<a style=\"color: #00ffff\" href=\"https:\/\/forms.gle\/BnAWV8URZnjdTggZ7\">https:\/\/forms.gle\/BnAWV8URZnjdTggZ7<\/a><\/span><\/h5><h5><span style=\"color: #00ffff\"><strong>&#8211; Relat\u00f3rio interno subsidi\u00e1rio do Planejamento Estrat\u00e9gico &#8211; 2025\/2029 (uso restrito)<\/strong><\/span><\/h5><h5><span style=\"color: #00ffff\"><strong>&#8211; Relat\u00f3rio interno avalia\u00e7\u00e3o do Processo Seletivo PPCULT 2025 (uso restrito)<\/strong><\/span><\/h5><h5><span style=\"color: #00ffff\"><strong>&#8211; Matriz de autoavalia\u00e7\u00e3o interna do PPCULT 2025\/2029 (uso restrito)<\/strong><\/span><\/h5>\t\t\t\t\t\t\t\t<\/div>\n\t\t\t\t<\/div>\n\t\t\t\t\t<\/div>\n\t\t<\/div>\n\t\t\t\t\t<\/div>\n\t\t<\/section>\n\t\t\t\t<\/div>\n\t\t","protected":false},"excerpt":{"rendered":"<p>Comiss\u00e3o de Autoavalia\u00e7\u00e3o Objetivo &#8211; Desenvolver estrat\u00e9gias de monitoramento e avalia\u00e7\u00e3o interna do Programa de P\u00f3s-Gradua\u00e7\u00e3o em Estudos de Cultura e Pol\u00edtica (PPCULT) para qualificar as a\u00e7\u00f5es do curso. Presidenta &#8211; Dra Dilneia Rochana do Couto&nbsp; Documentos Produzidos e Orienta\u00e7\u00f5es\/ Informes da Comiss\u00e3o de Autoavalia\u00e7\u00e3o &#8211;\u00a0Formul\u00e1rio de autoavalia\u00e7\u00e3o docente &#8211; Ano base 2025\u00a0\u00a0&#8211;\u00a0https:\/\/forms.gle\/BnAWV8URZnjdTggZ7 &#8211; Relat\u00f3rio interno subsidi\u00e1rio do Planejamento Estrat\u00e9gico &#8211; 2025\/2029 (uso restrito) &#8211; Relat\u00f3rio interno avalia\u00e7\u00e3o do Processo Seletivo PPCULT 2025 (uso restrito) &#8211; Matriz de autoavalia\u00e7\u00e3o interna do PPCULT 2025\/2029 (uso restrito)<\/p>\n","protected":false},"author":396,"featured_media":0,"parent":0,"menu_order":0,"comment_status":"closed","ping_status":"closed","template":"","meta":{"inline_featured_image":false,"site-sidebar-layout":"no-sidebar","site-content-layout":"","ast-site-content-layout":"full-width-container","site-content-style":"default","site-sidebar-style":"default","ast-global-header-display":"","ast-banner-title-visibility":"","ast-main-header-display":"","ast-hfb-above-header-display":"","ast-hfb-below-header-display":"","ast-hfb-mobile-header-display":"","site-post-title":"disabled","ast-breadcrumbs-content":"","ast-featured-img":"disabled","footer-sml-layout":"","theme-transparent-header-meta":"","adv-header-id-meta":"","stick-header-meta":"","header-above-stick-meta":"","header-main-stick-meta":"","header-below-stick-meta":"","astra-migrate-meta-layouts":"default","ast-page-background-enabled":"default","ast-page-background-meta":{"desktop":{"background-color":"var(--ast-global-color-5)","background-image":"","background-repeat":"repeat","background-position":"center center","background-size":"auto","background-attachment":"scroll","background-type":"","background-media":"","overlay-type":"","overlay-color":"","overlay-opacity":"","overlay-gradient":""},"tablet":{"background-color":"","background-image":"","background-repeat":"repeat","background-position":"center center","background-size":"auto","background-attachment":"scroll","background-type":"","background-media":"","overlay-type":"","overlay-color":"","overlay-opacity":"","overlay-gradient":""},"mobile":{"background-color":"","background-image":"","background-repeat":"repeat","background-position":"center center","background-size":"auto","background-attachment":"scroll","background-type":"","background-media":"","overlay-type":"","overlay-color":"","overlay-opacity":"","overlay-gradient":""}},"ast-content-background-meta":{"desktop":{"background-color":"var(--ast-global-color-4)","background-image":"","background-repeat":"repeat","background-position":"center center","background-size":"auto","background-attachment":"scroll","background-type":"","background-media":"","overlay-type":"","overlay-color":"","overlay-opacity":"","overlay-gradient":""},"tablet":{"background-color":"var(--ast-global-color-4)","background-image":"","background-repeat":"repeat","background-position":"center center","background-size":"auto","background-attachment":"scroll","background-type":"","background-media":"","overlay-type":"","overlay-color":"","overlay-opacity":"","overlay-gradient":""},"mobile":{"background-color":"var(--ast-global-color-4)","background-image":"","background-repeat":"repeat","background-position":"center center","background-size":"auto","background-attachment":"scroll","background-type":"","background-media":"","overlay-type":"","overlay-color":"","overlay-opacity":"","overlay-gradient":""}},"footnotes":""},"class_list":["post-1570","page","type-page","status-publish","hentry"],"_links":{"self":[{"href":"https:\/\/www2.unifap.br\/ppcult\/wp-json\/wp\/v2\/pages\/1570","targetHints":{"allow":["GET"]}}],"collection":[{"href":"https:\/\/www2.unifap.br\/ppcult\/wp-json\/wp\/v2\/pages"}],"about":[{"href":"https:\/\/www2.unifap.br\/ppcult\/wp-json\/wp\/v2\/types\/page"}],"author":[{"embeddable":true,"href":"https:\/\/www2.unifap.br\/ppcult\/wp-json\/wp\/v2\/users\/396"}],"replies":[{"embeddable":true,"href":"https:\/\/www2.unifap.br\/ppcult\/wp-json\/wp\/v2\/comments?post=1570"}],"version-history":[{"count":31,"href":"https:\/\/www2.unifap.br\/ppcult\/wp-json\/wp\/v2\/pages\/1570\/revisions"}],"predecessor-version":[{"id":2329,"href":"https:\/\/www2.unifap.br\/ppcult\/wp-json\/wp\/v2\/pages\/1570\/revisions\/2329"}],"wp:attachment":[{"href":"https:\/\/www2.unifap.br\/ppcult\/wp-json\/wp\/v2\/media?parent=1570"}],"curies":[{"name":"wp","href":"https:\/\/api.w.org\/{rel}","templated":true}]}}