{"id":1613,"date":"2025-10-02T18:02:50","date_gmt":"2025-10-02T21:02:50","guid":{"rendered":"https:\/\/www2.unifap.br\/ppcult\/?page_id=1613"},"modified":"2025-10-26T09:03:02","modified_gmt":"2025-10-26T12:03:02","slug":"estrutura-curricular","status":"publish","type":"page","link":"https:\/\/www2.unifap.br\/ppcult\/estrutura-curricular\/","title":{"rendered":"Estrutura Curricular"},"content":{"rendered":"\t\t<div data-elementor-type=\"wp-page\" data-elementor-id=\"1613\" class=\"elementor elementor-1613\">\n\t\t\t\t\t\t<section class=\"elementor-section elementor-top-section elementor-element elementor-element-304b7850 elementor-section-boxed elementor-section-height-default elementor-section-height-default wpr-particle-no wpr-jarallax-no wpr-parallax-no wpr-sticky-section-no\" data-id=\"304b7850\" data-element_type=\"section\" data-e-type=\"section\" data-settings=\"{&quot;background_background&quot;:&quot;classic&quot;}\">\n\t\t\t\t\t\t\t<div class=\"elementor-background-overlay\"><\/div>\n\t\t\t\t\t\t\t<div class=\"elementor-container elementor-column-gap-default\">\n\t\t\t\t\t<div class=\"elementor-column elementor-col-100 elementor-top-column elementor-element elementor-element-c8723f7\" data-id=\"c8723f7\" data-element_type=\"column\" data-e-type=\"column\">\n\t\t\t<div class=\"elementor-widget-wrap elementor-element-populated\">\n\t\t\t\t\t\t<div class=\"elementor-element elementor-element-1b9ae6db elementor-widget elementor-widget-heading\" data-id=\"1b9ae6db\" data-element_type=\"widget\" data-e-type=\"widget\" data-widget_type=\"heading.default\">\n\t\t\t\t<div class=\"elementor-widget-container\">\n\t\t\t\t\t<h2 class=\"elementor-heading-title elementor-size-default\">Estrutura Curricular<\/h2>\t\t\t\t<\/div>\n\t\t\t\t<\/div>\n\t\t\t\t\t<\/div>\n\t\t<\/div>\n\t\t\t\t\t<\/div>\n\t\t<\/section>\n\t\t\t\t<section class=\"elementor-section elementor-top-section elementor-element elementor-element-e0962ba elementor-section-boxed elementor-section-height-default elementor-section-height-default wpr-particle-no wpr-jarallax-no wpr-parallax-no wpr-sticky-section-no\" data-id=\"e0962ba\" data-element_type=\"section\" data-e-type=\"section\">\n\t\t\t\t\t\t<div class=\"elementor-container elementor-column-gap-default\">\n\t\t\t\t\t<div class=\"elementor-column elementor-col-50 elementor-top-column elementor-element elementor-element-2453398a\" data-id=\"2453398a\" data-element_type=\"column\" data-e-type=\"column\">\n\t\t\t<div class=\"elementor-widget-wrap elementor-element-populated\">\n\t\t\t\t\t\t<div class=\"elementor-element elementor-element-aeb2a1d elementor-widget elementor-widget-image\" data-id=\"aeb2a1d\" data-element_type=\"widget\" data-e-type=\"widget\" data-widget_type=\"image.default\">\n\t\t\t\t<div class=\"elementor-widget-container\">\n\t\t\t\t\t\t\t\t\t\t\t\t\t\t\t<img fetchpriority=\"high\" decoding=\"async\" width=\"1024\" height=\"682\" src=\"https:\/\/www2.unifap.br\/ppcult\/files\/2025\/10\/noticias_thumbnail_people-g00640d6c7_1920-1024x682.jpeg\" class=\"attachment-large size-large wp-image-1600\" alt=\"\" srcset=\"https:\/\/www2.unifap.br\/ppcult\/files\/2025\/10\/noticias_thumbnail_people-g00640d6c7_1920-1024x682.jpeg 1024w, https:\/\/www2.unifap.br\/ppcult\/files\/2025\/10\/noticias_thumbnail_people-g00640d6c7_1920-300x200.jpeg 300w, https:\/\/www2.unifap.br\/ppcult\/files\/2025\/10\/noticias_thumbnail_people-g00640d6c7_1920-768x512.jpeg 768w, https:\/\/www2.unifap.br\/ppcult\/files\/2025\/10\/noticias_thumbnail_people-g00640d6c7_1920.jpeg 1280w\" sizes=\"(max-width: 1024px) 100vw, 1024px\" \/>\t\t\t\t\t\t\t\t\t\t\t\t\t\t\t<\/div>\n\t\t\t\t<\/div>\n\t\t\t\t\t<\/div>\n\t\t<\/div>\n\t\t\t\t<div class=\"elementor-column elementor-col-50 elementor-top-column elementor-element elementor-element-50bd1d98\" data-id=\"50bd1d98\" data-element_type=\"column\" data-e-type=\"column\">\n\t\t\t<div class=\"elementor-widget-wrap elementor-element-populated\">\n\t\t\t\t\t\t<div class=\"elementor-element elementor-element-592ac54f elementor-widget-divider--view-line elementor-widget elementor-widget-divider\" data-id=\"592ac54f\" data-element_type=\"widget\" data-e-type=\"widget\" data-widget_type=\"divider.default\">\n\t\t\t\t<div class=\"elementor-widget-container\">\n\t\t\t\t\t\t\t<div class=\"elementor-divider\">\n\t\t\t<span class=\"elementor-divider-separator\">\n\t\t\t\t\t\t<\/span>\n\t\t<\/div>\n\t\t\t\t\t\t<\/div>\n\t\t\t\t<\/div>\n\t\t\t\t<div class=\"elementor-element elementor-element-6f917173 elementor-widget elementor-widget-text-editor\" data-id=\"6f917173\" data-element_type=\"widget\" data-e-type=\"widget\" data-widget_type=\"text-editor.default\">\n\t\t\t\t<div class=\"elementor-widget-container\">\n\t\t\t\t\t\t\t\t\t<p><b>Dura\u00e7\u00e3o do Curso<\/b><span style=\"font-weight: 400\"> \u2013 2 anos (quatro semestres)<\/span><\/p><table><tbody><tr><td width=\"219\"><p><strong>Primeiro semestre<\/strong><\/p><\/td><td width=\"220\"><p><strong>Segundo Semestre<\/strong><\/p><\/td><td width=\"220\"><p><strong>Terceiro Semestre <\/strong><\/p><\/td><td width=\"192\"><p><strong>Quarto Semestre <\/strong><\/p><\/td><\/tr><tr><td colspan=\"2\" width=\"438\"><p>Cumprimento de cr\u00e9ditos obrigat\u00f3rios em disciplinas<\/p><p><span style=\"color: #ff0000\">\u00a0<strong>28 cr\u00e9ditos<\/strong><\/span><\/p><p><span style=\"color: #ff0000\"><strong>7 disciplinas<\/strong><\/span>, sendo uma delas em PPG externo<\/p><\/td><td rowspan=\"2\" width=\"220\"><p>Produ\u00e7\u00e3o da disserta\u00e7\u00e3o<\/p><hr \/><p>\u00a0<\/p><p>\u00a0<\/p><p>\u00a0<\/p><p>\u00a0<\/p><p>\u00a0<\/p><hr \/><p>Cr\u00e9ditos em\u00a0 disserta\u00e7\u00e3o<\/p><\/td><td rowspan=\"2\" width=\"192\"><p>Finaliza\u00e7\u00e3o e defesa da disserta\u00e7\u00e3o<\/p><hr \/><p>\u00a0<\/p><p>\u00a0<\/p><p>\u00a0<\/p><p>\u00a0<\/p><p><span style=\"color: #ff0000\"><strong>34 cr\u00e9ditos<\/strong><\/span><\/p><\/td><\/tr><tr><td colspan=\"2\" width=\"438\"><p><strong>Produto exigido ao final do semestre<\/strong><\/p><p>\u00a0<\/p><p>Constru\u00e7\u00e3o da vers\u00e3o final do projeto de pesquisa e interven\u00e7\u00e3o, com Exame de Qualifica\u00e7\u00e3o<br \/><span style=\"color: #ff0000\"><strong>(4 cr\u00e9ditos)<\/strong><\/span><\/p><\/td><\/tr><\/tbody><\/table>\t\t\t\t\t\t\t\t<\/div>\n\t\t\t\t<\/div>\n\t\t\t\t<section class=\"elementor-section elementor-inner-section elementor-element elementor-element-5f064cf9 elementor-section-boxed elementor-section-height-default elementor-section-height-default wpr-particle-no wpr-jarallax-no wpr-parallax-no wpr-sticky-section-no\" data-id=\"5f064cf9\" data-element_type=\"section\" data-e-type=\"section\">\n\t\t\t\t\t\t<div class=\"elementor-container elementor-column-gap-default\">\n\t\t\t\t\t<div class=\"elementor-column elementor-col-50 elementor-inner-column elementor-element elementor-element-73a1c44b\" data-id=\"73a1c44b\" data-element_type=\"column\" data-e-type=\"column\">\n\t\t\t<div class=\"elementor-widget-wrap elementor-element-populated\">\n\t\t\t\t\t\t<div class=\"elementor-element elementor-element-199bbc77 elementor-widget elementor-widget-heading\" data-id=\"199bbc77\" data-element_type=\"widget\" data-e-type=\"widget\" data-widget_type=\"heading.default\">\n\t\t\t\t<div class=\"elementor-widget-container\">\n\t\t\t\t\t<h2 class=\"elementor-heading-title elementor-size-default\">20<\/h2>\t\t\t\t<\/div>\n\t\t\t\t<\/div>\n\t\t\t\t<div class=\"elementor-element elementor-element-4ad600de elementor-widget elementor-widget-text-editor\" data-id=\"4ad600de\" data-element_type=\"widget\" data-e-type=\"widget\" data-widget_type=\"text-editor.default\">\n\t\t\t\t<div class=\"elementor-widget-container\">\n\t\t\t\t\t\t\t\t\t<p><strong>Realiza\u00e7\u00e3o das atividades programadas em atividades de ensino, pesquisa e extens\u00e3o<\/strong><\/p>\t\t\t\t\t\t\t\t<\/div>\n\t\t\t\t<\/div>\n\t\t\t\t\t<\/div>\n\t\t<\/div>\n\t\t\t\t<div class=\"elementor-column elementor-col-50 elementor-inner-column elementor-element elementor-element-7bf8b2f8\" data-id=\"7bf8b2f8\" data-element_type=\"column\" data-e-type=\"column\">\n\t\t\t<div class=\"elementor-widget-wrap elementor-element-populated\">\n\t\t\t\t\t\t<div class=\"elementor-element elementor-element-779b0b8c elementor-widget elementor-widget-heading\" data-id=\"779b0b8c\" data-element_type=\"widget\" data-e-type=\"widget\" data-widget_type=\"heading.default\">\n\t\t\t\t<div class=\"elementor-widget-container\">\n\t\t\t\t\t<h2 class=\"elementor-heading-title elementor-size-default\">86<\/h2>\t\t\t\t<\/div>\n\t\t\t\t<\/div>\n\t\t\t\t<div class=\"elementor-element elementor-element-6f439dac elementor-widget elementor-widget-text-editor\" data-id=\"6f439dac\" data-element_type=\"widget\" data-e-type=\"widget\" data-widget_type=\"text-editor.default\">\n\t\t\t\t<div class=\"elementor-widget-container\">\n\t\t\t\t\t\t\t\t\t<p><b>Total de cr\u00e9ditos obrigat\u00f3rios<\/b><\/p>\t\t\t\t\t\t\t\t<\/div>\n\t\t\t\t<\/div>\n\t\t\t\t\t<\/div>\n\t\t<\/div>\n\t\t\t\t\t<\/div>\n\t\t<\/section>\n\t\t\t\t\t<\/div>\n\t\t<\/div>\n\t\t\t\t\t<\/div>\n\t\t<\/section>\n\t\t\t\t<\/div>\n\t\t","protected":false},"excerpt":{"rendered":"<p>Estrutura Curricular Dura\u00e7\u00e3o do Curso \u2013 2 anos (quatro semestres) Primeiro semestre Segundo Semestre Terceiro Semestre Quarto Semestre Cumprimento de cr\u00e9ditos obrigat\u00f3rios em disciplinas \u00a028 cr\u00e9ditos 7 disciplinas, sendo uma delas em PPG externo Produ\u00e7\u00e3o da disserta\u00e7\u00e3o \u00a0 \u00a0 \u00a0 \u00a0 \u00a0 Cr\u00e9ditos em\u00a0 disserta\u00e7\u00e3o Finaliza\u00e7\u00e3o e defesa da disserta\u00e7\u00e3o \u00a0 \u00a0 \u00a0 \u00a0 34 cr\u00e9ditos Produto exigido ao final do semestre \u00a0 Constru\u00e7\u00e3o da vers\u00e3o final do projeto de pesquisa e interven\u00e7\u00e3o, com Exame de Qualifica\u00e7\u00e3o(4 cr\u00e9ditos) 20 Realiza\u00e7\u00e3o das atividades programadas em atividades de ensino, pesquisa e extens\u00e3o 86 Total de cr\u00e9ditos obrigat\u00f3rios<\/p>\n","protected":false},"author":396,"featured_media":0,"parent":0,"menu_order":0,"comment_status":"closed","ping_status":"closed","template":"","meta":{"inline_featured_image":false,"site-sidebar-layout":"no-sidebar","site-content-layout":"","ast-site-content-layout":"full-width-container","site-content-style":"default","site-sidebar-style":"default","ast-global-header-display":"","ast-banner-title-visibility":"","ast-main-header-display":"","ast-hfb-above-header-display":"","ast-hfb-below-header-display":"","ast-hfb-mobile-header-display":"","site-post-title":"disabled","ast-breadcrumbs-content":"","ast-featured-img":"disabled","footer-sml-layout":"","theme-transparent-header-meta":"","adv-header-id-meta":"","stick-header-meta":"","header-above-stick-meta":"","header-main-stick-meta":"","header-below-stick-meta":"","astra-migrate-meta-layouts":"default","ast-page-background-enabled":"default","ast-page-background-meta":{"desktop":{"background-color":"var(--ast-global-color-5)","background-image":"","background-repeat":"repeat","background-position":"center center","background-size":"auto","background-attachment":"scroll","background-type":"","background-media":"","overlay-type":"","overlay-color":"","overlay-opacity":"","overlay-gradient":""},"tablet":{"background-color":"","background-image":"","background-repeat":"repeat","background-position":"center center","background-size":"auto","background-attachment":"scroll","background-type":"","background-media":"","overlay-type":"","overlay-color":"","overlay-opacity":"","overlay-gradient":""},"mobile":{"background-color":"","background-image":"","background-repeat":"repeat","background-position":"center center","background-size":"auto","background-attachment":"scroll","background-type":"","background-media":"","overlay-type":"","overlay-color":"","overlay-opacity":"","overlay-gradient":""}},"ast-content-background-meta":{"desktop":{"background-color":"var(--ast-global-color-4)","background-image":"","background-repeat":"repeat","background-position":"center center","background-size":"auto","background-attachment":"scroll","background-type":"","background-media":"","overlay-type":"","overlay-color":"","overlay-opacity":"","overlay-gradient":""},"tablet":{"background-color":"var(--ast-global-color-4)","background-image":"","background-repeat":"repeat","background-position":"center center","background-size":"auto","background-attachment":"scroll","background-type":"","background-media":"","overlay-type":"","overlay-color":"","overlay-opacity":"","overlay-gradient":""},"mobile":{"background-color":"var(--ast-global-color-4)","background-image":"","background-repeat":"repeat","background-position":"center center","background-size":"auto","background-attachment":"scroll","background-type":"","background-media":"","overlay-type":"","overlay-color":"","overlay-opacity":"","overlay-gradient":""}},"footnotes":""},"class_list":["post-1613","page","type-page","status-publish","hentry"],"_links":{"self":[{"href":"https:\/\/www2.unifap.br\/ppcult\/wp-json\/wp\/v2\/pages\/1613","targetHints":{"allow":["GET"]}}],"collection":[{"href":"https:\/\/www2.unifap.br\/ppcult\/wp-json\/wp\/v2\/pages"}],"about":[{"href":"https:\/\/www2.unifap.br\/ppcult\/wp-json\/wp\/v2\/types\/page"}],"author":[{"embeddable":true,"href":"https:\/\/www2.unifap.br\/ppcult\/wp-json\/wp\/v2\/users\/396"}],"replies":[{"embeddable":true,"href":"https:\/\/www2.unifap.br\/ppcult\/wp-json\/wp\/v2\/comments?post=1613"}],"version-history":[{"count":12,"href":"https:\/\/www2.unifap.br\/ppcult\/wp-json\/wp\/v2\/pages\/1613\/revisions"}],"predecessor-version":[{"id":1990,"href":"https:\/\/www2.unifap.br\/ppcult\/wp-json\/wp\/v2\/pages\/1613\/revisions\/1990"}],"wp:attachment":[{"href":"https:\/\/www2.unifap.br\/ppcult\/wp-json\/wp\/v2\/media?parent=1613"}],"curies":[{"name":"wp","href":"https:\/\/api.w.org\/{rel}","templated":true}]}}