{"id":25,"date":"2023-10-11T11:20:25","date_gmt":"2023-10-11T14:20:25","guid":{"rendered":"https:\/\/www2.unifap.br\/ppcult\/?page_id=25"},"modified":"2026-02-26T17:10:21","modified_gmt":"2026-02-26T20:10:21","slug":"discentes","status":"publish","type":"page","link":"https:\/\/www2.unifap.br\/ppcult\/discentes\/","title":{"rendered":"Discentes"},"content":{"rendered":"\t\t<div data-elementor-type=\"wp-page\" data-elementor-id=\"25\" class=\"elementor elementor-25\">\n\t\t\t\t\t\t<section class=\"elementor-section elementor-top-section elementor-element elementor-element-fd8c6a1 elementor-section-boxed elementor-section-height-default elementor-section-height-default wpr-particle-no wpr-jarallax-no wpr-parallax-no wpr-sticky-section-no\" data-id=\"fd8c6a1\" data-element_type=\"section\" data-e-type=\"section\">\n\t\t\t\t\t\t<div class=\"elementor-container elementor-column-gap-default\">\n\t\t\t\t\t<div class=\"elementor-column elementor-col-100 elementor-top-column elementor-element elementor-element-1abd8be\" data-id=\"1abd8be\" data-element_type=\"column\" data-e-type=\"column\">\n\t\t\t<div class=\"elementor-widget-wrap elementor-element-populated\">\n\t\t\t\t\t\t\t<\/div>\n\t\t<\/div>\n\t\t\t\t\t<\/div>\n\t\t<\/section>\n\t\t\t\t<section class=\"elementor-section elementor-top-section elementor-element elementor-element-c558b90 elementor-section-boxed elementor-section-height-default elementor-section-height-default wpr-particle-no wpr-jarallax-no wpr-parallax-no wpr-sticky-section-no\" data-id=\"c558b90\" data-element_type=\"section\" data-e-type=\"section\">\n\t\t\t\t\t\t<div class=\"elementor-container elementor-column-gap-default\">\n\t\t\t\t\t<div class=\"elementor-column elementor-col-100 elementor-top-column elementor-element elementor-element-e27dabf\" data-id=\"e27dabf\" data-element_type=\"column\" data-e-type=\"column\">\n\t\t\t<div class=\"elementor-widget-wrap elementor-element-populated\">\n\t\t\t\t\t\t<div class=\"elementor-element elementor-element-bd136aa elementor-widget elementor-widget-accordion\" data-id=\"bd136aa\" data-element_type=\"widget\" data-e-type=\"widget\" data-widget_type=\"accordion.default\">\n\t\t\t\t<div class=\"elementor-widget-container\">\n\t\t\t\t\t\t\t<div class=\"elementor-accordion\">\n\t\t\t\t\t\t\t<div class=\"elementor-accordion-item\">\n\t\t\t\t\t<div id=\"elementor-tab-title-1981\" class=\"elementor-tab-title\" data-tab=\"1\" role=\"button\" aria-controls=\"elementor-tab-content-1981\" aria-expanded=\"false\">\n\t\t\t\t\t\t\t\t\t\t\t\t\t<span class=\"elementor-accordion-icon elementor-accordion-icon-left\" aria-hidden=\"true\">\n\t\t\t\t\t\t\t\t\t\t\t\t\t\t\t<span class=\"elementor-accordion-icon-closed\"><i class=\"fas fa-plus\"><\/i><\/span>\n\t\t\t\t\t\t\t\t<span class=\"elementor-accordion-icon-opened\"><i class=\"fas fa-minus\"><\/i><\/span>\n\t\t\t\t\t\t\t\t\t\t\t\t\t\t<\/span>\n\t\t\t\t\t\t\t\t\t\t\t\t<a class=\"elementor-accordion-title\" tabindex=\"0\">TURMA 2024<\/a>\n\t\t\t\t\t<\/div>\n\t\t\t\t\t<div id=\"elementor-tab-content-1981\" class=\"elementor-tab-content elementor-clearfix\" data-tab=\"1\" role=\"region\" aria-labelledby=\"elementor-tab-title-1981\"><table><tbody><tr><td width=\"425\"><span style=\"color: #ff0000\"><strong>DISCENTE\u00a0<\/strong><\/span><\/td><td width=\"425\"><p><span style=\"color: #ff0000\"><strong>ORIENTADOR\/A<\/strong><\/span><\/p><\/td><\/tr><tr><td width=\"425\"><p>CARLA CRISTINA MAFRA RIBEIRO<\/p><\/td><td width=\"425\"><p>ANA CRISTINA DE PAULA MAUES SOARES<\/p><\/td><\/tr><tr><td width=\"425\"><p>MARIA ANT\u00d4NIA DE ASSUN\u00c7\u00c3O KOBAYASHI<\/p><\/td><td width=\"425\"><p>ANTONIO CARLOS SARDINHA<\/p><\/td><\/tr><tr><td width=\"425\"><p>SILVANA RAMOS LACERDA<\/p><\/td><td width=\"425\"><p>DAVID JUNIOR DE SOUZA SILVA<\/p><\/td><\/tr><tr><td width=\"425\"><p>JOSIELE RIZZARI PEREIRA<\/p><\/td><td width=\"425\"><p>DILN\u00c9IA ROCHANA TAVARES DO COUTO<\/p><\/td><\/tr><tr><td width=\"425\"><p>JEFESON CALDAS DOS SANTOS<\/p><\/td><td width=\"425\"><p>EDUARDO MARGARIT ALFENA DO CARMO<\/p><\/td><\/tr><tr><td width=\"425\"><p>FL\u00c1VIA COIMBRA SANTOS DO CARMO<\/p><\/td><td width=\"425\"><p>ELISSANDRA BARROS DA SILVA<\/p><\/td><\/tr><tr><td width=\"425\"><p>PABLO WILLIAM FERREIRA SENA<\/p><\/td><td width=\"425\"><p>ELISSANDRA BARROS DA SILVA<\/p><\/td><\/tr><tr><td width=\"425\"><p>PEDRO LUIZ DA SILVA JUNIOR<\/p><\/td><td width=\"425\"><p>FABIO WOSNIAK<\/p><\/td><\/tr><tr><td width=\"425\">\u00a0<\/td><td width=\"425\">\u00a0<\/td><\/tr><tr><td width=\"425\"><p>VIN\u00cdCIUS BRITO BARROS<\/p><\/td><td width=\"425\"><p>JOSE CARLOS CARIACAS ROMAO DOS SANTOS<\/p><\/td><\/tr><tr><td width=\"425\"><p>ANA VALERIA RAMOS DA COSTA<\/p><\/td><td width=\"425\"><p>MARIA DA CONCEICAO DA SILVA CORDEIRO<\/p><\/td><\/tr><tr><td width=\"425\"><p>NAPOLEAO DOS SANTOS GUEDES JUNIOR<\/p><\/td><td width=\"425\"><p>SILVIA CARLA MARQUES COSTA<\/p><\/td><\/tr><tr><td width=\"425\"><p>DANIEL CORDEIRO ALVES<\/p><\/td><td width=\"425\"><p>YUJI GUSHIKEN<\/p><\/td><\/tr><\/tbody><\/table><\/div>\n\t\t\t\t<\/div>\n\t\t\t\t\t\t\t<div class=\"elementor-accordion-item\">\n\t\t\t\t\t<div id=\"elementor-tab-title-1982\" class=\"elementor-tab-title\" data-tab=\"2\" role=\"button\" aria-controls=\"elementor-tab-content-1982\" aria-expanded=\"false\">\n\t\t\t\t\t\t\t\t\t\t\t\t\t<span class=\"elementor-accordion-icon elementor-accordion-icon-left\" aria-hidden=\"true\">\n\t\t\t\t\t\t\t\t\t\t\t\t\t\t\t<span class=\"elementor-accordion-icon-closed\"><i class=\"fas fa-plus\"><\/i><\/span>\n\t\t\t\t\t\t\t\t<span class=\"elementor-accordion-icon-opened\"><i class=\"fas fa-minus\"><\/i><\/span>\n\t\t\t\t\t\t\t\t\t\t\t\t\t\t<\/span>\n\t\t\t\t\t\t\t\t\t\t\t\t<a class=\"elementor-accordion-title\" tabindex=\"0\">TURMA 2025<\/a>\n\t\t\t\t\t<\/div>\n\t\t\t\t\t<div id=\"elementor-tab-content-1982\" class=\"elementor-tab-content elementor-clearfix\" data-tab=\"2\" role=\"region\" aria-labelledby=\"elementor-tab-title-1982\"><table>\n<tbody>\n<tr>\n<td width=\"425\">\n<p><span style=\"color: #ff0000\"><strong>DISCENTE<\/strong><\/span><\/p>\n<\/td>\n<td width=\"425\">\n<p><span style=\"color: #ff0000\"><strong>ORIENTADOR\/A<\/strong><\/span><\/p>\n<\/td>\n<\/tr>\n<tr>\n<td width=\"425\">\n<p>CARLA REJANE GOMES BARRETO<\/p>\n<\/td>\n<td width=\"425\">\n<p>ANA CRISTINA DE PAULA MAUES SOARES<\/p>\n<\/td>\n<\/tr>\n<tr>\n<td width=\"425\">\n<p>MARIA CRISTINA DO ROS\u00c1RIO ALMEIDA MENDES<\/p>\n<\/td>\n<td width=\"425\">\n<p>ANA CRISTINA DE PAULA MAUES SOARES<\/p>\n<\/td>\n<\/tr>\n<tr>\n<td width=\"425\">\n<p>TALITA STEFENE ALVES DANTAS<\/p>\n<\/td>\n<td width=\"425\">\n<p>ANTONIO CARLOS SARDINHA<\/p>\n<\/td>\n<\/tr>\n<tr>\n<td width=\"425\">\n<p>ALCIMARA ANIC\u00c1 DOS SANTOS<\/p>\n<\/td>\n<td width=\"425\">\n<p>CARINA SANTOS DE ALMEIDA<\/p>\n<\/td>\n<\/tr>\n<tr>\n<td width=\"425\">\n<p>MICHEL DUARTE FERRA<\/p>\n<\/td>\n<td width=\"425\">\n<p>CARINA SANTOS DE ALMEIDA<\/p>\n<\/td>\n<\/tr>\n<tr>\n<td width=\"425\">\n<p>ALINE PAIVA DOS SANTOS<\/p>\n<\/td>\n<td width=\"425\">\n<p>DAVID JUNIOR DE SOUZA SILVA<\/p>\n<\/td>\n<\/tr>\n<tr>\n<td width=\"425\">\n<p>JOS\u00c9 MARIA PEREIRA DIAS<\/p>\n<\/td>\n<td width=\"425\">\n<p>DAVID JUNIOR DE SOUZA SILVA<\/p>\n<\/td>\n<\/tr>\n<tr>\n<td width=\"425\">\n<p><br><\/p><\/td><td width=\"425\">\n<\/td>\n<\/tr>\n<tr>\n<td width=\"425\">\n<p>S\u00c1VIO WENDELL BARBOSA DE ALMEIDA<\/p>\n<\/td>\n<td width=\"425\">\n<p>DAVID JUNIOR DE SOUZA SILVA<\/p>\n<\/td>\n<\/tr>\n<tr>\n<td width=\"425\">\n<p>ANA TEREZA SOUSA SUSSUARANA<\/p>\n<\/td>\n<td width=\"425\">\n<p>DILN\u00c9IA ROCHANA TAVARES DO COUTO<\/p>\n<\/td>\n<\/tr>\n<tr>\n<td width=\"425\">\n<p>INGRA VALE QUEIROZ TADAIESKY<\/p>\n<\/td>\n<td width=\"425\">\n<p>EDUARDO MARGARIT ALFENA DO CARMO<\/p>\n<\/td>\n<\/tr>\n<tr>\n<td width=\"425\">\n<p>KEILA FELICIO IAPARR\u00c1<\/p>\n<\/td>\n<td width=\"425\">\n<p>ELISSANDRA BARROS DA SILVA<\/p>\n<\/td>\n<\/tr>\n<tr>\n<td width=\"425\">\n<p>LENISE FELICIO BATISTA<\/p>\n<\/td>\n<td width=\"425\">\n<p>ELISSANDRA BARROS DA SILVA<\/p>\n<\/td>\n<\/tr>\n<tr>\n<td width=\"425\">\n<p>MAKARATU WAI\u00c3PI<\/p>\n<\/td>\n<td width=\"425\">\n<p>ELISSANDRA BARROS DA SILVA<\/p>\n<\/td>\n<\/tr>\n<tr>\n<td width=\"425\">\n<p>LUIZ MARCELO MAGALHA\u00caS CRUZ<\/p>\n<\/td>\n<td width=\"425\">\n<p>FABIO WOSNIAK<\/p>\n<\/td>\n<\/tr>\n<tr>\n<td width=\"425\">\n<p>JOANA INGLEDY FERREIRA DIAS<\/p>\n<\/td>\n<td width=\"425\">\n<p>MARIA DA CONCEICAO DA SILVA CORDEIRO<\/p>\n<\/td>\n<\/tr>\n<tr>\n<td width=\"425\">\n<p>JOS\u00c9 COSTA GEMAQUE<\/p>\n<\/td>\n<td width=\"425\">\n<p>MARIA DA CONCEICAO DA SILVA CORDEIRO<\/p>\n<\/td>\n<\/tr>\n<tr>\n<td width=\"425\">\n<p>ADALTON GUEDES BAIA<\/p>\n<\/td>\n<td width=\"425\">\n<p>SILVIA CARLA MARQUES COSTA<\/p>\n<\/td>\n<\/tr>\n<tr>\n<td width=\"425\">\n<p>LAUDICLEA PIRES DA SILVA CARVALHO<\/p>\n<\/td>\n<td width=\"425\">\n<p>SILVIA CARLA MARQUES COSTA<\/p>\n<\/td>\n<\/tr>\n<\/tbody>\n<\/table><\/div>\n\t\t\t\t<\/div>\n\t\t\t\t\t\t\t<div class=\"elementor-accordion-item\">\n\t\t\t\t\t<div id=\"elementor-tab-title-1983\" class=\"elementor-tab-title\" data-tab=\"3\" role=\"button\" aria-controls=\"elementor-tab-content-1983\" aria-expanded=\"false\">\n\t\t\t\t\t\t\t\t\t\t\t\t\t<span class=\"elementor-accordion-icon elementor-accordion-icon-left\" aria-hidden=\"true\">\n\t\t\t\t\t\t\t\t\t\t\t\t\t\t\t<span class=\"elementor-accordion-icon-closed\"><i class=\"fas fa-plus\"><\/i><\/span>\n\t\t\t\t\t\t\t\t<span class=\"elementor-accordion-icon-opened\"><i class=\"fas fa-minus\"><\/i><\/span>\n\t\t\t\t\t\t\t\t\t\t\t\t\t\t<\/span>\n\t\t\t\t\t\t\t\t\t\t\t\t<a class=\"elementor-accordion-title\" tabindex=\"0\">TURMA 2026<\/a>\n\t\t\t\t\t<\/div>\n\t\t\t\t\t<div id=\"elementor-tab-content-1983\" class=\"elementor-tab-content elementor-clearfix\" data-tab=\"3\" role=\"region\" aria-labelledby=\"elementor-tab-title-1983\"><table width=\"1617\"><tbody><tr><td width=\"297\"><p><span style=\"color: #ff0000\"><strong>DISCENTE<\/strong><\/span><\/p><\/td><td width=\"396\"><p><span style=\"color: #ff0000\"><strong>ORIENTADOR\/A<\/strong><\/span><\/p><\/td><\/tr><tr><td width=\"297\"><p><strong>Analeia dos Santos Nascimento<\/strong><\/p><\/td><td width=\"396\"><p><strong>DR FABIO WOSNIAK<\/strong><\/p><\/td><\/tr><tr><td width=\"297\"><p><strong>An\u00e1lia Ramos Barreto<\/strong><\/p><\/td><td width=\"396\"><p><strong>DR ANTONO SARDINHA<\/strong><\/p><\/td><\/tr><tr><td width=\"297\">\u00a0<\/td><td width=\"396\">\u00a0<\/td><\/tr><tr><td width=\"297\"><p><strong>Andressa Byanca da Silva Pereira<\/strong><\/p><\/td><td width=\"396\"><p><strong>DR EDUARDO MARGARIT<\/strong><\/p><\/td><\/tr><tr><td width=\"297\"><p><strong>Angelo Rafael Lacerda Barbosa<\/strong><\/p><\/td><td width=\"396\"><p><strong>DR FABIO WOSNIAK<\/strong><\/p><\/td><\/tr><tr><td width=\"297\"><p><strong>Cristiano Almeida Costa<\/strong><\/p><\/td><td width=\"396\"><p><strong>DRA NELMA NUNES<\/strong><\/p><\/td><\/tr><tr><td width=\"297\"><p><strong>Dalson dos Santos<\/strong><\/p><\/td><td width=\"396\"><p><strong>DRA CARINA ALMEIDA<\/strong><\/p><\/td><\/tr><tr><td width=\"297\"><p><strong>Jo\u00e3o Felype Barreto Ferreira<\/strong><\/p><\/td><td width=\"396\"><p><strong>DRA MARIA CORDEIRO<\/strong><\/p><\/td><\/tr><tr><td width=\"297\"><p><strong>Joyce Batista da Silva<\/strong><\/p><\/td><td width=\"396\"><p><strong>DR JOS\u00c9 CARLOS CARIACAS<\/strong><\/p><\/td><\/tr><tr><td width=\"297\"><p><strong>Marcel Lopes Amoras<\/strong><\/p><\/td><td width=\"396\"><p><strong>DR FABIO WOSNIAK<\/strong><\/p><\/td><\/tr><tr><td width=\"297\"><p><strong>Marcia Keila Barbosa Borges<\/strong><\/p><\/td><td width=\"396\"><p><strong>DR ANTONO SARDINHA<\/strong><\/p><\/td><\/tr><tr><td width=\"297\"><p><strong>Marilete Gama Almeida Lima<\/strong><\/p><\/td><td width=\"396\"><p><strong>DRA DILNEIA DO COUTO<\/strong><\/p><\/td><\/tr><tr><td width=\"297\"><p><strong>Max Gregori Freitas Yataco<\/strong><\/p><\/td><td width=\"396\"><p><strong>DR ANTONO SARDINHA<\/strong><\/p><\/td><\/tr><tr><td width=\"297\"><p><strong>Michelle da Silva Santos<\/strong><\/p><\/td><td width=\"396\"><p><strong>DR FABIO WOSNIAK<\/strong><\/p><\/td><\/tr><tr><td width=\"297\"><p><strong>Naira Neiva Medeiros de Almeida<\/strong><\/p><\/td><td width=\"396\"><p><strong>DRA ALZIRA MARQUES<\/strong><\/p><\/td><\/tr><tr><td width=\"297\"><p><strong>Nelma da Silva Pureza<\/strong><\/p><\/td><td width=\"396\"><p><strong>DR JOS\u00c9 CARLOS CARIACAS<\/strong><\/p><\/td><\/tr><tr><td width=\"297\"><p><strong>Paulo dos Santos Morais Filho<\/strong><\/p><\/td><td width=\"396\"><p><strong>DR JOS\u00c9 CARLOS CARIACAS<\/strong><\/p><\/td><\/tr><tr><td width=\"297\"><p><strong>Ruandeson Dias Saraiva<\/strong><\/p><\/td><td width=\"396\"><p><strong>DRA DILNEIA DO COUTO<\/strong><\/p><\/td><\/tr><\/tbody><\/table><\/div>\n\t\t\t\t<\/div>\n\t\t\t\t\t\t\t\t<\/div>\n\t\t\t\t\t\t<\/div>\n\t\t\t\t<\/div>\n\t\t\t\t\t<\/div>\n\t\t<\/div>\n\t\t\t\t\t<\/div>\n\t\t<\/section>\n\t\t\t\t<\/div>\n\t\t","protected":false},"excerpt":{"rendered":"<p>TURMA 2024 DISCENTE\u00a0 ORIENTADOR\/A CARLA CRISTINA MAFRA RIBEIRO ANA CRISTINA DE PAULA MAUES SOARES MARIA ANT\u00d4NIA DE ASSUN\u00c7\u00c3O KOBAYASHI ANTONIO CARLOS SARDINHA SILVANA RAMOS LACERDA DAVID JUNIOR DE SOUZA SILVA JOSIELE RIZZARI PEREIRA DILN\u00c9IA ROCHANA TAVARES DO COUTO JEFESON CALDAS DOS SANTOS EDUARDO MARGARIT ALFENA DO CARMO FL\u00c1VIA COIMBRA SANTOS DO CARMO ELISSANDRA BARROS DA SILVA PABLO WILLIAM FERREIRA SENA ELISSANDRA BARROS DA SILVA PEDRO LUIZ DA SILVA JUNIOR FABIO WOSNIAK \u00a0 \u00a0 VIN\u00cdCIUS BRITO BARROS JOSE CARLOS CARIACAS ROMAO DOS SANTOS ANA VALERIA RAMOS DA COSTA MARIA DA CONCEICAO DA SILVA CORDEIRO NAPOLEAO DOS SANTOS GUEDES JUNIOR SILVIA CARLA MARQUES COSTA DANIEL CORDEIRO ALVES YUJI GUSHIKEN TURMA 2025 DISCENTE ORIENTADOR\/A CARLA REJANE GOMES BARRETO ANA CRISTINA DE PAULA MAUES SOARES MARIA CRISTINA DO ROS\u00c1RIO ALMEIDA MENDES ANA CRISTINA DE PAULA MAUES SOARES TALITA STEFENE ALVES DANTAS ANTONIO CARLOS SARDINHA ALCIMARA ANIC\u00c1 DOS SANTOS CARINA SANTOS DE ALMEIDA MICHEL DUARTE FERRA CARINA SANTOS DE ALMEIDA ALINE PAIVA DOS SANTOS DAVID JUNIOR DE SOUZA SILVA JOS\u00c9 MARIA PEREIRA DIAS DAVID JUNIOR DE SOUZA SILVA S\u00c1VIO WENDELL BARBOSA DE ALMEIDA DAVID JUNIOR DE SOUZA SILVA ANA TEREZA SOUSA SUSSUARANA DILN\u00c9IA ROCHANA TAVARES DO COUTO INGRA VALE QUEIROZ TADAIESKY EDUARDO MARGARIT ALFENA DO CARMO KEILA FELICIO IAPARR\u00c1 ELISSANDRA BARROS DA SILVA LENISE FELICIO BATISTA ELISSANDRA BARROS DA SILVA MAKARATU WAI\u00c3PI ELISSANDRA BARROS DA SILVA LUIZ MARCELO MAGALHA\u00caS CRUZ FABIO WOSNIAK JOANA INGLEDY FERREIRA DIAS MARIA DA CONCEICAO DA SILVA CORDEIRO JOS\u00c9 COSTA GEMAQUE MARIA DA CONCEICAO DA SILVA CORDEIRO ADALTON GUEDES BAIA SILVIA CARLA MARQUES COSTA LAUDICLEA PIRES DA SILVA CARVALHO SILVIA CARLA MARQUES COSTA TURMA 2026 DISCENTE ORIENTADOR\/A Analeia dos Santos Nascimento DR FABIO WOSNIAK An\u00e1lia Ramos Barreto DR ANTONO SARDINHA \u00a0 \u00a0 Andressa Byanca da Silva Pereira DR EDUARDO MARGARIT Angelo Rafael Lacerda Barbosa DR FABIO WOSNIAK Cristiano Almeida Costa DRA NELMA NUNES Dalson dos Santos DRA CARINA ALMEIDA Jo\u00e3o Felype Barreto Ferreira DRA MARIA CORDEIRO Joyce Batista da Silva DR JOS\u00c9 CARLOS CARIACAS Marcel Lopes Amoras DR FABIO WOSNIAK Marcia Keila Barbosa Borges DR ANTONO SARDINHA Marilete Gama Almeida Lima DRA DILNEIA DO COUTO Max Gregori Freitas Yataco DR ANTONO SARDINHA Michelle da Silva Santos DR FABIO WOSNIAK Naira Neiva Medeiros de Almeida DRA ALZIRA MARQUES Nelma da Silva Pureza DR JOS\u00c9 CARLOS CARIACAS Paulo dos Santos Morais Filho DR JOS\u00c9 CARLOS CARIACAS Ruandeson Dias Saraiva DRA DILNEIA DO COUTO<\/p>\n","protected":false},"author":1871,"featured_media":0,"parent":0,"menu_order":0,"comment_status":"closed","ping_status":"closed","template":"","meta":{"inline_featured_image":false,"site-sidebar-layout":"default","site-content-layout":"","ast-site-content-layout":"default","site-content-style":"default","site-sidebar-style":"default","ast-global-header-display":"","ast-banner-title-visibility":"","ast-main-header-display":"","ast-hfb-above-header-display":"","ast-hfb-below-header-display":"","ast-hfb-mobile-header-display":"","site-post-title":"","ast-breadcrumbs-content":"","ast-featured-img":"","footer-sml-layout":"","theme-transparent-header-meta":"","adv-header-id-meta":"","stick-header-meta":"","header-above-stick-meta":"","header-main-stick-meta":"","header-below-stick-meta":"","astra-migrate-meta-layouts":"default","ast-page-background-enabled":"default","ast-page-background-meta":{"desktop":{"background-color":"var(--ast-global-color-5)","background-image":"","background-repeat":"repeat","background-position":"center center","background-size":"auto","background-attachment":"scroll","background-type":"","background-media":"","overlay-type":"","overlay-color":"","overlay-opacity":"","overlay-gradient":""},"tablet":{"background-color":"","background-image":"","background-repeat":"repeat","background-position":"center center","background-size":"auto","background-attachment":"scroll","background-type":"","background-media":"","overlay-type":"","overlay-color":"","overlay-opacity":"","overlay-gradient":""},"mobile":{"background-color":"","background-image":"","background-repeat":"repeat","background-position":"center center","background-size":"auto","background-attachment":"scroll","background-type":"","background-media":"","overlay-type":"","overlay-color":"","overlay-opacity":"","overlay-gradient":""}},"ast-content-background-meta":{"desktop":{"background-color":"var(--ast-global-color-4)","background-image":"","background-repeat":"repeat","background-position":"center center","background-size":"auto","background-attachment":"scroll","background-type":"","background-media":"","overlay-type":"","overlay-color":"","overlay-opacity":"","overlay-gradient":""},"tablet":{"background-color":"var(--ast-global-color-4)","background-image":"","background-repeat":"repeat","background-position":"center center","background-size":"auto","background-attachment":"scroll","background-type":"","background-media":"","overlay-type":"","overlay-color":"","overlay-opacity":"","overlay-gradient":""},"mobile":{"background-color":"var(--ast-global-color-4)","background-image":"","background-repeat":"repeat","background-position":"center center","background-size":"auto","background-attachment":"scroll","background-type":"","background-media":"","overlay-type":"","overlay-color":"","overlay-opacity":"","overlay-gradient":""}},"footnotes":""},"class_list":["post-25","page","type-page","status-publish","hentry"],"_links":{"self":[{"href":"https:\/\/www2.unifap.br\/ppcult\/wp-json\/wp\/v2\/pages\/25","targetHints":{"allow":["GET"]}}],"collection":[{"href":"https:\/\/www2.unifap.br\/ppcult\/wp-json\/wp\/v2\/pages"}],"about":[{"href":"https:\/\/www2.unifap.br\/ppcult\/wp-json\/wp\/v2\/types\/page"}],"author":[{"embeddable":true,"href":"https:\/\/www2.unifap.br\/ppcult\/wp-json\/wp\/v2\/users\/1871"}],"replies":[{"embeddable":true,"href":"https:\/\/www2.unifap.br\/ppcult\/wp-json\/wp\/v2\/comments?post=25"}],"version-history":[{"count":79,"href":"https:\/\/www2.unifap.br\/ppcult\/wp-json\/wp\/v2\/pages\/25\/revisions"}],"predecessor-version":[{"id":2834,"href":"https:\/\/www2.unifap.br\/ppcult\/wp-json\/wp\/v2\/pages\/25\/revisions\/2834"}],"wp:attachment":[{"href":"https:\/\/www2.unifap.br\/ppcult\/wp-json\/wp\/v2\/media?parent=25"}],"curies":[{"name":"wp","href":"https:\/\/api.w.org\/{rel}","templated":true}]}}