{"id":564,"date":"2025-02-25T15:51:38","date_gmt":"2025-02-25T18:51:38","guid":{"rendered":"https:\/\/www2.unifap.br\/ppcult\/?page_id=564"},"modified":"2026-03-03T15:20:27","modified_gmt":"2026-03-03T18:20:27","slug":"aluno-especial","status":"publish","type":"page","link":"https:\/\/www2.unifap.br\/ppcult\/aluno-especial\/","title":{"rendered":"Aluno Especial"},"content":{"rendered":"\t\t<div data-elementor-type=\"wp-page\" data-elementor-id=\"564\" class=\"elementor elementor-564\">\n\t\t\t\t\t\t<section class=\"elementor-section elementor-top-section elementor-element elementor-element-ac92f20 elementor-section-boxed elementor-section-height-default elementor-section-height-default wpr-particle-no wpr-jarallax-no wpr-parallax-no wpr-sticky-section-no\" data-id=\"ac92f20\" data-element_type=\"section\" data-e-type=\"section\" data-settings=\"{&quot;background_background&quot;:&quot;classic&quot;}\">\n\t\t\t\t\t\t\t<div class=\"elementor-background-overlay\"><\/div>\n\t\t\t\t\t\t\t<div class=\"elementor-container elementor-column-gap-default\">\n\t\t\t\t\t<div class=\"elementor-column elementor-col-100 elementor-top-column elementor-element elementor-element-5a7f7944\" data-id=\"5a7f7944\" data-element_type=\"column\" data-e-type=\"column\">\n\t\t\t<div class=\"elementor-widget-wrap elementor-element-populated\">\n\t\t\t\t\t\t<div class=\"elementor-element elementor-element-72c71c63 elementor-widget elementor-widget-heading\" data-id=\"72c71c63\" data-element_type=\"widget\" data-e-type=\"widget\" data-widget_type=\"heading.default\">\n\t\t\t\t<div class=\"elementor-widget-container\">\n\t\t\t\t\t<h2 class=\"elementor-heading-title elementor-size-default\">Aluno Especial<\/h2>\t\t\t\t<\/div>\n\t\t\t\t<\/div>\n\t\t\t\t\t<\/div>\n\t\t<\/div>\n\t\t\t\t\t<\/div>\n\t\t<\/section>\n\t\t\t\t<section class=\"elementor-section elementor-top-section elementor-element elementor-element-5bcc9ba6 elementor-section-boxed elementor-section-height-default elementor-section-height-default wpr-particle-no wpr-jarallax-no wpr-parallax-no wpr-sticky-section-no\" data-id=\"5bcc9ba6\" data-element_type=\"section\" data-e-type=\"section\">\n\t\t\t\t\t\t<div class=\"elementor-container elementor-column-gap-default\">\n\t\t\t\t\t<div class=\"elementor-column elementor-col-50 elementor-top-column elementor-element elementor-element-2e57a532\" data-id=\"2e57a532\" data-element_type=\"column\" data-e-type=\"column\">\n\t\t\t<div class=\"elementor-widget-wrap elementor-element-populated\">\n\t\t\t\t\t\t<div class=\"elementor-element elementor-element-696a3b53 elementor-widget elementor-widget-heading\" data-id=\"696a3b53\" data-element_type=\"widget\" data-e-type=\"widget\" data-widget_type=\"heading.default\">\n\t\t\t\t<div class=\"elementor-widget-container\">\n\t\t\t\t\t<h2 class=\"elementor-heading-title elementor-size-default\">Chamada 2026<\/h2>\t\t\t\t<\/div>\n\t\t\t\t<\/div>\n\t\t\t\t<div class=\"elementor-element elementor-element-4639b0d8 elementor-widget-divider--view-line elementor-widget elementor-widget-divider\" data-id=\"4639b0d8\" data-element_type=\"widget\" data-e-type=\"widget\" data-widget_type=\"divider.default\">\n\t\t\t\t<div class=\"elementor-widget-container\">\n\t\t\t\t\t\t\t<div class=\"elementor-divider\">\n\t\t\t<span class=\"elementor-divider-separator\">\n\t\t\t\t\t\t<\/span>\n\t\t<\/div>\n\t\t\t\t\t\t<\/div>\n\t\t\t\t<\/div>\n\t\t\t\t<div class=\"elementor-element elementor-element-613757c6 elementor-widget__width-initial elementor-widget elementor-widget-text-editor\" data-id=\"613757c6\" data-element_type=\"widget\" data-e-type=\"widget\" data-widget_type=\"text-editor.default\">\n\t\t\t\t<div class=\"elementor-widget-container\">\n\t\t\t\t\t\t\t\t\t<h3><strong>Chamada n\u00ba 1\/2026 PPCULT\/UNIFAP<\/strong><br \/><strong>Sele\u00e7\u00e3o aluno EXTERNO ou ESPECIAL\u00a0 \u2013 semestres 2026.1 <br \/><\/strong><\/h3><h3><strong><a href=\"http:\/\/www2.unifap.br\/ppcult\/files\/2026\/01\/EDITAL_______.pdf\">ACESSE AQUI O EDITAL_______<\/a><\/strong><\/h3><h3><strong>1- <a href=\"http:\/\/www2.unifap.br\/ppcult\/files\/2026\/03\/Resultado_final_assinado.pdf\">Resultado final\u00a0<\/a><\/strong><\/h3>\t\t\t\t\t\t\t\t<\/div>\n\t\t\t\t<\/div>\n\t\t\t\t<div class=\"elementor-element elementor-element-42d9a27d wpr-button-icon-style-inline wpr-button-icon-position-right elementor-widget elementor-widget-wpr-button\" data-id=\"42d9a27d\" data-element_type=\"widget\" data-e-type=\"widget\" data-widget_type=\"wpr-button.default\">\n\t\t\t\t<div class=\"elementor-widget-container\">\n\t\t\t\t\t\t\n\t\t\t\n\t\t\n\t\t<div class=\"wpr-button-wrap elementor-clearfix\">\n\t\t<a class=\"wpr-button wpr-button-effect wpr-button-none\" data-text=\"Go\" href=\"#link\">\n\t\t\t\n\t\t\t<span class=\"wpr-button-content\">\n\t\t\t\t\t\t\t\t\t<span class=\"wpr-button-text\">ACESSE<\/span>\n\t\t\t\t\t\t\t\t\n\t\t\t\t\t\t\t<\/span>\n\t\t<\/a>\n\n\t\t\t\t<\/div>\n\t\n\t\n\t\t\t\t\t<\/div>\n\t\t\t\t<\/div>\n\t\t\t\t\t<\/div>\n\t\t<\/div>\n\t\t\t\t<div class=\"elementor-column elementor-col-50 elementor-top-column elementor-element elementor-element-18bfa81c\" data-id=\"18bfa81c\" data-element_type=\"column\" data-e-type=\"column\">\n\t\t\t<div class=\"elementor-widget-wrap elementor-element-populated\">\n\t\t\t\t\t\t<div class=\"elementor-element elementor-element-7c749072 elementor-widget elementor-widget-image\" data-id=\"7c749072\" data-element_type=\"widget\" data-e-type=\"widget\" data-widget_type=\"image.default\">\n\t\t\t\t<div class=\"elementor-widget-container\">\n\t\t\t\t\t\t\t\t\t\t\t\t\t\t\t<img fetchpriority=\"high\" decoding=\"async\" width=\"1024\" height=\"576\" src=\"https:\/\/www2.unifap.br\/ppcult\/files\/2025\/09\/WhatsApp-Image-2024-04-28-at-12.05.51-1024x576.jpeg\" class=\"attachment-large size-large wp-image-1442\" alt=\"\" srcset=\"https:\/\/www2.unifap.br\/ppcult\/files\/2025\/09\/WhatsApp-Image-2024-04-28-at-12.05.51-1024x576.jpeg 1024w, https:\/\/www2.unifap.br\/ppcult\/files\/2025\/09\/WhatsApp-Image-2024-04-28-at-12.05.51-300x169.jpeg 300w, https:\/\/www2.unifap.br\/ppcult\/files\/2025\/09\/WhatsApp-Image-2024-04-28-at-12.05.51-768x432.jpeg 768w, https:\/\/www2.unifap.br\/ppcult\/files\/2025\/09\/WhatsApp-Image-2024-04-28-at-12.05.51-1536x864.jpeg 1536w, https:\/\/www2.unifap.br\/ppcult\/files\/2025\/09\/WhatsApp-Image-2024-04-28-at-12.05.51.jpeg 1600w\" sizes=\"(max-width: 1024px) 100vw, 1024px\" \/>\t\t\t\t\t\t\t\t\t\t\t\t\t\t\t<\/div>\n\t\t\t\t<\/div>\n\t\t\t\t\t<\/div>\n\t\t<\/div>\n\t\t\t\t\t<\/div>\n\t\t<\/section>\n\t\t\t\t<section class=\"elementor-section elementor-top-section elementor-element elementor-element-00315fb elementor-section-boxed elementor-section-height-default elementor-section-height-default wpr-particle-no wpr-jarallax-no wpr-parallax-no wpr-sticky-section-no\" data-id=\"00315fb\" data-element_type=\"section\" data-e-type=\"section\">\n\t\t\t\t\t\t<div class=\"elementor-container elementor-column-gap-default\">\n\t\t\t\t\t<div class=\"elementor-column elementor-col-100 elementor-top-column elementor-element elementor-element-ac98e91\" data-id=\"ac98e91\" data-element_type=\"column\" data-e-type=\"column\">\n\t\t\t<div class=\"elementor-widget-wrap elementor-element-populated\">\n\t\t\t\t\t\t<div class=\"elementor-element elementor-element-47dbc63 elementor-widget elementor-widget-accordion\" data-id=\"47dbc63\" data-element_type=\"widget\" data-e-type=\"widget\" data-widget_type=\"accordion.default\">\n\t\t\t\t<div class=\"elementor-widget-container\">\n\t\t\t\t\t\t\t<div class=\"elementor-accordion\">\n\t\t\t\t\t\t\t<div class=\"elementor-accordion-item\">\n\t\t\t\t\t<div id=\"elementor-tab-title-7531\" class=\"elementor-tab-title\" data-tab=\"1\" role=\"button\" aria-controls=\"elementor-tab-content-7531\" aria-expanded=\"false\">\n\t\t\t\t\t\t\t\t\t\t\t\t\t<span class=\"elementor-accordion-icon elementor-accordion-icon-left\" aria-hidden=\"true\">\n\t\t\t\t\t\t\t\t\t\t\t\t\t\t\t<span class=\"elementor-accordion-icon-closed\"><i class=\"fas fa-plus\"><\/i><\/span>\n\t\t\t\t\t\t\t\t<span class=\"elementor-accordion-icon-opened\"><i class=\"fas fa-minus\"><\/i><\/span>\n\t\t\t\t\t\t\t\t\t\t\t\t\t\t<\/span>\n\t\t\t\t\t\t\t\t\t\t\t\t<a class=\"elementor-accordion-title\" tabindex=\"0\">Chamada 2025.2\u200b<\/a>\n\t\t\t\t\t<\/div>\n\t\t\t\t\t<div id=\"elementor-tab-content-7531\" class=\"elementor-tab-content elementor-clearfix\" data-tab=\"1\" role=\"region\" aria-labelledby=\"elementor-tab-title-7531\"><h3><strong>1 \u2013 Chamada n\u00ba 2\/2025 PPCULT\/UNIFAP<\/strong><br \/><strong>Sele\u00e7\u00e3o aluno especial e externo \u2013 semestre 2025.2 <a href=\"http:\/\/www2.unifap.br\/ppcult\/files\/2025\/07\/EDITAL_AE.pdf\">ACESSO AQUI!<\/a><\/strong><\/h3><p><strong>2 \u2013 RETIFICA\u00c7\u00c3O Chamada n\u00ba 2 (Inclus\u00e3o de Estudantes do \u00faltimo ano de Curso Curso de Gradua\u00e7\u00e3o como p\u00fablico eleg\u00edvel a Aluno Especial) \u2013\u00a0<a href=\"http:\/\/www2.unifap.br\/ppcult\/files\/2025\/07\/RETIFICAC%CC%A7A%CC%83O-No-1-DA-CHAMADA-PARA-SELEC%CC%A7A%CC%83O-DE-ALUNOS-ESPECIAIS-.pdf\">ACESSO AQUI<\/a><\/strong><\/p><p><strong>3- Inscri\u00e7\u00f5es homologadas \u2013\u00a0<a href=\"http:\/\/www2.unifap.br\/ppcult\/files\/2025\/08\/RESULTADO-DA-CHAMADA-PARA-SELEC%CC%A7A%CC%83O-DE-ALUNOS-ESPECIAIS-DO-MESTRADO-PROFISSIONAL-EM-ESTUDOS-DE-CULTURA-E-POLI%CC%81TICA-.pdf\">ACESSO AQUI!<\/a><\/strong><\/p><p><strong>4 \u2013 Nota da Comiss\u00e3o Processo Seletivo \u2013 Aluno Especial \u2013\u00a0\u00a0<a href=\"http:\/\/www2.unifap.br\/ppcult\/files\/2025\/08\/NOTA.pdf\">ACESSO AQUI<\/a><\/strong><\/p><p><strong>5- Resultado Final\u00a0\u2013\u00a0<a href=\"http:\/\/www2.unifap.br\/ppcult\/files\/2025\/08\/REsultado_AE_2025_assinado.pdf\">ACESSO AQUI<\/a><\/strong><\/p><\/div>\n\t\t\t\t<\/div>\n\t\t\t\t\t\t\t\t<\/div>\n\t\t\t\t\t\t<\/div>\n\t\t\t\t<\/div>\n\t\t\t\t\t<\/div>\n\t\t<\/div>\n\t\t\t\t\t<\/div>\n\t\t<\/section>\n\t\t\t\t<\/div>\n\t\t","protected":false},"excerpt":{"rendered":"<p>Aluno Especial Chamada 2026 Chamada n\u00ba 1\/2026 PPCULT\/UNIFAPSele\u00e7\u00e3o aluno EXTERNO ou ESPECIAL\u00a0 \u2013 semestres 2026.1 ACESSE AQUI O EDITAL_______ 1- Resultado final\u00a0 ACESSE Chamada 2025.2\u200b 1 \u2013 Chamada n\u00ba 2\/2025 PPCULT\/UNIFAPSele\u00e7\u00e3o aluno especial e externo \u2013 semestre 2025.2 ACESSO AQUI! 2 \u2013 RETIFICA\u00c7\u00c3O Chamada n\u00ba 2 (Inclus\u00e3o de Estudantes do \u00faltimo ano de Curso Curso de Gradua\u00e7\u00e3o como p\u00fablico eleg\u00edvel a Aluno Especial) \u2013\u00a0ACESSO AQUI 3- Inscri\u00e7\u00f5es homologadas \u2013\u00a0ACESSO AQUI! 4 \u2013 Nota da Comiss\u00e3o Processo Seletivo \u2013 Aluno Especial \u2013\u00a0\u00a0ACESSO AQUI 5- Resultado Final\u00a0\u2013\u00a0ACESSO AQUI<\/p>\n","protected":false},"author":1871,"featured_media":0,"parent":0,"menu_order":0,"comment_status":"closed","ping_status":"closed","template":"","meta":{"inline_featured_image":false,"site-sidebar-layout":"default","site-content-layout":"","ast-site-content-layout":"default","site-content-style":"default","site-sidebar-style":"default","ast-global-header-display":"","ast-banner-title-visibility":"","ast-main-header-display":"","ast-hfb-above-header-display":"","ast-hfb-below-header-display":"","ast-hfb-mobile-header-display":"","site-post-title":"","ast-breadcrumbs-content":"","ast-featured-img":"","footer-sml-layout":"","theme-transparent-header-meta":"","adv-header-id-meta":"","stick-header-meta":"","header-above-stick-meta":"","header-main-stick-meta":"","header-below-stick-meta":"","astra-migrate-meta-layouts":"default","ast-page-background-enabled":"default","ast-page-background-meta":{"desktop":{"background-color":"var(--ast-global-color-5)","background-image":"","background-repeat":"repeat","background-position":"center center","background-size":"auto","background-attachment":"scroll","background-type":"","background-media":"","overlay-type":"","overlay-color":"","overlay-opacity":"","overlay-gradient":""},"tablet":{"background-color":"","background-image":"","background-repeat":"repeat","background-position":"center center","background-size":"auto","background-attachment":"scroll","background-type":"","background-media":"","overlay-type":"","overlay-color":"","overlay-opacity":"","overlay-gradient":""},"mobile":{"background-color":"","background-image":"","background-repeat":"repeat","background-position":"center center","background-size":"auto","background-attachment":"scroll","background-type":"","background-media":"","overlay-type":"","overlay-color":"","overlay-opacity":"","overlay-gradient":""}},"ast-content-background-meta":{"desktop":{"background-color":"var(--ast-global-color-4)","background-image":"","background-repeat":"repeat","background-position":"center center","background-size":"auto","background-attachment":"scroll","background-type":"","background-media":"","overlay-type":"","overlay-color":"","overlay-opacity":"","overlay-gradient":""},"tablet":{"background-color":"var(--ast-global-color-4)","background-image":"","background-repeat":"repeat","background-position":"center center","background-size":"auto","background-attachment":"scroll","background-type":"","background-media":"","overlay-type":"","overlay-color":"","overlay-opacity":"","overlay-gradient":""},"mobile":{"background-color":"var(--ast-global-color-4)","background-image":"","background-repeat":"repeat","background-position":"center center","background-size":"auto","background-attachment":"scroll","background-type":"","background-media":"","overlay-type":"","overlay-color":"","overlay-opacity":"","overlay-gradient":""}},"footnotes":""},"class_list":["post-564","page","type-page","status-publish","hentry"],"_links":{"self":[{"href":"https:\/\/www2.unifap.br\/ppcult\/wp-json\/wp\/v2\/pages\/564","targetHints":{"allow":["GET"]}}],"collection":[{"href":"https:\/\/www2.unifap.br\/ppcult\/wp-json\/wp\/v2\/pages"}],"about":[{"href":"https:\/\/www2.unifap.br\/ppcult\/wp-json\/wp\/v2\/types\/page"}],"author":[{"embeddable":true,"href":"https:\/\/www2.unifap.br\/ppcult\/wp-json\/wp\/v2\/users\/1871"}],"replies":[{"embeddable":true,"href":"https:\/\/www2.unifap.br\/ppcult\/wp-json\/wp\/v2\/comments?post=564"}],"version-history":[{"count":88,"href":"https:\/\/www2.unifap.br\/ppcult\/wp-json\/wp\/v2\/pages\/564\/revisions"}],"predecessor-version":[{"id":2912,"href":"https:\/\/www2.unifap.br\/ppcult\/wp-json\/wp\/v2\/pages\/564\/revisions\/2912"}],"wp:attachment":[{"href":"https:\/\/www2.unifap.br\/ppcult\/wp-json\/wp\/v2\/media?parent=564"}],"curies":[{"name":"wp","href":"https:\/\/api.w.org\/{rel}","templated":true}]}}