{"id":684,"date":"2025-04-09T16:27:30","date_gmt":"2025-04-09T19:27:30","guid":{"rendered":"https:\/\/www2.unifap.br\/ppcult\/?page_id=684"},"modified":"2026-02-15T10:42:47","modified_gmt":"2026-02-15T13:42:47","slug":"quadro-de-ofertas","status":"publish","type":"page","link":"https:\/\/www2.unifap.br\/ppcult\/quadro-de-ofertas\/","title":{"rendered":"Quadro de ofertas"},"content":{"rendered":"\t\t<div data-elementor-type=\"wp-page\" data-elementor-id=\"684\" class=\"elementor elementor-684\">\n\t\t\t\t\t\t<section class=\"elementor-section elementor-top-section elementor-element elementor-element-9c42dd1 elementor-section-boxed elementor-section-height-default elementor-section-height-default wpr-particle-no wpr-jarallax-no wpr-parallax-no wpr-sticky-section-no\" data-id=\"9c42dd1\" data-element_type=\"section\" data-e-type=\"section\">\n\t\t\t\t\t\t<div class=\"elementor-container elementor-column-gap-default\">\n\t\t\t\t\t<div class=\"elementor-column elementor-col-50 elementor-top-column elementor-element elementor-element-0e170fe\" data-id=\"0e170fe\" data-element_type=\"column\" data-e-type=\"column\">\n\t\t\t<div class=\"elementor-widget-wrap elementor-element-populated\">\n\t\t\t\t\t\t<div class=\"elementor-element elementor-element-bf9d97a elementor-widget__width-initial elementor-widget elementor-widget-accordion\" data-id=\"bf9d97a\" data-element_type=\"widget\" data-e-type=\"widget\" data-widget_type=\"accordion.default\">\n\t\t\t\t<div class=\"elementor-widget-container\">\n\t\t\t\t\t\t\t<div class=\"elementor-accordion\">\n\t\t\t\t\t\t\t<div class=\"elementor-accordion-item\">\n\t\t\t\t\t<div id=\"elementor-tab-title-2001\" class=\"elementor-tab-title\" data-tab=\"1\" role=\"button\" aria-controls=\"elementor-tab-content-2001\" aria-expanded=\"false\">\n\t\t\t\t\t\t\t\t\t\t\t\t\t<span class=\"elementor-accordion-icon elementor-accordion-icon-left\" aria-hidden=\"true\">\n\t\t\t\t\t\t\t\t\t\t\t\t\t\t\t<span class=\"elementor-accordion-icon-closed\"><i class=\"fas fa-plus\"><\/i><\/span>\n\t\t\t\t\t\t\t\t<span class=\"elementor-accordion-icon-opened\"><i class=\"fas fa-minus\"><\/i><\/span>\n\t\t\t\t\t\t\t\t\t\t\t\t\t\t<\/span>\n\t\t\t\t\t\t\t\t\t\t\t\t<a class=\"elementor-accordion-title\" tabindex=\"0\">Disciplinas 2025.2<\/a>\n\t\t\t\t\t<\/div>\n\t\t\t\t\t<div id=\"elementor-tab-content-2001\" class=\"elementor-tab-content elementor-clearfix\" data-tab=\"1\" role=\"region\" aria-labelledby=\"elementor-tab-title-2001\"><table width=\"100%\"><thead><tr><td><p><strong><span style=\"color: #ff0000\">Disciplina<\/span><\/strong><\/p><\/td><td><p><strong><span style=\"color: #ff0000\">Professores<\/span><\/strong><\/p><\/td><td><p><strong><span style=\"color: #ff0000\">Dia \/ Hor\u00e1rio | Cr\u00e9ditos \/ CH | <\/span><\/strong><\/p><\/td><\/tr><\/thead><tbody><tr><td><p>Arte, Cultura e Espa\u00e7o P\u00fablico<\/p><\/td><td><p>Profas. Dra. S\u00edlvia Carla Marques Costa e Dra. Diln\u00e9ia Rochana Tavares do Couto<\/p><\/td><td><p>Quinta-feira (tarde) | 4 cr\u00e9ditos \/ 60 h |<\/p><\/td><\/tr><tr><td><p>Interculturalidade e Estudos \u00c9tnico-Raciais<\/p><\/td><td><p>Profa. Dra. Maria da Concei\u00e7\u00e3o Silva Cordeiro<\/p><\/td><td><p>Quinta-feira (tarde) | 4 cr\u00e9ditos \/ 60 h |<\/p><\/td><\/tr><tr><td><p>Teorias da Cultura e Sociabilidade Contempor\u00e2nea<\/p><\/td><td><p>Profs. Dr. F\u00e1bio Wosniak e Dr. David Junior de Souza Silva<\/p><\/td><td><p>Quarta-feira (tarde) | 4 cr\u00e9ditos \/ 60 h |<\/p><\/td><\/tr><tr><td><p>\u00a0<\/p><\/td><td>\u00a0<\/td><td><p>\u00a0<\/p><\/td><\/tr><\/tbody><\/table><\/div>\n\t\t\t\t<\/div>\n\t\t\t\t\t\t\t<div class=\"elementor-accordion-item\">\n\t\t\t\t\t<div id=\"elementor-tab-title-2002\" class=\"elementor-tab-title\" data-tab=\"2\" role=\"button\" aria-controls=\"elementor-tab-content-2002\" aria-expanded=\"false\">\n\t\t\t\t\t\t\t\t\t\t\t\t\t<span class=\"elementor-accordion-icon elementor-accordion-icon-left\" aria-hidden=\"true\">\n\t\t\t\t\t\t\t\t\t\t\t\t\t\t\t<span class=\"elementor-accordion-icon-closed\"><i class=\"fas fa-plus\"><\/i><\/span>\n\t\t\t\t\t\t\t\t<span class=\"elementor-accordion-icon-opened\"><i class=\"fas fa-minus\"><\/i><\/span>\n\t\t\t\t\t\t\t\t\t\t\t\t\t\t<\/span>\n\t\t\t\t\t\t\t\t\t\t\t\t<a class=\"elementor-accordion-title\" tabindex=\"0\">Disciplinas 2025.1<\/a>\n\t\t\t\t\t<\/div>\n\t\t\t\t\t<div id=\"elementor-tab-content-2002\" class=\"elementor-tab-content elementor-clearfix\" data-tab=\"2\" role=\"region\" aria-labelledby=\"elementor-tab-title-2002\"><table><tbody><tr><td width=\"226\"><p><strong><span style=\"color: #ff0000\">Disciplina<\/span><\/strong><\/p><\/td><td width=\"397\"><p><strong><span style=\"color: #ff0000\">Docente<\/span><\/strong><\/p><\/td><\/tr><tr><td width=\"226\"><p>Cultura, Sociedade e Amaz\u00f4nia &#8211;\u00a0<strong>Obrigat\u00f3ria<\/strong><\/p><\/td><td width=\"397\"><p>Dr. Eduardo Margarit\u00a0<\/p><\/td><\/tr><tr><td width=\"226\"><p>Metodologias da Pesquisa e Interven\u00e7\u00e3o Social \u2013\u00a0<strong>Obrigat\u00f3ria<\/strong><\/p><\/td><td width=\"397\"><p>Dra. Carina Almeida<br \/>Dra. Elissandra Barros<\/p><p>\u00a0<\/p><\/td><\/tr><tr><td width=\"226\"><p>Cultura, Identidade e Representa\u00e7\u00f5es \u2013\u00a0<strong>Obrigat\u00f3ria<\/strong><\/p><\/td><td width=\"397\"><p>Dr. David Junior de Souza Silva<br \/>Dr. Yuji Gushiken<\/p><p>\u00a0<\/p><\/td><\/tr><tr><td width=\"226\"><p>Cultura e Pol\u00edtica na Contemporaneidade &#8211;\u00a0<strong>Obrigat\u00f3ria<\/strong><\/p><\/td><td width=\"397\"><p>Dr. Jos\u00e9 Carlos Cariac\u00e1s Rom\u00e3o dos Santos<br \/>Dr. Delamar Jos\u00e9 Volpato Dutra<\/p><p>\u00a0<\/p><\/td><\/tr><\/tbody><\/table><\/div>\n\t\t\t\t<\/div>\n\t\t\t\t\t\t\t<div class=\"elementor-accordion-item\">\n\t\t\t\t\t<div id=\"elementor-tab-title-2003\" class=\"elementor-tab-title\" data-tab=\"3\" role=\"button\" aria-controls=\"elementor-tab-content-2003\" aria-expanded=\"false\">\n\t\t\t\t\t\t\t\t\t\t\t\t\t<span class=\"elementor-accordion-icon elementor-accordion-icon-left\" aria-hidden=\"true\">\n\t\t\t\t\t\t\t\t\t\t\t\t\t\t\t<span class=\"elementor-accordion-icon-closed\"><i class=\"fas fa-plus\"><\/i><\/span>\n\t\t\t\t\t\t\t\t<span class=\"elementor-accordion-icon-opened\"><i class=\"fas fa-minus\"><\/i><\/span>\n\t\t\t\t\t\t\t\t\t\t\t\t\t\t<\/span>\n\t\t\t\t\t\t\t\t\t\t\t\t<a class=\"elementor-accordion-title\" tabindex=\"0\">Disciplinas 2024.2<\/a>\n\t\t\t\t\t<\/div>\n\t\t\t\t\t<div id=\"elementor-tab-content-2003\" class=\"elementor-tab-content elementor-clearfix\" data-tab=\"3\" role=\"region\" aria-labelledby=\"elementor-tab-title-2003\"><table><tbody><tr><td width=\"226\"><p><span style=\"color: #ff0000\"><strong>Disciplina<\/strong><\/span><\/p><\/td><td width=\"397\"><p><span style=\"color: #ff0000\"><strong>Docente<\/strong><\/span><\/p><\/td><\/tr><tr><td width=\"226\"><p>Cultura, Sociedade e Amaz\u00f4nia &#8211;\u00a0<strong>Obrigat\u00f3ria<\/strong><\/p><\/td><td width=\"397\"><p>Dr. Eduardo Margarit<br \/>Dra. Elissandra Barros<\/p><p>\u00a0<\/p><p>\u00a0<\/p><\/td><\/tr><tr><td width=\"226\"><p>Teorias da Cultura e Sociabilidade Contempor\u00e2nea &#8211;\u00a0<strong>Obrigat\u00f3ria<\/strong><\/p><\/td><td width=\"397\"><p>Dr. Jos\u00e9 Carlos Cariac\u00e1s Rom\u00e3o dos Santos<\/p><\/td><\/tr><tr><td width=\"226\"><p>Estudos de Pol\u00edticas P\u00fablicas &#8211;\u00a0<strong>Eletiva<\/strong><\/p><\/td><td width=\"397\"><p>Dra. S\u00edlvia Carla Marques Costa<br \/>Dra. Maria da Concei\u00e7\u00e3o Cordeiro<\/p><p>\u00a0<\/p><\/td><\/tr><\/tbody><\/table><\/div>\n\t\t\t\t<\/div>\n\t\t\t\t\t\t\t\t<\/div>\n\t\t\t\t\t\t<\/div>\n\t\t\t\t<\/div>\n\t\t\t\t\t<\/div>\n\t\t<\/div>\n\t\t\t\t<div class=\"elementor-column elementor-col-50 elementor-top-column elementor-element elementor-element-56dded8\" data-id=\"56dded8\" data-element_type=\"column\" data-e-type=\"column\">\n\t\t\t<div class=\"elementor-widget-wrap elementor-element-populated\">\n\t\t\t\t\t\t<div class=\"elementor-element elementor-element-9b9edf5 elementor-widget elementor-widget-accordion\" data-id=\"9b9edf5\" data-element_type=\"widget\" data-e-type=\"widget\" data-widget_type=\"accordion.default\">\n\t\t\t\t<div class=\"elementor-widget-container\">\n\t\t\t\t\t\t\t<div class=\"elementor-accordion\">\n\t\t\t\t\t\t\t<div class=\"elementor-accordion-item\">\n\t\t\t\t\t<div id=\"elementor-tab-title-1631\" class=\"elementor-tab-title\" data-tab=\"1\" role=\"button\" aria-controls=\"elementor-tab-content-1631\" aria-expanded=\"false\">\n\t\t\t\t\t\t\t\t\t\t\t\t\t<span class=\"elementor-accordion-icon elementor-accordion-icon-left\" aria-hidden=\"true\">\n\t\t\t\t\t\t\t\t\t\t\t\t\t\t\t<span class=\"elementor-accordion-icon-closed\"><i class=\"fas fa-plus\"><\/i><\/span>\n\t\t\t\t\t\t\t\t<span class=\"elementor-accordion-icon-opened\"><i class=\"fas fa-minus\"><\/i><\/span>\n\t\t\t\t\t\t\t\t\t\t\t\t\t\t<\/span>\n\t\t\t\t\t\t\t\t\t\t\t\t<a class=\"elementor-accordion-title\" tabindex=\"0\">DISCIPLINAS 2026.1<\/a>\n\t\t\t\t\t<\/div>\n\t\t\t\t\t<div id=\"elementor-tab-content-1631\" class=\"elementor-tab-content elementor-clearfix\" data-tab=\"1\" role=\"region\" aria-labelledby=\"elementor-tab-title-1631\"><table><tbody><tr><td width=\"170\"><p><span style=\"color: #ff0000\"><strong>Disciplina<\/strong><\/span><\/p><\/td><td width=\"170\"><p><span style=\"color: #ff0000\"><strong>Docente respons\u00e1vel<\/strong><\/span><\/p><\/td><td width=\"170\"><p><span style=\"color: #ff0000\"><strong>Dia da semana<\/strong><\/span><\/p><\/td><td width=\"170\"><p><span style=\"color: #ff0000\"><strong>Hor\u00e1rio*<\/strong><\/span><\/p><\/td><\/tr><tr><td width=\"170\"><p><strong>Teorias da Cultura e Sociabilidade Contempor\u00e2nea<br \/>(Obrigat\u00f3ria)\u00a0<\/strong><\/p><\/td><td width=\"170\"><p>Dr Carlos Cariacas<\/p><\/td><td width=\"170\"><p>Segunda<\/p><\/td><td width=\"170\"><p>19h<br \/>Sala 03<\/p><\/td><\/tr><tr><td width=\"170\"><p><strong>Metodologias da Pesquisa e Interven\u00e7\u00e3o Social (obrigat\u00f3ria)<\/strong><\/p><\/td><td width=\"170\"><p>Dra Concei\u00e7\u00e3o Cordeiro<\/p><\/td><td width=\"170\"><p>Ter\u00e7a<\/p><\/td><td width=\"170\"><p>19h<\/p><p>Sala 03<\/p><\/td><\/tr><tr><td width=\"170\"><p><strong>Marcadores Sociais de Diferen\u00e7a e Interseccionalidade (eletiva)<\/strong><\/p><\/td><td width=\"170\"><p>Dra Silvia Carla Marques<\/p><\/td><td width=\"170\"><p>Quarta<\/p><\/td><td width=\"170\"><p>19h<\/p><p>Sala 03<\/p><\/td><\/tr><\/tbody><\/table><p>\u00a0<\/p><\/div>\n\t\t\t\t<\/div>\n\t\t\t\t\t\t\t<div class=\"elementor-accordion-item\">\n\t\t\t\t\t<div id=\"elementor-tab-title-1632\" class=\"elementor-tab-title\" data-tab=\"2\" role=\"button\" aria-controls=\"elementor-tab-content-1632\" aria-expanded=\"false\">\n\t\t\t\t\t\t\t\t\t\t\t\t\t<span class=\"elementor-accordion-icon elementor-accordion-icon-left\" aria-hidden=\"true\">\n\t\t\t\t\t\t\t\t\t\t\t\t\t\t\t<span class=\"elementor-accordion-icon-closed\"><i class=\"fas fa-plus\"><\/i><\/span>\n\t\t\t\t\t\t\t\t<span class=\"elementor-accordion-icon-opened\"><i class=\"fas fa-minus\"><\/i><\/span>\n\t\t\t\t\t\t\t\t\t\t\t\t\t\t<\/span>\n\t\t\t\t\t\t\t\t\t\t\t\t<a class=\"elementor-accordion-title\" tabindex=\"0\">DISCIPLINAS 2026.2<\/a>\n\t\t\t\t\t<\/div>\n\t\t\t\t\t<div id=\"elementor-tab-content-1632\" class=\"elementor-tab-content elementor-clearfix\" data-tab=\"2\" role=\"region\" aria-labelledby=\"elementor-tab-title-1632\"><table><tbody><tr><td width=\"200\"><p><span style=\"color: #ff0000\"><strong>Disciplina<\/strong><\/span><\/p><\/td><td width=\"166\"><p><span style=\"color: #ff0000\"><strong>Docente respons\u00e1vel<\/strong><\/span><\/p><\/td><td width=\"159\"><p><span style=\"color: #ff0000\"><strong>Dia da semana<\/strong><\/span><\/p><\/td><td width=\"159\"><p style=\"text-align: left\"><span style=\"color: #ff0000\"><strong>Hor\u00e1rio*<\/strong><\/span><\/p><\/td><\/tr><tr><td width=\"200\"><p><strong>Cultura e Sociedade Amaz\u00f4nica (obrigat\u00f3ria)<\/strong><\/p><\/td><td width=\"166\"><p>Dra Alzira Marques<\/p><\/td><td width=\"159\"><p>Ter\u00e7a<\/p><\/td><td width=\"159\"><p>19h<\/p><\/td><\/tr><tr><td width=\"200\"><p><strong> Cultura, Tecnologia e Sociabilidade (eletiva)<\/strong><\/p><\/td><td width=\"166\"><p>Dra Dilneia Couto<\/p><\/td><td width=\"159\"><p>Quarta<\/p><\/td><td width=\"159\"><p>19h<\/p><\/td><\/tr><tr><td width=\"200\"><p><strong>Arte, Cultura e Espa\u00e7o P\u00fablico (eletiva)<\/strong><\/p><\/td><td width=\"166\"><p>Dr F\u00e1bio Wosniak<\/p><\/td><td width=\"159\"><p>Quinta<\/p><\/td><td width=\"159\"><p>19h<\/p><\/td><\/tr><\/tbody><\/table><p>\u00a0<\/p><\/div>\n\t\t\t\t<\/div>\n\t\t\t\t\t\t\t\t<\/div>\n\t\t\t\t\t\t<\/div>\n\t\t\t\t<\/div>\n\t\t\t\t\t<\/div>\n\t\t<\/div>\n\t\t\t\t\t<\/div>\n\t\t<\/section>\n\t\t\t\t<section class=\"elementor-section elementor-top-section elementor-element elementor-element-2b70372 elementor-section-boxed elementor-section-height-default elementor-section-height-default wpr-particle-no wpr-jarallax-no wpr-parallax-no wpr-sticky-section-no\" data-id=\"2b70372\" data-element_type=\"section\" data-e-type=\"section\">\n\t\t\t\t\t\t<div class=\"elementor-container elementor-column-gap-default\">\n\t\t\t\t\t<div class=\"elementor-column elementor-col-100 elementor-top-column elementor-element elementor-element-c7ca4e0\" data-id=\"c7ca4e0\" data-element_type=\"column\" data-e-type=\"column\">\n\t\t\t<div class=\"elementor-widget-wrap\">\n\t\t\t\t\t\t\t<\/div>\n\t\t<\/div>\n\t\t\t\t\t<\/div>\n\t\t<\/section>\n\t\t\t\t<\/div>\n\t\t","protected":false},"excerpt":{"rendered":"<p>Disciplinas 2025.2 Disciplina Professores Dia \/ Hor\u00e1rio | Cr\u00e9ditos \/ CH | Arte, Cultura e Espa\u00e7o P\u00fablico Profas. Dra. S\u00edlvia Carla Marques Costa e Dra. Diln\u00e9ia Rochana Tavares do Couto Quinta-feira (tarde) | 4 cr\u00e9ditos \/ 60 h | Interculturalidade e Estudos \u00c9tnico-Raciais Profa. Dra. Maria da Concei\u00e7\u00e3o Silva Cordeiro Quinta-feira (tarde) | 4 cr\u00e9ditos \/ 60 h | Teorias da Cultura e Sociabilidade Contempor\u00e2nea Profs. Dr. F\u00e1bio Wosniak e Dr. David Junior de Souza Silva Quarta-feira (tarde) | 4 cr\u00e9ditos \/ 60 h | \u00a0 \u00a0 \u00a0 Disciplinas 2025.1 Disciplina Docente Cultura, Sociedade e Amaz\u00f4nia &#8211;\u00a0Obrigat\u00f3ria Dr. Eduardo Margarit\u00a0 Metodologias da Pesquisa e Interven\u00e7\u00e3o Social \u2013\u00a0Obrigat\u00f3ria Dra. Carina AlmeidaDra. Elissandra Barros \u00a0 Cultura, Identidade e Representa\u00e7\u00f5es \u2013\u00a0Obrigat\u00f3ria Dr. David Junior de Souza SilvaDr. Yuji Gushiken \u00a0 Cultura e Pol\u00edtica na Contemporaneidade &#8211;\u00a0Obrigat\u00f3ria Dr. Jos\u00e9 Carlos Cariac\u00e1s Rom\u00e3o dos SantosDr. Delamar Jos\u00e9 Volpato Dutra \u00a0 Disciplinas 2024.2 Disciplina Docente Cultura, Sociedade e Amaz\u00f4nia &#8211;\u00a0Obrigat\u00f3ria Dr. Eduardo MargaritDra. Elissandra Barros \u00a0 \u00a0 Teorias da Cultura e Sociabilidade Contempor\u00e2nea &#8211;\u00a0Obrigat\u00f3ria Dr. Jos\u00e9 Carlos Cariac\u00e1s Rom\u00e3o dos Santos Estudos de Pol\u00edticas P\u00fablicas &#8211;\u00a0Eletiva Dra. S\u00edlvia Carla Marques CostaDra. Maria da Concei\u00e7\u00e3o Cordeiro \u00a0 DISCIPLINAS 2026.1 Disciplina Docente respons\u00e1vel Dia da semana Hor\u00e1rio* Teorias da Cultura e Sociabilidade Contempor\u00e2nea(Obrigat\u00f3ria)\u00a0 Dr Carlos Cariacas Segunda 19hSala 03 Metodologias da Pesquisa e Interven\u00e7\u00e3o Social (obrigat\u00f3ria) Dra Concei\u00e7\u00e3o Cordeiro Ter\u00e7a 19h Sala 03 Marcadores Sociais de Diferen\u00e7a e Interseccionalidade (eletiva) Dra Silvia Carla Marques Quarta 19h Sala 03 \u00a0 DISCIPLINAS 2026.2 Disciplina Docente respons\u00e1vel Dia da semana Hor\u00e1rio* Cultura e Sociedade Amaz\u00f4nica (obrigat\u00f3ria) Dra Alzira Marques Ter\u00e7a 19h Cultura, Tecnologia e Sociabilidade (eletiva) Dra Dilneia Couto Quarta 19h Arte, Cultura e Espa\u00e7o P\u00fablico (eletiva) Dr F\u00e1bio Wosniak Quinta 19h \u00a0<\/p>\n","protected":false},"author":1871,"featured_media":0,"parent":0,"menu_order":0,"comment_status":"closed","ping_status":"closed","template":"","meta":{"inline_featured_image":false,"site-sidebar-layout":"default","site-content-layout":"","ast-site-content-layout":"default","site-content-style":"default","site-sidebar-style":"default","ast-global-header-display":"","ast-banner-title-visibility":"","ast-main-header-display":"","ast-hfb-above-header-display":"","ast-hfb-below-header-display":"","ast-hfb-mobile-header-display":"","site-post-title":"","ast-breadcrumbs-content":"","ast-featured-img":"","footer-sml-layout":"","theme-transparent-header-meta":"","adv-header-id-meta":"","stick-header-meta":"","header-above-stick-meta":"","header-main-stick-meta":"","header-below-stick-meta":"","astra-migrate-meta-layouts":"default","ast-page-background-enabled":"default","ast-page-background-meta":{"desktop":{"background-color":"var(--ast-global-color-5)","background-image":"","background-repeat":"repeat","background-position":"center center","background-size":"auto","background-attachment":"scroll","background-type":"","background-media":"","overlay-type":"","overlay-color":"","overlay-opacity":"","overlay-gradient":""},"tablet":{"background-color":"","background-image":"","background-repeat":"repeat","background-position":"center center","background-size":"auto","background-attachment":"scroll","background-type":"","background-media":"","overlay-type":"","overlay-color":"","overlay-opacity":"","overlay-gradient":""},"mobile":{"background-color":"","background-image":"","background-repeat":"repeat","background-position":"center center","background-size":"auto","background-attachment":"scroll","background-type":"","background-media":"","overlay-type":"","overlay-color":"","overlay-opacity":"","overlay-gradient":""}},"ast-content-background-meta":{"desktop":{"background-color":"var(--ast-global-color-4)","background-image":"","background-repeat":"repeat","background-position":"center center","background-size":"auto","background-attachment":"scroll","background-type":"","background-media":"","overlay-type":"","overlay-color":"","overlay-opacity":"","overlay-gradient":""},"tablet":{"background-color":"var(--ast-global-color-4)","background-image":"","background-repeat":"repeat","background-position":"center center","background-size":"auto","background-attachment":"scroll","background-type":"","background-media":"","overlay-type":"","overlay-color":"","overlay-opacity":"","overlay-gradient":""},"mobile":{"background-color":"var(--ast-global-color-4)","background-image":"","background-repeat":"repeat","background-position":"center center","background-size":"auto","background-attachment":"scroll","background-type":"","background-media":"","overlay-type":"","overlay-color":"","overlay-opacity":"","overlay-gradient":""}},"footnotes":""},"class_list":["post-684","page","type-page","status-publish","hentry"],"_links":{"self":[{"href":"https:\/\/www2.unifap.br\/ppcult\/wp-json\/wp\/v2\/pages\/684","targetHints":{"allow":["GET"]}}],"collection":[{"href":"https:\/\/www2.unifap.br\/ppcult\/wp-json\/wp\/v2\/pages"}],"about":[{"href":"https:\/\/www2.unifap.br\/ppcult\/wp-json\/wp\/v2\/types\/page"}],"author":[{"embeddable":true,"href":"https:\/\/www2.unifap.br\/ppcult\/wp-json\/wp\/v2\/users\/1871"}],"replies":[{"embeddable":true,"href":"https:\/\/www2.unifap.br\/ppcult\/wp-json\/wp\/v2\/comments?post=684"}],"version-history":[{"count":75,"href":"https:\/\/www2.unifap.br\/ppcult\/wp-json\/wp\/v2\/pages\/684\/revisions"}],"predecessor-version":[{"id":2769,"href":"https:\/\/www2.unifap.br\/ppcult\/wp-json\/wp\/v2\/pages\/684\/revisions\/2769"}],"wp:attachment":[{"href":"https:\/\/www2.unifap.br\/ppcult\/wp-json\/wp\/v2\/media?parent=684"}],"curies":[{"name":"wp","href":"https:\/\/api.w.org\/{rel}","templated":true}]}}