{"id":1046,"date":"2016-03-03T21:26:00","date_gmt":"2016-03-03T21:26:00","guid":{"rendered":"http:\/\/www2.unifap.br\/ppgcf\/?page_id=1046"},"modified":"2017-02-06T13:48:17","modified_gmt":"2017-02-06T13:48:17","slug":"matriz-curricular-2016","status":"publish","type":"page","link":"https:\/\/www2.unifap.br\/ppgcf\/matriz-curricular\/matriz-curricular-2016\/","title":{"rendered":"Matriz Curricular 2016"},"content":{"rendered":"<p>&nbsp;<\/p>\n<table width=\"703\" border=\"1\" cellspacing=\"0\" cellpadding=\"0\">\n<tbody>\n<tr>\n<td width=\"577\"><b>Disciplinas Obrigat\u00f3rias<\/b><\/td>\n<td width=\"63\">\n<p align=\"center\"><b>CH<\/b><\/p>\n<\/td>\n<td width=\"63\">\n<p align=\"center\"><b>Crd.<\/b><\/p>\n<\/td>\n<\/tr>\n<tr>\n<td width=\"577\"><span style=\"text-decoration: underline\"><span style=\"color: #0000ff\"><a href=\"http:\/\/www2.unifap.br\/ppgcf\/files\/2016\/03\/MCF0102-ESTAGIO-DE-DOCENCIA-NA-GRADUACAO.pdf\"><span style=\"color: #0000ff;text-decoration: underline\">Est\u00e1gio de Doc\u00eancia na Gradua\u00e7\u00e3o<\/span><\/a><\/span><\/span><\/td>\n<td width=\"63\">\n<p align=\"center\">30,00<\/p>\n<\/td>\n<td width=\"63\">\n<p align=\"center\">2<\/p>\n<\/td>\n<\/tr>\n<tr>\n<td width=\"577\"><span style=\"text-decoration: underline\"><span style=\"color: #0000ff\"><a href=\"http:\/\/www2.unifap.br\/ppgcf\/files\/2016\/03\/MCF0200-METODOLOGIA-CIENTIFICA.pdf\"><span style=\"color: #0000ff;text-decoration: underline\">Metodologia Cient\u00edfica<\/span><\/a><\/span><\/span><\/td>\n<td width=\"63\">\n<p align=\"center\">60,00<\/p>\n<\/td>\n<td width=\"63\">\n<p align=\"center\">4<\/p>\n<\/td>\n<\/tr>\n<tr>\n<td width=\"577\"><span style=\"text-decoration: underline\"><span style=\"color: #0000ff\"><a href=\"http:\/\/www2.unifap.br\/ppgcf\/files\/2016\/03\/MCF0101-METODOS-ESTATISTICOS-APLICADOS-AOS-ENSAIOS-BIOLOGICOS.pdf\"><span style=\"color: #0000ff;text-decoration: underline\">M\u00e9todos Estat\u00edsticos Aplicados aos Ensaios Biol\u00f3gicos<\/span><\/a><\/span><\/span><\/td>\n<td width=\"63\">\n<p align=\"center\">60,00<\/p>\n<\/td>\n<td width=\"63\">\n<p align=\"center\">4<\/p>\n<\/td>\n<\/tr>\n<tr>\n<td width=\"577\"><span style=\"text-decoration: underline;color: #0000ff\"><a href=\"http:\/\/www2.unifap.br\/ppgcf\/files\/2016\/03\/MCF0103-SEMINARIOS-EM-CIENCIAS-FARMACEUTICAS-I.pdf\"><span style=\"color: #0000ff;text-decoration: underline\">Semin\u00e1rios em Ci\u00eancias Farmac\u00eauticas I<\/span><\/a><\/span><\/td>\n<td width=\"63\">\n<p align=\"center\">30,00<\/p>\n<\/td>\n<td width=\"63\">\n<p align=\"center\">2<\/p>\n<\/td>\n<\/tr>\n<tr>\n<td width=\"577\"><span style=\"text-decoration: underline;color: #0000ff\"><a href=\"http:\/\/www2.unifap.br\/ppgcf\/files\/2016\/03\/MCF0104-SEMINARIOS-EM-CIENCIAS-FARMACEUTICAS-II.pdf\"><span style=\"color: #0000ff;text-decoration: underline\">Semin\u00e1rios em Ci\u00eancias Farmac\u00eauticas II<\/span><\/a><\/span><\/td>\n<td width=\"63\">\n<p align=\"center\">30,00<\/p>\n<\/td>\n<td width=\"63\">\n<p align=\"center\">2<\/p>\n<\/td>\n<\/tr>\n<tr>\n<td width=\"577\"><\/td>\n<td width=\"63\"><\/td>\n<td width=\"63\"><\/td>\n<\/tr>\n<tr>\n<td width=\"577\"><b>Disciplinas Optativas<\/b><\/td>\n<td width=\"63\">\n<p align=\"center\"><b>CH<\/b><\/p>\n<\/td>\n<td width=\"63\">\n<p align=\"center\"><b>Crd.<\/b><\/p>\n<\/td>\n<\/tr>\n<tr>\n<td width=\"577\"><span style=\"text-decoration: underline\"><span style=\"color: #0000ff\"><a href=\"http:\/\/www2.unifap.br\/ppgcf\/files\/2016\/03\/MCF0211-BIOPROSPECCAO-DE-CIANOBACTERIAS-E-MICROALGAS-CONTINENTAIS.pdf\"><span style=\"color: #0000ff;text-decoration: underline\">Bioprospec\u00e7\u00e3o de Cianobact\u00e9rias e Microalgas Continentais<\/span><\/a><\/span><\/span><\/td>\n<td width=\"63\">\n<p align=\"center\">30,00<\/p>\n<\/td>\n<td width=\"63\">\n<p align=\"center\">2<\/p>\n<\/td>\n<\/tr>\n<tr>\n<td width=\"577\"><span style=\"text-decoration: underline\"><span style=\"color: #0000ff\"><a href=\"http:\/\/www2.unifap.br\/ppgcf\/files\/2016\/03\/MCF0113-DESENVOLVIMENTO-DE-FARMACOS-E-MEDICAMENTOS.pdf\"><span style=\"color: #0000ff;text-decoration: underline\">Desenvolvimento de F\u00e1rmacos e Medicamentos<\/span><\/a><\/span><\/span><\/td>\n<td width=\"63\">\n<p align=\"center\">45,00<\/p>\n<\/td>\n<td width=\"63\">\n<p align=\"center\">3<\/p>\n<\/td>\n<\/tr>\n<tr>\n<td width=\"577\"><span style=\"text-decoration: underline\"><span style=\"color: #0000ff\"><a href=\"http:\/\/www2.unifap.br\/ppgcf\/files\/2016\/03\/MCF0109-DESENVOLVIMENTO-E-VALIDACAO-DE-FITOTERAPICOS.pdf\"><span style=\"color: #0000ff;text-decoration: underline\">Desenvolvimento e Valida\u00e7\u00e3o de Fitoter\u00e1picos<\/span><\/a><\/span><\/span><\/td>\n<td width=\"63\">\n<p align=\"center\">30,00<\/p>\n<\/td>\n<td width=\"63\">\n<p align=\"center\">2<\/p>\n<\/td>\n<\/tr>\n<tr>\n<td width=\"577\">Estudos Avan\u00e7ados de Pol\u00edmeros de Aplica\u00e7\u00e3o Farmac\u00eautica<\/td>\n<td width=\"63\">\n<p align=\"center\">45,00<\/p>\n<\/td>\n<td width=\"63\">\n<p align=\"center\">3<\/p>\n<\/td>\n<\/tr>\n<tr>\n<td width=\"577\"><span style=\"text-decoration: underline\"><span style=\"color: #0000ff\"><a href=\"http:\/\/www2.unifap.br\/ppgcf\/files\/2016\/03\/MCF0203-ESTUDOS-AVANCADOS-EM-MODELOS-DE-ZEBRAFISH.pdf\"><span style=\"color: #0000ff;text-decoration: underline\">Estudos Avan\u00e7ados em Modelos de Zebrafish<\/span><\/a><\/span><\/span><\/td>\n<td width=\"63\">\n<p align=\"center\">60,00<\/p>\n<\/td>\n<td width=\"63\">\n<p align=\"center\">4<\/p>\n<\/td>\n<\/tr>\n<tr>\n<td width=\"577\">Estudos <i>in vitro<\/i> da A\u00e7\u00e3o de F\u00e1rmacos de Sistemas Eucari\u00f3ticos<\/td>\n<td width=\"63\">\n<p align=\"center\">30,00<\/p>\n<\/td>\n<td width=\"63\">\n<p align=\"center\">2<\/p>\n<\/td>\n<\/tr>\n<tr>\n<td width=\"577\"><span style=\"text-decoration: underline\"><span style=\"color: #0000ff\"><a href=\"http:\/\/www2.unifap.br\/ppgcf\/files\/2016\/03\/MCF0204-FARMACODINAMICA-AVANCADA.pdf\"><span style=\"color: #0000ff;text-decoration: underline\">Farmacodin\u00e2mica Avan\u00e7ada<\/span><\/a><\/span><\/span><\/td>\n<td width=\"63\">\n<p align=\"center\">30,00<\/p>\n<\/td>\n<td width=\"63\">\n<p align=\"center\">2<\/p>\n<\/td>\n<\/tr>\n<tr>\n<td width=\"577\">Farmacoepidemiologia de Antibi\u00f3ticos<\/td>\n<td width=\"63\">\n<p align=\"center\">30,00<\/p>\n<\/td>\n<td width=\"63\">\n<p align=\"center\">2<\/p>\n<\/td>\n<\/tr>\n<tr>\n<td width=\"577\"><span style=\"text-decoration: underline\"><span style=\"color: #0000ff\"><a href=\"http:\/\/www2.unifap.br\/ppgcf\/files\/2016\/03\/MCF0205-FARMACOLOGIA-GASTROINTESTINAL-E-MODELOS-DE-AVALIACAO-DA-ATIVIDADE-DE-NOVOS-COMPOSTOS.pdf\"><span style=\"color: #0000ff;text-decoration: underline\">Farmacologia Gastrointestinal e Modelos de Avalia\u00e7\u00e3o da Atividade de Novos Compostos<\/span><\/a><\/span><\/span><\/td>\n<td width=\"63\">\n<p align=\"center\">45,00<\/p>\n<\/td>\n<td width=\"63\">\n<p align=\"center\">3<\/p>\n<\/td>\n<\/tr>\n<tr>\n<td width=\"577\">For\u00e7as Intermoleculares e Superficiais Aplicadas a F\u00e1rmacos<\/td>\n<td width=\"63\">\n<p align=\"center\">30,00<\/p>\n<\/td>\n<td width=\"63\">\n<p align=\"center\">2<\/p>\n<\/td>\n<\/tr>\n<tr>\n<td width=\"577\"><span style=\"text-decoration: underline;color: #0000ff\"><a href=\"http:\/\/www2.unifap.br\/ppgcf\/files\/2016\/03\/MCF0206-GENETICA-TOXICOLOGICA-E-MUTAGENICIDADE-DE-FARMACOS.pdf\"><span style=\"color: #0000ff;text-decoration: underline\">Gen\u00e9tica Toxicol\u00f3gica e Mutagenicidade de F\u00e1rmacos<\/span><\/a><\/span><\/td>\n<td width=\"63\">\n<p align=\"center\">45,00<\/p>\n<\/td>\n<td width=\"63\">\n<p align=\"center\">3<\/p>\n<\/td>\n<\/tr>\n<tr>\n<td width=\"577\">Introdu\u00e7\u00e3o a Qu\u00edmica Medicinal de F\u00e1rmacos Bioinorg\u00e2nicos e Org\u00e2nicos<\/td>\n<td width=\"63\">\n<p align=\"center\">30,00<\/p>\n<\/td>\n<td width=\"63\">\n<p align=\"center\">2<\/p>\n<\/td>\n<\/tr>\n<tr>\n<td width=\"577\">Mecanismo de A\u00e7\u00e3o de Drogas Antimicrobianas<\/td>\n<td width=\"63\">\n<p align=\"center\">30,00<\/p>\n<\/td>\n<td width=\"63\">\n<p align=\"center\">2<\/p>\n<\/td>\n<\/tr>\n<tr>\n<td width=\"577\"><span style=\"text-decoration: underline\"><span style=\"color: #0000ff\"><a href=\"http:\/\/www2.unifap.br\/ppgcf\/files\/2016\/03\/MCF0105-METODOLOGIA-DO-ENSINO-SUPERIOR.pdf\"><span style=\"color: #0000ff;text-decoration: underline\">Metodologia do Ensino Superior<\/span><\/a><\/span><\/span><\/td>\n<td width=\"63\">\n<p align=\"center\">60,00<\/p>\n<\/td>\n<td width=\"63\">\n<p align=\"center\">4<\/p>\n<\/td>\n<\/tr>\n<tr>\n<td width=\"577\"><span style=\"text-decoration: underline\"><span style=\"color: #0000ff\"><a href=\"http:\/\/www2.unifap.br\/ppgcf\/files\/2016\/03\/MCF0116-METODOLOGIAS-PARA-AVALIACAO-DA-CITOTOXICIDADE-DE-FARMACOS.pdf\"><span style=\"color: #0000ff;text-decoration: underline\">Metodologias para Avalia\u00e7\u00e3o da Citotoxicidade de F\u00e1rmacos<\/span><\/a><\/span><\/span><\/td>\n<td width=\"63\">\n<p align=\"center\">30,00<\/p>\n<\/td>\n<td width=\"63\">\n<p align=\"center\">2<\/p>\n<\/td>\n<\/tr>\n<tr>\n<td width=\"577\"><span style=\"text-decoration: underline\"><span style=\"color: #0000ff\"><a href=\"http:\/\/www2.unifap.br\/ppgcf\/files\/2016\/03\/MCF0207-METODOS-DE-AVALIACAO-DA-ATIVIDADE-INSETICIDA-E-REPELENTE-EM-MOSQUITOS.pdf\"><span style=\"color: #0000ff;text-decoration: underline\">M\u00e9todos de Avalia\u00e7\u00e3o da Atividade Inseticida e Repelente em Mosquitos<\/span><\/a><\/span><\/span><\/td>\n<td width=\"63\">\n<p align=\"center\">45,00<\/p>\n<\/td>\n<td width=\"63\">\n<p align=\"center\">3<\/p>\n<\/td>\n<\/tr>\n<tr>\n<td width=\"577\"><span style=\"text-decoration: underline\"><span style=\"color: #0000ff\"><a href=\"http:\/\/www2.unifap.br\/ppgcf\/files\/2016\/03\/MCF0107-METODOS-ESPECTROSCOPICOS-APLIC-A-ANALISE-DE-FARMACOS.pdf\"><span style=\"color: #0000ff;text-decoration: underline\">M\u00e9todos Espectrosc\u00f3picos Aplicados \u00e0 An\u00e1lise de F\u00e1rmacos<\/span><\/a><\/span><\/span><\/td>\n<td width=\"63\">\n<p align=\"center\">30,00<\/p>\n<\/td>\n<td width=\"63\">\n<p align=\"center\">2<\/p>\n<\/td>\n<\/tr>\n<tr>\n<td width=\"577\">Microscopia de For\u00e7a At\u00f4mica e T\u00e9cnicas Correlatas<\/td>\n<td width=\"63\">\n<p align=\"center\">30,00<\/p>\n<\/td>\n<td width=\"63\">\n<p align=\"center\">2<\/p>\n<\/td>\n<\/tr>\n<tr>\n<td width=\"577\">Nanotecnologia Aplicada \u00e0 F\u00e1rmacos<\/td>\n<td width=\"63\">\n<p align=\"center\">60,00<\/p>\n<\/td>\n<td width=\"63\">\n<p align=\"center\">4<\/p>\n<\/td>\n<\/tr>\n<tr>\n<td width=\"577\"><span style=\"text-decoration: underline\"><span style=\"color: #0000ff\"><a href=\"http:\/\/www2.unifap.br\/ppgcf\/files\/2016\/03\/MCF0126-PROCESSAMENTO-E-ANALISE-DE-IMAGENS-DIGITAIS-EM-MATERIAIS.pdf\"><span style=\"color: #0000ff;text-decoration: underline\">Processamento e An\u00e1lise de Imagens Digitais em Materiais<\/span><\/a><\/span><\/span><\/td>\n<td width=\"63\">\n<p align=\"center\">45,00<\/p>\n<\/td>\n<td width=\"63\">\n<p align=\"center\">3<\/p>\n<\/td>\n<\/tr>\n<tr>\n<td width=\"577\"><span style=\"text-decoration: underline\"><span style=\"color: #0000ff\"><a href=\"http:\/\/www2.unifap.br\/ppgcf\/files\/2016\/03\/MCF0202-QUIMICA-DE-PRODUTOS-NATURAIS.pdf\"><span style=\"color: #0000ff;text-decoration: underline\">Qu\u00edmica de Produtos Naturais<\/span><\/a><\/span><\/span><\/td>\n<td width=\"63\">\n<p align=\"center\">60,00<\/p>\n<\/td>\n<td width=\"63\">\n<p align=\"center\">4<\/p>\n<\/td>\n<\/tr>\n<tr>\n<td width=\"577\"><span style=\"text-decoration: underline\"><span style=\"color: #0000ff\"><a href=\"http:\/\/www2.unifap.br\/ppgcf\/files\/2016\/03\/MCF0208-QUIMICA-MEDICINAL-APLICADA.pdf\"><span style=\"color: #0000ff;text-decoration: underline\">Qu\u00edmica Medicinal Aplicada<\/span><\/a><\/span><\/span><\/td>\n<td width=\"63\">\n<p align=\"center\">60,00<\/p>\n<\/td>\n<td width=\"63\">\n<p align=\"center\">4<\/p>\n<\/td>\n<\/tr>\n<tr>\n<td width=\"577\"><span style=\"text-decoration: underline\"><span style=\"color: #0000ff\"><a href=\"http:\/\/www2.unifap.br\/ppgcf\/files\/2016\/03\/MCF0106-TOPICOS-ESPECIAIS-EM-FARMACOS-E-MEDICAMENTOS.pdf\"><span style=\"color: #0000ff;text-decoration: underline\">T\u00f3picos Especiais em F\u00e1rmacos e Medicamentos<\/span><\/a><\/span><\/span><\/td>\n<td width=\"63\">\n<p align=\"center\">30,00<\/p>\n<\/td>\n<td width=\"63\">\n<p align=\"center\">2<\/p>\n<\/td>\n<\/tr>\n<tr>\n<td width=\"577\"><span style=\"text-decoration: underline\"><span style=\"color: #0000ff\"><a href=\"http:\/\/www2.unifap.br\/ppgcf\/files\/2016\/03\/MCF0210-TOXICOLOGIA-DA-REPRODUCAO-E-DO-DESENVOLVIMENTO.pdf\"><span style=\"color: #0000ff;text-decoration: underline\">Toxicologia da Reprodu\u00e7\u00e3o e do Desenvolvimento<\/span><\/a><\/span><\/span><\/td>\n<td width=\"63\">\n<p align=\"center\">30,00<\/p>\n<\/td>\n<td width=\"63\">\n<p align=\"center\">2<\/p>\n<\/td>\n<\/tr>\n<tr>\n<td width=\"577\"><span style=\"text-decoration: underline\"><span style=\"color: #0000ff\"><a href=\"http:\/\/www2.unifap.br\/ppgcf\/files\/2016\/03\/MCF0209-TOXICOLOGIA-EXPERIMENTAL.pdf\"><span style=\"color: #0000ff;text-decoration: underline\">Toxicologia Experimental<\/span><\/a><\/span><\/span><\/td>\n<td width=\"63\">\n<p align=\"center\">60,00<\/p>\n<\/td>\n<td width=\"63\">\n<p align=\"center\">4<\/p>\n<\/td>\n<\/tr>\n<tr>\n<td width=\"577\"><span style=\"text-decoration: underline\"><span style=\"color: #0000ff\"><a href=\"http:\/\/www2.unifap.br\/ppgcf\/files\/2016\/03\/MCF0119-VALIDACAO-PRE-CLINICA-DE-ANTIINFLAMATORIOS-E-ANALGESICOS.pdf\"><span style=\"color: #0000ff;text-decoration: underline\">Valida\u00e7\u00e3o Pr\u00e9-Cl\u00ednica de Antiinflamat\u00f3rios e Analg\u00e9sicos<\/span><\/a><\/span><\/span><\/td>\n<td width=\"63\">\n<p align=\"center\">30,00<\/p>\n<\/td>\n<td width=\"63\">\n<p align=\"center\">2<\/p>\n<\/td>\n<\/tr>\n<\/tbody>\n<\/table>\n<p>&nbsp;<\/p>\n<p>Obs.: Matriz em vigor para turmar que ingressaram a partir de 2016.<\/p>\n","protected":false},"excerpt":{"rendered":"<p>&nbsp; Disciplinas Obrigat\u00f3rias CH Crd. Est\u00e1gio de Doc\u00eancia na Gradua\u00e7\u00e3o 30,00 2 Metodologia Cient\u00edfica 60,00 4 M\u00e9todos Estat\u00edsticos Aplicados aos Ensaios Biol\u00f3gicos 60,00 4 Semin\u00e1rios em Ci\u00eancias Farmac\u00eauticas I 30,00 2 Semin\u00e1rios em Ci\u00eancias Farmac\u00eauticas II 30,00 2 Disciplinas Optativas&hellip; <\/p>\n<p><a href=\"https:\/\/www2.unifap.br\/ppgcf\/matriz-curricular\/matriz-curricular-2016\/\" class=\"readmore-button\">Continue Reading<\/a><\/p>\n","protected":false},"author":624,"featured_media":0,"parent":1195,"menu_order":2,"comment_status":"open","ping_status":"open","template":"","meta":{"inline_featured_image":false,"ngg_post_thumbnail":0,"footnotes":""},"class_list":["post-1046","page","type-page","status-publish","hentry"],"_links":{"self":[{"href":"https:\/\/www2.unifap.br\/ppgcf\/wp-json\/wp\/v2\/pages\/1046","targetHints":{"allow":["GET"]}}],"collection":[{"href":"https:\/\/www2.unifap.br\/ppgcf\/wp-json\/wp\/v2\/pages"}],"about":[{"href":"https:\/\/www2.unifap.br\/ppgcf\/wp-json\/wp\/v2\/types\/page"}],"author":[{"embeddable":true,"href":"https:\/\/www2.unifap.br\/ppgcf\/wp-json\/wp\/v2\/users\/624"}],"replies":[{"embeddable":true,"href":"https:\/\/www2.unifap.br\/ppgcf\/wp-json\/wp\/v2\/comments?post=1046"}],"version-history":[{"count":14,"href":"https:\/\/www2.unifap.br\/ppgcf\/wp-json\/wp\/v2\/pages\/1046\/revisions"}],"predecessor-version":[{"id":3388,"href":"https:\/\/www2.unifap.br\/ppgcf\/wp-json\/wp\/v2\/pages\/1046\/revisions\/3388"}],"up":[{"embeddable":true,"href":"https:\/\/www2.unifap.br\/ppgcf\/wp-json\/wp\/v2\/pages\/1195"}],"wp:attachment":[{"href":"https:\/\/www2.unifap.br\/ppgcf\/wp-json\/wp\/v2\/media?parent=1046"}],"curies":[{"name":"wp","href":"https:\/\/api.w.org\/{rel}","templated":true}]}}