{"id":1052,"date":"2016-03-04T14:31:51","date_gmt":"2016-03-04T14:31:51","guid":{"rendered":"http:\/\/www2.unifap.br\/ppgcf\/?page_id=1052"},"modified":"2016-06-23T14:27:35","modified_gmt":"2016-06-23T14:27:35","slug":"ofertas-2016-1","status":"publish","type":"page","link":"https:\/\/www2.unifap.br\/ppgcf\/ofertas-de-disciplinas\/ofertas-2016-1\/","title":{"rendered":"Ofertas 2016.1"},"content":{"rendered":"<p>CALEND\u00c1RIO DE DISCIPLINAS (1\u00ba SEMESTRE \/ MAR\u00c7O-AGOSTO\/2016)<\/p>\n<p>\u2192\u00a0<a href=\"http:\/\/www2.unifap.br\/ppgcf\/matriz-curricular-2016\/ofertas-2016-1\/cronograma-de-aulas-2016-1\/\">Cronograma de Aulas aqui<\/a>.<\/p>\n<p>&nbsp;<\/p>\n<table width=\"1047\" border=\"1\" cellspacing=\"0\" cellpadding=\"0\">\n<tbody>\n<tr>\n<td width=\"83\">\n<p align=\"center\"><b>M\u00caS<\/b><\/p>\n<\/td>\n<td width=\"166\">\n<p align=\"center\"><b>PER\u00cdODO<\/b><\/p>\n<\/td>\n<td width=\"408\">\n<p align=\"center\"><b>DISCIPLINA<\/b><\/p>\n<\/td>\n<td width=\"310\">\n<p align=\"center\"><b>DOCENTE<\/b><\/p>\n<\/td>\n<td width=\"38\">\n<p align=\"center\"><b>CH<\/b><\/p>\n<\/td>\n<td width=\"42\">\n<p align=\"center\"><b>Crd.<\/b><\/p>\n<\/td>\n<\/tr>\n<tr>\n<td width=\"83\">\n<p align=\"center\">Mar\u00e7o \/\u00a0<span style=\"line-height: 1.5em\">Abril \/\u00a0<\/span><span style=\"line-height: 1.5em\">Maio<\/span><\/p>\n<\/td>\n<td width=\"166\">\n<p align=\"center\">29\/03, 30\/03, 31\/03, 01\/04, 05\/04, 06\/04, 07\/04, 08\/04, 12\/04, 13\/04, 14\/04, 15\/05, 19\/04, 20\/04, 04\/05<\/p>\n<p align=\"center\">(Turno: Manh\u00e3)<\/p>\n<\/td>\n<td width=\"408\">Metodologia Cient\u00edfica<\/td>\n<td width=\"310\">Dra. Lorane Izabel da Silva Hage Melim<\/td>\n<td width=\"38\">\n<p align=\"center\">60<\/p>\n<\/td>\n<td width=\"42\">\n<p align=\"center\">4<\/p>\n<\/td>\n<\/tr>\n<tr>\n<td rowspan=\"2\" width=\"83\">\n<p align=\"center\">Abril \/\u00a0Maio<\/p>\n<\/td>\n<td width=\"166\">\n<p align=\"center\">18\/04, 25\/04, 26\/04, 27\/04, 28\/04, 29\/04, 30\/04, 07\/05, 21\/05, 28\/05<\/p>\n<p align=\"center\">(Turno: Manh\u00e3)<\/p>\n<p align=\"center\"><span style=\"line-height: 1.5em\">02\/05, 03\/05, 04\/05, 05\/05, 06\/05<\/span><\/p>\n<p align=\"center\">(Turno: Tarde)<\/p>\n<\/td>\n<td width=\"408\">Qu\u00edmica Medicinal Aplicada<\/td>\n<td width=\"310\">Dr. Cleydson Breno Rodrigues dos Santos<\/td>\n<td width=\"38\">\n<p align=\"center\">60<\/p>\n<\/td>\n<td width=\"42\">\n<p align=\"center\">4<\/p>\n<\/td>\n<\/tr>\n<tr>\n<td width=\"166\">\n<p align=\"center\">25\/04, 26\/04, 27\/04, 28\/04, 29\/04, 12\/05, 13\/05<\/p>\n<p align=\"center\"><span style=\"line-height: 1.5em\">(Turno: Tarde)<\/span><\/p>\n<\/td>\n<td width=\"408\">Bioprospec\u00e7\u00e3o de Cianobact\u00e9rias e Microalgas Continentais<\/td>\n<td width=\"310\">Dra. Silvia Maria Mathes Faustino<\/td>\n<td width=\"38\">\n<p align=\"center\">30<\/p>\n<\/td>\n<td width=\"42\">\n<p align=\"center\">2<\/p>\n<\/td>\n<\/tr>\n<tr>\n<td width=\"83\">\n<p align=\"center\">Maio \/\u00a0Junho<\/p>\n<\/td>\n<td width=\"166\">\n<p align=\"center\">23\/05, 25\/05, 30\/05, 01\/06, 06\/06, 08\/06, 13\/06<\/p>\n<p align=\"center\"><span style=\"line-height: 1.5em\">(Turno: Manh\u00e3)<\/span><\/p>\n<\/td>\n<td width=\"408\">Semin\u00e1rios em Ci\u00eancias Farmac\u00eauticas I<\/td>\n<td width=\"310\">Dr. Raimundo Nonato Pican\u00e7o Souto<\/td>\n<td width=\"38\">\n<p align=\"center\">30<\/p>\n<\/td>\n<td width=\"42\">\n<p align=\"center\">2<\/p>\n<\/td>\n<\/tr>\n<tr>\n<td width=\"83\">\n<p align=\"center\">Junho<\/p>\n<\/td>\n<td width=\"166\">\n<p align=\"center\">02\/06, 03\/06, 07\/06, 09\/06, 10\/06, 14\/06, 15\/06, 20\/06, 21\/06<\/p>\n<p align=\"center\"><span style=\"line-height: 1.5em\">(Turno: Manh\u00e3)<\/span><\/p>\n<\/td>\n<td width=\"408\">Desenvolvimento de F\u00e1rmacos e Medicamentos<\/td>\n<td width=\"310\">Dr. Jesus Rafael Rodr\u00edguez Amado<\/td>\n<td width=\"38\">\n<p align=\"center\">45<\/p>\n<\/td>\n<td width=\"42\">\n<p align=\"center\">3<\/p>\n<\/td>\n<\/tr>\n<tr>\n<td rowspan=\"2\" width=\"83\">\n<p align=\"center\">Junho \/\u00a0Julho<\/p>\n<\/td>\n<td width=\"166\">\n<p align=\"center\">07\/06, 14\/06, 21\/06, 05\/07, 12\/07, 19\/07, 26\/07<\/p>\n<p align=\"center\"><span style=\"line-height: 1.5em\">(Turno: Tarde)<\/span><\/p>\n<\/td>\n<td width=\"408\">Introdu\u00e7\u00e3o \u00e0 Qu\u00edmica Medicinal de F\u00e1rmacos Bioinorg\u00e2nicos e Org\u00e2nicos<\/td>\n<td width=\"310\">Dr. Roberto Messias Bezerra<\/td>\n<td width=\"38\">\n<p align=\"center\">30<\/p>\n<\/td>\n<td width=\"42\">\n<p align=\"center\">2<\/p>\n<\/td>\n<\/tr>\n<tr>\n<td width=\"166\">\n<p align=\"center\">16\/06, 17\/06, 23\/06, 24\/06, 27\/06, 29\/06, 01\/07, 04\/07<\/p>\n<p align=\"center\"><span style=\"line-height: 1.5em\">(Turno: Manh\u00e3)<\/span><\/p>\n<\/td>\n<td width=\"408\">T\u00f3picos Especiais em F\u00e1rmacos e Medicamentos<\/td>\n<td width=\"310\">Dr. Madson Ralide Fonseca Gomes<\/td>\n<td width=\"38\">\n<p align=\"center\">30<\/p>\n<\/td>\n<td width=\"42\">\n<p align=\"center\">2<\/p>\n<\/td>\n<\/tr>\n<tr>\n<td width=\"83\">\n<p align=\"center\">Julho<\/p>\n<\/td>\n<td width=\"166\">\n<p align=\"center\">11\/07, 13\/07, 15\/07, 18\/07, 20\/07, 22\/07, 27\/07, 29\/07<\/p>\n<p align=\"center\"><span style=\"line-height: 1.5em\">(Turno: Manh\u00e3)<\/span><\/p>\n<\/td>\n<td width=\"408\">Metodologias para Avalia\u00e7\u00e3o da Citotoxicidade de F\u00e1rmacos<\/td>\n<td width=\"310\">Dra. Deyse de Souza Dantas<\/p>\n<p><span style=\"line-height: 1.5em\">Dr. Madson Ralide Fonseca Gomes<\/span><\/td>\n<td width=\"38\">\n<p align=\"center\">30<\/p>\n<\/td>\n<td width=\"42\">\n<p align=\"center\">2<\/p>\n<\/td>\n<\/tr>\n<tr>\n<td width=\"83\">\n<p align=\"center\">Agosto<\/p>\n<\/td>\n<td width=\"166\">\n<p align=\"center\">01 \u00e0 10\/08<\/p>\n<p align=\"center\">(Turno: Tarde e Noite)<\/p>\n<p align=\"center\">(S\u00e1bado: Manh\u00e3 e Tarde)<\/p>\n<\/td>\n<td width=\"408\">Metodologia do Ensino Superior<\/td>\n<td width=\"310\">Dra. Leila do Socorro Rodrigues Feio<\/td>\n<td width=\"38\">\n<p align=\"center\">60<\/p>\n<\/td>\n<td width=\"42\">\n<p align=\"center\">4<\/p>\n<\/td>\n<\/tr>\n<\/tbody>\n<\/table>\n<p>&nbsp;<\/p>\n<p><b style=\"line-height: 1.5em\">Feriados previstos para o per\u00edodo:<\/b><\/p>\n<p>&#8211;<span style=\"line-height: 1.5em\">\u00a019\/03 (Dia de S\u00e3o Jos\u00e9);<\/span><\/p>\n<p>&#8211; 24\/03 (Quinta-Feira Santa) &#8211; Facultado;<\/p>\n<p>&#8211; 25\/03 (Paix\u00e3o de Cristo);<\/p>\n<p>&#8211; 26\/03 (S\u00e1bado de Aleluia) &#8211; Facultado;<\/p>\n<p>&#8211; 21\/04 (Tiradentes);<\/p>\n<p>&#8211; 01\/05 (Dia do Trabalho);<\/p>\n<p>&#8211; 26\/05 (Corpus Christi);<\/p>\n<p>&#8211; 25\/07 (S\u00e3o Tiago) &#8211; Facultado.<\/p>\n<p>&nbsp;<\/p>\n<p>Obs. 1: Este calend\u00e1rio de ofertas est\u00e1 sujeito a altera\u00e7\u00f5es, quanto ao dia de algumas das ofertas e\/ou inclus\u00e3o de ofertas de outras disciplinas, sem aviso pr\u00e9vio.<\/p>\n<p>Obs. 2: Ofertas da disciplina &#8220;Metodologia Cient\u00edfica&#8221; alteradas de 29\/03 e 30\/03 para 04\/04 e 11\/04.<\/p>\n","protected":false},"excerpt":{"rendered":"<p>CALEND\u00c1RIO DE DISCIPLINAS (1\u00ba SEMESTRE \/ MAR\u00c7O-AGOSTO\/2016) \u2192\u00a0Cronograma de Aulas aqui. &nbsp; M\u00caS PER\u00cdODO DISCIPLINA DOCENTE CH Crd. Mar\u00e7o \/\u00a0Abril \/\u00a0Maio 29\/03, 30\/03, 31\/03, 01\/04, 05\/04, 06\/04, 07\/04, 08\/04, 12\/04, 13\/04, 14\/04, 15\/05, 19\/04, 20\/04, 04\/05 (Turno: Manh\u00e3) Metodologia Cient\u00edfica&hellip; <\/p>\n<p><a href=\"https:\/\/www2.unifap.br\/ppgcf\/ofertas-de-disciplinas\/ofertas-2016-1\/\" class=\"readmore-button\">Continue Reading<\/a><\/p>\n","protected":false},"author":624,"featured_media":0,"parent":1199,"menu_order":3,"comment_status":"open","ping_status":"open","template":"","meta":{"inline_featured_image":false,"ngg_post_thumbnail":0,"footnotes":""},"class_list":["post-1052","page","type-page","status-publish","hentry"],"_links":{"self":[{"href":"https:\/\/www2.unifap.br\/ppgcf\/wp-json\/wp\/v2\/pages\/1052","targetHints":{"allow":["GET"]}}],"collection":[{"href":"https:\/\/www2.unifap.br\/ppgcf\/wp-json\/wp\/v2\/pages"}],"about":[{"href":"https:\/\/www2.unifap.br\/ppgcf\/wp-json\/wp\/v2\/types\/page"}],"author":[{"embeddable":true,"href":"https:\/\/www2.unifap.br\/ppgcf\/wp-json\/wp\/v2\/users\/624"}],"replies":[{"embeddable":true,"href":"https:\/\/www2.unifap.br\/ppgcf\/wp-json\/wp\/v2\/comments?post=1052"}],"version-history":[{"count":19,"href":"https:\/\/www2.unifap.br\/ppgcf\/wp-json\/wp\/v2\/pages\/1052\/revisions"}],"predecessor-version":[{"id":1331,"href":"https:\/\/www2.unifap.br\/ppgcf\/wp-json\/wp\/v2\/pages\/1052\/revisions\/1331"}],"up":[{"embeddable":true,"href":"https:\/\/www2.unifap.br\/ppgcf\/wp-json\/wp\/v2\/pages\/1199"}],"wp:attachment":[{"href":"https:\/\/www2.unifap.br\/ppgcf\/wp-json\/wp\/v2\/media?parent=1052"}],"curies":[{"name":"wp","href":"https:\/\/api.w.org\/{rel}","templated":true}]}}