{"id":1055,"date":"2016-03-04T14:46:49","date_gmt":"2016-03-04T14:46:49","guid":{"rendered":"http:\/\/www2.unifap.br\/ppgcf\/?page_id=1055"},"modified":"2016-08-18T20:11:11","modified_gmt":"2016-08-18T20:11:11","slug":"cronograma-de-aulas-2016-1","status":"publish","type":"page","link":"https:\/\/www2.unifap.br\/ppgcf\/ofertas-de-disciplinas\/ofertas-2016-1\/cronograma-de-aulas-2016-1\/","title":{"rendered":"Cronograma de Aulas 2016.1"},"content":{"rendered":"<p><a href=\"http:\/\/www2.unifap.br\/ppgcf\/files\/2016\/07\/UNIFAO-26-ANOS.jpg\"><img decoding=\"async\" class=\"aligncenter\" alt=\"UNIFAO 26 ANOS\" src=\"http:\/\/www2.unifap.br\/ppgcf\/files\/2016\/07\/UNIFAO-26-ANOS-300x300.jpg\" width=\"126\" height=\"126\" \/><\/a><\/p>\n<h3 style=\"text-align: center\">PROGRAMA DE P\u00d3S-GRADUA\u00c7\u00c3O EM CI\u00caNCIAS FARMAC\u00caUTICAS &#8211; PPGCF<\/h3>\n<p><a href=\"http:\/\/www2.unifap.br\/ppgcf\/files\/2016\/03\/2016-1_CRONOGRAMA-DE-AULAS.pdf\">\u2192 Cronograma de ofertas em formato PDF<\/a><\/p>\n<p style=\"text-align: center\"><strong>MAR\u00c7O\/2016<\/strong><\/p>\n<p style=\"text-align: center\"><a href=\"http:\/\/www2.unifap.br\/ppgcf\/files\/2016\/03\/03-CRONOGRAMA_DE_AULAS_-_MAR\u00c7O_20161.png\"><img decoding=\"async\" class=\"alignnone size-medium wp-image-1213\" alt=\"03 CRONOGRAMA_DE_AULAS_-_MAR\u00c7O_2016\" src=\"http:\/\/www2.unifap.br\/ppgcf\/files\/2016\/03\/03-CRONOGRAMA_DE_AULAS_-_MAR\u00c7O_20161-300x157.png\" width=\"300\" height=\"157\" srcset=\"https:\/\/www2.unifap.br\/ppgcf\/files\/2016\/03\/03-CRONOGRAMA_DE_AULAS_-_MAR\u00c7O_20161-300x157.png 300w, https:\/\/www2.unifap.br\/ppgcf\/files\/2016\/03\/03-CRONOGRAMA_DE_AULAS_-_MAR\u00c7O_20161.png 899w\" sizes=\"(max-width: 300px) 100vw, 300px\" \/><\/a><\/p>\n<p style=\"text-align: center\"><strong>ABRIL\/2016<\/strong><\/p>\n<p style=\"text-align: center\"><a href=\"http:\/\/www2.unifap.br\/ppgcf\/files\/2016\/03\/04-CRONOGRAMA_DE_AULAS_-_ABRIL_2016.png\"><img fetchpriority=\"high\" decoding=\"async\" class=\"alignnone size-medium wp-image-1214\" alt=\"04 CRONOGRAMA_DE_AULAS_-_ABRIL_2016\" src=\"http:\/\/www2.unifap.br\/ppgcf\/files\/2016\/03\/04-CRONOGRAMA_DE_AULAS_-_ABRIL_2016-300x184.png\" width=\"300\" height=\"184\" srcset=\"https:\/\/www2.unifap.br\/ppgcf\/files\/2016\/03\/04-CRONOGRAMA_DE_AULAS_-_ABRIL_2016-300x184.png 300w, https:\/\/www2.unifap.br\/ppgcf\/files\/2016\/03\/04-CRONOGRAMA_DE_AULAS_-_ABRIL_2016.png 900w\" sizes=\"(max-width: 300px) 100vw, 300px\" \/><\/a><\/p>\n<p style=\"text-align: center\"><strong>MAIO\/2016<\/strong><\/p>\n<p style=\"text-align: center\"><a href=\"http:\/\/www2.unifap.br\/ppgcf\/files\/2016\/03\/05-CRONOGRAMA_DE_AULAS_-_MAIO_2016.png\"><img loading=\"lazy\" decoding=\"async\" class=\"alignnone size-medium wp-image-1352\" alt=\"05 CRONOGRAMA_DE_AULAS_-_MAIO_2016\" src=\"http:\/\/www2.unifap.br\/ppgcf\/files\/2016\/03\/05-CRONOGRAMA_DE_AULAS_-_MAIO_2016-300x185.png\" width=\"300\" height=\"185\" srcset=\"https:\/\/www2.unifap.br\/ppgcf\/files\/2016\/03\/05-CRONOGRAMA_DE_AULAS_-_MAIO_2016-300x185.png 300w, https:\/\/www2.unifap.br\/ppgcf\/files\/2016\/03\/05-CRONOGRAMA_DE_AULAS_-_MAIO_2016.png 1007w\" sizes=\"(max-width: 300px) 100vw, 300px\" \/><\/a><\/p>\n<p style=\"text-align: center\"><strong>JUNHO\/2016<\/strong><\/p>\n<p style=\"text-align: center\"><a href=\"http:\/\/www2.unifap.br\/ppgcf\/files\/2016\/03\/06-CRONOGRAMA_DE_AULAS_-_JUNHO_2016.png\"><img loading=\"lazy\" decoding=\"async\" class=\"alignnone size-medium wp-image-1353\" alt=\"06 CRONOGRAMA_DE_AULAS_-_JUNHO_2016\" src=\"http:\/\/www2.unifap.br\/ppgcf\/files\/2016\/03\/06-CRONOGRAMA_DE_AULAS_-_JUNHO_2016-300x180.png\" width=\"300\" height=\"180\" srcset=\"https:\/\/www2.unifap.br\/ppgcf\/files\/2016\/03\/06-CRONOGRAMA_DE_AULAS_-_JUNHO_2016-300x180.png 300w, https:\/\/www2.unifap.br\/ppgcf\/files\/2016\/03\/06-CRONOGRAMA_DE_AULAS_-_JUNHO_2016.png 1007w\" sizes=\"(max-width: 300px) 100vw, 300px\" \/><\/a><\/p>\n<p style=\"text-align: center\"><strong>JULHO\/2016<\/strong><\/p>\n<p style=\"text-align: center\"><a href=\"http:\/\/www2.unifap.br\/ppgcf\/files\/2016\/03\/07-CRONOGRAMA_DE_AULAS_-_JULHO_2016.png\"><img loading=\"lazy\" decoding=\"async\" class=\"alignnone size-medium wp-image-1354\" alt=\"07 CRONOGRAMA_DE_AULAS_-_JULHO_2016\" src=\"http:\/\/www2.unifap.br\/ppgcf\/files\/2016\/03\/07-CRONOGRAMA_DE_AULAS_-_JULHO_2016-300x187.png\" width=\"300\" height=\"187\" srcset=\"https:\/\/www2.unifap.br\/ppgcf\/files\/2016\/03\/07-CRONOGRAMA_DE_AULAS_-_JULHO_2016-300x187.png 300w, https:\/\/www2.unifap.br\/ppgcf\/files\/2016\/03\/07-CRONOGRAMA_DE_AULAS_-_JULHO_2016.png 1009w\" sizes=\"(max-width: 300px) 100vw, 300px\" \/><\/a><\/p>\n<p style=\"text-align: center\"><strong>AGOSTO\/2016<\/strong><\/p>\n<p style=\"text-align: center\"><a href=\"http:\/\/www2.unifap.br\/ppgcf\/files\/2016\/03\/08-CRONOGRAMA_DE_AULAS_-_AGOSTO_2016.png\"><img loading=\"lazy\" decoding=\"async\" class=\"alignnone size-medium wp-image-1340\" alt=\"08 CRONOGRAMA_DE_AULAS_-_AGOSTO_2016\" src=\"http:\/\/www2.unifap.br\/ppgcf\/files\/2016\/03\/08-CRONOGRAMA_DE_AULAS_-_AGOSTO_2016-300x162.png\" width=\"300\" height=\"162\" srcset=\"https:\/\/www2.unifap.br\/ppgcf\/files\/2016\/03\/08-CRONOGRAMA_DE_AULAS_-_AGOSTO_2016-300x162.png 300w, https:\/\/www2.unifap.br\/ppgcf\/files\/2016\/03\/08-CRONOGRAMA_DE_AULAS_-_AGOSTO_2016.png 902w\" sizes=\"(max-width: 300px) 100vw, 300px\" \/><\/a><\/p>\n<p style=\"text-align: justify\">Obs. 01: Este calend\u00e1rio de ofertas est\u00e1 sujeito a altera\u00e7\u00f5es, quanto ao dia de algumas das ofertas e\/ou inclus\u00e3o de ofertas de outras disciplinas, sem aviso pr\u00e9vio;<\/p>\n<p style=\"text-align: justify\">Obs. 02: Ofertas atualizadas em 22\/06\/2016.<\/p>\n","protected":false},"excerpt":{"rendered":"<p>PROGRAMA DE P\u00d3S-GRADUA\u00c7\u00c3O EM CI\u00caNCIAS FARMAC\u00caUTICAS &#8211; PPGCF \u2192 Cronograma de ofertas em formato PDF MAR\u00c7O\/2016 ABRIL\/2016 MAIO\/2016 JUNHO\/2016 JULHO\/2016 AGOSTO\/2016 Obs. 01: Este calend\u00e1rio de ofertas est\u00e1 sujeito a altera\u00e7\u00f5es, quanto ao dia de algumas das ofertas e\/ou inclus\u00e3o&hellip; <\/p>\n<p><a href=\"https:\/\/www2.unifap.br\/ppgcf\/ofertas-de-disciplinas\/ofertas-2016-1\/cronograma-de-aulas-2016-1\/\" class=\"readmore-button\">Continue Reading<\/a><\/p>\n","protected":false},"author":624,"featured_media":0,"parent":1052,"menu_order":1,"comment_status":"open","ping_status":"open","template":"","meta":{"inline_featured_image":false,"ngg_post_thumbnail":0,"footnotes":""},"class_list":["post-1055","page","type-page","status-publish","hentry"],"_links":{"self":[{"href":"https:\/\/www2.unifap.br\/ppgcf\/wp-json\/wp\/v2\/pages\/1055","targetHints":{"allow":["GET"]}}],"collection":[{"href":"https:\/\/www2.unifap.br\/ppgcf\/wp-json\/wp\/v2\/pages"}],"about":[{"href":"https:\/\/www2.unifap.br\/ppgcf\/wp-json\/wp\/v2\/types\/page"}],"author":[{"embeddable":true,"href":"https:\/\/www2.unifap.br\/ppgcf\/wp-json\/wp\/v2\/users\/624"}],"replies":[{"embeddable":true,"href":"https:\/\/www2.unifap.br\/ppgcf\/wp-json\/wp\/v2\/comments?post=1055"}],"version-history":[{"count":24,"href":"https:\/\/www2.unifap.br\/ppgcf\/wp-json\/wp\/v2\/pages\/1055\/revisions"}],"predecessor-version":[{"id":1825,"href":"https:\/\/www2.unifap.br\/ppgcf\/wp-json\/wp\/v2\/pages\/1055\/revisions\/1825"}],"up":[{"embeddable":true,"href":"https:\/\/www2.unifap.br\/ppgcf\/wp-json\/wp\/v2\/pages\/1052"}],"wp:attachment":[{"href":"https:\/\/www2.unifap.br\/ppgcf\/wp-json\/wp\/v2\/media?parent=1055"}],"curies":[{"name":"wp","href":"https:\/\/api.w.org\/{rel}","templated":true}]}}