{"id":1359,"date":"2016-07-18T19:05:08","date_gmt":"2016-07-18T19:05:08","guid":{"rendered":"http:\/\/www2.unifap.br\/ppgcf\/?page_id=1359"},"modified":"2016-09-20T20:06:34","modified_gmt":"2016-09-20T20:06:34","slug":"ofertas-2016-2","status":"publish","type":"page","link":"https:\/\/www2.unifap.br\/ppgcf\/ofertas-de-disciplinas\/ofertas-2016-2\/","title":{"rendered":"Ofertas 2016.2"},"content":{"rendered":"<p>CALEND\u00c1RIO DE DISCIPLINAS (2\u00ba SEMESTRE \/ AGOSTO-DEZEMBRO\/2016)<\/p>\n<p><a href=\"http:\/\/www2.unifap.br\/ppgcf\/ofertas-de-disciplinas\/ofertas-2016-2\/cronograma-de-aulas-2016-2\/\">\u2192 Cronograma de aulas 2016.2<\/a><\/p>\n<p>&nbsp;<\/p>\n<table width=\"1068\" border=\"1\" cellspacing=\"0\" cellpadding=\"0\">\n<tbody>\n<tr>\n<td width=\"83\">\n<p align=\"center\"><b>M\u00caS<\/b><\/p>\n<\/td>\n<td width=\"178\">\n<p align=\"center\"><b>PER\u00cdODO<\/b><\/p>\n<\/td>\n<td width=\"448\">\n<p align=\"center\"><b>DISCIPLINA<\/b><\/p>\n<\/td>\n<td width=\"287\">\n<p align=\"center\"><b>DOCENTE<\/b><\/p>\n<\/td>\n<td width=\"34\">\n<p align=\"center\"><b>CH<\/b><\/p>\n<\/td>\n<td width=\"38\">\n<p align=\"center\"><b>Crd<\/b><\/p>\n<\/td>\n<\/tr>\n<tr>\n<td rowspan=\"3\" width=\"83\">\n<p align=\"center\"><b>Agosto<\/b><\/p>\n<\/td>\n<td width=\"178\">\n<p align=\"center\">12\/08 &#8211; Reuni\u00e3o com matriculados<\/p>\n<p align=\"center\">Cumprimento da carga hor\u00e1ria: De acordo com calend\u00e1rio da gradua\u00e7\u00e3o<\/p>\n<\/td>\n<td width=\"448\">Est\u00e1gio de Doc\u00eancia na Gradua\u00e7\u00e3o<\/td>\n<td width=\"287\">Dra. Silvia Maria Mathes Faustino<\/td>\n<td width=\"34\">\n<p align=\"center\">30<\/p>\n<\/td>\n<td width=\"38\">\n<p align=\"center\">2<\/p>\n<\/td>\n<\/tr>\n<tr>\n<td width=\"178\">\n<p align=\"center\">15 \u00e0 19\/08<\/p>\n<p align=\"center\">(Turno: Manh\u00e3 e Tarde)<\/p>\n<\/td>\n<td width=\"448\">Extratos Secos de Origem Vegetal: obten\u00e7\u00e3o, caracteriza\u00e7\u00e3o e aplica\u00e7\u00f5es em tecnologia fitofarmac\u00eautica<\/td>\n<td width=\"287\">Dr. Edemilson Cardoso da Concei\u00e7\u00e3o<\/td>\n<td width=\"34\">\n<p align=\"center\">60<\/p>\n<\/td>\n<td width=\"38\">\n<p align=\"center\">4<\/p>\n<\/td>\n<\/tr>\n<tr>\n<td width=\"178\">\n<p align=\"center\">22 \u00e0 31\/08 (Turno: Manh\u00e3)<\/p>\n<p align=\"center\">27\/08 (Turnos: Manh\u00e3 e tarde)<\/p>\n<\/td>\n<td width=\"448\">Toxicologia Experimental<\/td>\n<td width=\"287\">Dra. Jociv\u00e2nia Oliveira da Silva<\/td>\n<td width=\"34\">\n<p align=\"center\">60<\/p>\n<\/td>\n<td width=\"38\">\n<p align=\"center\">4<\/p>\n<\/td>\n<\/tr>\n<tr>\n<td width=\"83\">\n<p align=\"center\"><b>Agosto \/ Setembro<\/b><\/p>\n<\/td>\n<td width=\"178\">\n<p align=\"center\">25\/08 e 01\/09 &#8211; Reuni\u00e3o com matriculados<\/p>\n<\/td>\n<td width=\"448\">Semin\u00e1rios em Ci\u00eancias Farmac\u00eauticas II<\/td>\n<td width=\"287\">Dr. Francisco F\u00e1bio Oliveira de Sousa<\/td>\n<td width=\"34\">\n<p align=\"center\">30<\/p>\n<\/td>\n<td width=\"38\">\n<p align=\"center\">2<\/p>\n<\/td>\n<\/tr>\n<tr>\n<td rowspan=\"2\" width=\"83\">\n<p align=\"center\"><b>Setembro<\/b><\/p>\n<\/td>\n<td width=\"178\">\n<p align=\"center\">02 \u00e0 14\/09<\/p>\n<p align=\"center\">(Turno: Tarde)<\/p>\n<\/td>\n<td width=\"448\">M\u00e9todos Espectrosc\u00f3picos Aplicados \u00e0 An\u00e1lise de F\u00e1rmacos<\/td>\n<td width=\"287\">Dra. Sheylla Susan M. da Silva de Almeida<\/td>\n<td width=\"34\">\n<p align=\"center\">30<\/p>\n<\/td>\n<td width=\"38\">\n<p align=\"center\">2<\/p>\n<\/td>\n<\/tr>\n<tr>\n<td width=\"178\">\n<p align=\"center\">15 \u00e0 27\/09<\/p>\n<p align=\"center\">(Turno: Manh\u00e3 e Tarde)<\/p>\n<\/td>\n<td width=\"448\">Gen\u00e9tica Toxicol\u00f3gica e Mutagenicidade de F\u00e1rmacos<\/td>\n<td width=\"287\">Dr. Moacir de Azevedo B. Monteiro Neto<\/td>\n<td width=\"34\">\n<p align=\"center\">45<\/p>\n<\/td>\n<td width=\"38\">\n<p align=\"center\">3<\/p>\n<\/td>\n<\/tr>\n<tr>\n<td width=\"83\">\n<p align=\"center\"><b>Outubro<\/b><\/p>\n<\/td>\n<td width=\"178\">\n<p align=\"center\">03\/10, 04\/10, 06\/10, 07\/10, 10\/10, 11\/10, 13\/10, 14\/10<\/p>\n<p align=\"center\">(Turno: Manh\u00e3 e tarde)<\/p>\n<\/td>\n<td width=\"448\">M\u00e9todos Estat\u00edsticos Aplicados aos Ensaios Biol\u00f3gicos<\/td>\n<td width=\"287\">Dra. Ma\u00edra Pombo<\/td>\n<td width=\"34\">\n<p align=\"center\">60<\/p>\n<\/td>\n<td width=\"38\">\n<p align=\"center\">4<\/p>\n<\/td>\n<\/tr>\n<tr>\n<td rowspan=\"2\" width=\"83\">\n<p align=\"center\"><b>Novembro<\/b><\/p>\n<\/td>\n<td width=\"178\">\n<p align=\"center\">11\/11, 12\/11, 14\/11, 16\/11, 17\/11, 18\/11, 19\/11<\/p>\n<p align=\"center\">(Turno: Tarde)<\/p>\n<\/td>\n<td width=\"448\">Qu\u00edmica de Produtos Naturais<\/td>\n<td width=\"287\">Dr. Jos\u00e9 Carlos Tavares Carvalho<\/td>\n<td width=\"34\">\n<p align=\"center\">60<\/p>\n<\/td>\n<td width=\"38\">\n<p align=\"center\">4<\/p>\n<\/td>\n<\/tr>\n<tr>\n<td width=\"178\">\n<p align=\"center\">21\/11, 22\/11, 23\/11, 24\/11, 25\/11, 26\/11<\/p>\n<p align=\"center\">(Turno: Tarde)<\/p>\n<\/td>\n<td width=\"448\">Valida\u00e7\u00e3o Pr\u00e9-Cl\u00ednica de Anti-inflamat\u00f3rios e Analg\u00e9sicos<\/td>\n<td width=\"287\">Dr. Jos\u00e9 Carlos Tavares Carvalho<\/td>\n<td width=\"34\">\n<p align=\"center\">30<\/p>\n<\/td>\n<td width=\"38\">\n<p align=\"center\">2<\/p>\n<\/td>\n<\/tr>\n<tr>\n<td width=\"83\">\n<p align=\"center\"><b>Novembro \/ Dezembro<\/b><\/p>\n<\/td>\n<td width=\"178\">\n<p align=\"center\">28\/11 \u00e0 07\/12<\/p>\n<p align=\"center\">(Turno: Manh\u00e3)<\/p>\n<\/td>\n<td width=\"448\">Farmacodin\u00e2mica Avan\u00e7ada<\/td>\n<td width=\"287\">Dra. Alessandra Azevedo do Nascimento<\/td>\n<td width=\"34\">\n<p align=\"center\">30<\/p>\n<\/td>\n<td width=\"38\">\n<p align=\"center\">2<\/p>\n<\/td>\n<\/tr>\n<\/tbody>\n<\/table>\n<p>&nbsp;<\/p>\n<p><b>Feriados previstos para o per\u00edodo:<\/b><\/p>\n<p><span style=\"line-height: 1.5em\">&#8211; 07\/09 (Independ\u00eancia do Brasil);<\/span><\/p>\n<p>&#8211; 13\/09 (Funda\u00e7\u00e3o do Territ\u00f3rio do Amap\u00e1);<\/p>\n<p>&#8211; 12\/10 (Nossa Senhora da Aparecida);<\/p>\n<p><span style=\"line-height: 1.5em\">&#8211; 28\/10 (Dia do Funcion\u00e1rio P\u00fablico);<\/span><\/p>\n<p>&#8211; 02\/11 (Dia de Finados);<\/p>\n<p>&#8211; 15\/11 (Proclama\u00e7\u00e3o da Rep\u00fablica);<\/p>\n<p>&#8211; 20\/11 (Consci\u00eancia Negra);<\/p>\n<p>&#8211; 30\/11 (Dia do Evang\u00e9lico);<\/p>\n<p>&#8211; 08\/12 (Nossa Senhora da Concei\u00e7\u00e3o);<\/p>\n<p>&#8211; 25\/12 (Natal).<\/p>\n<p>&nbsp;<\/p>\n<p><b>Facultado:<\/b><\/p>\n<p>&#8211; 11\/08 (Dia do Estudante);<\/p>\n<p>&#8211; 15\/10 (Dia do Professor).<\/p>\n<p>&nbsp;<\/p>\n<p>Obs. 1: Este calend\u00e1rio de ofertas est\u00e1 sujeito a altera\u00e7\u00f5es, quanto ao dia de algumas das ofertas e\/ou inclus\u00e3o de ofertas de outras disciplinas, sem aviso pr\u00e9vio.<\/p>\n<p>Obs. 2: Em 25\/07\/2016 &#8211; Alterado data de oferta da disciplina &#8220;M\u00e9todos estat\u00edsticos aplicados aos ensaios biol\u00f3gicos&#8221; de Setembro para Outubro.<\/p>\n<p>Obs. 3: Em 18\/08\/2016 &#8211; Corre\u00e7\u00e3o de datas e inclus\u00e3o da oferta das disciplinas &#8220;Gen\u00e9tica Toxicol\u00f3gica e Mutagenicidade de F\u00e1rmacos&#8221; e &#8220;Farmacodin\u00e2mica Avan\u00e7ada&#8221; para Setembro e Novembro\/Dezembro respectivamente.<\/p>\n","protected":false},"excerpt":{"rendered":"<p>CALEND\u00c1RIO DE DISCIPLINAS (2\u00ba SEMESTRE \/ AGOSTO-DEZEMBRO\/2016) \u2192 Cronograma de aulas 2016.2 &nbsp; M\u00caS PER\u00cdODO DISCIPLINA DOCENTE CH Crd Agosto 12\/08 &#8211; Reuni\u00e3o com matriculados Cumprimento da carga hor\u00e1ria: De acordo com calend\u00e1rio da gradua\u00e7\u00e3o Est\u00e1gio de Doc\u00eancia na Gradua\u00e7\u00e3o&hellip; <\/p>\n<p><a href=\"https:\/\/www2.unifap.br\/ppgcf\/ofertas-de-disciplinas\/ofertas-2016-2\/\" class=\"readmore-button\">Continue Reading<\/a><\/p>\n","protected":false},"author":624,"featured_media":0,"parent":1199,"menu_order":4,"comment_status":"open","ping_status":"open","template":"","meta":{"inline_featured_image":false,"ngg_post_thumbnail":0,"footnotes":""},"class_list":["post-1359","page","type-page","status-publish","hentry"],"_links":{"self":[{"href":"https:\/\/www2.unifap.br\/ppgcf\/wp-json\/wp\/v2\/pages\/1359","targetHints":{"allow":["GET"]}}],"collection":[{"href":"https:\/\/www2.unifap.br\/ppgcf\/wp-json\/wp\/v2\/pages"}],"about":[{"href":"https:\/\/www2.unifap.br\/ppgcf\/wp-json\/wp\/v2\/types\/page"}],"author":[{"embeddable":true,"href":"https:\/\/www2.unifap.br\/ppgcf\/wp-json\/wp\/v2\/users\/624"}],"replies":[{"embeddable":true,"href":"https:\/\/www2.unifap.br\/ppgcf\/wp-json\/wp\/v2\/comments?post=1359"}],"version-history":[{"count":10,"href":"https:\/\/www2.unifap.br\/ppgcf\/wp-json\/wp\/v2\/pages\/1359\/revisions"}],"predecessor-version":[{"id":1363,"href":"https:\/\/www2.unifap.br\/ppgcf\/wp-json\/wp\/v2\/pages\/1359\/revisions\/1363"}],"up":[{"embeddable":true,"href":"https:\/\/www2.unifap.br\/ppgcf\/wp-json\/wp\/v2\/pages\/1199"}],"wp:attachment":[{"href":"https:\/\/www2.unifap.br\/ppgcf\/wp-json\/wp\/v2\/media?parent=1359"}],"curies":[{"name":"wp","href":"https:\/\/api.w.org\/{rel}","templated":true}]}}