{"id":1360,"date":"2016-07-18T19:44:01","date_gmt":"2016-07-18T19:44:01","guid":{"rendered":"http:\/\/www2.unifap.br\/ppgcf\/?page_id=1360"},"modified":"2016-09-20T19:23:53","modified_gmt":"2016-09-20T19:23:53","slug":"cronograma-de-aulas-2016-2","status":"publish","type":"page","link":"https:\/\/www2.unifap.br\/ppgcf\/ofertas-de-disciplinas\/ofertas-2016-2\/cronograma-de-aulas-2016-2\/","title":{"rendered":"Cronograma de Aulas 2016.2"},"content":{"rendered":"<h3 style=\"text-align: center\"><a href=\"http:\/\/www2.unifap.br\/ppgcf\/files\/2016\/07\/UNIFAO-26-ANOS.jpg\"><img decoding=\"async\" alt=\"UNIFAO 26 ANOS\" src=\"http:\/\/www2.unifap.br\/ppgcf\/files\/2016\/07\/UNIFAO-26-ANOS-300x300.jpg\" width=\"126\" height=\"126\" \/><\/a><\/h3>\n<h3 style=\"text-align: center\">PROGRAMA DE P\u00d3S-GRADUA\u00c7\u00c3O EM CI\u00caNCIAS FARMAC\u00caUTICAS &#8211; PPGCF<\/h3>\n<p><a href=\"http:\/\/www2.unifap.br\/ppgcf\/files\/2016\/07\/2016-2_CRONOGRAMA-DE-AULAS.pdf\">\u2192 Cronograma de ofertas 2016.2 em formato PDF<\/a><\/p>\n<p style=\"text-align: center\"><strong>AGOSTO\/2016<\/strong><\/p>\n<p style=\"text-align: center\"><a href=\"http:\/\/www2.unifap.br\/ppgcf\/files\/2016\/07\/08-CRONOGRAMA_DE_AULAS_-_AGOSTO_2016.png\"><img fetchpriority=\"high\" decoding=\"async\" class=\"alignnone size-medium wp-image-1367\" alt=\"08 CRONOGRAMA_DE_AULAS_-_AGOSTO_2016\" src=\"http:\/\/www2.unifap.br\/ppgcf\/files\/2016\/07\/08-CRONOGRAMA_DE_AULAS_-_AGOSTO_2016-300x184.png\" width=\"300\" height=\"184\" srcset=\"https:\/\/www2.unifap.br\/ppgcf\/files\/2016\/07\/08-CRONOGRAMA_DE_AULAS_-_AGOSTO_2016-300x184.png 300w, https:\/\/www2.unifap.br\/ppgcf\/files\/2016\/07\/08-CRONOGRAMA_DE_AULAS_-_AGOSTO_2016.png 871w\" sizes=\"(max-width: 300px) 100vw, 300px\" \/><\/a><\/p>\n<p style=\"text-align: center\"><strong>SETEMBRO\/2016<\/strong><\/p>\n<p style=\"text-align: center\"><a href=\"http:\/\/www2.unifap.br\/ppgcf\/files\/2016\/07\/09-CRONOGRAMA_DE_AULAS_-_SETEMBRO_2016.png\"><img decoding=\"async\" class=\"alignnone size-medium wp-image-1441\" alt=\"09 CRONOGRAMA_DE_AULAS_-_SETEMBRO_2016\" src=\"http:\/\/www2.unifap.br\/ppgcf\/files\/2016\/07\/09-CRONOGRAMA_DE_AULAS_-_SETEMBRO_2016-300x186.png\" width=\"300\" height=\"186\" srcset=\"https:\/\/www2.unifap.br\/ppgcf\/files\/2016\/07\/09-CRONOGRAMA_DE_AULAS_-_SETEMBRO_2016-300x186.png 300w, https:\/\/www2.unifap.br\/ppgcf\/files\/2016\/07\/09-CRONOGRAMA_DE_AULAS_-_SETEMBRO_2016.png 901w\" sizes=\"(max-width: 300px) 100vw, 300px\" \/><\/a><\/p>\n<p style=\"text-align: center\"><strong>OUTUBRO\/2016<\/strong><\/p>\n<p style=\"text-align: center\"><a href=\"http:\/\/www2.unifap.br\/ppgcf\/files\/2016\/07\/10-CRONOGRAMA_DE_AULAS_-_OUTUBRO_20161.png\"><img loading=\"lazy\" decoding=\"async\" class=\"alignnone size-medium wp-image-1387\" alt=\"10 CRONOGRAMA_DE_AULAS_-_OUTUBRO_2016\" src=\"http:\/\/www2.unifap.br\/ppgcf\/files\/2016\/07\/10-CRONOGRAMA_DE_AULAS_-_OUTUBRO_20161-300x179.png\" width=\"300\" height=\"179\" srcset=\"https:\/\/www2.unifap.br\/ppgcf\/files\/2016\/07\/10-CRONOGRAMA_DE_AULAS_-_OUTUBRO_20161-300x179.png 300w, https:\/\/www2.unifap.br\/ppgcf\/files\/2016\/07\/10-CRONOGRAMA_DE_AULAS_-_OUTUBRO_20161.png 869w\" sizes=\"(max-width: 300px) 100vw, 300px\" \/><\/a><\/p>\n<p style=\"text-align: center\"><strong>NOVEMBRO\/2016<\/strong><\/p>\n<p style=\"text-align: center\"><a href=\"http:\/\/www2.unifap.br\/ppgcf\/files\/2016\/07\/11-CRONOGRAMA_DE_AULAS_-_NOVEMBRO_2016.png\"><img loading=\"lazy\" decoding=\"async\" class=\"alignnone size-medium wp-image-1442\" alt=\"11 CRONOGRAMA_DE_AULAS_-_NOVEMBRO_2016\" src=\"http:\/\/www2.unifap.br\/ppgcf\/files\/2016\/07\/11-CRONOGRAMA_DE_AULAS_-_NOVEMBRO_2016-300x166.png\" width=\"300\" height=\"166\" srcset=\"https:\/\/www2.unifap.br\/ppgcf\/files\/2016\/07\/11-CRONOGRAMA_DE_AULAS_-_NOVEMBRO_2016-300x166.png 300w, https:\/\/www2.unifap.br\/ppgcf\/files\/2016\/07\/11-CRONOGRAMA_DE_AULAS_-_NOVEMBRO_2016.png 898w\" sizes=\"(max-width: 300px) 100vw, 300px\" \/><\/a><\/p>\n<p style=\"text-align: center\"><strong>DEZEMBRO\/2016<\/strong><\/p>\n<p style=\"text-align: center\"><a href=\"http:\/\/www2.unifap.br\/ppgcf\/files\/2016\/07\/12-CRONOGRAMA_DE_AULAS_-_DEZEMBRO_2016.png\"><img loading=\"lazy\" decoding=\"async\" class=\"alignnone size-medium wp-image-1412\" alt=\"12 CRONOGRAMA_DE_AULAS_-_DEZEMBRO_2016\" src=\"http:\/\/www2.unifap.br\/ppgcf\/files\/2016\/07\/12-CRONOGRAMA_DE_AULAS_-_DEZEMBRO_2016-300x158.png\" width=\"300\" height=\"158\" srcset=\"https:\/\/www2.unifap.br\/ppgcf\/files\/2016\/07\/12-CRONOGRAMA_DE_AULAS_-_DEZEMBRO_2016-300x158.png 300w, https:\/\/www2.unifap.br\/ppgcf\/files\/2016\/07\/12-CRONOGRAMA_DE_AULAS_-_DEZEMBRO_2016.png 898w\" sizes=\"(max-width: 300px) 100vw, 300px\" \/><\/a><\/p>\n<p style=\"text-align: justify\">Obs. 01: Este calend\u00e1rio de ofertas est\u00e1 sujeito a altera\u00e7\u00f5es, quanto ao dia de algumas das ofertas e\/ou inclus\u00e3o de ofertas de outras disciplinas, sem aviso pr\u00e9vio;<\/p>\n<p style=\"text-align: justify\">Obs. 02: Ofertas lan\u00e7adas em 18\/07\/2016.<\/p>\n<p style=\"text-align: justify\">Obs. 03: Ofertas lan\u00e7adas em 18\/08\/2016 (Disciplinas: &#8220;Gen\u00e9tica Toxicol\u00f3gica e Mutagenicidade de F\u00e1rmacos&#8221; e &#8220;Farmacodin\u00e2mica Avan\u00e7ada&#8221;).<\/p>\n<p style=\"text-align: justify\">Obs. 04: Altera\u00e7\u00e3o da oferta da disciplina &#8220;Qu\u00edmica dos Produtos Naturais&#8221; em 19\/09\/2016.<\/p>\n","protected":false},"excerpt":{"rendered":"<p>PROGRAMA DE P\u00d3S-GRADUA\u00c7\u00c3O EM CI\u00caNCIAS FARMAC\u00caUTICAS &#8211; PPGCF \u2192 Cronograma de ofertas 2016.2 em formato PDF AGOSTO\/2016 SETEMBRO\/2016 OUTUBRO\/2016 NOVEMBRO\/2016 DEZEMBRO\/2016 Obs. 01: Este calend\u00e1rio de ofertas est\u00e1 sujeito a altera\u00e7\u00f5es, quanto ao dia de algumas das ofertas e\/ou inclus\u00e3o&hellip; <\/p>\n<p><a href=\"https:\/\/www2.unifap.br\/ppgcf\/ofertas-de-disciplinas\/ofertas-2016-2\/cronograma-de-aulas-2016-2\/\" class=\"readmore-button\">Continue Reading<\/a><\/p>\n","protected":false},"author":624,"featured_media":0,"parent":1359,"menu_order":1,"comment_status":"open","ping_status":"open","template":"","meta":{"inline_featured_image":false,"ngg_post_thumbnail":0,"footnotes":""},"class_list":["post-1360","page","type-page","status-publish","hentry"],"_links":{"self":[{"href":"https:\/\/www2.unifap.br\/ppgcf\/wp-json\/wp\/v2\/pages\/1360","targetHints":{"allow":["GET"]}}],"collection":[{"href":"https:\/\/www2.unifap.br\/ppgcf\/wp-json\/wp\/v2\/pages"}],"about":[{"href":"https:\/\/www2.unifap.br\/ppgcf\/wp-json\/wp\/v2\/types\/page"}],"author":[{"embeddable":true,"href":"https:\/\/www2.unifap.br\/ppgcf\/wp-json\/wp\/v2\/users\/624"}],"replies":[{"embeddable":true,"href":"https:\/\/www2.unifap.br\/ppgcf\/wp-json\/wp\/v2\/comments?post=1360"}],"version-history":[{"count":12,"href":"https:\/\/www2.unifap.br\/ppgcf\/wp-json\/wp\/v2\/pages\/1360\/revisions"}],"predecessor-version":[{"id":1446,"href":"https:\/\/www2.unifap.br\/ppgcf\/wp-json\/wp\/v2\/pages\/1360\/revisions\/1446"}],"up":[{"embeddable":true,"href":"https:\/\/www2.unifap.br\/ppgcf\/wp-json\/wp\/v2\/pages\/1359"}],"wp:attachment":[{"href":"https:\/\/www2.unifap.br\/ppgcf\/wp-json\/wp\/v2\/media?parent=1360"}],"curies":[{"name":"wp","href":"https:\/\/api.w.org\/{rel}","templated":true}]}}