{"id":1627,"date":"2016-12-22T18:31:57","date_gmt":"2016-12-22T18:31:57","guid":{"rendered":"http:\/\/www2.unifap.br\/ppgcf\/?page_id=1627"},"modified":"2017-03-09T12:08:10","modified_gmt":"2017-03-09T12:08:10","slug":"processo-seletivo-2017","status":"publish","type":"page","link":"https:\/\/www2.unifap.br\/ppgcf\/processos-seletivos\/processo-seletivo-2017\/","title":{"rendered":"Processo Seletivo 2017"},"content":{"rendered":"<p>&#8211; Per\u00edodo de inscri\u00e7\u00e3o: 18 \u00e0 23 de Janeiro de 2017.<\/p>\n<p>&#8211; N\u00ba de vagas: 25 (vinte e cinco)\u00a0&#8211; distribu\u00eddas conforme disponibilidade dos orientadores.<\/p>\n<p>&nbsp;<\/p>\n<p><a href=\"http:\/\/www2.unifap.br\/ppgcf\/files\/2016\/12\/Edital-Processo-Seletivo-2017-PPGCF.pdf\">\u2192 Edital DPG N\u00ba 031\/2016 DPG\/UNIFAP &#8211; Processo Seletivo 2017<\/a><\/p>\n<p><a href=\"http:\/\/www2.unifap.br\/ppgcf\/files\/2016\/12\/Edital-PS-2017-ANEXO-V-CARTA-DE-ANUENCIA.doc\">\u2192 Edital DPG N\u00ba 031\/2016 &#8211; Anexo V &#8211; Carta de Anu\u00eancia do Orientador<\/a><\/p>\n<p><a href=\"http:\/\/www2.unifap.br\/ppgcf\/files\/2017\/01\/EDITAL-DPG-N\u00ba-031-2016-DPG-UNIFAP-INSCRICOES-HOMOLOGADAS-E-NAO-HOMOLOGADAS.pdf\">\u2192\u00a0Homologa\u00e7\u00e3o das Inscri\u00e7\u00f5es &#8211; Edital DPG N\u00ba 031\/2016 DPG-UNIFAP &#8211; Processo Seletivo 2017<\/a><\/p>\n<p><a href=\"http:\/\/www2.unifap.br\/ppgcf\/files\/2017\/02\/RESULTADO-DA-PROVA-DE-INGLES-PROCESSO-SELETIVO-PPGCF-2017.pdf\">\u2192 Resultado da Prova de L\u00edngua Estrangeira (Ingl\u00eas) &#8211; Edital DPG N\u00ba 031\/2016 &#8211; Processo Seletivo 2017<\/a><\/p>\n<p><a href=\"http:\/\/www2.unifap.br\/ppgcf\/files\/2017\/02\/PROCESSO-SELETIVO-PPGCF-2017-PROVA-DE-INGLES-GABARITADA.pdf\">\u2192 Exame de L\u00edngua Inglesa (PPGCF) &#8211; Edital DPG N\u00ba 031\/2016 DPG\/UNIFAP &#8211; Processo Seletivo 2017<\/a><\/p>\n<p><a href=\"http:\/\/www2.unifap.br\/ppgcf\/files\/2017\/02\/EDITAL-DPG-N\u00ba-031-2016-DPG-UNIFAP-CANDIDATOS-APTOS-A-REALIZAREM-PROVA-TEMATIVA-PROCESSO-SELETIVO-PPGCF-2017.pdf\">\u2192 Candidatos Aptos \u00e0 Realizarem a Prova Tem\u00e1tica &#8211; Edital DPG N\u00ba 031\/2016 &#8211; Processo Seletivo 2017<\/a><\/p>\n<p><a href=\"http:\/\/www2.unifap.br\/ppgcf\/files\/2017\/02\/EDITAL-DPG-N\u00ba-031-2016-ARTIGOS-SORTEADOS-PARA-PROVA-TEM\u00c1TICA.pdf\">\u2192 Artigos Sorteados para Prova Tem\u00e1tica &#8211; Edital DPG N\u00ba 031\/2016 &#8211; Processo Seletivo 2017<\/a><\/p>\n<p><a href=\"http:\/\/www2.unifap.br\/ppgcf\/files\/2017\/02\/EDITAL-DPG-N\u00ba-031-2016-RESULTADO-DA-PROVA-TEMATIVA-PROCESSO-SELETIVO-PPGCF-2017.pdf\">\u2192 Resultado da Prova Tem\u00e1tica &#8211; Edital DPG N\u00ba 031\/2016 DPG\/UNIFAP \u2013 Processo Seletivo 2017<\/a><\/p>\n<p><a href=\"http:\/\/www2.unifap.br\/ppgcf\/files\/2017\/02\/EDITAL-DPG-N\u00ba-031_2016-PPGCF-REPOSTA-A-RECURSO-PARA-RESULTADO-DA-PROVA-TEMATICA.pdf\">\u2192\u00a0Resposta \u00e0 interposi\u00e7\u00e3o de recursos para resultado da Prova Tem\u00e1tica &#8211; Processo Seletivo 2017<\/a><\/p>\n<p><a href=\"http:\/\/www2.unifap.br\/ppgcf\/files\/2017\/02\/EDITAL-DPG-N\u00ba-031-2016-DPG-UNIFAP-RESULTADO-PRELIMINAR-PROCESSO-SELETIVO-PPGCF-2017.pdf\">\u2192 Resultado Preliminar &#8211; Candidatos Aprovados e Classificados &#8211; Processo Seletivo 2017<\/a><\/p>\n<p><a href=\"http:\/\/www2.unifap.br\/ppgcf\/files\/2017\/02\/EDITAL-DPG-N\u00ba-031-2016-DPG-UNIFAP-RESULTADO-FINAL-PROCESSO-SELETIVO-PPGCF-2017.pdf\">\u2192\u00a0Resultado Final &#8211; Edital DPG N\u00ba 031\/2016 DPG\/UNIFAP &#8211; Processo Seletivo 2017<\/a><\/p>\n<p>&nbsp;<\/p>\n<p><a href=\"http:\/\/www2.unifap.br\/ppgcf\/files\/2016\/12\/EDITAL-N\u00ba-010-2017-PS-DA-P\u00d3S-GRADUA\u00c7\u00c3O-MESTRADO-E-DOUTORADO.pdf\">\u2192 Edital N\u00ba 010\/2017-DERCA\/UNIFAP &#8211; Convoca\u00e7\u00e3o para Matr\u00edcula<\/a><\/p>\n","protected":false},"excerpt":{"rendered":"<p>&#8211; Per\u00edodo de inscri\u00e7\u00e3o: 18 \u00e0 23 de Janeiro de 2017. &#8211; N\u00ba de vagas: 25 (vinte e cinco)\u00a0&#8211; distribu\u00eddas conforme disponibilidade dos orientadores. &nbsp; \u2192 Edital DPG N\u00ba 031\/2016 DPG\/UNIFAP &#8211; Processo Seletivo 2017 \u2192 Edital DPG N\u00ba 031\/2016&hellip; <\/p>\n<p><a href=\"https:\/\/www2.unifap.br\/ppgcf\/processos-seletivos\/processo-seletivo-2017\/\" class=\"readmore-button\">Continue Reading<\/a><\/p>\n","protected":false},"author":624,"featured_media":0,"parent":268,"menu_order":6,"comment_status":"open","ping_status":"open","template":"","meta":{"inline_featured_image":false,"ngg_post_thumbnail":0,"footnotes":""},"class_list":["post-1627","page","type-page","status-publish","hentry"],"_links":{"self":[{"href":"https:\/\/www2.unifap.br\/ppgcf\/wp-json\/wp\/v2\/pages\/1627","targetHints":{"allow":["GET"]}}],"collection":[{"href":"https:\/\/www2.unifap.br\/ppgcf\/wp-json\/wp\/v2\/pages"}],"about":[{"href":"https:\/\/www2.unifap.br\/ppgcf\/wp-json\/wp\/v2\/types\/page"}],"author":[{"embeddable":true,"href":"https:\/\/www2.unifap.br\/ppgcf\/wp-json\/wp\/v2\/users\/624"}],"replies":[{"embeddable":true,"href":"https:\/\/www2.unifap.br\/ppgcf\/wp-json\/wp\/v2\/comments?post=1627"}],"version-history":[{"count":13,"href":"https:\/\/www2.unifap.br\/ppgcf\/wp-json\/wp\/v2\/pages\/1627\/revisions"}],"predecessor-version":[{"id":1720,"href":"https:\/\/www2.unifap.br\/ppgcf\/wp-json\/wp\/v2\/pages\/1627\/revisions\/1720"}],"up":[{"embeddable":true,"href":"https:\/\/www2.unifap.br\/ppgcf\/wp-json\/wp\/v2\/pages\/268"}],"wp:attachment":[{"href":"https:\/\/www2.unifap.br\/ppgcf\/wp-json\/wp\/v2\/media?parent=1627"}],"curies":[{"name":"wp","href":"https:\/\/api.w.org\/{rel}","templated":true}]}}