{"id":1712,"date":"2017-03-08T22:14:31","date_gmt":"2017-03-08T22:14:31","guid":{"rendered":"http:\/\/www2.unifap.br\/ppgcf\/?page_id=1712"},"modified":"2017-03-15T20:46:39","modified_gmt":"2017-03-15T20:46:39","slug":"processo-seletivo-demanda-social-2017","status":"publish","type":"page","link":"https:\/\/www2.unifap.br\/ppgcf\/processos-seletivos\/processo-seletivo-demanda-social-2017\/","title":{"rendered":"Processo Seletivo Demanda Social 2017"},"content":{"rendered":"<p style=\"text-align: justify\">O Programa de P\u00f3s-gradua\u00e7\u00e3o em Ci\u00eancias Farmac\u00eauticas (PPGCF) torna p\u00fablica a abertura de inscri\u00e7\u00f5es e estabelece as normas para o processo de sele\u00e7\u00e3o interno de candidatos interessados em concorrer \u00e0s bolsas Demanda Social (CAPES) no \u00e2mbito do Curso de Mestrado do PPGCF.<\/p>\n<p>&nbsp;<\/p>\n<p>Per\u00edodo de inscri\u00e7\u00e3o: 10 a 14 de Mar\u00e7o de 2017, de 08h30 \u00e0s 17h00.<\/p>\n<p>&nbsp;<\/p>\n<p>\u2192\u00a0<a href=\"http:\/\/www2.unifap.br\/ppgcf\/files\/2017\/03\/Edital_N_01-2017-PPGCF_UNIFAP-Selecao-para-Bolsas-DS.pdf\">Edital N\u00ba 01\/2017-PPGCF\/UNIFAP &#8211; Processo Seletivo Interno para Concess\u00e3o de Bolsas CAPES (PPGCF)<\/a><\/p>\n<p>\u2192\u00a0<a href=\"http:\/\/www2.unifap.br\/ppgcf\/files\/2017\/03\/Edital_N_01-2017-PPGCF_UNIFAP-Anexo-I-Formulario-de-Inscricao.doc\">Edital N\u00ba 01\/2017-PPGCF\/UNIFAP &#8211; Anexo I &#8211; Formul\u00e1rio de Inscri\u00e7\u00e3o<\/a><\/p>\n<p>\u2192\u00a0<a href=\"http:\/\/www2.unifap.br\/ppgcf\/files\/2017\/03\/Edital_N_01-2017-PPGCF_UNIFAP-Anexo-II-Termo-de-Compromisso.doc\">Edital N\u00ba 01\/2017-PPGCF\/UNIFAP &#8211; Anexo II &#8211; Termo de Compromisso<\/a><\/p>\n<p>\u2192\u00a0<a href=\"http:\/\/www2.unifap.br\/ppgcf\/files\/2017\/03\/Retificacao-do-Edital_N_01-2017-PPGCF_UNIFAP-Selecao-para-Bolsas-DS.pdf\">Retifica\u00e7\u00e3o do Edital N\u00ba 01\/2017-PPGCF\/UNIFAP &#8211; Sele\u00e7\u00e3o para Concess\u00e3o de Bolsas DS\/CAPES<\/a><\/p>\n<p>\u2192\u00a0<a href=\"http:\/\/www2.unifap.br\/ppgcf\/files\/2017\/03\/EDITAL-N-01_2017-PPGCF_UNIFAP-BOLSAS-DEMANDA-SOCIAL-RESULTADO-PRELIMINAR.pdf\">Resultado Preliminar \u2013 Processo Seletivo Interno para Concess\u00e3o de Bolsas CAPES (PPGCF 2017)<\/a><\/p>\n<p>\u2192\u00a0<a href=\"http:\/\/www2.unifap.br\/ppgcf\/files\/2017\/03\/EDITAL-N-01_2017-PPGCF_UNIFAP-BOLSAS-DEMANDA-SOCIAL-RESULTADO-FINAL.pdf\">Resultado Final \u2013 Processo Seletivo Interno para Concess\u00e3o de Bolsas CAPES (PPGCF 2017)<\/a><\/p>\n<p>&nbsp;<\/p>\n<p><strong>&#8211; Para concess\u00e3o da bolsa dever\u00e3o ser entregues na Coordena\u00e7\u00e3o do Programa no dia 16\/03\/2016 (Quinta-Feira) de 08h30 \u00e0s 14h00 os seguintes documentos:<\/strong><\/p>\n<p>1) C\u00f3pia e original do RG;<\/p>\n<p>2) C\u00f3pia e original do CPF;<\/p>\n<p>3) C\u00f3pia e original do Comprovante de Resid\u00eancia;<\/p>\n<p>4) Declara\u00e7\u00e3o que n\u00e3o possui v\u00ednculo empregat\u00edcio;<\/p>\n<p>5)\u00a0C\u00f3pia do cart\u00e3o banc\u00e1rio, n\u00famero da conta e ag\u00eancia banc\u00e1ria (somente Banco do Brasil) (no nome do aluno);<\/p>\n<p>6) Termo de Compromisso devidamente preenchido (Anexo II);<\/p>\n<p>7) Formul\u00e1rio para Cadastramento de Bolsista devidamente preenchido (<a href=\"http:\/\/www2.unifap.br\/ppgcf\/files\/2016\/03\/Formulario-para-cadastramento-de-bolsista.xls\">dispon\u00edvel aqui<\/a>).<\/p>\n","protected":false},"excerpt":{"rendered":"<p>O Programa de P\u00f3s-gradua\u00e7\u00e3o em Ci\u00eancias Farmac\u00eauticas (PPGCF) torna p\u00fablica a abertura de inscri\u00e7\u00f5es e estabelece as normas para o processo de sele\u00e7\u00e3o interno de candidatos interessados em concorrer \u00e0s bolsas Demanda Social (CAPES) no \u00e2mbito do Curso de Mestrado&hellip; <\/p>\n<p><a href=\"https:\/\/www2.unifap.br\/ppgcf\/processos-seletivos\/processo-seletivo-demanda-social-2017\/\" class=\"readmore-button\">Continue Reading<\/a><\/p>\n","protected":false},"author":624,"featured_media":0,"parent":268,"menu_order":7,"comment_status":"open","ping_status":"open","template":"","meta":{"inline_featured_image":false,"ngg_post_thumbnail":0,"footnotes":""},"class_list":["post-1712","page","type-page","status-publish","hentry"],"_links":{"self":[{"href":"https:\/\/www2.unifap.br\/ppgcf\/wp-json\/wp\/v2\/pages\/1712","targetHints":{"allow":["GET"]}}],"collection":[{"href":"https:\/\/www2.unifap.br\/ppgcf\/wp-json\/wp\/v2\/pages"}],"about":[{"href":"https:\/\/www2.unifap.br\/ppgcf\/wp-json\/wp\/v2\/types\/page"}],"author":[{"embeddable":true,"href":"https:\/\/www2.unifap.br\/ppgcf\/wp-json\/wp\/v2\/users\/624"}],"replies":[{"embeddable":true,"href":"https:\/\/www2.unifap.br\/ppgcf\/wp-json\/wp\/v2\/comments?post=1712"}],"version-history":[{"count":5,"href":"https:\/\/www2.unifap.br\/ppgcf\/wp-json\/wp\/v2\/pages\/1712\/revisions"}],"predecessor-version":[{"id":1741,"href":"https:\/\/www2.unifap.br\/ppgcf\/wp-json\/wp\/v2\/pages\/1712\/revisions\/1741"}],"up":[{"embeddable":true,"href":"https:\/\/www2.unifap.br\/ppgcf\/wp-json\/wp\/v2\/pages\/268"}],"wp:attachment":[{"href":"https:\/\/www2.unifap.br\/ppgcf\/wp-json\/wp\/v2\/media?parent=1712"}],"curies":[{"name":"wp","href":"https:\/\/api.w.org\/{rel}","templated":true}]}}