{"id":1749,"date":"2017-03-17T09:45:20","date_gmt":"2017-03-17T09:45:20","guid":{"rendered":"http:\/\/www2.unifap.br\/ppgcf\/?page_id=1749"},"modified":"2017-05-11T20:16:18","modified_gmt":"2017-05-11T20:16:18","slug":"processo-seletivo-2017-2","status":"publish","type":"page","link":"https:\/\/www2.unifap.br\/ppgcf\/processos-seletivos\/processo-seletivo-2017-2\/","title":{"rendered":"Processo Seletivo 2017.2"},"content":{"rendered":"<p>&#8211; Per\u00edodo de inscri\u00e7\u00f5es: 17 \u00e0 21 de Abril de 2017.<\/p>\n<p>&#8211; N\u00ba de vagas: 20 (vinte) vagas\u00a0&#8211; distribu\u00eddas conforme disponibilidade dos orientadores.<\/p>\n<p>&nbsp;<\/p>\n<p><a href=\"http:\/\/www2.unifap.br\/ppgcf\/files\/2017\/03\/Edital_N_02-2017-PPGCF_UNIFAP-Edital-PS-2017-2-PPGCF-Mestrado.pdf\">\u2192\u00a0Edital N\u00ba 02\/2017-PPGCF\/UNIFAP &#8211; Processo Seletivo 2017.2<\/a><\/p>\n<p><a href=\"http:\/\/www2.unifap.br\/ppgcf\/files\/2017\/03\/Retificacao-do-Edital_N_02-2017-PPGCF_UNIFAP-Mestrado.pdf\">\u2192 Retifica\u00e7\u00e3o do Edital N\u00ba 02\/2017-PPGCF\/UNIFAP &#8211; Processo Seletivo 2017.2<\/a><\/p>\n<p><a href=\"http:\/\/www2.unifap.br\/ppgcf\/files\/2017\/04\/EDITAL-N\u00ba-02-2017_PPGCF-UNIFAP-HOMOLOGACAO-DAS-INSCRICOES.pdf\">\u2192 Homologa\u00e7\u00e3o das Inscri\u00e7\u00f5es \u2013 Edital N\u00ba 02\/2017-PPGCF\/UNIFAP \u2013 Processo Seletivo 2017.2<\/a><\/p>\n<p><a href=\"http:\/\/www2.unifap.br\/ppgcf\/files\/2017\/05\/EDITAL-N\u00ba-02-2017-PPGCF-UNIFAP_RESULTADO-DA-PROVA-TEMATIVA-PROCESSO-SELETIVO-2017-2.pdf\">\u2192 Resultado da Prova Tem\u00e1tica &#8211; Edital N\u00ba 02\/2017-PPGCF\/UNIFAP &#8211; Processo Seletivo 2017.2<\/a><\/p>\n<p><a href=\"http:\/\/www2.unifap.br\/ppgcf\/files\/2017\/05\/EDITAL-N\u00ba-02_2017-PPGCF-UNIFAP-RESPOSTA-A-RECURSO-PARA-PROVA-TEMATICA.pdf\">\u2192 Resposta \u00e0 Recursos para Prova Tem\u00e1tica &#8211; Edital N\u00ba 02\/2017-PPGCF-UNIFAP &#8211; Processo Seletivo 2017.2<\/a><\/p>\n<p><a href=\"http:\/\/www2.unifap.br\/ppgcf\/files\/2017\/05\/EDITAL-N\u00ba-02-2017-PPGCF-UNIFAP_RESULTADO-PRELIMINAR-PROCESSO-SELETIVO-2017-2.pdf\">\u2192 Resultado Preliminar &#8211; Edital N\u00ba 02\/2017-PPGCF\/UNIFAP &#8211; Processo Seletivo 2017.2<\/a><\/p>\n<p><a href=\"http:\/\/www2.unifap.br\/ppgcf\/files\/2017\/05\/EDITAL-N\u00ba-02-2017-PPGCF-UNIFAP_RESULTADO-PRELIMINAR-APOS-RECURSO_PROCESSO-SELETIVO-2017.pdf\">\u2192 Resultado Preliminar Ap\u00f3s Recurso &#8211; Edital N\u00ba 02\/2017-PPGCF\/UNIFAP &#8211; Processo Seletivo 2017.2<\/a><\/p>\n<p><a href=\"http:\/\/www2.unifap.br\/ppgcf\/files\/2017\/05\/EDITAL-N\u00ba-02-2017-PPGCF-UNIFAP_RESULTADO-FINAL-PROCESSO-SELETIVO-2017-2.pdf\">\u2192 Resultado Final \u2013 Edital N\u00ba 02\/2017-PPGCF\/UNIFAP \u2013 Processo Seletivo 2017.2<\/a><\/p>\n","protected":false},"excerpt":{"rendered":"<p>&#8211; Per\u00edodo de inscri\u00e7\u00f5es: 17 \u00e0 21 de Abril de 2017. &#8211; N\u00ba de vagas: 20 (vinte) vagas\u00a0&#8211; distribu\u00eddas conforme disponibilidade dos orientadores. &nbsp; \u2192\u00a0Edital N\u00ba 02\/2017-PPGCF\/UNIFAP &#8211; Processo Seletivo 2017.2 \u2192 Retifica\u00e7\u00e3o do Edital N\u00ba 02\/2017-PPGCF\/UNIFAP &#8211; Processo Seletivo&hellip; <\/p>\n<p><a href=\"https:\/\/www2.unifap.br\/ppgcf\/processos-seletivos\/processo-seletivo-2017-2\/\" class=\"readmore-button\">Continue Reading<\/a><\/p>\n","protected":false},"author":624,"featured_media":0,"parent":268,"menu_order":8,"comment_status":"open","ping_status":"open","template":"","meta":{"inline_featured_image":false,"ngg_post_thumbnail":0,"footnotes":""},"class_list":["post-1749","page","type-page","status-publish","hentry"],"_links":{"self":[{"href":"https:\/\/www2.unifap.br\/ppgcf\/wp-json\/wp\/v2\/pages\/1749","targetHints":{"allow":["GET"]}}],"collection":[{"href":"https:\/\/www2.unifap.br\/ppgcf\/wp-json\/wp\/v2\/pages"}],"about":[{"href":"https:\/\/www2.unifap.br\/ppgcf\/wp-json\/wp\/v2\/types\/page"}],"author":[{"embeddable":true,"href":"https:\/\/www2.unifap.br\/ppgcf\/wp-json\/wp\/v2\/users\/624"}],"replies":[{"embeddable":true,"href":"https:\/\/www2.unifap.br\/ppgcf\/wp-json\/wp\/v2\/comments?post=1749"}],"version-history":[{"count":9,"href":"https:\/\/www2.unifap.br\/ppgcf\/wp-json\/wp\/v2\/pages\/1749\/revisions"}],"predecessor-version":[{"id":1852,"href":"https:\/\/www2.unifap.br\/ppgcf\/wp-json\/wp\/v2\/pages\/1749\/revisions\/1852"}],"up":[{"embeddable":true,"href":"https:\/\/www2.unifap.br\/ppgcf\/wp-json\/wp\/v2\/pages\/268"}],"wp:attachment":[{"href":"https:\/\/www2.unifap.br\/ppgcf\/wp-json\/wp\/v2\/media?parent=1749"}],"curies":[{"name":"wp","href":"https:\/\/api.w.org\/{rel}","templated":true}]}}