{"id":1821,"date":"2017-05-10T19:09:25","date_gmt":"2017-05-10T19:09:25","guid":{"rendered":"http:\/\/www2.unifap.br\/ppgcf\/?page_id=1821"},"modified":"2017-06-29T14:20:08","modified_gmt":"2017-06-29T14:20:08","slug":"ofertas-2017-1","status":"publish","type":"page","link":"https:\/\/www2.unifap.br\/ppgcf\/ofertas-de-disciplinas\/ofertas-2017-1\/","title":{"rendered":"Ofertas 2017.1"},"content":{"rendered":"<p>CALEND\u00c1RIO DE DISCIPLINAS (1\u00ba SEMESTRE \/ MAIO-SETEMBRO\/2017)<\/p>\n<p><a href=\"http:\/\/www2.unifap.br\/ppgcf\/ofertas-de-disciplinas\/ofertas-2017-1\/cronograma-de-aulas-2017-1\/\">\u2192 Cronograma de aulas 2017.1<\/a><\/p>\n<p>&nbsp;<\/p>\n<table width=\"1054\" border=\"1\" cellspacing=\"0\" cellpadding=\"0\">\n<tbody>\n<tr>\n<td width=\"174\">\n<p align=\"center\"><b>PER\u00cdODO<\/b><\/p>\n<\/td>\n<td width=\"438\">\n<p align=\"center\"><b>DISCIPLINA<\/b><\/p>\n<\/td>\n<td width=\"85\">\n<p align=\"center\"><b>TIPO<\/b><\/p>\n<\/td>\n<td width=\"283\">\n<p align=\"center\"><b>DOCENTE<\/b><\/p>\n<\/td>\n<td width=\"35\">\n<p align=\"center\"><b>CH<\/b><\/p>\n<\/td>\n<td width=\"38\">\n<p align=\"center\"><b>Crd<\/b><\/p>\n<\/td>\n<\/tr>\n<tr>\n<td width=\"174\">\n<p align=\"center\"><b>12\/05\/2017<\/b><\/p>\n<p align=\"center\"><b>In\u00edcio \u00e0s 15h<\/b><\/p>\n<\/td>\n<td width=\"438\">Aula Inaugural do Curso de Mestrado do Programa de P\u00f3s-Gradua\u00e7\u00e3o em Ci\u00eancias Farmac\u00eauticas &#8211; PPGCF\/UNIFAP<\/td>\n<td width=\"85\">\n<p align=\"center\">Obrigat\u00f3ria<\/p>\n<\/td>\n<td width=\"283\">&#8211;<\/td>\n<td width=\"35\">\n<p align=\"center\">&#8211;<\/p>\n<\/td>\n<td width=\"38\">\n<p align=\"center\">&#8211;<\/p>\n<\/td>\n<\/tr>\n<tr>\n<td width=\"174\">\n<p align=\"center\"><b>22\/05 \u00e0 02\/06<\/b><\/p>\n<p align=\"center\"><b>(Turno: Manh\u00e3)<\/b><\/p>\n<\/td>\n<td width=\"438\">Cromatografia L\u00edquida de Alta Efici\u00eancia Aplicadas ao Desenvolvimento de Medicamentos (PPGCF)<\/td>\n<td width=\"85\">\n<p align=\"center\">Optativa<\/p>\n<\/td>\n<td width=\"283\">Dra. L\u00edlian Grace da Silva Solon<\/p>\n<p>Dr. Gabriel Ara\u00fajo da Silva<\/td>\n<td width=\"35\">\n<p align=\"center\">60<\/p>\n<\/td>\n<td width=\"38\">\n<p align=\"center\">4<\/p>\n<\/td>\n<\/tr>\n<tr>\n<td width=\"174\">\n<p align=\"center\"><b>29\/05 \u00e0 02\/06<\/b><\/p>\n<p align=\"center\"><b>(Turno: Tarde)<\/b><\/p>\n<\/td>\n<td width=\"438\">Estudos Avan\u00e7ados em Modelos de Zebrafish (PPGCF)<\/td>\n<td width=\"85\">\n<p align=\"center\">Optativa<\/p>\n<\/td>\n<td width=\"283\">Dr. Jos\u00e9 Carlos Tavares Carvalho<\/td>\n<td width=\"35\">\n<p align=\"center\">30<\/p>\n<\/td>\n<td width=\"38\">\n<p align=\"center\">2<\/p>\n<\/td>\n<\/tr>\n<tr>\n<td width=\"174\">\n<p align=\"center\"><b>05\/06, 06\/06 e 03\/07<\/b><\/p>\n<p align=\"center\"><b>(Turno: Manh\u00e3 e Tarde)<\/b><\/p>\n<\/td>\n<td width=\"438\">Estudos Avan\u00e7ados de Pol\u00edmeros de Aplica\u00e7\u00e3o Farmac\u00eautica (PPGCF)<\/td>\n<td width=\"85\">\n<p align=\"center\">Optativa<\/p>\n<\/td>\n<td width=\"283\">Dr. Francisco F\u00e1bio Oliveira de Sousa<\/td>\n<td width=\"35\">\n<p align=\"center\">30<\/p>\n<\/td>\n<td width=\"38\">\n<p align=\"center\">2<\/p>\n<\/td>\n<\/tr>\n<tr>\n<td width=\"174\">\n<p align=\"center\"><b>07 \u00e0 30\/06<\/b><\/p>\n<p align=\"center\"><b>(Turno: Tarde)<\/b><\/p>\n<p align=\"center\"><b>10\/07 (Turno: Manh\u00e3 e Tarde)<\/b><\/p>\n<\/td>\n<td width=\"438\">Metodologia Cient\u00edfica (PPGCF)<\/td>\n<td width=\"85\">\n<p align=\"center\">Obrigat\u00f3ria<\/p>\n<\/td>\n<td width=\"283\">Dra. Lorane Izabel da Silva Hage Melim<\/p>\n<p>Dra. Lilian Grace da Silva Solon<\/td>\n<td width=\"35\">\n<p align=\"center\">60<\/p>\n<\/td>\n<td width=\"38\">\n<p align=\"center\">4<\/p>\n<\/td>\n<\/tr>\n<tr>\n<td width=\"174\">\n<p align=\"center\"><b>13 \u00e0 30\/06<\/b><\/p>\n<p align=\"center\"><b>(Turno: Manh\u00e3 &#8211; exce\u00e7\u00e3o nas ter\u00e7as que ser\u00e3o manh\u00e3 e tarde)<\/b><\/p>\n<\/td>\n<td width=\"438\">Nanotecnologia Aplicada \u00e0 F\u00e1rmacos (PPGCF)<\/td>\n<td width=\"85\">\n<p align=\"center\">Optativa<\/p>\n<\/td>\n<td width=\"283\">Dr. Caio Pinho Fernandes<\/p>\n<p>Dra. Raquel Silva Ara\u00fajo<\/td>\n<td width=\"35\">\n<p align=\"center\">60<\/p>\n<\/td>\n<td width=\"38\">\n<p align=\"center\">4<\/p>\n<\/td>\n<\/tr>\n<tr>\n<td width=\"174\">\n<p align=\"center\"><b>04 \u00e0 07\/07<\/b><\/p>\n<p align=\"center\"><b>(Turno: Manh\u00e3 e Tarde)<\/b><\/p>\n<\/td>\n<td width=\"438\">Semin\u00e1rios em Ci\u00eancias Farmac\u00eauticas I (PPGCF)<\/td>\n<td width=\"85\">\n<p align=\"center\">Obrigat\u00f3ria<\/p>\n<\/td>\n<td width=\"283\">Dr. Raimundo Nonato Pican\u00e7o Souto<\/td>\n<td width=\"35\">\n<p align=\"center\">30<\/p>\n<\/td>\n<td width=\"38\">\n<p align=\"center\">2<\/p>\n<\/td>\n<\/tr>\n<tr>\n<td width=\"174\">\n<p align=\"center\"><b>11 \u00e0 14\/07<\/b><\/p>\n<p align=\"center\"><b>(Turno: Manh\u00e3 e Tarde)<\/b><\/p>\n<\/td>\n<td width=\"438\">Toxicologia da Reprodu\u00e7\u00e3o e do Desenvolvimento (PPGCF)<\/td>\n<td width=\"85\">\n<p align=\"center\">Optativa<\/p>\n<\/td>\n<td width=\"283\">Dra. Clarissa Silva Lima<\/td>\n<td width=\"35\">\n<p align=\"center\">30<\/p>\n<\/td>\n<td width=\"38\">\n<p align=\"center\">2<\/p>\n<\/td>\n<\/tr>\n<tr>\n<td width=\"174\">\n<p align=\"center\"><b>02 \u00e0 10\/08<\/b><\/p>\n<p align=\"center\"><b>(Turno: Manh\u00e3 e Tarde)<\/b><\/p>\n<\/td>\n<td width=\"438\">Prospec\u00e7\u00e3o de F\u00e1rmacos Antimicrobianos (PPGCF)<\/td>\n<td width=\"85\">\n<p align=\"center\">Optativa<\/p>\n<\/td>\n<td width=\"283\">Dra. Anna Eliza Maciel de F. Mota Ferreira<\/td>\n<td width=\"35\">\n<p align=\"center\">45<\/p>\n<\/td>\n<td width=\"38\">\n<p align=\"center\">3<\/p>\n<\/td>\n<\/tr>\n<tr>\n<td width=\"174\">\n<p align=\"center\"><b>14 \u00e0 23\/08<\/b><\/p>\n<p align=\"center\"><b>(Turno: Manh\u00e3 e Tarde)<\/b><\/p>\n<\/td>\n<td width=\"438\">An\u00e1lise Estereoqu\u00edmica de Candidatos \u00e0 F\u00e1rmacos (PPGCF)<\/td>\n<td width=\"85\">\n<p align=\"center\">Optativa<\/p>\n<\/td>\n<td width=\"283\">Dr. Rodrigo Alvez Soares Cruz<\/p>\n<p>Dr. Irlon Maciel Ferreira<\/td>\n<td width=\"35\">\n<p align=\"center\">60<\/p>\n<\/td>\n<td width=\"38\">\n<p align=\"center\">4<\/p>\n<\/td>\n<\/tr>\n<tr>\n<td width=\"174\">\n<p align=\"center\"><b>24 \u00e0 31\/08<\/b><\/p>\n<p align=\"center\"><b>(Turno: Tarde)<\/b><\/p>\n<\/td>\n<td width=\"438\">Desenvolvimento e Valida\u00e7\u00e3o de Fitoter\u00e1pico (PPGCF)<\/td>\n<td width=\"85\">\n<p align=\"center\">Optativa<\/p>\n<\/td>\n<td width=\"283\">Dra. Sheylla Susan M. da Silva de Almeida<\/td>\n<td width=\"35\">\n<p align=\"center\">30<\/p>\n<\/td>\n<td width=\"38\">\n<p align=\"center\">2<\/p>\n<\/td>\n<\/tr>\n<tr>\n<td width=\"174\">\n<p align=\"center\"><b>23\/08 \u00e0 05\/09<\/b><\/p>\n<p align=\"center\"><b>(Turno: alternadamente Manh\u00e3 e Tarde)<\/b><\/p>\n<\/td>\n<td width=\"438\">Metodologia do Ensino Superior (PPGCF)<\/td>\n<td width=\"85\">\n<p align=\"center\">Optativa<\/p>\n<\/td>\n<td width=\"283\">Dra. Leila do Socorro Rodrigues Feio<\/td>\n<td width=\"35\">\n<p align=\"center\">60<\/p>\n<\/td>\n<td width=\"38\">\n<p align=\"center\">4<\/p>\n<\/td>\n<\/tr>\n<\/tbody>\n<\/table>\n<p>&nbsp;<\/p>\n<p>Obs. 1: Este calend\u00e1rio de ofertas est\u00e1 sujeito a altera\u00e7\u00f5es, quanto ao dia de algumas das ofertas e\/ou inclus\u00e3o de ofertas de outras disciplinas, sem aviso pr\u00e9vio.<\/p>\n","protected":false},"excerpt":{"rendered":"<p>CALEND\u00c1RIO DE DISCIPLINAS (1\u00ba SEMESTRE \/ MAIO-SETEMBRO\/2017) \u2192 Cronograma de aulas 2017.1 &nbsp; PER\u00cdODO DISCIPLINA TIPO DOCENTE CH Crd 12\/05\/2017 In\u00edcio \u00e0s 15h Aula Inaugural do Curso de Mestrado do Programa de P\u00f3s-Gradua\u00e7\u00e3o em Ci\u00eancias Farmac\u00eauticas &#8211; PPGCF\/UNIFAP Obrigat\u00f3ria &#8211;&hellip; <\/p>\n<p><a href=\"https:\/\/www2.unifap.br\/ppgcf\/ofertas-de-disciplinas\/ofertas-2017-1\/\" class=\"readmore-button\">Continue Reading<\/a><\/p>\n","protected":false},"author":624,"featured_media":0,"parent":1199,"menu_order":5,"comment_status":"open","ping_status":"open","template":"","meta":{"inline_featured_image":false,"ngg_post_thumbnail":0,"footnotes":""},"class_list":["post-1821","page","type-page","status-publish","hentry"],"_links":{"self":[{"href":"https:\/\/www2.unifap.br\/ppgcf\/wp-json\/wp\/v2\/pages\/1821","targetHints":{"allow":["GET"]}}],"collection":[{"href":"https:\/\/www2.unifap.br\/ppgcf\/wp-json\/wp\/v2\/pages"}],"about":[{"href":"https:\/\/www2.unifap.br\/ppgcf\/wp-json\/wp\/v2\/types\/page"}],"author":[{"embeddable":true,"href":"https:\/\/www2.unifap.br\/ppgcf\/wp-json\/wp\/v2\/users\/624"}],"replies":[{"embeddable":true,"href":"https:\/\/www2.unifap.br\/ppgcf\/wp-json\/wp\/v2\/comments?post=1821"}],"version-history":[{"count":5,"href":"https:\/\/www2.unifap.br\/ppgcf\/wp-json\/wp\/v2\/pages\/1821\/revisions"}],"predecessor-version":[{"id":1890,"href":"https:\/\/www2.unifap.br\/ppgcf\/wp-json\/wp\/v2\/pages\/1821\/revisions\/1890"}],"up":[{"embeddable":true,"href":"https:\/\/www2.unifap.br\/ppgcf\/wp-json\/wp\/v2\/pages\/1199"}],"wp:attachment":[{"href":"https:\/\/www2.unifap.br\/ppgcf\/wp-json\/wp\/v2\/media?parent=1821"}],"curies":[{"name":"wp","href":"https:\/\/api.w.org\/{rel}","templated":true}]}}