{"id":1824,"date":"2017-05-10T21:09:38","date_gmt":"2017-05-10T21:09:38","guid":{"rendered":"http:\/\/www2.unifap.br\/ppgcf\/?page_id=1824"},"modified":"2017-05-10T21:11:38","modified_gmt":"2017-05-10T21:11:38","slug":"cronograma-de-aulas-2017-1","status":"publish","type":"page","link":"https:\/\/www2.unifap.br\/ppgcf\/ofertas-de-disciplinas\/ofertas-2017-1\/cronograma-de-aulas-2017-1\/","title":{"rendered":"Cronograma de Aulas 2017.1"},"content":{"rendered":"<h3 style=\"text-align: center\">PROGRAMA DE P\u00d3S-GRADUA\u00c7\u00c3O EM CI\u00caNCIAS FARMAC\u00caUTICAS &#8211; PPGCF<\/h3>\n<p><a href=\"http:\/\/www2.unifap.br\/ppgcf\/files\/2017\/05\/PPGCF-2017-1_CRONOGRAMA-DE-AULAS.pdf\">\u2192 Cronograma de ofertas em formato PDF<\/a><\/p>\n<p style=\"text-align: center\"><strong>MAIO\/2017<\/strong><\/p>\n<p style=\"text-align: center\"><a href=\"http:\/\/www2.unifap.br\/ppgcf\/files\/2017\/05\/05-CRONOGRAMA_DE_AULAS_-_MAIO_2017.png\"><img decoding=\"async\" class=\"alignnone size-medium wp-image-1828\" alt=\"05 CRONOGRAMA_DE_AULAS_-_MAIO_2017\" src=\"http:\/\/www2.unifap.br\/ppgcf\/files\/2017\/05\/05-CRONOGRAMA_DE_AULAS_-_MAIO_2017-300x165.png\" width=\"300\" height=\"165\" srcset=\"https:\/\/www2.unifap.br\/ppgcf\/files\/2017\/05\/05-CRONOGRAMA_DE_AULAS_-_MAIO_2017-300x165.png 300w, https:\/\/www2.unifap.br\/ppgcf\/files\/2017\/05\/05-CRONOGRAMA_DE_AULAS_-_MAIO_2017.png 879w\" sizes=\"(max-width: 300px) 100vw, 300px\" \/><\/a><\/p>\n<p style=\"text-align: center\"><strong>JUNHO\/2017<\/strong><\/p>\n<p style=\"text-align: center\"><a href=\"http:\/\/www2.unifap.br\/ppgcf\/files\/2017\/05\/06-CRONOGRAMA_DE_AULAS_-_JUNHO_2017.png\"><img fetchpriority=\"high\" decoding=\"async\" class=\"alignnone size-medium wp-image-1829\" alt=\"06 CRONOGRAMA_DE_AULAS_-_JUNHO_2017\" src=\"http:\/\/www2.unifap.br\/ppgcf\/files\/2017\/05\/06-CRONOGRAMA_DE_AULAS_-_JUNHO_2017-300x188.png\" width=\"300\" height=\"188\" srcset=\"https:\/\/www2.unifap.br\/ppgcf\/files\/2017\/05\/06-CRONOGRAMA_DE_AULAS_-_JUNHO_2017-300x188.png 300w, https:\/\/www2.unifap.br\/ppgcf\/files\/2017\/05\/06-CRONOGRAMA_DE_AULAS_-_JUNHO_2017.png 876w\" sizes=\"(max-width: 300px) 100vw, 300px\" \/><\/a><\/p>\n<p style=\"text-align: center\"><strong>JULHO\/2017<\/strong><\/p>\n<p style=\"text-align: center\"><a href=\"http:\/\/www2.unifap.br\/ppgcf\/files\/2017\/05\/07-CRONOGRAMA_DE_AULAS_-_JULHO_2017.png\"><img decoding=\"async\" class=\"alignnone size-medium wp-image-1830\" alt=\"07 CRONOGRAMA_DE_AULAS_-_JULHO_2017\" src=\"http:\/\/www2.unifap.br\/ppgcf\/files\/2017\/05\/07-CRONOGRAMA_DE_AULAS_-_JULHO_2017-300x188.png\" width=\"300\" height=\"188\" srcset=\"https:\/\/www2.unifap.br\/ppgcf\/files\/2017\/05\/07-CRONOGRAMA_DE_AULAS_-_JULHO_2017-300x188.png 300w, https:\/\/www2.unifap.br\/ppgcf\/files\/2017\/05\/07-CRONOGRAMA_DE_AULAS_-_JULHO_2017.png 875w\" sizes=\"(max-width: 300px) 100vw, 300px\" \/><\/a><\/p>\n<p style=\"text-align: center\"><strong>AGOSTO\/2017<\/strong><\/p>\n<p style=\"text-align: center\"><a href=\"http:\/\/www2.unifap.br\/ppgcf\/files\/2017\/05\/08-CRONOGRAMA_DE_AULAS_-_AGOSTO_2017.png\"><img loading=\"lazy\" decoding=\"async\" class=\"alignnone size-medium wp-image-1831\" alt=\"08 CRONOGRAMA_DE_AULAS_-_AGOSTO_2017\" src=\"http:\/\/www2.unifap.br\/ppgcf\/files\/2017\/05\/08-CRONOGRAMA_DE_AULAS_-_AGOSTO_2017-300x182.png\" width=\"300\" height=\"182\" srcset=\"https:\/\/www2.unifap.br\/ppgcf\/files\/2017\/05\/08-CRONOGRAMA_DE_AULAS_-_AGOSTO_2017-300x182.png 300w, https:\/\/www2.unifap.br\/ppgcf\/files\/2017\/05\/08-CRONOGRAMA_DE_AULAS_-_AGOSTO_2017.png 876w\" sizes=\"(max-width: 300px) 100vw, 300px\" \/><\/a><\/p>\n<p style=\"text-align: center\"><strong>SETEMBRO\/2017<\/strong><\/p>\n<p style=\"text-align: center\"><a href=\"http:\/\/www2.unifap.br\/ppgcf\/files\/2017\/05\/09-CRONOGRAMA_DE_AULAS_-_SETEMBRO_2017.png\"><img loading=\"lazy\" decoding=\"async\" class=\"alignnone size-medium wp-image-1832\" alt=\"09 CRONOGRAMA_DE_AULAS_-_SETEMBRO_2017\" src=\"http:\/\/www2.unifap.br\/ppgcf\/files\/2017\/05\/09-CRONOGRAMA_DE_AULAS_-_SETEMBRO_2017-300x152.png\" width=\"300\" height=\"152\" srcset=\"https:\/\/www2.unifap.br\/ppgcf\/files\/2017\/05\/09-CRONOGRAMA_DE_AULAS_-_SETEMBRO_2017-300x152.png 300w, https:\/\/www2.unifap.br\/ppgcf\/files\/2017\/05\/09-CRONOGRAMA_DE_AULAS_-_SETEMBRO_2017.png 872w\" sizes=\"(max-width: 300px) 100vw, 300px\" \/><\/a><\/p>\n<p style=\"text-align: justify\">Obs. 01: Este calend\u00e1rio de ofertas est\u00e1 sujeito a altera\u00e7\u00f5es, quanto ao dia de algumas das ofertas e\/ou inclus\u00e3o de ofertas de outras disciplinas, sem aviso pr\u00e9vio;<\/p>\n<p style=\"text-align: justify\">Obs. 02: Ofertas atualizadas em 10\/05\/2017.<\/p>\n<p><!--[if gte vml 1]&gt;--><\/p>\n<p><!--[if !vml]--><\/p>\n<table cellspacing=\"0\" cellpadding=\"0\" align=\"left\">\n<tbody>\n<tr>\n<td width=\"964\" height=\"44\"><\/td>\n<\/tr>\n<tr>\n<td><\/td>\n<td><img loading=\"lazy\" decoding=\"async\" alt=\"\" src=\"\/Users\/EDSONJ~1\/AppData\/Local\/Temp\/msohtmlclip1\/01\/clip_image002.gif\" width=\"104\" height=\"97\" \/><\/td>\n<\/tr>\n<\/tbody>\n<\/table>\n<p><!--[endif]--><\/p>\n","protected":false},"excerpt":{"rendered":"<p>PROGRAMA DE P\u00d3S-GRADUA\u00c7\u00c3O EM CI\u00caNCIAS FARMAC\u00caUTICAS &#8211; PPGCF \u2192 Cronograma de ofertas em formato PDF MAIO\/2017 JUNHO\/2017 JULHO\/2017 AGOSTO\/2017 SETEMBRO\/2017 Obs. 01: Este calend\u00e1rio de ofertas est\u00e1 sujeito a altera\u00e7\u00f5es, quanto ao dia de algumas das ofertas e\/ou inclus\u00e3o de&hellip; <\/p>\n<p><a href=\"https:\/\/www2.unifap.br\/ppgcf\/ofertas-de-disciplinas\/ofertas-2017-1\/cronograma-de-aulas-2017-1\/\" class=\"readmore-button\">Continue Reading<\/a><\/p>\n","protected":false},"author":624,"featured_media":0,"parent":1821,"menu_order":1,"comment_status":"open","ping_status":"open","template":"","meta":{"inline_featured_image":false,"ngg_post_thumbnail":0,"footnotes":""},"class_list":["post-1824","page","type-page","status-publish","hentry"],"_links":{"self":[{"href":"https:\/\/www2.unifap.br\/ppgcf\/wp-json\/wp\/v2\/pages\/1824","targetHints":{"allow":["GET"]}}],"collection":[{"href":"https:\/\/www2.unifap.br\/ppgcf\/wp-json\/wp\/v2\/pages"}],"about":[{"href":"https:\/\/www2.unifap.br\/ppgcf\/wp-json\/wp\/v2\/types\/page"}],"author":[{"embeddable":true,"href":"https:\/\/www2.unifap.br\/ppgcf\/wp-json\/wp\/v2\/users\/624"}],"replies":[{"embeddable":true,"href":"https:\/\/www2.unifap.br\/ppgcf\/wp-json\/wp\/v2\/comments?post=1824"}],"version-history":[{"count":3,"href":"https:\/\/www2.unifap.br\/ppgcf\/wp-json\/wp\/v2\/pages\/1824\/revisions"}],"predecessor-version":[{"id":1939,"href":"https:\/\/www2.unifap.br\/ppgcf\/wp-json\/wp\/v2\/pages\/1824\/revisions\/1939"}],"up":[{"embeddable":true,"href":"https:\/\/www2.unifap.br\/ppgcf\/wp-json\/wp\/v2\/pages\/1821"}],"wp:attachment":[{"href":"https:\/\/www2.unifap.br\/ppgcf\/wp-json\/wp\/v2\/media?parent=1824"}],"curies":[{"name":"wp","href":"https:\/\/api.w.org\/{rel}","templated":true}]}}