{"id":1931,"date":"2017-09-06T18:34:47","date_gmt":"2017-09-06T18:34:47","guid":{"rendered":"http:\/\/www2.unifap.br\/ppgcf\/?page_id=1931"},"modified":"2017-10-17T12:55:20","modified_gmt":"2017-10-17T12:55:20","slug":"ofertas-2017-2","status":"publish","type":"page","link":"https:\/\/www2.unifap.br\/ppgcf\/ofertas-de-disciplinas\/ofertas-2017-2\/","title":{"rendered":"Ofertas 2017.2"},"content":{"rendered":"<p>CALEND\u00c1RIO DE DISCIPLINAS (2\u00ba SEMESTRE \/ SETEMBRO\/2017 \u00e0 JANEIRO DE 2018)<\/p>\n<p><a href=\"http:\/\/www2.unifap.br\/ppgcf\/ofertas-de-disciplinas\/ofertas-2017-2\/cronograma-de-aulas-2017-2\/\">\u2192 Cronograma de aulas 2017.2<\/a><\/p>\n<p>&nbsp;<\/p>\n<table width=\"1064\" border=\"1\" cellspacing=\"0\" cellpadding=\"0\">\n<tbody>\n<tr>\n<td width=\"180\">\n<p align=\"center\"><b>PER\u00cdODO<\/b><\/p>\n<\/td>\n<td width=\"451\">\n<p align=\"center\"><b>DISCIPLINA<\/b><\/p>\n<\/td>\n<td width=\"80\">\n<p align=\"center\"><b>TIPO<\/b><\/p>\n<\/td>\n<td width=\"280\">\n<p align=\"center\"><b>DOCENTE<\/b><\/p>\n<\/td>\n<td width=\"36\">\n<p align=\"center\"><b>CH<\/b><\/p>\n<\/td>\n<td width=\"38\">\n<p align=\"center\"><b>Crd<\/b><\/p>\n<\/td>\n<\/tr>\n<tr>\n<td width=\"180\">\n<p align=\"center\"><b>18 \u00e0 26\/09<\/b><\/p>\n<p align=\"center\"><b>(Turnos: Manh\u00e3 e Tarde)<\/b><\/p>\n<\/td>\n<td width=\"451\">Estudos\u00a0<i>in vitro<\/i>\u00a0da A\u00e7\u00e3o de F\u00e1rmacos de Sistemas Eucari\u00f3ticos<\/td>\n<td width=\"80\">\n<p align=\"center\">Optativa<\/p>\n<\/td>\n<td width=\"280\">Dr. Madson Ralide Fonseca Gomes<\/td>\n<td width=\"36\">\n<p align=\"center\">30<\/p>\n<\/td>\n<td width=\"38\">\n<p align=\"center\">2<\/p>\n<\/td>\n<\/tr>\n<tr>\n<td width=\"180\">\n<p align=\"center\"><b>18 e 19\/09 &#8211; Reuni\u00e3o com matriculados (Turno: Tarde)<\/b><\/p>\n<p align=\"center\"><b>\u00a0<\/b><\/p>\n<p align=\"center\"><b>Cumprimento de carga hor\u00e1ria conforme orienta\u00e7\u00f5es nas reuni\u00f5es<\/b><\/p>\n<\/td>\n<td width=\"451\">Semin\u00e1rios em Ci\u00eancias Farmac\u00eauticas II<\/td>\n<td width=\"80\">\n<p align=\"center\">Obrigat\u00f3ria<\/p>\n<\/td>\n<td width=\"280\">Dr. Francisco F\u00e1bio Oliveira de Sousa<\/td>\n<td width=\"36\">\n<p align=\"center\">30<\/p>\n<\/td>\n<td width=\"38\">\n<p align=\"center\">2<\/p>\n<\/td>\n<\/tr>\n<tr>\n<td width=\"180\">\n<p align=\"center\"><b>21\/09 \u00e0s 14h &#8211; Reuni\u00e3o com matriculados.<\/b><b><\/b><\/p>\n<p align=\"center\"><b>\u00a0<\/b><\/p>\n<p align=\"center\"><b>Cumprimento da carga hor\u00e1ria: De acordo com calend\u00e1rio da gradua\u00e7\u00e3o<\/b><b><\/b><\/p>\n<\/td>\n<td width=\"451\">Est\u00e1gio de Doc\u00eancia na Gradua\u00e7\u00e3o<\/td>\n<td width=\"80\">\n<p align=\"center\">Obrigat\u00f3ria<\/p>\n<\/td>\n<td width=\"280\">Dr. Rodrigo Alves Soares Cruz<\/td>\n<td width=\"36\">\n<p align=\"center\">30<\/p>\n<\/td>\n<td width=\"38\">\n<p align=\"center\">2<\/p>\n<\/td>\n<\/tr>\n<tr>\n<td width=\"180\">\n<p align=\"center\"><b>26\/09 \u00e0 02\/10 &#8211; Tuno: Manh\u00e3<\/b><\/p>\n<p align=\"center\"><b>04\/10 &#8211; Turnos: Manh\u00e3 e Tarde<\/b><\/p>\n<p align=\"center\"><b>09\/10 &#8211; Tuno: Manh\u00e3<\/b><\/p>\n<\/td>\n<td width=\"451\">M\u00e9todos para Caracteriza\u00e7\u00e3o de Nanoestruturas Aplicadas \u00e0 F\u00e1rmacos<\/p>\n<p><span style=\"color: #ff0000\">(OFERTA CANCELADA)<\/span><\/td>\n<td width=\"80\">\n<p align=\"center\">Optativa<\/p>\n<\/td>\n<td width=\"280\">Dra. Raquel Silva Ara\u00fajo<\/td>\n<td width=\"36\">\n<p align=\"center\">30<\/p>\n<\/td>\n<td width=\"38\">\n<p align=\"center\">2<\/p>\n<\/td>\n<\/tr>\n<tr>\n<td width=\"180\">\n<p align=\"center\"><b>03 \u00e0 14\/10 &#8211; Turno: Manh\u00e3<\/b><\/p>\n<p align=\"center\"><b>21 e 24\/10 &#8211; Turno: Tarde<\/b><\/p>\n<\/td>\n<td width=\"451\">Gen\u00e9tica Toxicol\u00f3gica e Mutagenicidade de F\u00e1rmacos<span style=\"color: #ff0000\">(OFERTA CANCELADA)<\/span><\/td>\n<td width=\"80\">\n<p align=\"center\">Optativa<\/p>\n<\/td>\n<td width=\"280\">Dr. Moacir de Azevedo B. Monteiro Neto<\/td>\n<td width=\"36\">\n<p align=\"center\">45<\/p>\n<\/td>\n<td width=\"38\">\n<p align=\"center\">3<\/p>\n<\/td>\n<\/tr>\n<tr>\n<td width=\"180\">\n<p align=\"center\"><b>16 \u00e0 21\/10<\/b><\/p>\n<p align=\"center\"><b>(Turno: Manh\u00e3)<\/b><\/p>\n<\/td>\n<td width=\"451\">Bioqu\u00edmica do Metabolismo Oxidativo<\/td>\n<td width=\"80\">\n<p align=\"center\">Optativa<\/p>\n<\/td>\n<td width=\"280\">Dr. Gabriel Ara\u00fajo da Silva<\/td>\n<td width=\"36\">\n<p align=\"center\">30<\/p>\n<\/td>\n<td width=\"38\">\n<p align=\"center\">2<\/p>\n<\/td>\n<\/tr>\n<tr>\n<td width=\"180\">\n<p align=\"center\"><b>23 \u00e0 31\/10<\/b><\/p>\n<p align=\"center\"><b>(Turnos: Manh\u00e3 e Tarde)<\/b><\/p>\n<\/td>\n<td width=\"451\">T\u00e9cnicas Avan\u00e7adas de Preparo de Amostras Qu\u00edmico-Farmac\u00eauticas<\/td>\n<td width=\"80\">\n<p align=\"center\">Optativa<\/p>\n<\/td>\n<td width=\"280\">Dra. Lilian Grace da Silva Solon<\/td>\n<td width=\"36\">\n<p align=\"center\">45<\/p>\n<\/td>\n<td width=\"38\">\n<p align=\"center\">3<\/p>\n<\/td>\n<\/tr>\n<tr>\n<td width=\"180\">\n<p align=\"center\"><b>06 \u00e0 17\/11<\/b><\/p>\n<p align=\"center\"><b>(Turno: Tarde)<\/b><\/p>\n<\/td>\n<td width=\"451\">M\u00e9todos de Avalia\u00e7\u00e3o da Atividade Inseticida e Repelente em Mosquitos<\/td>\n<td width=\"80\">\n<p align=\"center\">Optativa<\/p>\n<\/td>\n<td width=\"280\">Dr. Raimundo Nonato Pican\u00e7o Souto<\/td>\n<td width=\"36\">\n<p align=\"center\">45<\/p>\n<\/td>\n<td width=\"38\">\n<p align=\"center\">3<\/p>\n<\/td>\n<\/tr>\n<tr>\n<td width=\"180\">\n<p align=\"center\"><b>16 \u00e0 24\/11<\/b><\/p>\n<p align=\"center\"><b>(Turnos: Manh\u00e3 e Tarde)<\/b><\/p>\n<\/td>\n<td width=\"451\">Metodologias para a Avalia\u00e7\u00e3o da Citotoxicidade de F\u00e1rmacos<\/td>\n<td width=\"80\">\n<p align=\"center\">Optativa<\/p>\n<\/td>\n<td width=\"280\">Dr. Madson Ralide Fonseca Gomes<\/td>\n<td width=\"36\">\n<p align=\"center\">30<\/p>\n<\/td>\n<td width=\"38\">\n<p align=\"center\">2<\/p>\n<\/td>\n<\/tr>\n<tr>\n<td width=\"180\">\n<p align=\"center\"><b>11 \u00e0 15\/12<\/b><\/p>\n<p align=\"center\"><b>(Turno: Manh\u00e3)<\/b><\/p>\n<\/td>\n<td width=\"451\">Reda\u00e7\u00e3o Cient\u00edfica<\/td>\n<td width=\"80\">\n<p align=\"center\">Optativa<\/p>\n<\/td>\n<td width=\"280\">Dra. Lilian Grace da Silva Solon<\/td>\n<td width=\"36\">\n<p align=\"center\">30<\/p>\n<\/td>\n<td width=\"38\">\n<p align=\"center\">2<\/p>\n<\/td>\n<\/tr>\n<tr>\n<td width=\"180\">\n<p align=\"center\"><b>27\/11 \u00e0 07\/12<\/b><\/p>\n<p align=\"center\"><b>(Turnos: Manh\u00e3 e Tarde)<\/b><\/p>\n<\/td>\n<td width=\"451\">Biotecnologia de Processos Enzim\u00e1ticos<\/td>\n<td width=\"80\">\n<p align=\"center\">Optativa<\/p>\n<\/td>\n<td width=\"280\">Dr. Irlon Maciel Ferreira<\/p>\n<p>Dr. Rodrigo Alves Soares Cruz<\/p>\n<p>Dra. Anna Eliza Maciel de F. Mota Oliveira<\/td>\n<td width=\"36\">\n<p align=\"center\">60<\/p>\n<\/td>\n<td width=\"38\">\n<p align=\"center\">4<\/p>\n<\/td>\n<\/tr>\n<tr>\n<td width=\"180\">\n<p align=\"center\"><b>14\/12\/2017 \u00e0 05\/01\/2018<\/b><\/p>\n<p align=\"center\"><b>(Turnos: Manh\u00e3 e Tarde)<\/b><\/p>\n<\/td>\n<td width=\"451\">Qu\u00edmica Medicinal Aplicada<\/td>\n<td width=\"80\">\n<p align=\"center\">Optativa<\/p>\n<\/td>\n<td width=\"280\">Dr. Cleydson Breno Rodrigues dos Santos<\/td>\n<td width=\"36\">\n<p align=\"center\">60<\/p>\n<\/td>\n<td width=\"38\">\n<p align=\"center\">4<\/p>\n<\/td>\n<\/tr>\n<tr>\n<td width=\"180\">\n<p align=\"center\"><b>15 \u00e0 27\/01<\/b><\/p>\n<p align=\"center\"><b>(Turnos: Manh\u00e3 e Tarde)<\/b><\/p>\n<\/td>\n<td width=\"451\">M\u00e9todos Estat\u00edsticos Aplicados aos Ensaios Biol\u00f3gicos<\/td>\n<td width=\"80\">\n<p align=\"center\">Obrigat\u00f3ria<\/p>\n<\/td>\n<td width=\"280\">Dr. Alexandro Florentino<\/p>\n<p>Dra. Maira Pombo<\/td>\n<td width=\"36\">\n<p align=\"center\">60<\/p>\n<\/td>\n<td width=\"38\">\n<p align=\"center\">4<\/p>\n<\/td>\n<\/tr>\n<\/tbody>\n<\/table>\n<p>&nbsp;<\/p>\n<p>Obs. 01: Este calend\u00e1rio de ofertas est\u00e1 sujeito a altera\u00e7\u00f5es, quanto ao dia de algumas das ofertas e\/ou inclus\u00e3o de ofertas de outras disciplinas, sem aviso pr\u00e9vio;<\/p>\n<p>Obs. 02: Ofertas publicadas em 06\/09\/2017.<\/p>\n<p>&nbsp;<\/p>\n<p>Edit. 01 em 08\/09\/2017: Oferta da disciplina &#8220;Semin\u00e1rios em Ci\u00eancias Farmac\u00eauticas II&#8221; alterada, passando \u00e0 ser ofertada de 18 e 21\/09 para 18 e 19\/09.<\/p>\n<p>Edit. 02 em 15\/09\/2017: Oferta da disciplina &#8220;Est\u00e1gio de Doc\u00eancia na Gradua\u00e7\u00e3o&#8221; alterada, passando sua reuni\u00e3o inicial do dia 15\/09 \u00e0s 08 horas para 21\/09 \u00e0s 14 horas.<\/p>\n<p>Edit. 03 em 18\/09\/2017: Inclus\u00e3o de oferta da disciplina &#8220;Gen\u00e9tica Toxicol\u00f3gica e Mutagenicidade de F\u00e1rmacos&#8221; em Outubro de 2017.<\/p>\n<p>Edit. 04 em 22\/09\/2017: Cancelamento de oferta da disciplina &#8220;M\u00e9todos para Caracteriza\u00e7\u00e3o de Nanoestruturas Aplicadas \u00e0 F\u00e1rmacos&#8221;.<\/p>\n<p>Edit. 05 em 02\/10\/2017: Cancelamento de oferta da disciplina &#8220;Gen\u00e9tica Toxicol\u00f3gica e Mutagenicidade de F\u00e1rmacos&#8221;.<\/p>\n<p>Edit. 06 em 10\/10\/2017: Altera\u00e7\u00e3o de oferta da disciplina &#8220;T\u00e9cnicas Avan\u00e7adas de Preparo de Amostras Quimico-Farmac\u00eauticas&#8221;.<\/p>\n","protected":false},"excerpt":{"rendered":"<p>CALEND\u00c1RIO DE DISCIPLINAS (2\u00ba SEMESTRE \/ SETEMBRO\/2017 \u00e0 JANEIRO DE 2018) \u2192 Cronograma de aulas 2017.2 &nbsp; PER\u00cdODO DISCIPLINA TIPO DOCENTE CH Crd 18 \u00e0 26\/09 (Turnos: Manh\u00e3 e Tarde) Estudos\u00a0in vitro\u00a0da A\u00e7\u00e3o de F\u00e1rmacos de Sistemas Eucari\u00f3ticos Optativa Dr.&hellip; <\/p>\n<p><a href=\"https:\/\/www2.unifap.br\/ppgcf\/ofertas-de-disciplinas\/ofertas-2017-2\/\" class=\"readmore-button\">Continue Reading<\/a><\/p>\n","protected":false},"author":624,"featured_media":0,"parent":1199,"menu_order":6,"comment_status":"open","ping_status":"open","template":"","meta":{"inline_featured_image":false,"ngg_post_thumbnail":0,"footnotes":""},"class_list":["post-1931","page","type-page","status-publish","hentry"],"_links":{"self":[{"href":"https:\/\/www2.unifap.br\/ppgcf\/wp-json\/wp\/v2\/pages\/1931","targetHints":{"allow":["GET"]}}],"collection":[{"href":"https:\/\/www2.unifap.br\/ppgcf\/wp-json\/wp\/v2\/pages"}],"about":[{"href":"https:\/\/www2.unifap.br\/ppgcf\/wp-json\/wp\/v2\/types\/page"}],"author":[{"embeddable":true,"href":"https:\/\/www2.unifap.br\/ppgcf\/wp-json\/wp\/v2\/users\/624"}],"replies":[{"embeddable":true,"href":"https:\/\/www2.unifap.br\/ppgcf\/wp-json\/wp\/v2\/comments?post=1931"}],"version-history":[{"count":11,"href":"https:\/\/www2.unifap.br\/ppgcf\/wp-json\/wp\/v2\/pages\/1931\/revisions"}],"predecessor-version":[{"id":1967,"href":"https:\/\/www2.unifap.br\/ppgcf\/wp-json\/wp\/v2\/pages\/1931\/revisions\/1967"}],"up":[{"embeddable":true,"href":"https:\/\/www2.unifap.br\/ppgcf\/wp-json\/wp\/v2\/pages\/1199"}],"wp:attachment":[{"href":"https:\/\/www2.unifap.br\/ppgcf\/wp-json\/wp\/v2\/media?parent=1931"}],"curies":[{"name":"wp","href":"https:\/\/api.w.org\/{rel}","templated":true}]}}