{"id":2,"date":"2012-05-25T18:17:43","date_gmt":"2012-05-25T18:17:43","guid":{"rendered":"http:\/\/www2.unifap.br\/ppgcf\/?page_id=2"},"modified":"2016-01-28T14:11:32","modified_gmt":"2016-01-28T14:11:32","slug":"apresentacao","status":"publish","type":"page","link":"https:\/\/www2.unifap.br\/ppgcf\/apresentacao\/","title":{"rendered":"Apresenta\u00e7\u00e3o"},"content":{"rendered":"<h3><\/h3>\n<h3><strong>SOBRE O CURSO<\/strong><\/h3>\n<p style=\"text-align: justify\"><a href=\"http:\/\/www2.unifap.br\/ppgcf\/files\/2012\/05\/STP60935.jpg\"><img fetchpriority=\"high\" decoding=\"async\" class=\"alignleft size-medium wp-image-46\" alt=\"\" src=\"http:\/\/www2.unifap.br\/ppgcf\/files\/2012\/05\/STP60935-225x300.jpg\" width=\"225\" height=\"300\" srcset=\"https:\/\/www2.unifap.br\/ppgcf\/files\/2012\/05\/STP60935-225x300.jpg 225w, https:\/\/www2.unifap.br\/ppgcf\/files\/2012\/05\/STP60935-135x180.jpg 135w, https:\/\/www2.unifap.br\/ppgcf\/files\/2012\/05\/STP60935.jpg 768w\" sizes=\"(max-width: 225px) 100vw, 225px\" \/><\/a>Programa de P\u00f3s-Gradua\u00e7\u00e3o em Ci\u00eancias Farmac\u00eauticas, em n\u00edvel de Mestrado Acad\u00eamico, da Universidade Federal do Amap\u00e1 (UNIFAP), tem por objetivos promover a capacita\u00e7\u00e3o docente, a forma\u00e7\u00e3o de pesquisadores e o aprimoramento t\u00e9cnico-cient\u00edfico de profissionais que exer\u00e7am atividades inerentes \u00e0s ci\u00eancias farmac\u00eauticas, bem como estimular a produ\u00e7\u00e3o de novos conhecimentos nas \u00e1reas de abrang\u00eancia do curso.<\/p>\n<p style=\"text-align: justify\">O Programa de P\u00f3s-Gradua\u00e7\u00e3o em Ci\u00eancias Farmac\u00eauticas (PPGCF) tem como base o corpo de docentes do curso de gradua\u00e7\u00e3o em Ci\u00eancias Farmac\u00eauticas da Universidade Federal do Amap\u00e1 &#8211; UNIFAP, entretanto, h\u00e1 participa\u00e7\u00e3o no corpo de orientadores de pesquisadores de institui\u00e7\u00f5es francesas e cubanas, n\u00e3o s\u00f3 para fortalecer a proposta do PPGCF, mas tamb\u00e9m para concretizar a rela\u00e7\u00e3o pr\u00e9-estabelecida da forma\u00e7\u00e3o do Centro Franco-Brasileiro da Biodiversidade Amaz\u00f4nica, da qual a UNIFAP faz parte, e estabeleceu coopera\u00e7\u00f5es t\u00e9cnico-cient\u00edficas com as seguintes institui\u00e7\u00f5es:<\/p>\n<p style=\"text-align: justify\">a) Universit\u00e9 des Antilles et de la Guyane (UAG);<\/p>\n<p style=\"text-align: justify\">b) Centre National de la Recherche Scientifique &#8211; CNRS; e Institut de Recherche pour le D\u00e9veloppement &#8211; IRD.<\/p>\n<p style=\"text-align: justify\">Vale ressaltar, que s\u00e3o apenas 560 km que separam o Brasil (Macap\u00e1) do territ\u00f3rio Franc\u00eas, tendo acesso por vias a\u00e9rea, rodovi\u00e1ria e mar\u00edtima, o que facilita o intercambio continuo de estudantes e pesquisadores, inclusive com compartilhamento da infraestrutura laboratorial dos dois lados.<\/p>\n<p style=\"text-align: justify\">Para essa proposta foram estabelecidos conv\u00eanios espec\u00edficos com a participa\u00e7\u00e3o dos seguintes pesquisadores:<\/p>\n<p style=\"text-align: justify\">&#8211; Dr. Didier Stien &#8211; Equipe Substances Naturelles et Biodiversit\u00e9 &#8211; Institut de Chimie des Substances Naturelles, Gif sur Yvette cedex (ICSN) &#8211; Centre National de la Recherche Scientifique &#8211; CNRS;<\/p>\n<p style=\"text-align: justify\">&#8211; Dr. Didier Bereau &#8211; Campus Universitaire Saint-Denis, Caiena &#8211; Universit\u00e9 des Antilles et de la Guyane (UAG);<\/p>\n<p style=\"text-align: justify\">&#8211; Dr Jean-Charles Robinson &#8211; Directeur Adjoint de l&#8217;UMR QUALITROP &#8211; Campus Universitaire Saint-Denis, Caiena &#8211; Universit\u00e9 des Antilles et de la Guyane (UAG).<\/p>\n<p style=\"text-align: justify\">O PPGCF foi recomendado pela CAPES em Junho de 2012 e aprovado ao fim do mesmo ano com conceito 3, j\u00e1 iniciando suas atividades acad\u00eamicas em Janeiro de 2013 com o ingresso dos aprovados no Processo Seletivo e in\u00edcio da primeira turma de mestrandos. Sendo reconhecido a partir de 24 de Janeiro de 2014 pela Portaria N\u00ba 51 da CAPES\/MEC.<\/p>\n<p style=\"text-align: justify\"><strong>\u00c1REAS DE CONCENTRA\u00c7\u00c3O<\/strong><\/p>\n<p style=\"text-align: justify\">&#8211; Biologia Farmac\u00eautica.<\/p>\n<p style=\"text-align: justify\">&#8211; Tecnologias aplicadas a f\u00e1rmacos.<\/p>\n<p style=\"text-align: justify\">\u2192\u00a0Informa\u00e7\u00f5es sobre as \u00e1reas de concentra\u00e7\u00e3o\u00a0<a href=\"http:\/\/www2.unifap.br\/ppgcf\/apresentacao\/areas-de-concentracao\/\">aqui<\/a>.<\/p>\n<p style=\"text-align: justify\"><strong>LINHAS DE PESQUISA<\/strong><\/p>\n<p style=\"text-align: justify\">&#8211; Valida\u00e7\u00e3o qu\u00edmica-biol\u00f3gica de f\u00e1rmacos de origem sint\u00e9tica e natural &#8211; Biologia Farmac\u00eautica.<\/p>\n<p style=\"text-align: justify\">&#8211; Nanotecnologia aplicada a\u00a0f\u00e1rmacos\u00a0e medicamentos &#8211; Tecnologias aplicadas\u00a0a\u00a0f\u00e1rmacos.<\/p>\n<p style=\"text-align: justify\">&#8211;\u00a0Qu\u00edmica medicinal e desenvolvimento de f\u00e1rmacos\u00a0&#8211; Tecnologias aplicadas\u00a0a\u00a0f\u00e1rmacos.<\/p>\n<p style=\"text-align: justify\">\u2192\u00a0Informa\u00e7\u00f5es sobre as linhas de pesquisa\u00a0<a href=\"http:\/\/www2.unifap.br\/ppgcf\/apresentacao\/linhas-de-pesquisa\/\">aqui<\/a>.<\/p>\n","protected":false},"excerpt":{"rendered":"<p>SOBRE O CURSO Programa de P\u00f3s-Gradua\u00e7\u00e3o em Ci\u00eancias Farmac\u00eauticas, em n\u00edvel de Mestrado Acad\u00eamico, da Universidade Federal do Amap\u00e1 (UNIFAP), tem por objetivos promover a capacita\u00e7\u00e3o docente, a forma\u00e7\u00e3o de pesquisadores e o aprimoramento t\u00e9cnico-cient\u00edfico de profissionais que exer\u00e7am atividades&hellip; <\/p>\n<p><a href=\"https:\/\/www2.unifap.br\/ppgcf\/apresentacao\/\" class=\"readmore-button\">Continue Reading<\/a><\/p>\n","protected":false},"author":1,"featured_media":0,"parent":0,"menu_order":1,"comment_status":"open","ping_status":"open","template":"","meta":{"inline_featured_image":false,"ngg_post_thumbnail":0,"footnotes":""},"class_list":["post-2","page","type-page","status-publish","hentry"],"_links":{"self":[{"href":"https:\/\/www2.unifap.br\/ppgcf\/wp-json\/wp\/v2\/pages\/2","targetHints":{"allow":["GET"]}}],"collection":[{"href":"https:\/\/www2.unifap.br\/ppgcf\/wp-json\/wp\/v2\/pages"}],"about":[{"href":"https:\/\/www2.unifap.br\/ppgcf\/wp-json\/wp\/v2\/types\/page"}],"author":[{"embeddable":true,"href":"https:\/\/www2.unifap.br\/ppgcf\/wp-json\/wp\/v2\/users\/1"}],"replies":[{"embeddable":true,"href":"https:\/\/www2.unifap.br\/ppgcf\/wp-json\/wp\/v2\/comments?post=2"}],"version-history":[{"count":26,"href":"https:\/\/www2.unifap.br\/ppgcf\/wp-json\/wp\/v2\/pages\/2\/revisions"}],"predecessor-version":[{"id":230,"href":"https:\/\/www2.unifap.br\/ppgcf\/wp-json\/wp\/v2\/pages\/2\/revisions\/230"}],"wp:attachment":[{"href":"https:\/\/www2.unifap.br\/ppgcf\/wp-json\/wp\/v2\/media?parent=2"}],"curies":[{"name":"wp","href":"https:\/\/api.w.org\/{rel}","templated":true}]}}