{"id":2001,"date":"2017-10-09T21:02:26","date_gmt":"2017-10-09T21:02:26","guid":{"rendered":"http:\/\/www2.unifap.br\/ppgcf\/?page_id=2001"},"modified":"2017-10-26T19:57:40","modified_gmt":"2017-10-26T19:57:40","slug":"iv-ciclo-de-seminarios-em-ciencias-farmaceuticas","status":"publish","type":"page","link":"https:\/\/www2.unifap.br\/ppgcf\/eventos\/iv-ciclo-de-seminarios-em-ciencias-farmaceuticas\/","title":{"rendered":"IV Ciclo de Semin\u00e1rios em Ci\u00eancias Farmac\u00eauticas"},"content":{"rendered":"<p style=\"text-align: justify\">O &#8220;IV Ciclo de Semin\u00e1rios em Ci\u00eancias Farmac\u00eauticas &#8211; Da Planta ao Medicamento&#8221;\u00a0ocorrer\u00e1 no per\u00edodo de 20 de Outubro \u00e0 04 de Novembro de 2017 no bloco de salas de aula e laborat\u00f3rios do curso de Farm\u00e1cia na Universidade Federal do Amap\u00e1 &#8211; UNIFAP.<\/p>\n<p style=\"text-align: justify\">O Ciclo de Semin\u00e1rios em Ci\u00eancias Farmac\u00eauticas \u00e9 um evento destinado a profissionais e acad\u00eamicos da \u00e1rea da sa\u00fade que possuam interesse em atualiza\u00e7\u00f5es sobre m\u00e9todos de ensaios biol\u00f3gicos e sobre tecnologias aplicadas \u00e0 f\u00e1rmacos.<\/p>\n<p style=\"text-align: justify\">Este ano, o Semin\u00e1rio ser\u00e1 organizado pela turma do Programa de P\u00f3s-Gradua\u00e7\u00e3o em Ci\u00eancias Farmac\u00eauticas 2017 (mestrado) e pela turma do Programa de P\u00f3s-Gradua\u00e7\u00e3o em Inova\u00e7\u00e3o Farmac\u00eautica 2017 (doutorado). O evento ser\u00e1 composto por 09 minicursos te\u00f3rico-pr\u00e1ticos, com carga hor\u00e1ria total de 40 horas e com tem\u00e1ticas relacionadas \u00e0 Tecnologia e Biologia Farmac\u00eautica.<\/p>\n<p style=\"text-align: justify\">Per\u00edodo de inscri\u00e7\u00e3o: de 05 \u00e0 19 de Outubro de 2017.<\/p>\n<p style=\"text-align: justify\">Local de inscri\u00e7\u00f5es:\u00a0Coordena\u00e7\u00e3o de P\u00f3s-Gradua\u00e7\u00e3o em Ci\u00eancias Farmac\u00eauticas (no Bloco de do Curso de Farm\u00e1cia da UNIFAP).<\/p>\n<p style=\"text-align: justify\">Investimento: R$ 50,00 (cinquenta reais).<\/p>\n<p style=\"text-align: justify\">Carga hor\u00e1ria: 40 horas.<\/p>\n<p style=\"text-align: justify\">P\u00fablico Alvo:\u00a0Profissionais e acad\u00eamicos da \u00e1rea da sa\u00fade.<\/p>\n<p>&nbsp;<\/p>\n<p><a href=\"http:\/\/www2.unifap.br\/ppgcf\/files\/2017\/10\/IV-Ciclo-de-Semin\u00e1rios-PPGIF-e-PPGCF-LOGO.jpg\"><img decoding=\"async\" class=\"alignnone size-medium wp-image-2002 aligncenter\" alt=\"IV Ciclo de Semin\u00e1rios PPGIF e PPGCF - LOGO\" src=\"http:\/\/www2.unifap.br\/ppgcf\/files\/2017\/10\/IV-Ciclo-de-Semin\u00e1rios-PPGIF-e-PPGCF-LOGO-300x86.jpg\" width=\"300\" height=\"86\" srcset=\"https:\/\/www2.unifap.br\/ppgcf\/files\/2017\/10\/IV-Ciclo-de-Semin\u00e1rios-PPGIF-e-PPGCF-LOGO-300x86.jpg 300w, https:\/\/www2.unifap.br\/ppgcf\/files\/2017\/10\/IV-Ciclo-de-Semin\u00e1rios-PPGIF-e-PPGCF-LOGO.jpg 905w\" sizes=\"(max-width: 300px) 100vw, 300px\" \/><\/a><\/p>\n<p>&nbsp;<\/p>\n<table width=\"1039\" border=\"1\" cellspacing=\"0\" cellpadding=\"0\">\n<tbody>\n<tr>\n<td width=\"132\">\n<p align=\"center\"><b>Data<\/b><\/p>\n<\/td>\n<td width=\"227\">\n<p align=\"center\"><b>Curso 01<\/b><\/p>\n<\/td>\n<td width=\"472\">\n<p align=\"center\"><b>Conte\u00fado<\/b><\/p>\n<\/td>\n<td width=\"208\">\n<p align=\"center\"><b>Facilitadores<\/b><\/p>\n<\/td>\n<\/tr>\n<tr>\n<td valign=\"top\" width=\"132\">\n<p align=\"left\">20\/10\/2017<\/p>\n<p align=\"left\">(Sexta-Feira)<\/p>\n<p align=\"left\">\n<p align=\"left\">18h00 \u00e0s 21h00<\/p>\n<\/td>\n<td valign=\"top\" width=\"227\">\n<p align=\"left\">Caracteriza\u00e7\u00e3o f\u00e1rmaco-bot\u00e2nica e processos extrativos<\/p>\n<\/td>\n<td valign=\"top\" width=\"472\">\n<p align=\"left\">Caracteriza\u00e7\u00e3o bot\u00e2nica da planta <i>Portulaca pilosa<\/i> L.;<\/p>\n<p align=\"left\">Descri\u00e7\u00e3o do uso etnom\u00e9dico e farmac\u00eautico da planta;<\/p>\n<p align=\"left\">Descri\u00e7\u00e3o dos principais processos extrativos;<\/p>\n<p align=\"left\">Demonstra\u00e7\u00e3o do uso dos aparelhos e equipamentos para o processo de prepara\u00e7\u00e3o do extrato bruto e \u00f3leo essencial;<\/p>\n<p align=\"left\">Prepara\u00e7\u00e3o de extrato bruto etan\u00f3lico e \u00f3leo essencial da planta <i>Portulaca pilosa<\/i> L.<\/p>\n<\/td>\n<td valign=\"top\" width=\"208\">\n<p align=\"center\">Fabr\u00edcio Holanda &#8211; PPGCF<\/p>\n<p align=\"center\">Lizandra Santos &#8211; PPGCF<\/p>\n<p align=\"center\">Lethicia Brand\u00e3o &#8211; PPGCF<\/p>\n<\/td>\n<\/tr>\n<tr>\n<td valign=\"top\" width=\"132\">\n<p align=\"left\">\n<\/td>\n<td valign=\"top\" width=\"227\">\n<p align=\"left\">\n<\/td>\n<td valign=\"top\" width=\"472\">\n<p align=\"left\">\n<\/td>\n<td valign=\"top\" width=\"208\">\n<p align=\"left\">\n<\/td>\n<\/tr>\n<tr>\n<td width=\"132\">\n<p align=\"center\"><b>Data<\/b><\/p>\n<\/td>\n<td width=\"227\">\n<p align=\"center\"><b>Curso 02<\/b><\/p>\n<\/td>\n<td width=\"472\">\n<p align=\"center\"><b>Conte\u00fado<\/b><\/p>\n<\/td>\n<td width=\"208\">\n<p align=\"center\"><b>Facilitadores<\/b><\/p>\n<\/td>\n<\/tr>\n<tr>\n<td valign=\"top\" width=\"132\">\n<p align=\"left\">21\/10\/2017<\/p>\n<p align=\"left\">(S\u00e1bado)<\/p>\n<p align=\"left\">\n<p align=\"left\">08h30 \u00e0s 12h30<\/p>\n<\/td>\n<td valign=\"top\" width=\"227\">\n<p align=\"left\"><i>Screening<\/i> Fitoqu\u00edmico<\/p>\n<\/td>\n<td valign=\"top\" width=\"472\">\n<p align=\"left\">Preparo do material bot\u00e2nico (extrato) para o <i>screening<\/i> fitoqu\u00edmico;<\/p>\n<p align=\"left\">Influ\u00eancia dos m\u00e9todos escolhidos para a extra\u00e7\u00e3o no <i>screening<\/i> fotoqu\u00edmico;<\/p>\n<p align=\"left\">Estrutura caracteriza\u00e7\u00e3o qu\u00edmica das classes identificadas;<\/p>\n<p align=\"left\">Identifica\u00e7\u00e3o dos principais grupos de constituintes qu\u00edmicos do Extrato.<\/p>\n<\/td>\n<td valign=\"top\" width=\"208\">\n<p align=\"center\">Dannielle Sousa &#8211; PPGCF<\/p>\n<p align=\"center\">Elenilze Figueiredo &#8211; PPGIF<\/p>\n<p align=\"center\">Vaneska de Ara\u00fajo &#8211; PPGCF<\/p>\n<\/td>\n<\/tr>\n<tr>\n<td valign=\"top\" width=\"132\">\n<p align=\"left\">\n<\/td>\n<td valign=\"top\" width=\"227\">\n<p align=\"left\">\n<\/td>\n<td valign=\"top\" width=\"472\">\n<p align=\"left\">\n<\/td>\n<td valign=\"top\" width=\"208\">\n<p align=\"left\">\n<\/td>\n<\/tr>\n<tr>\n<td width=\"132\">\n<p align=\"center\"><b>Data<\/b><\/p>\n<\/td>\n<td width=\"227\">\n<p align=\"center\"><b>Curso 03<\/b><\/p>\n<\/td>\n<td width=\"472\">\n<p align=\"center\"><b>Conte\u00fado<\/b><\/p>\n<\/td>\n<td width=\"208\">\n<p align=\"center\"><b>Facilitadores<\/b><\/p>\n<\/td>\n<\/tr>\n<tr>\n<td valign=\"top\" width=\"132\">\n<p align=\"left\">21\/10\/2017<\/p>\n<p align=\"left\">(S\u00e1bado)<\/p>\n<p align=\"left\">\n<p align=\"left\">14h00 \u00e0s 18h00<\/p>\n<\/td>\n<td valign=\"top\" width=\"227\">\n<p align=\"left\">Predi\u00e7\u00f5es <i>in silico <\/i>das propriedades farmacocin\u00e9ticas, toxicol\u00f3gicas e atividade biol\u00f3gica.<\/p>\n<\/td>\n<td valign=\"top\" width=\"472\">\n<p align=\"left\">Absor\u00e7\u00e3o, distribui\u00e7\u00e3o, metabolismo e excre\u00e7\u00e3o de f\u00e1rmacos;<\/p>\n<p align=\"left\">Toxicidade de f\u00e1rmacos;<\/p>\n<p align=\"left\">Atividade biol\u00f3gica de f\u00e1rmacos;<\/p>\n<p align=\"left\">Acessando o PreADMET (<a href=\"https:\/\/preadmet.bmdrc.kr\/\">https:\/\/preadmet.bmdrc.kr\/<\/a>);<\/p>\n<p align=\"left\">Acessando o SEA (Similarity ensemble approach) (<a href=\"http:\/\/sea.bkslab.org\/\">http:\/\/sea.bkslab.org\/<\/a>);<\/p>\n<p align=\"left\">Acessando o PASS (prediction of activity spectra for biologically active substances)(<a href=\"http:\/\/www.pharmaexpert.ru\/passonline\/\">http:\/\/www.pharmaexpert.ru\/passonline\/<\/a>);<\/p>\n<p align=\"left\">An\u00e1lise dos resultados dos par\u00e2metros farmacocin\u00e9ticos, toxicol\u00f3gicos e de atividade biol\u00f3gica dos prot\u00f3tipos.<\/p>\n<\/td>\n<td valign=\"top\" width=\"208\">\n<p align=\"center\">Daniel Castro &#8211; PPGCF<\/p>\n<p align=\"center\">Jaderson Vieira &#8211; PPGIF<\/p>\n<p align=\"center\">Susy \u00c9rica Barros &#8211; PPGIF<\/p>\n<\/td>\n<\/tr>\n<tr>\n<td valign=\"top\" width=\"132\">\n<p align=\"left\">\n<\/td>\n<td valign=\"top\" width=\"227\">\n<p align=\"left\">\n<\/td>\n<td valign=\"top\" width=\"472\">\n<p align=\"left\">\n<\/td>\n<td valign=\"top\" width=\"208\">\n<p align=\"left\">\n<\/td>\n<\/tr>\n<tr>\n<td width=\"132\">\n<p align=\"center\"><b>Data<\/b><\/p>\n<\/td>\n<td width=\"227\">\n<p align=\"center\"><b>Curso 04<\/b><\/p>\n<\/td>\n<td width=\"472\">\n<p align=\"center\"><b>Conte\u00fado<\/b><\/p>\n<\/td>\n<td width=\"208\">\n<p align=\"center\"><b>Facilitadores<\/b><\/p>\n<\/td>\n<\/tr>\n<tr>\n<td valign=\"top\" width=\"132\">\n<p align=\"left\">27\/11\/2017<\/p>\n<p align=\"left\">(Sexta-Feira)<\/p>\n<p align=\"left\">\n<p align=\"left\">18h30 \u00e0s 22h00<\/p>\n<\/td>\n<td valign=\"top\" width=\"227\">\n<p align=\"left\">Testes para Avalia\u00e7\u00e3o de Genotoxicidade Antigenotoxicidade<b><\/b><\/p>\n<\/td>\n<td valign=\"top\" width=\"472\">\n<p align=\"left\">Avaliar a genotoxicidade do extrato bruto da Portulaca pilosa;<\/p>\n<p align=\"left\">Apresentar a c\u00e9lula, suas estruturas e fun\u00e7\u00f5es;<\/p>\n<p align=\"left\">Verificar as causas de uma muta\u00e7\u00e3o na c\u00e9lula;<\/p>\n<p align=\"left\">Conhecer os testes de toxicidade (aguda, subcr\u00f4nica e cr\u00f4nica);<\/p>\n<p align=\"left\">Aprender os testes para a avalia\u00e7\u00e3o de genotoxicidade.<\/p>\n<\/td>\n<td valign=\"top\" width=\"208\">\n<p align=\"center\">Ana Paula &#8211; PPGCF<\/p>\n<p align=\"center\">Everton Vale &#8211; PPGCF<\/p>\n<p align=\"center\">Let\u00edcia Boettger &#8211; PPGCF<\/p>\n<\/td>\n<\/tr>\n<tr>\n<td valign=\"top\" width=\"132\">\n<p align=\"left\">\n<\/td>\n<td valign=\"top\" width=\"227\">\n<p align=\"left\">\n<\/td>\n<td valign=\"top\" width=\"472\">\n<p align=\"left\">\n<\/td>\n<td valign=\"top\" width=\"208\">\n<p align=\"left\">\n<\/td>\n<\/tr>\n<tr>\n<td width=\"132\">\n<p align=\"center\"><b>Data<\/b><\/p>\n<\/td>\n<td width=\"227\">\n<p align=\"center\"><b>Curso 05<\/b><\/p>\n<\/td>\n<td width=\"472\">\n<p align=\"center\"><b>Conte\u00fado<\/b><\/p>\n<\/td>\n<td width=\"208\">\n<p align=\"center\"><b>Facilitadores<\/b><\/p>\n<\/td>\n<\/tr>\n<tr>\n<td valign=\"top\" width=\"132\">\n<p align=\"left\">28\/10\/2017<\/p>\n<p align=\"left\">(S\u00e1bado)<\/p>\n<p align=\"left\">\n<p align=\"left\">08h30 \u00e0s 12h30<\/p>\n<\/td>\n<td valign=\"top\" width=\"227\">\n<p align=\"left\">Avalia\u00e7\u00e3o da atividade antif\u00fangica<\/p>\n<\/td>\n<td valign=\"top\" width=\"472\">\n<p align=\"left\">Aplicar conceitos b\u00e1sicos sobre atividade farmacol\u00f3gica, com foco na atividade antif\u00fangica;<\/p>\n<p align=\"left\">Associar teoria a pr\u00e1tica voltada para pesquisa;<\/p>\n<p align=\"left\">\u00a0Abordar os procedimentos laboratoriais para execu\u00e7\u00e3o do teste antif\u00fangico do extrato aquoso de <i>Portulaca pilosa<\/i> L.<\/p>\n<\/td>\n<td valign=\"top\" width=\"208\">\n<p align=\"center\">Edmilson Morais &#8211; PPGCF<\/p>\n<p align=\"center\">Eduardo Serr\u00e3o &#8211; PPGIF<\/p>\n<\/td>\n<\/tr>\n<tr>\n<td valign=\"top\" width=\"132\">\n<p align=\"left\">\n<\/td>\n<td valign=\"top\" width=\"227\">\n<p align=\"left\">\n<\/td>\n<td valign=\"top\" width=\"472\">\n<p align=\"left\">\n<\/td>\n<td valign=\"top\" width=\"208\">\n<p align=\"left\">\n<\/td>\n<\/tr>\n<tr>\n<td width=\"132\">\n<p align=\"center\"><b>Data<\/b><\/p>\n<\/td>\n<td width=\"227\">\n<p align=\"center\"><b>Curso 06<\/b><\/p>\n<\/td>\n<td width=\"472\">\n<p align=\"center\"><b>Conte\u00fado<\/b><\/p>\n<\/td>\n<td width=\"208\">\n<p align=\"center\"><b>Facilitadores<\/b><\/p>\n<\/td>\n<\/tr>\n<tr>\n<td valign=\"top\" width=\"132\">\n<p align=\"left\">28\/10\/2017<\/p>\n<p align=\"left\">(S\u00e1bado)<\/p>\n<p align=\"left\">\n<p align=\"left\">14h00 \u00e0s 18h00<\/p>\n<\/td>\n<td valign=\"top\" width=\"227\">\n<p align=\"left\">Avalia\u00e7\u00e3o da Atividade Cicatrizante<\/p>\n<\/td>\n<td valign=\"top\" width=\"472\">\n<p align=\"left\">Caracteriza\u00e7\u00e3o da pele;<\/p>\n<p align=\"left\">Classifica\u00e7\u00e3o das feridas;<\/p>\n<p align=\"left\">Pesquisa n\u00e3o cl\u00ednica e cicatriza\u00e7\u00e3o;<\/p>\n<p align=\"left\">Confec\u00e7\u00e3o de l\u00e2mina histol\u00f3gica;<\/p>\n<p align=\"left\">Que elementos histopatol\u00f3gicos procurar em microsc\u00f3pio \u00f3ptico e eletr\u00f4nico?<\/p>\n<\/td>\n<td valign=\"top\" width=\"208\">\n<p align=\"center\">Albenise Barros &#8211; PPGIF<\/p>\n<p align=\"center\">Glauber Vilhena &#8211; PPGIF<\/p>\n<p align=\"center\">Mario Omar &#8211; PPGIF<\/p>\n<\/td>\n<\/tr>\n<tr>\n<td valign=\"top\" width=\"132\">\n<p align=\"left\">\n<\/td>\n<td valign=\"top\" width=\"227\">\n<p align=\"left\">\n<\/td>\n<td valign=\"top\" width=\"472\">\n<p align=\"left\">\n<\/td>\n<td valign=\"top\" width=\"208\">\n<p align=\"left\">\n<\/td>\n<\/tr>\n<tr>\n<td width=\"132\">\n<p align=\"center\"><b>Data<\/b><\/p>\n<\/td>\n<td width=\"227\">\n<p align=\"center\"><b>Curso 07<\/b><\/p>\n<\/td>\n<td width=\"472\">\n<p align=\"center\"><b>Conte\u00fado<\/b><\/p>\n<\/td>\n<td width=\"208\">\n<p align=\"center\"><b>Facilitadores<\/b><\/p>\n<\/td>\n<\/tr>\n<tr>\n<td valign=\"top\" width=\"132\">\n<p align=\"left\">03\/11\/2017<\/p>\n<p align=\"left\">(Sexta-Feira)<\/p>\n<p align=\"left\">\n<p align=\"left\">18h00 \u00e0s 22h00<\/p>\n<\/td>\n<td valign=\"top\" width=\"227\">\n<p align=\"left\">Pr\u00e9-formula\u00e7\u00e3o e desenvolvimento farmacot\u00e9cnico<\/p>\n<\/td>\n<td valign=\"top\" width=\"472\">\n<p align=\"left\">Pr\u00e9-formula\u00e7\u00e3o de formas farmac\u00eauticas semiss\u00f3lidas;<\/p>\n<p align=\"left\">G\u00e9is: Conceitos a aplica\u00e7\u00f5es;<\/p>\n<p align=\"left\">Cremes: conceitos e aplica\u00e7\u00f5es;<\/p>\n<p align=\"left\">Aula pratica: manipula\u00e7\u00e3o de g\u00e9is e cremes.<\/p>\n<\/td>\n<td valign=\"top\" width=\"208\">\n<p align=\"center\">Diego Mauer &#8211; PPGCF<\/p>\n<p align=\"center\">Renata Cristina &#8211; PPGCF<\/p>\n<p align=\"center\">Jonatas Duarte &#8211; PPGCF<\/p>\n<\/td>\n<\/tr>\n<tr>\n<td valign=\"top\" width=\"132\">\n<p align=\"left\">\n<\/td>\n<td valign=\"top\" width=\"227\">\n<p align=\"left\">\n<\/td>\n<td valign=\"top\" width=\"472\">\n<p align=\"left\">\n<\/td>\n<td valign=\"top\" width=\"208\">\n<p align=\"left\">\n<\/td>\n<\/tr>\n<tr>\n<td width=\"132\">\n<p align=\"center\"><b>Data<\/b><\/p>\n<\/td>\n<td width=\"227\">\n<p align=\"center\"><b>Curso 08<\/b><\/p>\n<\/td>\n<td width=\"472\">\n<p align=\"center\"><b>Conte\u00fado<\/b><\/p>\n<\/td>\n<td width=\"208\">\n<p align=\"center\"><b>Facilitadores<\/b><\/p>\n<\/td>\n<\/tr>\n<tr>\n<td valign=\"top\" width=\"132\">\n<p align=\"left\">04\/11\/2017<\/p>\n<p align=\"left\">(S\u00e1bado)<\/p>\n<p align=\"left\">\n<p align=\"left\">08h30 \u00e0s 12h30<\/p>\n<\/td>\n<td valign=\"top\" width=\"227\">\n<p align=\"left\">Avalia\u00e7\u00e3o da qualidade f\u00edsico-qu\u00edmica<\/p>\n<\/td>\n<td valign=\"top\" width=\"472\">\n<p align=\"left\">Abordagem te\u00f3rica sobre m\u00e9todos f\u00edsico-qu\u00edmicos para controle de qualidade;<\/p>\n<p align=\"left\">Espectrofotometria UV-VIS;<\/p>\n<p align=\"left\">M\u00e9todo potenciom\u00e9trico para an\u00e1lise de pH;<\/p>\n<p align=\"left\">An\u00e1lise da estabilidade de Formas farmac\u00eauticas;<\/p>\n<p align=\"left\">Teste de viscosidade;<\/p>\n<p align=\"left\">An\u00e1lise sensorial de Formas farmac\u00eauticas.<\/p>\n<\/td>\n<td valign=\"top\" width=\"208\">\n<p align=\"center\">Alberto Gomes &#8211; PPGCF<\/p>\n<p align=\"center\">Franklin Regis &#8211; PPGCF<\/p>\n<p align=\"center\">Ananda Coutinho &#8211; PPGCF<\/p>\n<\/td>\n<\/tr>\n<tr>\n<td valign=\"top\" width=\"132\">\n<p align=\"left\">\n<\/td>\n<td valign=\"top\" width=\"227\">\n<p align=\"left\">\n<\/td>\n<td valign=\"top\" width=\"472\">\n<p align=\"left\">\n<\/td>\n<td valign=\"top\" width=\"208\">\n<p align=\"left\">\n<\/td>\n<\/tr>\n<tr>\n<td width=\"132\">\n<p align=\"center\"><b>Data<\/b><\/p>\n<\/td>\n<td width=\"227\">\n<p align=\"center\"><b>Curso 09<\/b><\/p>\n<\/td>\n<td width=\"472\">\n<p align=\"center\"><b>Conte\u00fado<\/b><\/p>\n<\/td>\n<td width=\"208\">\n<p align=\"center\"><b>Facilitadores<\/b><\/p>\n<\/td>\n<\/tr>\n<tr>\n<td valign=\"top\" width=\"132\">\n<p align=\"left\">04\/11\/2017<\/p>\n<p align=\"left\">(S\u00e1bado)<\/p>\n<p align=\"left\">\n<p align=\"left\">14h00 \u00e0s 18h00<\/p>\n<\/td>\n<td valign=\"top\" width=\"227\">\n<p align=\"left\">Avalia\u00e7\u00e3o da qualidade microbiol\u00f3gica de formas farmac\u00eauticas<\/p>\n<\/td>\n<td valign=\"top\" width=\"472\">\n<p align=\"left\">Controle de Qualidade Microbiol\u00f3gico;<\/p>\n<p align=\"left\">Sistemas de Padroniza\u00e7\u00e3o e Legisla\u00e7\u00e3o;<\/p>\n<p align=\"left\">An\u00e1lise Microbiol\u00f3gica de formas farmac\u00eauticas.<\/p>\n<\/td>\n<td valign=\"top\" width=\"208\">\n<p align=\"center\">Mayara Rodrigues &#8211; PPGCF<\/p>\n<p align=\"center\">Renata Barbosa &#8211; PPGCF<\/p>\n<p align=\"center\">Robson Barbosa &#8211; PPGCF<\/p>\n<\/td>\n<\/tr>\n<\/tbody>\n<\/table>\n<p>&nbsp;<\/p>\n","protected":false},"excerpt":{"rendered":"<p>O &#8220;IV Ciclo de Semin\u00e1rios em Ci\u00eancias Farmac\u00eauticas &#8211; Da Planta ao Medicamento&#8221;\u00a0ocorrer\u00e1 no per\u00edodo de 20 de Outubro \u00e0 04 de Novembro de 2017 no bloco de salas de aula e laborat\u00f3rios do curso de Farm\u00e1cia na Universidade Federal&hellip; <\/p>\n<p><a href=\"https:\/\/www2.unifap.br\/ppgcf\/eventos\/iv-ciclo-de-seminarios-em-ciencias-farmaceuticas\/\" class=\"readmore-button\">Continue Reading<\/a><\/p>\n","protected":false},"author":624,"featured_media":0,"parent":867,"menu_order":5,"comment_status":"open","ping_status":"open","template":"","meta":{"inline_featured_image":false,"ngg_post_thumbnail":0,"footnotes":""},"class_list":["post-2001","page","type-page","status-publish","hentry"],"_links":{"self":[{"href":"https:\/\/www2.unifap.br\/ppgcf\/wp-json\/wp\/v2\/pages\/2001","targetHints":{"allow":["GET"]}}],"collection":[{"href":"https:\/\/www2.unifap.br\/ppgcf\/wp-json\/wp\/v2\/pages"}],"about":[{"href":"https:\/\/www2.unifap.br\/ppgcf\/wp-json\/wp\/v2\/types\/page"}],"author":[{"embeddable":true,"href":"https:\/\/www2.unifap.br\/ppgcf\/wp-json\/wp\/v2\/users\/624"}],"replies":[{"embeddable":true,"href":"https:\/\/www2.unifap.br\/ppgcf\/wp-json\/wp\/v2\/comments?post=2001"}],"version-history":[{"count":11,"href":"https:\/\/www2.unifap.br\/ppgcf\/wp-json\/wp\/v2\/pages\/2001\/revisions"}],"predecessor-version":[{"id":2056,"href":"https:\/\/www2.unifap.br\/ppgcf\/wp-json\/wp\/v2\/pages\/2001\/revisions\/2056"}],"up":[{"embeddable":true,"href":"https:\/\/www2.unifap.br\/ppgcf\/wp-json\/wp\/v2\/pages\/867"}],"wp:attachment":[{"href":"https:\/\/www2.unifap.br\/ppgcf\/wp-json\/wp\/v2\/media?parent=2001"}],"curies":[{"name":"wp","href":"https:\/\/api.w.org\/{rel}","templated":true}]}}