{"id":207,"date":"2014-12-03T20:20:08","date_gmt":"2014-12-03T20:20:08","guid":{"rendered":"http:\/\/www2.unifap.br\/ppgcf\/?page_id=207"},"modified":"2026-03-11T21:43:12","modified_gmt":"2026-03-11T21:43:12","slug":"regulamentacao-ppgcf","status":"publish","type":"page","link":"https:\/\/www2.unifap.br\/ppgcf\/regulamentacao-ppgcf\/","title":{"rendered":"Regulamenta\u00e7\u00e3o &#8211; PPGCF"},"content":{"rendered":"<p><a style=\"color: #ff4b33;line-height: 24px;font-size: 16px\" href=\"http:\/\/www2.unifap.br\/ppgcf\/files\/2014\/12\/Logo-Unifap-224x300.png\"><img decoding=\"async\" class=\" wp-image-210 alignleft\" src=\"http:\/\/www2.unifap.br\/ppgcf\/files\/2014\/12\/Logo-Unifap-224x300.png\" alt=\"Logo-Unifap-224x300\" width=\"71\" height=\"95\" srcset=\"https:\/\/www2.unifap.br\/ppgcf\/files\/2014\/12\/Logo-Unifap-224x300.png 224w, https:\/\/www2.unifap.br\/ppgcf\/files\/2014\/12\/Logo-Unifap-224x300-112x150.png 112w\" sizes=\"(max-width: 71px) 100vw, 71px\" \/><\/a><\/p>\n<p>Universidade Federal do Amap\u00e1 &#8211; UNIFAP<\/p>\n<p>Pr\u00f3-Reitoria de Pesquisa e P\u00f3s-Gradua\u00e7\u00e3o &#8211; PROPESPG<\/p>\n<p>Departamento de P\u00f3s-Gradua\u00e7\u00e3o &#8211; DPG<\/p>\n<p>Programa de P\u00f3s-Gradua\u00e7\u00e3o em Ci\u00eancias Farmac\u00eauticas &#8211; PPGCF<\/p>\n<p>&nbsp;<\/p>\n<p style=\"text-align: justify\">O Programa de P\u00f3s-Gradua\u00e7\u00e3o em Ci\u00eancias Farmac\u00eauticas (PPGCF), organizado na forma de Mestrado Acad\u00eamico, est\u00e1 vinculado \u00e0 Pr\u00f3-Reitoria de Pesquisa e P\u00f3s-Gradua\u00e7\u00e3o (PROPESPG), da Universidade Federal do Amap\u00e1 (UNIFAP), e se orienta pelas normas estabelecidas neste Regimento e Instru\u00e7\u00e3o Normativa, bem como no Regimento Geral da P\u00f3s-Gradua\u00e7\u00e3o&nbsp;<i>stricto sensu<\/i>, da UNIFAP.<\/p>\n<p>&nbsp;<\/p>\n<p>\u2192&nbsp;<a href=\"http:\/\/www2.unifap.br\/ppgcf\/files\/2014\/12\/REGIMENTO-INTERNO-PPGCF-2016.pdf\">Regimento Interno PPGCF 2016<\/a><\/p>\n<p>\u2192&nbsp;<a href=\"http:\/\/www2.unifap.br\/ppgcf\/files\/2014\/12\/regimento-PPGCF-20131.pdf\">Regimento Interno PPGCF 2013<\/a><\/p>\n<p>&nbsp;<\/p>\n<p><a href=\"http:\/\/www2.unifap.br\/ppgdif\/files\/2026\/03\/ATO-DE-REVOGACAO.pdf\">\u2192 Ato de Rvoga\u00e7\u00e3o da Instru\u00e7\u00e3o Normativa 01 &#8211; Credenciamento e Recredenciamento Docente<\/a><\/p>\n<p><a href=\"http:\/\/www2.unifap.br\/ppgcf\/files\/2014\/12\/INSTRUCAO-NORMATIVA-01-NORMAS-GERAIS-DE-CREDENCIAMENTO-E-RECREDENCIAMENTO-DOCENTE-PPGCF-ALTERADA-EM-16-01-18.pdf\">\u2192 Instru\u00e7\u00e3o Normativa 01 &#8211; Credenciamento e Recredenciamento Docente [alterada em 16-01-2018]<\/a><\/p>\n<p>\u2192&nbsp;<a href=\"http:\/\/www2.unifap.br\/ppgcf\/files\/2014\/12\/INSTRU\u00c7\u00c3O-NORMATIVA-02-QUALIFICA\u00c7\u00c3O-DEFESA-E-EMISS\u00c3O-DE-DIPLOMA.pdf\">Instru\u00e7\u00e3o Normativa 02 &#8211; Qualifica\u00e7\u00e3o, Defesa e Emiss\u00e3o de Diploma<\/a><\/p>\n","protected":false},"excerpt":{"rendered":"<p>Universidade Federal do Amap\u00e1 &#8211; UNIFAP Pr\u00f3-Reitoria de Pesquisa e P\u00f3s-Gradua\u00e7\u00e3o &#8211; PROPESPG Departamento de P\u00f3s-Gradua\u00e7\u00e3o &#8211; DPG Programa de P\u00f3s-Gradua\u00e7\u00e3o em Ci\u00eancias Farmac\u00eauticas &#8211; PPGCF &nbsp; O Programa de P\u00f3s-Gradua\u00e7\u00e3o em Ci\u00eancias Farmac\u00eauticas (PPGCF), organizado na forma de Mestrado&hellip; <\/p>\n<p><a href=\"https:\/\/www2.unifap.br\/ppgcf\/regulamentacao-ppgcf\/\" class=\"readmore-button\">Continue Reading<\/a><\/p>\n","protected":false},"author":624,"featured_media":0,"parent":0,"menu_order":2,"comment_status":"open","ping_status":"open","template":"","meta":{"inline_featured_image":false,"ngg_post_thumbnail":0,"footnotes":""},"class_list":["post-207","page","type-page","status-publish","hentry"],"_links":{"self":[{"href":"https:\/\/www2.unifap.br\/ppgcf\/wp-json\/wp\/v2\/pages\/207","targetHints":{"allow":["GET"]}}],"collection":[{"href":"https:\/\/www2.unifap.br\/ppgcf\/wp-json\/wp\/v2\/pages"}],"about":[{"href":"https:\/\/www2.unifap.br\/ppgcf\/wp-json\/wp\/v2\/types\/page"}],"author":[{"embeddable":true,"href":"https:\/\/www2.unifap.br\/ppgcf\/wp-json\/wp\/v2\/users\/624"}],"replies":[{"embeddable":true,"href":"https:\/\/www2.unifap.br\/ppgcf\/wp-json\/wp\/v2\/comments?post=207"}],"version-history":[{"count":22,"href":"https:\/\/www2.unifap.br\/ppgcf\/wp-json\/wp\/v2\/pages\/207\/revisions"}],"predecessor-version":[{"id":3954,"href":"https:\/\/www2.unifap.br\/ppgcf\/wp-json\/wp\/v2\/pages\/207\/revisions\/3954"}],"wp:attachment":[{"href":"https:\/\/www2.unifap.br\/ppgcf\/wp-json\/wp\/v2\/media?parent=207"}],"curies":[{"name":"wp","href":"https:\/\/api.w.org\/{rel}","templated":true}]}}