{"id":2151,"date":"2017-11-28T18:49:09","date_gmt":"2017-11-28T18:49:09","guid":{"rendered":"http:\/\/www2.unifap.br\/ppgcf\/?page_id=2151"},"modified":"2017-11-28T18:49:09","modified_gmt":"2017-11-28T18:49:09","slug":"orientadores-do-ppgcf-2017","status":"publish","type":"page","link":"https:\/\/www2.unifap.br\/ppgcf\/corpo-docente\/orientadores-do-ppgcf-2017\/","title":{"rendered":"Orientadores do PPGCF 2017"},"content":{"rendered":"<h2><strong>PROFESSORES PERMANENTES<\/strong><\/h2>\n<p>&nbsp;<\/p>\n<p><a href=\"http:\/\/www2.unifap.br\/ppgcf\/files\/2012\/06\/caio.jpg\"><img fetchpriority=\"high\" decoding=\"async\" alt=\"SAMSUNG CSC\" src=\"http:\/\/www2.unifap.br\/ppgcf\/files\/2012\/06\/caio-300x200.jpg\" width=\"300\" height=\"200\" \/><\/a><\/p>\n<p><strong>Prof. Dr. Caio Pinho Fernandes<\/strong><\/p>\n<p>Doutor em Ci\u00eancias (Biotecnologia Vegetal) pela Universidade Federal do Rio de Janeiro (UFRJ).<\/p>\n<p>Linha de Pesquisa: controle de qualidade e tecnologia de fitoter\u00e1picos, com \u00eanfase em triterpenos, \u00f3leos da amaz\u00f4nia, desenvolvimento de nanoformula\u00e7\u00f5es e pesquisa de novos agentes bioativos.<\/p>\n<p>E-mail:\u00a0caiofernandes@unifap.br \/\u00a0caio_pfernandes@yahoo.com.br \u00a0 \u00a0 \u00a0<a href=\"http:\/\/lattes.cnpq.br\/9887445768141512\">http:\/\/lattes.cnpq.br\/9887445768141512<\/a><\/p>\n<p>&nbsp;<\/p>\n<p><a href=\"http:\/\/www2.unifap.br\/ppgcf\/files\/2012\/06\/CLEYDSON-BRENO.png\"><img decoding=\"async\" alt=\"CLEYDSON BRENO\" src=\"http:\/\/www2.unifap.br\/ppgcf\/files\/2012\/06\/CLEYDSON-BRENO-242x300.png\" width=\"175\" height=\"216\" \/><\/a><\/p>\n<p><strong>Prof. Dr. Cleydson Breno Rodrigues dos Santos<\/strong><\/p>\n<p>Doutor em Biotecnologia pela Universidade Federal do Amazonas &#8211; UFAM (Rede BIONORTE\/2014).<\/p>\n<p>Linha de Pesquisa:\u00a0Planejamento Racional de Compostos Bioativos; Qu\u00edmica Medicinal;\u00a0Qu\u00edmica e Bioqu\u00edmica de Produtos biologicamente ativos;\u00a0Valida\u00e7\u00e3o qu\u00edmica-farmacol\u00f3gica de f\u00e1rmacos naturais, sint\u00e9ticos e nanoestruturados.<\/p>\n<p>E-mail: breno.unifap@gmail.com \/ breno@unifap.br \u00a0 \u00a0 \u00a0 \u00a0\u00a0<a href=\"http:\/\/lattes.cnpq.br\/4851715640991871\">http:\/\/lattes.cnpq.br\/4851715640991871<\/a><\/p>\n<p>&nbsp;<\/p>\n<p><a href=\"http:\/\/www2.unifap.br\/ppgcf\/files\/2012\/06\/217e255518fbfca341_l_69397.jpg\"><img decoding=\"async\" alt=\"217e255518fbfca341_l_69397\" src=\"http:\/\/www2.unifap.br\/ppgcf\/files\/2012\/06\/217e255518fbfca341_l_69397.jpg\" width=\"180\" height=\"180\" \/><\/a><\/p>\n<p><strong>Prof. Dr. Francisco F\u00e1bio Oliveira de Sousa<\/strong><\/p>\n<p>Doutor em &#8220;Investigaci\u00f3n y Desarrollo de Medicamentos&#8221; pela Universidade de Santiago de Compostela (USC), Espanha (2011) e realizou Est\u00e1gio de P\u00f3s-doutorado junto ao Programa de P\u00f3s-gradua\u00e7\u00e3o em Odontologia (PPGO\/ UFC).<\/p>\n<p>Linha de Pesquisa: \u00a0desenvolvimento de novos sistemas terap\u00eauticos (micropart\u00edculas, composites, implantes, ion\u00f4mero de vidro e materiais resinosos) para Odontologia, Biopol\u00edmeros (caracteriza\u00e7\u00e3o e funcionalidade) e sistemas de libera\u00e7\u00e3o com \u00eanfase na tecnologia da libera\u00e7\u00e3o controlada de f\u00e1rmacos.<\/p>\n<p>email:\u00a0fabio@unifap.br \u00a0 \u00a0 \u00a0 \u00a0 \u00a0 \u00a0 \u00a0 \u00a0 \u00a0 \u00a0 \u00a0 \u00a0 \u00a0 \u00a0 \u00a0 \u00a0 \u00a0 \u00a0 \u00a0 \u00a0 \u00a0 \u00a0 \u00a0 \u00a0 \u00a0 \u00a0 \u00a0 \u00a0 \u00a0 \u00a0 \u00a0\u00a0<a href=\"http:\/\/lattes.cnpq.br\/3737865995129925\">http:\/\/lattes.cnpq.br\/3737865995129925<\/a><\/p>\n<p>&nbsp;<\/p>\n<p><a href=\"http:\/\/www2.unifap.br\/ppgcf\/files\/2012\/06\/GABRIEL-ARA\u00daJO.jpeg\"><img loading=\"lazy\" decoding=\"async\" alt=\"GABRIEL ARA\u00daJO\" src=\"http:\/\/www2.unifap.br\/ppgcf\/files\/2012\/06\/GABRIEL-ARA\u00daJO-262x300.jpeg\" width=\"262\" height=\"300\" \/><\/a><\/p>\n<p><strong>Prof. Dr. Gabriel Araujo da Silva<\/strong><\/p>\n<p>Doutor em Desenvolvimento de Medicamentos pela Universidade Federal do Rio Grande do Norte<\/p>\n<p>Linhas de Pesquisa: avalia\u00e7\u00e3o da atividade antioxidante e perfil toxicol\u00f3gico de produtos naturais; Desenvolvimento de novos m\u00e9todos de avalia\u00e7\u00e3o da atividade antioxidante de produtos naturais.<\/p>\n<p>email:\u00a0prof.gabriel.araujo@gmail.com \u00a0 \u00a0 \u00a0 \u00a0 \u00a0 \u00a0 \u00a0 \u00a0 \u00a0<a href=\"http:\/\/lattes.cnpq.br\/8633733418545174\">http:\/\/lattes.cnpq.br\/8633733418545174<\/a><\/p>\n<p>&nbsp;<\/p>\n<p><a href=\"http:\/\/www2.unifap.br\/ppgcf\/files\/2012\/06\/servletrecuperafoto.jpg\"><img loading=\"lazy\" decoding=\"async\" alt=\"servletrecuperafoto\" src=\"http:\/\/www2.unifap.br\/ppgcf\/files\/2012\/06\/servletrecuperafoto.jpg\" width=\"168\" height=\"204\" \/><\/a><\/p>\n<p><strong>Prof. Dr. Irlon Maciel Ferreira<\/strong><\/p>\n<p>Doutor em Qu\u00edmica Org\u00e2nica e Biol\u00f3gicas pela Universidade de S\u00e3o Paulo (USP) \/ Instituto de Qu\u00edmica de S\u00e3o Carlos.<\/p>\n<p>Linha de pesquisa: S\u00edntese Org\u00e2nica; Biocat\u00e1lise e Biotransforma\u00e7\u00e3o de Compostos Org\u00e2nicos.<\/p>\n<p>E-mail: irlon.ferreira@unifap.br \/ irlon.ferreira@gmail.com\u00a0 \u00a0 \u00a0 \u00a0 \u00a0 \u00a0 \u00a0<a href=\"http:\/\/lattes.cnpq.br\/9897023410899133\">http:\/\/lattes.cnpq.br\/9897023410899133<\/a><\/p>\n<p>&nbsp;<\/p>\n<p><a href=\"http:\/\/www2.unifap.br\/ppgcf\/files\/2012\/05\/DSC01473.jpg\"><img loading=\"lazy\" decoding=\"async\" alt=\"\" src=\"http:\/\/www2.unifap.br\/ppgcf\/files\/2012\/05\/DSC01473-150x150.jpg\" width=\"150\" height=\"150\" \/><\/a><\/p>\n<p><strong>Profa. Dra. Jociv\u00e2nia Oliveira da Silva<\/strong><\/p>\n<p>Doutorado em Toxicologia pela Universidade de S\u00e3o Paulo &#8211; FCFRP.<\/p>\n<p>Linha de pesquisa: venenos de serpentes, toxicologia, Toxinologia e antivenenos de origem vegetal.<\/p>\n<p>E-mail: jocivania@unifap.br \u00a0 \u00a0 \u00a0 \u00a0 \u00a0 \u00a0 \u00a0 \u00a0 \u00a0 \u00a0<a href=\"http:\/\/lattes.cnpq.br\/7737394264097385\">http:\/\/lattes.cnpq.br\/7737394264097385<\/a><\/p>\n<p>&nbsp;<\/p>\n<p><a href=\"http:\/\/www2.unifap.br\/ppgcf\/files\/2012\/06\/eu-mexico-3x4.png\"><img loading=\"lazy\" decoding=\"async\" alt=\"eu mexico 3x4\" src=\"http:\/\/www2.unifap.br\/ppgcf\/files\/2012\/06\/eu-mexico-3x4-253x300.png\" width=\"228\" height=\"270\" \/><\/a><\/p>\n<p><strong>Prof. Dr. Jos\u00e9 Carlos Tavares Carvalho<\/strong><\/p>\n<p>Doutorado em Farmacos e Medicamentos pela Faculdade de Ciencias Farmaceuticas da Universidade de S\u00e3o Paulo.<\/p>\n<p>Linhas de pesquisa: valida\u00e7\u00e3o quimica-farmacologica de f\u00e1rmacos de origem sintetica e naturais. Nanobiotecnologia.<\/p>\n<p>Estudos farmacol\u00f3gicos e toxicol\u00f3gicos em zebrafish.<\/p>\n<p>E-mail: farmacos@unifap.br \u00a0 \u00a0 \u00a0 \u00a0 \u00a0 \u00a0\u00a0<a href=\"http:\/\/lattes.cnpq.br\/4251174810000113\">http:\/\/lattes.cnpq.br\/4251174810000113<\/a><\/p>\n<p>&nbsp;<\/p>\n<p><a href=\"http:\/\/www2.unifap.br\/ppgcf\/files\/2012\/06\/LILIAN-SOLON.jpg\"><img loading=\"lazy\" decoding=\"async\" alt=\"LILIAN SOLON\" src=\"http:\/\/www2.unifap.br\/ppgcf\/files\/2012\/06\/LILIAN-SOLON-210x300.jpg\" width=\"210\" height=\"300\" \/><\/a><\/p>\n<p><strong>Profa. Dra. L\u00edlian Grace da Silva Solon<\/strong><\/p>\n<p>Doutora em Inova\u00e7\u00e3o Farmac\u00eautica pela Universidade Federal do Rio Grande do Norte<\/p>\n<p>Linhas de pesquisa: desenvolvimento e valida\u00e7\u00e3o de metodologias anal\u00edticas aplicadas ao controle de qualidade de produtos farmac\u00eauticos.<\/p>\n<p>E-mail: liliansolon@yahoo.com.br \/ lilian.solon@unifap.br \u00a0 \u00a0 \u00a0 \u00a0 \u00a0 \u00a0 \u00a0 \u00a0 \u00a0 \u00a0 \u00a0\u00a0<a href=\"http:\/\/lattes.cnpq.br\/7383710777903556\">http:\/\/lattes.cnpq.br\/7383710777903556<\/a><\/p>\n<p>&nbsp;<\/p>\n<p><a href=\"http:\/\/www2.unifap.br\/ppgcf\/files\/2012\/06\/20141216_2138241.jpg\"><img loading=\"lazy\" decoding=\"async\" alt=\"SAMSUNG CSC\" src=\"http:\/\/www2.unifap.br\/ppgcf\/files\/2012\/06\/20141216_2138241-300x200.jpg\" width=\"300\" height=\"200\" \/><\/a><\/p>\n<p><strong>Profa. Dra. Lorane Izabel da Silva Hage Melim\u00a0<\/strong><\/p>\n<p>Doutora em toxicologia pela Universidade de Sao Paulo.<\/p>\n<p>Linha de Pesquisa: veneno de serpentes, inibidores de fosfolipase A2, modelagem molecular: modelagem por homologia, docking, screening.<\/p>\n<p>email: lorane@unifap.br \/\u00a0loranehage@gmail.com\u00a0\u00a0 \u00a0 \u00a0 \u00a0 \u00a0\u00a0<a href=\"http:\/\/lattes.cnpq.br\/2855597663270186\">http:\/\/lattes.cnpq.br\/2855597663270186<\/a><\/p>\n<p>&nbsp;<\/p>\n<p><a href=\"http:\/\/www2.unifap.br\/ppgcf\/files\/2012\/06\/MOACIR-NETO.jpg\"><img loading=\"lazy\" decoding=\"async\" alt=\"MOACIR NETO\" src=\"http:\/\/www2.unifap.br\/ppgcf\/files\/2012\/06\/MOACIR-NETO-300x298.jpg\" width=\"300\" height=\"298\" \/><\/a><\/p>\n<p><strong>Prof. Dr. Moacir de Azevedo Monteiro Bentes Neto<\/strong><\/p>\n<p>Doutor em Ci\u00eancias pela Universidade de Franca, UNIFRAN.<\/p>\n<p>Linha de Pesquisa: gen\u00e9tica toxicol\u00f3gica, mutagenicidade de f\u00e1rmacos e estudos\u00a0<em>in vitro<\/em>\u00a0da a\u00e7\u00e3o de f\u00e1rmacos em sistemas eucari\u00f3ticos.<\/p>\n<p>E-mail:\u00a0moacir.monteiro@unifap.br \u00a0 \u00a0 \u00a0 \u00a0 \u00a0 \u00a0<a href=\"http:\/\/lattes.cnpq.br\/6957473111309835\">http:\/\/lattes.cnpq.br\/6957473111309835<\/a><\/p>\n<p>&nbsp;<\/p>\n<p><a href=\"http:\/\/www2.unifap.br\/ppgcf\/files\/2012\/06\/WhatsApp-Image-2017-06-12-at-15.45.57.jpeg\"><img loading=\"lazy\" decoding=\"async\" alt=\"WhatsApp Image 2017-06-12 at 15.45.57\" src=\"http:\/\/www2.unifap.br\/ppgcf\/files\/2012\/06\/WhatsApp-Image-2017-06-12-at-15.45.57-300x168.jpeg\" width=\"300\" height=\"168\" \/><\/a><\/p>\n<p><strong>Prof. Dr. Rafael Lima Resque<\/strong><\/p>\n<p>Doutor em Gen\u00e9tica e Biologia Molecular pela Universidade Federal do Par\u00e1<\/p>\n<p>Linha de Pesquisa: diagn\u00f3stico Molecular; Gen\u00e9tica de Popula\u00e7\u00f5es; Farmacogen\u00e9tica.<\/p>\n<p>E-mail: rafaelresque@gmail.com \/ rafaelrsque@unifap.br \u00a0 \u00a0 \u00a0\u00a0<a href=\"http:\/\/lattes.cnpq.br\/6862708091934825\">http:\/\/lattes.cnpq.br\/6862708091934825<\/a><\/p>\n<p>&nbsp;<\/p>\n<p><a href=\"http:\/\/www2.unifap.br\/ppgcf\/files\/2012\/06\/RAQUEL-ARAUJO.jpg\"><img loading=\"lazy\" decoding=\"async\" alt=\"RAQUEL ARAUJO\" src=\"http:\/\/www2.unifap.br\/ppgcf\/files\/2012\/06\/RAQUEL-ARAUJO-225x300.jpg\" width=\"225\" height=\"300\" \/><\/a><\/p>\n<p><strong>Profa. Dra. Raquel Silva Ara\u00fajo<\/strong><\/p>\n<p>Doutora em Ci\u00eancias Farmac\u00eauticas pela Universidade Federal de Minas Gerais.<\/p>\n<p>Linha de Pesquisa: desenvolvimento e avalia\u00e7\u00e3o biol\u00f3gica de subst\u00e2ncias ativas micro e\/ou nanoparticulados.<\/p>\n<p>E-mail: raquel.araujo@unifap.br\u00a0\u00a0 \u00a0 \u00a0 \u00a0 \u00a0 \u00a0 \u00a0 \u00a0 \u00a0 \u00a0<a href=\"http:\/\/lattes.cnpq.br\/4820189553110351\">http:\/\/lattes.cnpq.br\/4820189553110351<\/a><\/p>\n<p>&nbsp;<\/p>\n<p><a href=\"http:\/\/www2.unifap.br\/ppgcf\/files\/2012\/06\/RODRIGO-CRUZ.jpg\"><img loading=\"lazy\" decoding=\"async\" alt=\"RODRIGO CRUZ\" src=\"http:\/\/www2.unifap.br\/ppgcf\/files\/2012\/06\/RODRIGO-CRUZ-290x300.jpg\" width=\"290\" height=\"300\" \/><\/a><\/p>\n<p><strong>Prof. Dr. Rodrigo Alves Soares Cruz<\/strong><\/p>\n<p>Doutor em Qu\u00edmica dos Produtos Naturais pelo Instituto de Pesquisa de Produtos Naturais Walter Mors (IPPN) da Universidade Federal do Rio de Janeiro (UFRJ).<\/p>\n<p>Linha de Pesquisa: pesquisa por novas mol\u00e9culas bioativas da flora brasileira; Isolamento e elucida\u00e7\u00e3o estrutural de produtos naturais; Produtos naturais nanoestruturados biologicamente ativos.<\/p>\n<p>E-mail: rodrigo@unifap.br \u00a0 \u00a0 \u00a0 \u00a0 \u00a0 \u00a0 \u00a0 \u00a0 \u00a0 \u00a0<a href=\"http:\/\/lattes.cnpq.br\/5290132421152870\">http:\/\/lattes.cnpq.br\/5290132421152870<\/a><\/p>\n<p>&nbsp;<\/p>\n<p><a href=\"http:\/\/www2.unifap.br\/ppgcf\/files\/2012\/06\/IMG_04481.jpg\"><img loading=\"lazy\" decoding=\"async\" alt=\"IMG_0448[1]\" src=\"http:\/\/www2.unifap.br\/ppgcf\/files\/2012\/06\/IMG_04481-300x225.jpg\" width=\"300\" height=\"225\" \/><\/a><\/p>\n<p><strong>Prof. Dr. Raimundo Nonato Pican\u00e7o Souto<\/strong><\/p>\n<p>Doutorado em zoologia pelo Museu Paraense Emilio Goeldi \/Universidade Federal do Par\u00e1.<\/p>\n<p>Linha de pesquisa: culicideos vetores de mal\u00e1ria e de arboviroses e controle por farmacos, controle de mosquitos por farmacos, entomologia forense.<\/p>\n<p>E-mail: rnpsouto@unifap.br \/ nonatoiepa@hotmail.com\u00a0 \u00a0 \u00a0 \u00a0 \u00a0\u00a0<a href=\"http:\/\/lattes.cnpq.br\/1661932002902797\">http:\/\/lattes.cnpq.br\/1661932002902797<\/a><\/p>\n<p>&nbsp;<\/p>\n<p><a href=\"http:\/\/www2.unifap.br\/ppgcf\/files\/2012\/05\/DSC014641.jpg\"><img loading=\"lazy\" decoding=\"async\" alt=\"\" src=\"http:\/\/www2.unifap.br\/ppgcf\/files\/2012\/05\/DSC014641-150x150.jpg\" width=\"150\" height=\"150\" \/><\/a><\/p>\n<p><strong>Profa. Dra. Sheylla Susan Moreira da Silva de Almeida<\/strong><\/p>\n<p>Doutorado em Qu\u00edmica na \u00e1rea de concentra\u00e7\u00e3o em Qu\u00edmica de Produtos Naturais (Qu\u00edmica Org\u00e2nica) pela Universidade Federal de S\u00e3o Carlos &#8211; SP.<\/p>\n<p>Linha de pesquisa: biotecnologia, oleos essencias, qu\u00edmica de produtos naturais de origem vegetal, animal e microrganismos.<\/p>\n<p>E-mail: sheyllasusan@unifap.br \/ sheyllasusan@yahoo.com.br\u00a0 \u00a0 \u00a0 \u00a0 \u00a0 \u00a0 \u00a0 \u00a0<a href=\"http:\/\/lattes.cnpq.br\/5096255590649678\">http:\/\/lattes.cnpq.br\/5096255590649678<\/a><\/p>\n<p>&nbsp;<\/p>\n<h2><strong>PROFESSORES COLABORADORES<\/strong><\/h2>\n<p>&nbsp;<\/p>\n<p><a href=\"http:\/\/www2.unifap.br\/ppgcf\/files\/2012\/06\/ana-elisa.jpg\"><img loading=\"lazy\" decoding=\"async\" alt=\"ana elisa\" src=\"http:\/\/www2.unifap.br\/ppgcf\/files\/2012\/06\/ana-elisa-213x300.jpg\" width=\"213\" height=\"300\" \/><\/a><\/p>\n<p><strong>Profa. Dra. Anna Eliza Maciel de Faria Mota Oliveira<\/strong><\/p>\n<p>Doutora em Inova\u00e7\u00e3o Farmac\u00eautica\u00a0(Programa em Rede &#8211; UNIFAP\/UFG\/UFAM\/UFPA).<\/p>\n<p>Linha de Pesquisa: \u00a0agentes antimicrobianos nanoestruturados de origem natural.<\/p>\n<p>E-mail: annaeliza.maciel@gmail.com \u00a0 \u00a0 \u00a0 \u00a0 \u00a0 \u00a0 \u00a0 \u00a0 \u00a0\u00a0<a href=\"http:\/\/lattes.cnpq.br\/7761556901260621\">http:\/\/lattes.cnpq.br\/7761556901260621<\/a><\/p>\n<p>&nbsp;<\/p>\n<p><a href=\"http:\/\/www2.unifap.br\/ppgcf\/files\/2012\/06\/CLARISSA-LIMA.png\"><img loading=\"lazy\" decoding=\"async\" alt=\"CLARISSA LIMA\" src=\"http:\/\/www2.unifap.br\/ppgcf\/files\/2012\/06\/CLARISSA-LIMA-225x300.png\" width=\"225\" height=\"300\" \/><\/a><\/p>\n<p><strong>Profa. Dra. Clarissa Silva Lima<\/strong><\/p>\n<p>Doutora em Biodiversidade Tropical pela Universidade Federal do Amap\u00e1 (UNIFAP), com est\u00e1gio de doutoramento no Centre National de La Recherche Scientifique CNRS, Gif-Sur-Yvette, na Fran\u00e7a.<\/p>\n<p>Linha de Pesquisa:\u00a0Toxicologia reprodutiva e do desenvolvimento.<\/p>\n<p>E-mail: lima.clarissa@gmail.com \u00a0 \u00a0 \u00a0 \u00a0 \u00a0 \u00a0\u00a0<a href=\"http:\/\/lattes.cnpq.br\/9434674545991305\">http:\/\/lattes.cnpq.br\/9434674545991305<\/a><\/p>\n<p>&nbsp;<\/p>\n<p><a href=\"http:\/\/www2.unifap.br\/ppgcf\/files\/2012\/06\/EDEMILSON-CONCEICAO.jpg\"><img loading=\"lazy\" decoding=\"async\" alt=\"EDEMILSON CONCEICAO\" src=\"http:\/\/www2.unifap.br\/ppgcf\/files\/2012\/06\/EDEMILSON-CONCEICAO-246x300.jpg\" width=\"246\" height=\"300\" \/><\/a><\/p>\n<p><strong>Prof. Dr. Edemilson Cardoso da Concei\u00e7\u00e3o<\/strong><\/p>\n<p>Mestrado, Doutorado e P\u00f3s-Doutorado em Ci\u00eancias Farmac\u00eauticas pela Universidade de S\u00e3o Paulo. Professor associado n\u00edvel 3 na Faculdade de Farm\u00e1cia da UFG. Bolsista de Produtividade em Desenvolvimento Tecnol\u00f3gico e Extens\u00e3o Inovadora do CNPq.<\/p>\n<p>Linha de Pesquisa: Valida\u00e7\u00e3o qu\u00edmica-biol\u00f3gica de f\u00e1rmacos de origem sint\u00e9tica e natural.<\/p>\n<p>E-mail: ecardosoufg@gmail.com\u00a0 \u00a0 \u00a0 \u00a0 \u00a0 \u00a0 \u00a0 \u00a0 \u00a0 \u00a0<a href=\"http:\/\/lattes.cnpq.br\/7193007113950510\">http:\/\/lattes.cnpq.br\/7193007113950510<\/a><\/p>\n<p>&nbsp;<\/p>\n<p><a href=\"http:\/\/www2.unifap.br\/ppgcf\/files\/2012\/06\/20141216_2133271.jpg\"><img loading=\"lazy\" decoding=\"async\" alt=\"SAMSUNG CSC\" src=\"http:\/\/www2.unifap.br\/ppgcf\/files\/2012\/06\/20141216_2133271-300x200.jpg\" width=\"300\" height=\"200\" \/><\/a><\/p>\n<p><strong>Prof. Dr. Madson Ralide Fonseca Gomes\u00a0<\/strong><\/p>\n<p>Doutor em Ci\u00eancias Farmac\u00eauticas pela Universidade Federal do Rio Grande do Sul.<\/p>\n<p>Linha de Pesquisa: Hematologia, Parasitologia, Toxicolologia, Farmacognosia, Prospec\u00e7\u00e3o e Avalia\u00e7\u00e3o Biol\u00f3gica de Mol\u00e9culas de Interesse Farmac\u00eautico.<\/p>\n<p>email: madson@unifap.br\u00a0\u00a0 \u00a0 \u00a0 \u00a0 \u00a0 \u00a0\u00a0<a href=\"http:\/\/lattes.cnpq.br\/0513632107672072\">http:\/\/lattes.cnpq.br\/0513632107672072<\/a><\/p>\n<p>&nbsp;<\/p>\n<p>&nbsp;<\/p>\n","protected":false},"excerpt":{"rendered":"<p>PROFESSORES PERMANENTES &nbsp; Prof. Dr. Caio Pinho Fernandes Doutor em Ci\u00eancias (Biotecnologia Vegetal) pela Universidade Federal do Rio de Janeiro (UFRJ). Linha de Pesquisa: controle de qualidade e tecnologia de fitoter\u00e1picos, com \u00eanfase em triterpenos, \u00f3leos da amaz\u00f4nia, desenvolvimento de&hellip; <\/p>\n<p><a href=\"https:\/\/www2.unifap.br\/ppgcf\/corpo-docente\/orientadores-do-ppgcf-2017\/\" class=\"readmore-button\">Continue Reading<\/a><\/p>\n","protected":false},"author":624,"featured_media":0,"parent":1659,"menu_order":2,"comment_status":"open","ping_status":"open","template":"","meta":{"inline_featured_image":false,"ngg_post_thumbnail":0,"footnotes":""},"class_list":["post-2151","page","type-page","status-publish","hentry"],"_links":{"self":[{"href":"https:\/\/www2.unifap.br\/ppgcf\/wp-json\/wp\/v2\/pages\/2151","targetHints":{"allow":["GET"]}}],"collection":[{"href":"https:\/\/www2.unifap.br\/ppgcf\/wp-json\/wp\/v2\/pages"}],"about":[{"href":"https:\/\/www2.unifap.br\/ppgcf\/wp-json\/wp\/v2\/types\/page"}],"author":[{"embeddable":true,"href":"https:\/\/www2.unifap.br\/ppgcf\/wp-json\/wp\/v2\/users\/624"}],"replies":[{"embeddable":true,"href":"https:\/\/www2.unifap.br\/ppgcf\/wp-json\/wp\/v2\/comments?post=2151"}],"version-history":[{"count":1,"href":"https:\/\/www2.unifap.br\/ppgcf\/wp-json\/wp\/v2\/pages\/2151\/revisions"}],"predecessor-version":[{"id":2152,"href":"https:\/\/www2.unifap.br\/ppgcf\/wp-json\/wp\/v2\/pages\/2151\/revisions\/2152"}],"up":[{"embeddable":true,"href":"https:\/\/www2.unifap.br\/ppgcf\/wp-json\/wp\/v2\/pages\/1659"}],"wp:attachment":[{"href":"https:\/\/www2.unifap.br\/ppgcf\/wp-json\/wp\/v2\/media?parent=2151"}],"curies":[{"name":"wp","href":"https:\/\/api.w.org\/{rel}","templated":true}]}}