{"id":2209,"date":"2018-01-19T19:49:16","date_gmt":"2018-01-19T19:49:16","guid":{"rendered":"http:\/\/www2.unifap.br\/ppgcf\/?page_id=2209"},"modified":"2018-04-02T14:05:55","modified_gmt":"2018-04-02T14:05:55","slug":"processo-seletivo-2018-2","status":"publish","type":"page","link":"https:\/\/www2.unifap.br\/ppgcf\/processos-seletivos\/processo-seletivo-2018-2\/","title":{"rendered":"Processo Seletivo 2018.2"},"content":{"rendered":"<p>&#8211; Per\u00edodo de inscri\u00e7\u00f5es: 29 de Janeiro \u00e0 05 de Fevereiro de 2018.<\/p>\n<p>&#8211; N\u00ba de vagas: 12 (doze) vagas\u00a0&#8211; distribu\u00eddas conforme disponibilidade dos orientadores.<\/p>\n<p>&nbsp;<\/p>\n<p><a href=\"http:\/\/www2.unifap.br\/ppgcf\/files\/2018\/01\/EDITAL-N\u00ba-01-2018_PPGCF-UNIFAP.pdf\">\u2192 Edital N\u00ba 01\/2018-PPGCF\/UNIFAP &#8211; Processo Seletivo 2018.2<\/a><\/p>\n<p><a href=\"http:\/\/www2.unifap.br\/ppgcf\/files\/2018\/02\/EDITAL-N\u00ba-01-2018_PPGCF-UNIFAP-HOMOLOGACAO-DAS-INSCRI\u00c7\u00d5ES.pdf\">\u2192 Homologa\u00e7\u00e3o das Inscri\u00e7\u00f5es \u2013 Edital N\u00ba 01\/2018-PPGCF\/UNIFAP \u2013 Processo Seletivo 2018.2<\/a><\/p>\n<p><a href=\"http:\/\/www2.unifap.br\/ppgcf\/files\/2018\/02\/EDITAL-N\u00ba-01-2018-LOCAL-DA-PROVA-TEM\u00c1TICA-PROCESSO-SELETIVO-PPGCF-2018.2.pdf\">\u2192 Local da Prova Tem\u00e1tica \u2013 Edital N\u00ba 01\/2018-PPGCF\/UNIFAP \u2013 Processo Seletivo 2018.2<\/a><\/p>\n<p><a href=\"http:\/\/www2.unifap.br\/ppgcf\/files\/2018\/02\/PROVA-TEM\u00c1TICA-PPGCF-PS-2018.2.pdf\">\u2192 Prova Tem\u00e1tica \u2013 Edital N\u00ba 01\/2018-PPGCF\/UNIFAP \u2013 Processo Seletivo 2018.2<\/a><\/p>\n<p><a href=\"http:\/\/www2.unifap.br\/ppgcf\/files\/2018\/02\/EDITAL-N\u00ba-01-2018-PPGCF-UNIFAP_RESULTADO-DA-PROVA-TEMATIVA-PS-2018.2.pdf\">\u2192 Resultado da Prova Tem\u00e1tica \u2013 Edital N\u00ba 01\/2018-PPGCF\/UNIFAP \u2013 Processo Seletivo 2018.2<\/a><\/p>\n<p><a href=\"http:\/\/www2.unifap.br\/ppgcf\/files\/2018\/01\/EDITAL-N\u00ba-01-2018-PPGCF-UNIFAP_RESULTADO-DA-PROVA-TEMATIVA-RETIFICADO-APOS-RECURSO.pdf\">\u2192 Resultado da Prova Tem\u00e1tica (Retificado Ap\u00f3s Recurso) \u2013 Edital N\u00ba 01\/2018-PPGCF\/UNIFAP<\/a><\/p>\n<p><a href=\"http:\/\/www2.unifap.br\/ppgcf\/files\/2018\/03\/EDITAL-N\u00ba-01-2018-PPGCF-UNIFAP_RESULTADO-PRELIMINAR-PROCESSO-SELETIVO-2018.2.pdf\">\u2192 Resultado Preliminar \u2013 Edital N\u00ba 01\/2018-PPGCF\/UNIFAP &#8211; Processo Seletivo 2018.2<\/a><\/p>\n<p><a href=\"http:\/\/www2.unifap.br\/ppgcf\/files\/2018\/04\/EDITAL-N\u00ba-01-2018-PPGCF-UNIFAP_RESULTADO-FINAL-PROCESSO-SELETIVO-2018.2.pdf\">\u2192 Resultado Final \u2013 Edital N\u00ba 01\/2018-PPGCF\/UNIFAP &#8211; Processo Seletivo 2018.2<\/a><\/p>\n<p><a href=\"http:\/\/www2.unifap.br\/ppgcf\/files\/2018\/04\/EDITAL-N\u00ba-01-2018-PPGCF-UNIFAP_RESULTADO-FINAL-RETIFICADO-PROCESSO-SELETIVO-2018.2-1.pdf\">\u2192 Resultado Final Retificado \u2013 Edital N\u00ba 01\/2018-PPGCF\/UNIFAP &#8211; Processo Seletivo 2018.2<\/a><\/p>\n","protected":false},"excerpt":{"rendered":"<p>&#8211; Per\u00edodo de inscri\u00e7\u00f5es: 29 de Janeiro \u00e0 05 de Fevereiro de 2018. &#8211; N\u00ba de vagas: 12 (doze) vagas\u00a0&#8211; distribu\u00eddas conforme disponibilidade dos orientadores. &nbsp; \u2192 Edital N\u00ba 01\/2018-PPGCF\/UNIFAP &#8211; Processo Seletivo 2018.2 \u2192 Homologa\u00e7\u00e3o das Inscri\u00e7\u00f5es \u2013 Edital&hellip; <\/p>\n<p><a href=\"https:\/\/www2.unifap.br\/ppgcf\/processos-seletivos\/processo-seletivo-2018-2\/\" class=\"readmore-button\">Continue Reading<\/a><\/p>\n","protected":false},"author":624,"featured_media":0,"parent":268,"menu_order":10,"comment_status":"open","ping_status":"open","template":"","meta":{"inline_featured_image":false,"ngg_post_thumbnail":0,"footnotes":""},"class_list":["post-2209","page","type-page","status-publish","hentry"],"_links":{"self":[{"href":"https:\/\/www2.unifap.br\/ppgcf\/wp-json\/wp\/v2\/pages\/2209","targetHints":{"allow":["GET"]}}],"collection":[{"href":"https:\/\/www2.unifap.br\/ppgcf\/wp-json\/wp\/v2\/pages"}],"about":[{"href":"https:\/\/www2.unifap.br\/ppgcf\/wp-json\/wp\/v2\/types\/page"}],"author":[{"embeddable":true,"href":"https:\/\/www2.unifap.br\/ppgcf\/wp-json\/wp\/v2\/users\/624"}],"replies":[{"embeddable":true,"href":"https:\/\/www2.unifap.br\/ppgcf\/wp-json\/wp\/v2\/comments?post=2209"}],"version-history":[{"count":9,"href":"https:\/\/www2.unifap.br\/ppgcf\/wp-json\/wp\/v2\/pages\/2209\/revisions"}],"predecessor-version":[{"id":2323,"href":"https:\/\/www2.unifap.br\/ppgcf\/wp-json\/wp\/v2\/pages\/2209\/revisions\/2323"}],"up":[{"embeddable":true,"href":"https:\/\/www2.unifap.br\/ppgcf\/wp-json\/wp\/v2\/pages\/268"}],"wp:attachment":[{"href":"https:\/\/www2.unifap.br\/ppgcf\/wp-json\/wp\/v2\/media?parent=2209"}],"curies":[{"name":"wp","href":"https:\/\/api.w.org\/{rel}","templated":true}]}}