{"id":2285,"date":"2018-03-01T13:49:51","date_gmt":"2018-03-01T13:49:51","guid":{"rendered":"http:\/\/www2.unifap.br\/ppgcf\/?page_id=2285"},"modified":"2018-06-19T16:49:33","modified_gmt":"2018-06-19T16:49:33","slug":"ofertas-2018-1","status":"publish","type":"page","link":"https:\/\/www2.unifap.br\/ppgcf\/ofertas-de-disciplinas\/ofertas-2018-1\/","title":{"rendered":"Ofertas 2018.1"},"content":{"rendered":"<p>CALEND\u00c1RIO DE DISCIPLINAS (1\u00ba SEMESTRE &#8211; MAR\u00c7O \u00e0 JULHO DE 2018)<\/p>\n<p><a href=\"http:\/\/www2.unifap.br\/ppgcf\/ofertas-de-disciplinas\/ofertas-2018-1\/cronograma-de-aulas-2018-1\/\">\u2192 Cronograma de aulas 2018.1 (acesse clicando aqui).<\/a><\/p>\n<p>&nbsp;<\/p>\n<table width=\"1087\" border=\"1\" cellspacing=\"0\" cellpadding=\"0\">\n<tbody>\n<tr>\n<td width=\"166\">\n<p align=\"center\"><b>PER\u00cdODO<\/b><\/p>\n<\/td>\n<td width=\"438\">\n<p align=\"center\"><b>DISCIPLINA<\/b><\/p>\n<\/td>\n<td width=\"80\">\n<p align=\"center\"><b>TIPO<\/b><\/p>\n<\/td>\n<td width=\"329\">\n<p align=\"center\"><b>DOCENTE \/ LOCAL<\/b><\/p>\n<\/td>\n<td width=\"36\">\n<p align=\"center\"><b>CH<\/b><\/p>\n<\/td>\n<td width=\"38\">\n<p align=\"center\"><b>Crd<\/b><\/p>\n<\/td>\n<\/tr>\n<tr>\n<td width=\"166\">\n<p align=\"center\"><b>12 e 13\/03\/2018 (Tarde)<\/b><\/p>\n<\/td>\n<td width=\"438\">Matr\u00edculas Inicial e Semestral na Coordena\u00e7\u00e3o do PPGCF<\/p>\n<p>Entrega dos Relat\u00f3rios Semestrais<\/td>\n<td width=\"80\">\n<p align=\"center\">Obrigat\u00f3ria<\/p>\n<\/td>\n<td width=\"329\">Local: Coordena\u00e7\u00e3o do PPGCF<\/td>\n<td width=\"36\">\n<p align=\"center\">&#8211;<\/p>\n<\/td>\n<td width=\"38\">\n<p align=\"center\">&#8211;<\/p>\n<\/td>\n<\/tr>\n<tr>\n<td width=\"166\">\n<p align=\"center\"><b>16\/03\/2018<\/b><\/p>\n<p align=\"center\"><b>In\u00edcio \u00e0s 15h<\/b><\/p>\n<\/td>\n<td width=\"438\">Aula Inaugural do Curso de Mestrado do Programa de P\u00f3s-Gradua\u00e7\u00e3o em Ci\u00eancias Farmac\u00eauticas &#8211; PPGCF\/UNIFAP<\/td>\n<td width=\"80\">\n<p align=\"center\">Obrigat\u00f3ria<\/p>\n<\/td>\n<td width=\"329\">Local: Audit\u00f3rio do CEPA (em frente ao RU)<\/td>\n<td width=\"36\">\n<p align=\"center\">&#8211;<\/p>\n<\/td>\n<td width=\"38\">\n<p align=\"center\">&#8211;<\/p>\n<\/td>\n<\/tr>\n<tr>\n<td width=\"166\">\n<p align=\"center\"><b>20 \u00e0 29\/03 (Manh\u00e3 e Tarde)<\/b><\/p>\n<p align=\"center\"><b>23 \u00e0 25\/04 (Manh\u00e3 e Tarde)<\/b><\/p>\n<\/td>\n<td width=\"438\">Metodologia Cient\u00edfica<\/td>\n<td width=\"80\">\n<p align=\"center\">Obrigat\u00f3ria<\/p>\n<\/td>\n<td width=\"329\">Dra. Lorane Izabel da Silva Hage Melim &#8211; UNIFAP<\/p>\n<p>Local: Sala 06 do Bloco de Salas da Farm\u00e1cia.<\/td>\n<td width=\"36\">\n<p align=\"center\">60<\/p>\n<\/td>\n<td width=\"38\">\n<p align=\"center\">4<\/p>\n<\/td>\n<\/tr>\n<tr>\n<td width=\"166\">\n<p align=\"center\"><b>23\/03 \u00e0s 10h &#8211; Reuni\u00e3o com matriculados.<\/b><b><\/b><\/p>\n<p align=\"center\"><b>Cumprimento da carga hor\u00e1ria: De acordo com calend\u00e1rio da gradua\u00e7\u00e3o<\/b><b><\/b><\/p>\n<\/td>\n<td width=\"438\">Est\u00e1gio de Doc\u00eancia na Gradua\u00e7\u00e3o<\/td>\n<td width=\"80\">\n<p align=\"center\">Obrigat\u00f3ria<\/p>\n<\/td>\n<td width=\"329\">Dr. Rodrigo Alves Soares Cruz &#8211; UNIFAP<\/p>\n<p>Local: Sala 06 do Bloco de Salas da Farm\u00e1cia.<\/td>\n<td width=\"36\">\n<p align=\"center\">30<\/p>\n<\/td>\n<td width=\"38\">\n<p align=\"center\">2<\/p>\n<\/td>\n<\/tr>\n<tr>\n<td width=\"166\">\n<p align=\"center\"><b>02 \u00e0 06\/04 (Manh\u00e3 e Tarde)<\/b><\/p>\n<\/td>\n<td width=\"438\">Semin\u00e1rios em Ci\u00eancias Farmac\u00eauticas I<\/td>\n<td width=\"80\">\n<p align=\"center\">Obrigat\u00f3ria<\/p>\n<\/td>\n<td width=\"329\">Dr. Raimundo Nonato Pican\u00e7o Souto &#8211; UNIFAP<\/p>\n<p>Local: Sala 06 do Bloco de Salas da Farm\u00e1cia.<\/td>\n<td width=\"36\">\n<p align=\"center\">30<\/p>\n<\/td>\n<td width=\"38\">\n<p align=\"center\">2<\/p>\n<\/td>\n<\/tr>\n<tr>\n<td width=\"166\">\n<p align=\"center\"><b>10 \u00e0 13\/04 (Tarde)<\/b><\/p>\n<\/td>\n<td width=\"438\">T\u00f3picos Especiais em Biologia Farmac\u00eautica<\/td>\n<td width=\"80\">\n<p align=\"center\">Optativa<\/p>\n<\/td>\n<td width=\"329\">Dr. Andr\u00e9s Navarrete Castro &#8211; UNAM\/M\u00e9xico<\/p>\n<p>Dr. Jos\u00e9 Carlos Tavares Carvalho &#8211; UNIFAP<\/p>\n<p>Local: Sala 06 do Bloco de Salas da Farm\u00e1cia.<\/td>\n<td width=\"36\">\n<p align=\"center\">30<\/p>\n<\/td>\n<td width=\"38\">\n<p align=\"center\">2<\/p>\n<\/td>\n<\/tr>\n<tr>\n<td width=\"166\">\n<p align=\"center\"><b>19 e 20\/04 (Manh\u00e3 e Tarde)<\/b><\/p>\n<p align=\"center\"><b>26 \u00e0 28\/04 (Manh\u00e3 e Tarde)<\/b><\/p>\n<\/td>\n<td width=\"438\">M\u00e9todos para Caracteriza\u00e7\u00e3o de Nanoestruturas Aplicadas \u00e0 F\u00e1rmacos<\/td>\n<td width=\"80\">\n<p align=\"center\">Optativa<\/p>\n<\/td>\n<td width=\"329\">Dra. Raquel Silva Ara\u00fajo &#8211; UNIFAP<\/p>\n<p>Local: Sala 06 do Bloco de Salas da Farm\u00e1cia.<\/td>\n<td width=\"36\">\n<p align=\"center\">30<\/p>\n<\/td>\n<td width=\"38\">\n<p align=\"center\">2<\/p>\n<\/td>\n<\/tr>\n<tr>\n<td width=\"166\">\n<p align=\"center\"><b>04 \u00e0 15\/05 (Manh\u00e3, Tarde e Noite &#8211; alternadamente)<\/b><\/p>\n<\/td>\n<td width=\"438\">Metodologia do Ensino Superior<\/td>\n<td width=\"80\">\n<p align=\"center\">Optativa<\/p>\n<\/td>\n<td width=\"329\">Dra. Leila do Socorro Rodrigues Feio &#8211; UNIFAP<\/p>\n<p>Local: Bloco de Salas da P\u00f3s-Gradua\u00e7\u00e3o (em frente \u00e0 Radio).<\/td>\n<td width=\"36\">\n<p align=\"center\">60<\/p>\n<\/td>\n<td width=\"38\">\n<p align=\"center\">4<\/p>\n<\/td>\n<\/tr>\n<tr>\n<td width=\"166\">\n<p align=\"center\"><b>07 \u00e0 18\/05 (Tarde)<\/b><\/p>\n<\/td>\n<td width=\"438\">M\u00e9todos para An\u00e1lise de Polimorfismos Gen\u00e9ticos<\/td>\n<td width=\"80\">\n<p align=\"center\">Optativa<\/p>\n<\/td>\n<td width=\"329\">Dr. Rafael Lima Resque &#8211; UNIFAP<\/p>\n<p>Local: Sala 06 do Bloco de Salas da Farm\u00e1cia.<\/td>\n<td width=\"36\">\n<p align=\"center\">45<\/p>\n<\/td>\n<td width=\"38\">\n<p align=\"center\">3<\/p>\n<\/td>\n<\/tr>\n<tr>\n<td width=\"166\">\n<p align=\"center\"><b>21 \u00e0 25\/05 (Manh\u00e3)<\/b><\/p>\n<\/td>\n<td width=\"438\">Cromatografia L\u00edquida de Alta Efici\u00eancia Aplicadas ao Desenvolvimento de Medicamentos<\/td>\n<td width=\"80\">\n<p align=\"center\">Optativa<\/p>\n<\/td>\n<td width=\"329\">Dra. L\u00edlian Grace da Silva Solon &#8211; UNIFAP<\/p>\n<p>Dr. Gabriel Ara\u00fajo da Silva &#8211; UEAP<\/p>\n<p>Local: Sala 06 do Bloco de Salas da Farm\u00e1cia.<\/td>\n<td width=\"36\">\n<p align=\"center\">60<\/p>\n<\/td>\n<td width=\"38\">\n<p align=\"center\">4<\/p>\n<\/td>\n<\/tr>\n<tr>\n<td width=\"166\">\n<p align=\"center\"><b>04 \u00e0 08\/06 (Tarde)<\/b><\/p>\n<\/td>\n<td width=\"438\">Farmacodin\u00e2mica Avan\u00e7ada<\/td>\n<td width=\"80\">\n<p align=\"center\">Optativa<\/p>\n<\/td>\n<td width=\"329\">Dr. Jos\u00e9 Carlos Tavares Carvalho &#8211; UNIFAP<\/p>\n<p>Dr. Josu\u00e9 Arturo Vel\u00e1zquez Moyado &#8211; UNAM<\/p>\n<p>Local: Sala 06 do Bloco de Salas da Farm\u00e1cia.<\/td>\n<td width=\"36\">\n<p align=\"center\">30<\/p>\n<\/td>\n<td width=\"38\">\n<p align=\"center\">2<\/p>\n<\/td>\n<\/tr>\n<tr>\n<td width=\"166\">\n<p align=\"center\"><b>11 \u00e0 22\/06 (Tarde)<\/b><\/p>\n<\/td>\n<td width=\"438\">An\u00e1lise Estereoqu\u00edmica de Candidatos \u00e0 F\u00e1rmacos<\/td>\n<td width=\"80\">\n<p align=\"center\">Optativa<\/p>\n<\/td>\n<td width=\"329\">Dr. Rodrigo Alves Soares Cruz &#8211; UNIFAP<\/p>\n<p>Local: Sala 06 do Bloco de Salas da Farm\u00e1cia.<\/td>\n<td width=\"36\">\n<p align=\"center\">60<\/p>\n<\/td>\n<td width=\"38\">\n<p align=\"center\">4<\/p>\n<\/td>\n<\/tr>\n<tr>\n<td width=\"166\">\n<p align=\"center\"><b>12 \u00e0 21\/06 (Manh\u00e3)<\/b><\/p>\n<\/td>\n<td width=\"438\">Metodologias para a Avalia\u00e7\u00e3o da Citotoxicidade de F\u00e1rmacos<\/td>\n<td width=\"80\">\n<p align=\"center\">Optativa<\/p>\n<\/td>\n<td width=\"329\">Dr. Madson Ralide Fonseca Gomes &#8211; UNIFAP<\/p>\n<p>Local: Bloco de Salas da Farm\u00e1cia.<\/td>\n<td width=\"36\">\n<p align=\"center\">30<\/p>\n<\/td>\n<td width=\"38\">\n<p align=\"center\">2<\/p>\n<\/td>\n<\/tr>\n<tr>\n<td width=\"166\">\n<p align=\"center\"><b>26\/06 \u00e0 02\/07 (Manh\u00e3 e Tarde)<\/b><\/p>\n<\/td>\n<td width=\"438\">Toxicologia da Reprodu\u00e7\u00e3o e do Desenvolvimento<\/td>\n<td width=\"80\">\n<p align=\"center\">Optativa<\/p>\n<\/td>\n<td width=\"329\">Dra. Clarissa Silva Lima &#8211; UNIFAP<\/p>\n<p>Local: Sala 06 do Bloco de Salas da Farm\u00e1cia.<\/td>\n<td width=\"36\">\n<p align=\"center\">30<\/p>\n<\/td>\n<td width=\"38\">\n<p align=\"center\">2<\/p>\n<\/td>\n<\/tr>\n<\/tbody>\n<\/table>\n<p>&nbsp;<\/p>\n<p>Obs. 01: Este calend\u00e1rio de ofertas est\u00e1 sujeito a altera\u00e7\u00f5es, quanto ao dia de algumas das ofertas e\/ou inclus\u00e3o de ofertas de outras disciplinas, sem aviso pr\u00e9vio;<\/p>\n<p>Obs. 02: Ofertas publicadas em 01\/03\/2018.<\/p>\n<p>Edit. 01 em 02\/04\/2018: Oferta da disciplina &#8220;M\u00e9todos para Caracteriza\u00e7\u00e3o de Nanoestruturas Aplicadas \u00e0 F\u00e1rmacos&#8221; alterada, passando a ser ofertada de 09 \u00e0 19\/04 para 19 \u00e0 28\/04;<\/p>\n<p>Edit. 02 em 25\/04\/2018: Oferta da disciplina &#8220;Cromatografia L\u00edquida de Alta Efici\u00eancia Aplicadas ao Desenvolvimento de Medicamentos&#8221; alterada, passando a ser ofertada de 17 \u00e0 30\/05 para 30\/04 \u00e0 04\/05 e 21 \u00e0 25\/05\/2018;<\/p>\n<p>Edit. 03 em 25\/04\/2018: Oferta da disciplina &#8220;M\u00e9todos para An\u00e1lise de Polimorfismos Gen\u00e9ticos&#8221; alterada, passando a ser ofertada de 02 \u00e0 15\/05 para 07 \u00e0 18\/05\/2018;<\/p>\n<p>Edit. 04 em 08\/06\/2018: Oferta da disciplina &#8220;Metodologias para avalia\u00e7\u00e3o da citotoxicidade de f\u00e1rmacos&#8221; alterada, iniciando em 12\/06\/2018 (ter\u00e7a-feira);<\/p>\n<p>Edit. 05 em 19\/06\/2018: Oferta da disciplina &#8220;Toxicologia da reprodu\u00e7\u00e3o e do desenvolvimento&#8221; alterada, passando a ser ofertada de 25 \u00e0 29\/06 para 26\/06 \u00e0 02\/07\/2018.<\/p>\n","protected":false},"excerpt":{"rendered":"<p>CALEND\u00c1RIO DE DISCIPLINAS (1\u00ba SEMESTRE &#8211; MAR\u00c7O \u00e0 JULHO DE 2018) \u2192 Cronograma de aulas 2018.1 (acesse clicando aqui). &nbsp; PER\u00cdODO DISCIPLINA TIPO DOCENTE \/ LOCAL CH Crd 12 e 13\/03\/2018 (Tarde) Matr\u00edculas Inicial e Semestral na Coordena\u00e7\u00e3o do PPGCF&hellip; <\/p>\n<p><a href=\"https:\/\/www2.unifap.br\/ppgcf\/ofertas-de-disciplinas\/ofertas-2018-1\/\" class=\"readmore-button\">Continue Reading<\/a><\/p>\n","protected":false},"author":624,"featured_media":0,"parent":1199,"menu_order":9,"comment_status":"open","ping_status":"open","template":"","meta":{"inline_featured_image":false,"ngg_post_thumbnail":0,"footnotes":""},"class_list":["post-2285","page","type-page","status-publish","hentry"],"_links":{"self":[{"href":"https:\/\/www2.unifap.br\/ppgcf\/wp-json\/wp\/v2\/pages\/2285","targetHints":{"allow":["GET"]}}],"collection":[{"href":"https:\/\/www2.unifap.br\/ppgcf\/wp-json\/wp\/v2\/pages"}],"about":[{"href":"https:\/\/www2.unifap.br\/ppgcf\/wp-json\/wp\/v2\/types\/page"}],"author":[{"embeddable":true,"href":"https:\/\/www2.unifap.br\/ppgcf\/wp-json\/wp\/v2\/users\/624"}],"replies":[{"embeddable":true,"href":"https:\/\/www2.unifap.br\/ppgcf\/wp-json\/wp\/v2\/comments?post=2285"}],"version-history":[{"count":9,"href":"https:\/\/www2.unifap.br\/ppgcf\/wp-json\/wp\/v2\/pages\/2285\/revisions"}],"predecessor-version":[{"id":2434,"href":"https:\/\/www2.unifap.br\/ppgcf\/wp-json\/wp\/v2\/pages\/2285\/revisions\/2434"}],"up":[{"embeddable":true,"href":"https:\/\/www2.unifap.br\/ppgcf\/wp-json\/wp\/v2\/pages\/1199"}],"wp:attachment":[{"href":"https:\/\/www2.unifap.br\/ppgcf\/wp-json\/wp\/v2\/media?parent=2285"}],"curies":[{"name":"wp","href":"https:\/\/api.w.org\/{rel}","templated":true}]}}