{"id":2287,"date":"2018-03-01T14:12:09","date_gmt":"2018-03-01T14:12:09","guid":{"rendered":"http:\/\/www2.unifap.br\/ppgcf\/?page_id=2287"},"modified":"2018-06-19T16:45:39","modified_gmt":"2018-06-19T16:45:39","slug":"cronograma-de-aulas-2018-1","status":"publish","type":"page","link":"https:\/\/www2.unifap.br\/ppgcf\/ofertas-de-disciplinas\/ofertas-2018-1\/cronograma-de-aulas-2018-1\/","title":{"rendered":"Cronograma de Aulas 2018.1"},"content":{"rendered":"<h3>PROGRAMA DE P\u00d3S-GRADUA\u00c7\u00c3O EM CI\u00caNCIAS FARMAC\u00caUTICAS &#8211; PPGCF<\/h3>\n<p><a href=\"http:\/\/www2.unifap.br\/ppgcf\/files\/2018\/03\/PPGCF-2018-1_CRONOGRAMA-DE-AULAS-ALTERADO-em-19-06-2018.pdf\">\u2192 Cronograma de ofertas 2018.1 em formato PDF (PPGCF) [Alterado em 19\/06\/2018]<\/a><\/p>\n<p>&nbsp;<\/p>\n<p style=\"text-align: center\"><strong>MAR\u00c7O\/2018<\/strong><\/p>\n<p style=\"text-align: center\"><a href=\"http:\/\/www2.unifap.br\/ppgcf\/files\/2018\/03\/03-CRONOGRAMA_DE_AULAS_-_MAR\u00c7O_2018.png\"><img fetchpriority=\"high\" decoding=\"async\" class=\"alignnone size-medium wp-image-2289\" alt=\"03 CRONOGRAMA_DE_AULAS_-_MAR\u00c7O_2018\" src=\"http:\/\/www2.unifap.br\/ppgcf\/files\/2018\/03\/03-CRONOGRAMA_DE_AULAS_-_MAR\u00c7O_2018-300x193.png\" width=\"300\" height=\"193\" srcset=\"https:\/\/www2.unifap.br\/ppgcf\/files\/2018\/03\/03-CRONOGRAMA_DE_AULAS_-_MAR\u00c7O_2018-300x193.png 300w, https:\/\/www2.unifap.br\/ppgcf\/files\/2018\/03\/03-CRONOGRAMA_DE_AULAS_-_MAR\u00c7O_2018.png 911w\" sizes=\"(max-width: 300px) 100vw, 300px\" \/><\/a><\/p>\n<p style=\"text-align: center\"><strong>ABRIL\/2018<\/strong><\/p>\n<p style=\"text-align: center\"><a href=\"http:\/\/www2.unifap.br\/ppgcf\/files\/2018\/03\/04-CRONOGRAMA_DE_AULAS_-_ABRIL_2018.png\"><img decoding=\"async\" class=\"alignnone size-medium wp-image-2368\" alt=\"04 CRONOGRAMA_DE_AULAS_-_ABRIL_2018\" src=\"http:\/\/www2.unifap.br\/ppgcf\/files\/2018\/03\/04-CRONOGRAMA_DE_AULAS_-_ABRIL_2018-300x209.png\" width=\"300\" height=\"209\" srcset=\"https:\/\/www2.unifap.br\/ppgcf\/files\/2018\/03\/04-CRONOGRAMA_DE_AULAS_-_ABRIL_2018-300x209.png 300w, https:\/\/www2.unifap.br\/ppgcf\/files\/2018\/03\/04-CRONOGRAMA_DE_AULAS_-_ABRIL_2018-250x175.png 250w, https:\/\/www2.unifap.br\/ppgcf\/files\/2018\/03\/04-CRONOGRAMA_DE_AULAS_-_ABRIL_2018.png 905w\" sizes=\"(max-width: 300px) 100vw, 300px\" \/><\/a><\/p>\n<p style=\"text-align: center\"><strong>MAIO\/2018<\/strong><\/p>\n<p style=\"text-align: center\"><a href=\"http:\/\/www2.unifap.br\/ppgcf\/files\/2018\/03\/05-CRONOGRAMA_DE_AULAS_-_MAIO_2018.png\"><img decoding=\"async\" class=\"alignnone size-medium wp-image-2369\" alt=\"05 CRONOGRAMA_DE_AULAS_-_MAIO_2018\" src=\"http:\/\/www2.unifap.br\/ppgcf\/files\/2018\/03\/05-CRONOGRAMA_DE_AULAS_-_MAIO_2018-300x211.png\" width=\"300\" height=\"211\" srcset=\"https:\/\/www2.unifap.br\/ppgcf\/files\/2018\/03\/05-CRONOGRAMA_DE_AULAS_-_MAIO_2018-300x211.png 300w, https:\/\/www2.unifap.br\/ppgcf\/files\/2018\/03\/05-CRONOGRAMA_DE_AULAS_-_MAIO_2018-250x175.png 250w, https:\/\/www2.unifap.br\/ppgcf\/files\/2018\/03\/05-CRONOGRAMA_DE_AULAS_-_MAIO_2018.png 893w\" sizes=\"(max-width: 300px) 100vw, 300px\" \/><\/a><\/p>\n<p style=\"text-align: center\"><strong>JUNHO\/2018<\/strong><\/p>\n<p style=\"text-align: center\"><a href=\"http:\/\/www2.unifap.br\/ppgcf\/files\/2018\/03\/06-CRONOGRAMA_DE_AULAS_-_JUNHO_20181.png\"><img loading=\"lazy\" decoding=\"async\" class=\"alignnone size-medium wp-image-2431\" alt=\"06 CRONOGRAMA_DE_AULAS_-_JUNHO_2018\" src=\"http:\/\/www2.unifap.br\/ppgcf\/files\/2018\/03\/06-CRONOGRAMA_DE_AULAS_-_JUNHO_20181-300x177.png\" width=\"300\" height=\"177\" srcset=\"https:\/\/www2.unifap.br\/ppgcf\/files\/2018\/03\/06-CRONOGRAMA_DE_AULAS_-_JUNHO_20181-300x177.png 300w, https:\/\/www2.unifap.br\/ppgcf\/files\/2018\/03\/06-CRONOGRAMA_DE_AULAS_-_JUNHO_20181.png 901w\" sizes=\"(max-width: 300px) 100vw, 300px\" \/><\/a><\/p>\n<p style=\"text-align: center\"><strong>JULHO\/2018<\/strong><\/p>\n<p style=\"text-align: center\"><a href=\"http:\/\/www2.unifap.br\/ppgcf\/files\/2018\/03\/07-CRONOGRAMA_DE_AULAS_-_JULHO_20181.png\"><img loading=\"lazy\" decoding=\"async\" class=\"alignnone size-medium wp-image-2432\" alt=\"07 CRONOGRAMA_DE_AULAS_-_JULHO_2018\" src=\"http:\/\/www2.unifap.br\/ppgcf\/files\/2018\/03\/07-CRONOGRAMA_DE_AULAS_-_JULHO_20181-300x180.png\" width=\"300\" height=\"180\" srcset=\"https:\/\/www2.unifap.br\/ppgcf\/files\/2018\/03\/07-CRONOGRAMA_DE_AULAS_-_JULHO_20181-300x180.png 300w, https:\/\/www2.unifap.br\/ppgcf\/files\/2018\/03\/07-CRONOGRAMA_DE_AULAS_-_JULHO_20181.png 905w\" sizes=\"(max-width: 300px) 100vw, 300px\" \/><\/a><\/p>\n<p>Obs. 01: Este calend\u00e1rio de ofertas est\u00e1 sujeito a altera\u00e7\u00f5es, quanto ao dia de algumas das ofertas e\/ou inclus\u00e3o de ofertas de outras disciplinas, sem aviso pr\u00e9vio;<\/p>\n<p>Obs. 02: Ofertas publicadas em 01\/03\/2018.<\/p>\n<p>Edit. 01 em 02\/04\/2018: Oferta da disciplina &#8220;M\u00e9todos para Caracteriza\u00e7\u00e3o de Nanoestruturas Aplicadas \u00e0 F\u00e1rmacos&#8221; alterada, passando a ser ofertada de 09 \u00e0 19\/04 para 19 \u00e0 28\/04;<\/p>\n<p>Edit. 02 em 25\/04\/2018: Oferta da disciplina &#8220;Cromatografia L\u00edquida de Alta Efici\u00eancia Aplicadas ao Desenvolvimento de Medicamentos&#8221; alterada, passando a ser ofertada de 17 \u00e0 30\/05 para 30\/04 \u00e0 04\/05 e 21 \u00e0 25\/05\/2018;<\/p>\n<p>Edit. 03 em 25\/04\/2018: Oferta da disciplina &#8220;M\u00e9todos para An\u00e1lise de Polimorfismos Gen\u00e9ticos&#8221; alterada, passando a ser ofertada de 02 \u00e0 15\/05 para 07 \u00e0 18\/05\/2018;<\/p>\n<p>Edit. 04 em 08\/06\/2018: Oferta da disciplina &#8220;Metodologias para avalia\u00e7\u00e3o da citotoxicidade de f\u00e1rmacos&#8221; alterada, iniciando em 12\/06\/2018 (ter\u00e7a-feira);<\/p>\n<p>Edit. 05 em 19\/06\/2018: Oferta da disciplina &#8220;Toxicologia da reprodu\u00e7\u00e3o e do desenvolvimento&#8221; alterada, passando a ser ofertada de 25 \u00e0 29\/06 para 26\/06 \u00e0 02\/07\/2018.<\/p>\n","protected":false},"excerpt":{"rendered":"<p>PROGRAMA DE P\u00d3S-GRADUA\u00c7\u00c3O EM CI\u00caNCIAS FARMAC\u00caUTICAS &#8211; PPGCF \u2192 Cronograma de ofertas 2018.1 em formato PDF (PPGCF) [Alterado em 19\/06\/2018] &nbsp; MAR\u00c7O\/2018 ABRIL\/2018 MAIO\/2018 JUNHO\/2018 JULHO\/2018 Obs. 01: Este calend\u00e1rio de ofertas est\u00e1 sujeito a altera\u00e7\u00f5es, quanto ao dia de&hellip; <\/p>\n<p><a href=\"https:\/\/www2.unifap.br\/ppgcf\/ofertas-de-disciplinas\/ofertas-2018-1\/cronograma-de-aulas-2018-1\/\" class=\"readmore-button\">Continue Reading<\/a><\/p>\n","protected":false},"author":624,"featured_media":0,"parent":2285,"menu_order":1,"comment_status":"open","ping_status":"open","template":"","meta":{"inline_featured_image":false,"ngg_post_thumbnail":0,"footnotes":""},"class_list":["post-2287","page","type-page","status-publish","hentry"],"_links":{"self":[{"href":"https:\/\/www2.unifap.br\/ppgcf\/wp-json\/wp\/v2\/pages\/2287","targetHints":{"allow":["GET"]}}],"collection":[{"href":"https:\/\/www2.unifap.br\/ppgcf\/wp-json\/wp\/v2\/pages"}],"about":[{"href":"https:\/\/www2.unifap.br\/ppgcf\/wp-json\/wp\/v2\/types\/page"}],"author":[{"embeddable":true,"href":"https:\/\/www2.unifap.br\/ppgcf\/wp-json\/wp\/v2\/users\/624"}],"replies":[{"embeddable":true,"href":"https:\/\/www2.unifap.br\/ppgcf\/wp-json\/wp\/v2\/comments?post=2287"}],"version-history":[{"count":7,"href":"https:\/\/www2.unifap.br\/ppgcf\/wp-json\/wp\/v2\/pages\/2287\/revisions"}],"predecessor-version":[{"id":2464,"href":"https:\/\/www2.unifap.br\/ppgcf\/wp-json\/wp\/v2\/pages\/2287\/revisions\/2464"}],"up":[{"embeddable":true,"href":"https:\/\/www2.unifap.br\/ppgcf\/wp-json\/wp\/v2\/pages\/2285"}],"wp:attachment":[{"href":"https:\/\/www2.unifap.br\/ppgcf\/wp-json\/wp\/v2\/media?parent=2287"}],"curies":[{"name":"wp","href":"https:\/\/api.w.org\/{rel}","templated":true}]}}