{"id":231,"date":"2014-12-10T19:47:47","date_gmt":"2014-12-10T19:47:47","guid":{"rendered":"http:\/\/www2.unifap.br\/ppgcf\/?page_id=231"},"modified":"2015-01-20T17:51:38","modified_gmt":"2015-01-20T17:51:38","slug":"areas-de-concentracao","status":"publish","type":"page","link":"https:\/\/www2.unifap.br\/ppgcf\/apresentacao\/areas-de-concentracao\/","title":{"rendered":"\u00c1reas de Concentra\u00e7\u00e3o"},"content":{"rendered":"<p>&nbsp;<\/p>\n<p><strong><a href=\"http:\/\/www2.unifap.br\/ppgcf\/files\/2012\/05\/SDC113091.jpg\"><img decoding=\"async\" class=\"wp-image-43 alignleft\" alt=\"Laborat\u00f3rio de Fitoquimica \" src=\"http:\/\/www2.unifap.br\/ppgcf\/files\/2012\/05\/SDC113091-300x225.jpg\" width=\"227\" height=\"170\" srcset=\"https:\/\/www2.unifap.br\/ppgcf\/files\/2012\/05\/SDC113091-300x225.jpg 300w, https:\/\/www2.unifap.br\/ppgcf\/files\/2012\/05\/SDC113091-1024x768.jpg 1024w, https:\/\/www2.unifap.br\/ppgcf\/files\/2012\/05\/SDC113091-240x180.jpg 240w\" sizes=\"(max-width: 227px) 100vw, 227px\" \/><\/a><\/strong><\/p>\n<h3 style=\"text-align: justify\"><strong>Biologia Farmac\u00eautica<\/strong><\/h3>\n<p style=\"text-align: justify\">A Biologia farmac\u00eautica \u00e9 a ci\u00eancia que se preocupa com a\u00a0origem dos produtos naturais e sua atividade biol\u00f3gica, a bioss\u00edntese, a aplica\u00e7\u00e3o e os processos de produ\u00e7\u00e3o. Portanto, nesta \u00e1rea compreendem estudos nas \u00e1reas da Biologia Farmac\u00eautica que compreendem: a microbiologia (bact\u00e9rias, fungos e organismos marinhos), a bot\u00e2nica (taxonomia, sistem\u00e1tica e etnobot\u00e2nica), fitoterapia (fitofarmacologia, toxicologia, regula\u00e7\u00e3o de medicamentos fitoter\u00e1picos), a bioan\u00e1lise (<em>screening<\/em>, qu\u00edmica de produtos naturais e padroniza\u00e7\u00e3o de m\u00e9todos).<\/p>\n<h3 style=\"text-align: justify\"><strong>Tecnologias Aplicadas a F\u00e1rmacos<\/strong><\/h3>\n<p style=\"text-align: justify\">Dentre as tecnologias aplicadas aos estudos de f\u00e1rmacos encontra-se a nanotecnologia, que prop\u00f5e a obten\u00e7\u00e3o de\u00a0formas farmac\u00eauticas mais est\u00e1veis, program\u00e1veis e efetivas quanto ao sitio de a\u00e7\u00e3o. Portanto, nessa \u00e1rea ser\u00e3o\u00a0aplicados estudos que proponham novas tecnologias vi\u00e1veis na obten\u00e7\u00e3o de f\u00e1rmacos e medicamentos, como\u00a0tamb\u00e9m as formas tecnol\u00f3gicas que possam garantir os seus controles.<\/p>\n","protected":false},"excerpt":{"rendered":"<p>&nbsp; Biologia Farmac\u00eautica A Biologia farmac\u00eautica \u00e9 a ci\u00eancia que se preocupa com a\u00a0origem dos produtos naturais e sua atividade biol\u00f3gica, a bioss\u00edntese, a aplica\u00e7\u00e3o e os processos de produ\u00e7\u00e3o. Portanto, nesta \u00e1rea compreendem estudos nas \u00e1reas da Biologia Farmac\u00eautica&hellip; <\/p>\n<p><a href=\"https:\/\/www2.unifap.br\/ppgcf\/apresentacao\/areas-de-concentracao\/\" class=\"readmore-button\">Continue Reading<\/a><\/p>\n","protected":false},"author":624,"featured_media":0,"parent":2,"menu_order":2,"comment_status":"open","ping_status":"open","template":"","meta":{"inline_featured_image":false,"ngg_post_thumbnail":0,"footnotes":""},"class_list":["post-231","page","type-page","status-publish","hentry"],"_links":{"self":[{"href":"https:\/\/www2.unifap.br\/ppgcf\/wp-json\/wp\/v2\/pages\/231","targetHints":{"allow":["GET"]}}],"collection":[{"href":"https:\/\/www2.unifap.br\/ppgcf\/wp-json\/wp\/v2\/pages"}],"about":[{"href":"https:\/\/www2.unifap.br\/ppgcf\/wp-json\/wp\/v2\/types\/page"}],"author":[{"embeddable":true,"href":"https:\/\/www2.unifap.br\/ppgcf\/wp-json\/wp\/v2\/users\/624"}],"replies":[{"embeddable":true,"href":"https:\/\/www2.unifap.br\/ppgcf\/wp-json\/wp\/v2\/comments?post=231"}],"version-history":[{"count":11,"href":"https:\/\/www2.unifap.br\/ppgcf\/wp-json\/wp\/v2\/pages\/231\/revisions"}],"predecessor-version":[{"id":440,"href":"https:\/\/www2.unifap.br\/ppgcf\/wp-json\/wp\/v2\/pages\/231\/revisions\/440"}],"up":[{"embeddable":true,"href":"https:\/\/www2.unifap.br\/ppgcf\/wp-json\/wp\/v2\/pages\/2"}],"wp:attachment":[{"href":"https:\/\/www2.unifap.br\/ppgcf\/wp-json\/wp\/v2\/media?parent=231"}],"curies":[{"name":"wp","href":"https:\/\/api.w.org\/{rel}","templated":true}]}}