{"id":238,"date":"2014-12-10T19:56:43","date_gmt":"2014-12-10T19:56:43","guid":{"rendered":"http:\/\/www2.unifap.br\/ppgcf\/?page_id=238"},"modified":"2018-01-15T18:44:26","modified_gmt":"2018-01-15T18:44:26","slug":"linhas-de-pesquisa","status":"publish","type":"page","link":"https:\/\/www2.unifap.br\/ppgcf\/apresentacao\/linhas-de-pesquisa\/","title":{"rendered":"Linhas de Pesquisa"},"content":{"rendered":"<p style=\"text-align: justify\"><strong><a href=\"http:\/\/www2.unifap.br\/ppgcf\/files\/2012\/05\/STP61087.jpg\"><img decoding=\"async\" class=\" wp-image-45 alignleft\" alt=\"Biodiversidade Amapa\" src=\"http:\/\/www2.unifap.br\/ppgcf\/files\/2012\/05\/STP61087-300x225.jpg\" width=\"216\" height=\"162\" srcset=\"https:\/\/www2.unifap.br\/ppgcf\/files\/2012\/05\/STP61087-300x225.jpg 300w, https:\/\/www2.unifap.br\/ppgcf\/files\/2012\/05\/STP61087-1024x768.jpg 1024w, https:\/\/www2.unifap.br\/ppgcf\/files\/2012\/05\/STP61087-239x180.jpg 239w\" sizes=\"(max-width: 216px) 100vw, 216px\" \/><\/a><span style=\"color: #000000\">Valida\u00e7\u00e3o qu\u00edmica-biol\u00f3gica de\u00a0f\u00e1rmacos\u00a0de origem\u00a0sint\u00e9tica\u00a0e natural <\/span><\/strong><\/p>\n<p style=\"text-align: justify\">&#8211; \u00c1rea relacionada:<span style=\"color: #000000\"><strong> Biologia\u00a0<\/strong><b>Farmac\u00eautica<\/b><\/span><\/p>\n<p style=\"text-align: justify\">&#8211; Visa estudar a qualidade farmac\u00eautica de f\u00e1rmacos e produtos de origem sint\u00e9tica e biol\u00f3gica e suas correla\u00e7\u00f5es qu\u00edmica \/ biol\u00f3gica e biol\u00f3gica\/biol\u00f3gica.<\/p>\n<p style=\"text-align: justify\"><span style=\"color: #000000\"><strong>Nanotecnologia aplicada a\u00a0f\u00e1rmacos\u00a0e medicamentos<\/strong><\/span><\/p>\n<p style=\"text-align: justify\">&#8211; \u00c1rea relacionada:<span style=\"color: #000000\"><strong> Tecnologias aplicadas a\u00a0<\/strong><b>f\u00e1rmacos<\/b><\/span><\/p>\n<p style=\"text-align: justify\">&#8211; Visa estudar tecnologias de desenvolvimento de nanoformula\u00e7\u00f5es e seus efeitos biol\u00f3gicos in vivo e in vitro, e tecnologias de analises dessas nanoformula\u00e7\u00f5es.<\/p>\n<p><span style=\"color: #000000\"><strong>Qu\u00edmica medicinal e desenvolvimento de f\u00e1rmacos<\/strong><\/span><\/p>\n<p>&#8211; \u00c1rea relacionada:<strong>\u00a0<span style=\"color: #000000\">Tecnologias aplicadas a\u00a0<\/span><\/strong><span style=\"color: #000000\"><b>f\u00e1rmacos<\/b><\/span><\/p>\n","protected":false},"excerpt":{"rendered":"<p>Valida\u00e7\u00e3o qu\u00edmica-biol\u00f3gica de\u00a0f\u00e1rmacos\u00a0de origem\u00a0sint\u00e9tica\u00a0e natural &#8211; \u00c1rea relacionada: Biologia\u00a0Farmac\u00eautica &#8211; Visa estudar a qualidade farmac\u00eautica de f\u00e1rmacos e produtos de origem sint\u00e9tica e biol\u00f3gica e suas correla\u00e7\u00f5es qu\u00edmica \/ biol\u00f3gica e biol\u00f3gica\/biol\u00f3gica. Nanotecnologia aplicada a\u00a0f\u00e1rmacos\u00a0e medicamentos &#8211; \u00c1rea relacionada: Tecnologias&hellip; <\/p>\n<p><a href=\"https:\/\/www2.unifap.br\/ppgcf\/apresentacao\/linhas-de-pesquisa\/\" class=\"readmore-button\">Continue Reading<\/a><\/p>\n","protected":false},"author":624,"featured_media":0,"parent":2,"menu_order":3,"comment_status":"open","ping_status":"open","template":"","meta":{"inline_featured_image":false,"ngg_post_thumbnail":0,"footnotes":""},"class_list":["post-238","page","type-page","status-publish","hentry"],"_links":{"self":[{"href":"https:\/\/www2.unifap.br\/ppgcf\/wp-json\/wp\/v2\/pages\/238","targetHints":{"allow":["GET"]}}],"collection":[{"href":"https:\/\/www2.unifap.br\/ppgcf\/wp-json\/wp\/v2\/pages"}],"about":[{"href":"https:\/\/www2.unifap.br\/ppgcf\/wp-json\/wp\/v2\/types\/page"}],"author":[{"embeddable":true,"href":"https:\/\/www2.unifap.br\/ppgcf\/wp-json\/wp\/v2\/users\/624"}],"replies":[{"embeddable":true,"href":"https:\/\/www2.unifap.br\/ppgcf\/wp-json\/wp\/v2\/comments?post=238"}],"version-history":[{"count":11,"href":"https:\/\/www2.unifap.br\/ppgcf\/wp-json\/wp\/v2\/pages\/238\/revisions"}],"predecessor-version":[{"id":2206,"href":"https:\/\/www2.unifap.br\/ppgcf\/wp-json\/wp\/v2\/pages\/238\/revisions\/2206"}],"up":[{"embeddable":true,"href":"https:\/\/www2.unifap.br\/ppgcf\/wp-json\/wp\/v2\/pages\/2"}],"wp:attachment":[{"href":"https:\/\/www2.unifap.br\/ppgcf\/wp-json\/wp\/v2\/media?parent=238"}],"curies":[{"name":"wp","href":"https:\/\/api.w.org\/{rel}","templated":true}]}}