{"id":2391,"date":"2018-05-14T13:18:14","date_gmt":"2018-05-14T13:18:14","guid":{"rendered":"http:\/\/www2.unifap.br\/ppgcf\/?page_id=2391"},"modified":"2026-02-12T19:27:46","modified_gmt":"2026-02-12T19:27:46","slug":"turma-2018-corpo-discente","status":"publish","type":"page","link":"https:\/\/www2.unifap.br\/ppgcf\/corpo-discente\/turma-2018-corpo-discente\/","title":{"rendered":"TURMA 2018 &#8211; CORPO DISCENTE"},"content":{"rendered":"<p><strong>Turma 2018<\/strong><\/p>\n<table width=\"1028\">\n<tbody>\n<tr>\n<td width=\"51\"><strong>ORD<\/strong><\/td>\n<td width=\"238\"><strong>NOME<\/strong><\/td>\n<td width=\"307\"><strong>ORIENTADOR \/ CO-ORIENTADOR<\/strong><\/td>\n<td width=\"183\">\n<p style=\"text-align: center\"><strong>CURR\u00cdCULO LATTES<\/strong><\/p>\n<\/td>\n<td width=\"250\">\n<p style=\"text-align: center\"><strong>DISSERTA\u00c7\u00c3O DE MESTRADO<\/strong><\/p>\n<\/td>\n<\/tr>\n<tr>\n<td width=\"51\">01<\/td>\n<td width=\"238\">Alex Andr\u00e9 Coutinho Maia<\/td>\n<td width=\"307\">Orientadora: Dra. Raquel Silva Ara\u00fajo.<\/td>\n<td width=\"183\">\n<p style=\"text-align: center\"><strong><a href=\"http:\/\/lattes.cnpq.br\/6960723961056200\">Acesse aqui<\/a><\/strong><\/p>\n<\/td>\n<td width=\"250\">\n<p style=\"text-align: center\">&#8211;<\/p>\n<\/td>\n<\/tr>\n<tr>\n<td width=\"51\">02<\/td>\n<td width=\"238\">Amanda Furtado de Almeida<\/td>\n<td width=\"307\">Orientador: Dr. Madson Ralide Fonseca Gomes.<\/td>\n<td width=\"183\">\n<p style=\"text-align: center\"><strong><a href=\"http:\/\/lattes.cnpq.br\/9801484259488675\">Acesse aqui<\/a><\/strong><\/p>\n<\/td>\n<td width=\"250\">\n<p style=\"text-align: center\"><a href=\"http:\/\/www2.unifap.br\/ppgcf\/files\/2026\/02\/Amanda.pdf\"><strong>Acesse aqui<\/strong><\/a><\/p>\n<\/td>\n<\/tr>\n<tr>\n<td width=\"51\">03<\/td>\n<td width=\"238\">Anderson Luiz Pena da Costa<\/td>\n<td width=\"307\">Orientador: Dr. Rafael Lima Resque.<\/td>\n<td width=\"183\">\n<p style=\"text-align: center\"><strong><a href=\"http:\/\/lattes.cnpq.br\/9183562529038322\">Acesse aqui<\/a><\/strong><\/p>\n<\/td>\n<td width=\"250\">\n<p style=\"text-align: center\"><a href=\"http:\/\/www2.unifap.br\/ppgcf\/files\/2026\/02\/Dissertacao-Anderson-Pena-PPGCF.pdf\"><strong>Acesse aqui<\/strong><\/a><\/p>\n<\/td>\n<\/tr>\n<tr>\n<td width=\"51\">04<\/td>\n<td width=\"238\">Bianca Liffey Brito Marino<\/td>\n<td width=\"307\">Orientadora: Dra. Lorane Izabel da Silva Hage Melim.<\/td>\n<td width=\"183\">\n<p style=\"text-align: center\"><strong><a href=\"http:\/\/lattes.cnpq.br\/2174906222983962\">Acesse aqui<\/a><\/strong><\/p>\n<\/td>\n<td width=\"250\">\n<p style=\"text-align: center\"><strong><a href=\"http:\/\/www2.unifap.br\/ppgcf\/files\/2026\/02\/Dissertacao_Final_Bianca.pdf\">Acesse aqui<\/a><\/strong><\/p>\n<\/td>\n<\/tr>\n<tr>\n<td width=\"51\">05<\/td>\n<td width=\"238\">Danilo Dheyvison Nascimento Pureza<\/td>\n<td width=\"307\">Orientador: Dr. Moacir de Azevedo Bentes Monteiro Neto.<\/td>\n<td width=\"183\">\n<p style=\"text-align: center\"><strong><a href=\"http:\/\/lattes.cnpq.br\/7433152623281441\">Acesse aqui<\/a><\/strong><\/p>\n<\/td>\n<td width=\"250\">\n<p style=\"text-align: center\"><a href=\"http:\/\/www2.unifap.br\/ppgcf\/files\/2026\/02\/Dissertacao-Danilo.pdf\"><strong>Acesse aqui<\/strong><\/a><\/p>\n<\/td>\n<\/tr>\n<tr>\n<td width=\"51\">06<\/td>\n<td width=\"238\">Desirane Costa Bezerra<\/td>\n<td width=\"307\">Orientadora: Dra. Anna Eliza Maciel de Faria Mota Oliveira.<\/td>\n<td width=\"183\">\n<p style=\"text-align: center\"><strong><a href=\"http:\/\/lattes.cnpq.br\/3045319733966014\">Acesse aqui<\/a><\/strong><\/p>\n<\/td>\n<td width=\"250\">\n<p style=\"text-align: center\"><a href=\"http:\/\/www2.unifap.br\/ppgcf\/files\/2026\/02\/Versao-final-Dissertacao-Desirane.pdf\"><strong>Acesse aqui<\/strong><\/a><\/p>\n<\/td>\n<\/tr>\n<tr>\n<td width=\"51\">07<\/td>\n<td width=\"238\">Ester Lopes de Melo<\/td>\n<td width=\"307\">Orientador: Dr. Jos\u00e9 Carlos Tavares Carvalho.<\/td>\n<td width=\"183\">\n<p style=\"text-align: center\"><strong><a href=\"http:\/\/lattes.cnpq.br\/7434924912209455\">Acesse aqui<\/a><\/strong><\/p>\n<\/td>\n<td width=\"250\">\n<p style=\"text-align: center\"><a href=\"http:\/\/www2.unifap.br\/ppgcf\/files\/2026\/02\/ESTER-LOPES.pdf\"><strong>Acesse aqui<\/strong><\/a><\/p>\n<\/td>\n<\/tr>\n<tr>\n<td width=\"51\">08<\/td>\n<td width=\"238\">Ester Paulitsch Trindade<\/td>\n<td width=\"307\">Orientadora: Dra. Lilian Grace da Silva Solon.<\/td>\n<td width=\"183\">\n<p style=\"text-align: center\"><strong><a href=\"http:\/\/lattes.cnpq.br\/4755847113409396\">Acesse aqui<\/a><\/strong><\/p>\n<\/td>\n<td width=\"250\">\n<p style=\"text-align: center\"><a href=\"http:\/\/www2.unifap.br\/ppgcf\/files\/2026\/02\/Dissertacao_Ester_Trindade_Versao_Artigo_Final.pdf\"><strong>Acesse aqui<\/strong><\/a><\/p>\n<\/td>\n<\/tr>\n<tr>\n<td width=\"51\">09<\/td>\n<td width=\"238\">Frankli Alan Souza Amaral<\/td>\n<td width=\"307\">Orientadora: Dra. Sheylla Susan Moreira da Silva de Almeida.<\/td>\n<td width=\"183\">\n<p style=\"text-align: center\"><strong><a href=\"http:\/\/lattes.cnpq.br\/4720114151599469\">Acesse aqui<\/a><\/strong><\/p>\n<\/td>\n<td width=\"250\">\n<p style=\"text-align: center\">&#8211;<\/p>\n<\/td>\n<\/tr>\n<tr>\n<td width=\"51\">10<\/td>\n<td width=\"238\">\u00cdcaro Rodrigues Sarquis<\/td>\n<td width=\"307\">Orientador: Dr. Irlon Maciel Ferreira.<\/td>\n<td width=\"183\">\n<p style=\"text-align: center\"><strong><a href=\"http:\/\/lattes.cnpq.br\/1433560688647405\">Acesse aqui<\/a><\/strong><\/p>\n<\/td>\n<td width=\"250\">\n<p style=\"text-align: center\"><a href=\"http:\/\/www2.unifap.br\/ppgcf\/files\/2026\/02\/ICARO-RODIGUES-SARQUIS.pdf\"><strong>Acesse aqui<\/strong><\/a><\/p>\n<\/td>\n<\/tr>\n<tr>\n<td width=\"51\">11<\/td>\n<td width=\"238\">Jardel Pacheco Queiroz<\/td>\n<td width=\"307\">Orientador: Dr. Irlon Maciel Ferreira.<\/td>\n<td width=\"183\">\n<p style=\"text-align: center\"><strong><a href=\"http:\/\/lattes.cnpq.br\/9206129289582412\">Acesse aqui<\/a><\/strong><\/p>\n<\/td>\n<td width=\"250\">\n<p style=\"text-align: center\"><a href=\"http:\/\/www2.unifap.br\/ppgcf\/files\/2026\/02\/Dissertacao-Jardel-Queiroz-Pos-defesa.pdf\"><strong>Acesse aqui<\/strong><\/a><\/p>\n<\/td>\n<\/tr>\n<tr>\n<td width=\"51\">12<\/td>\n<td width=\"238\">Jennifer Thayanne Cavalcante de Ara\u00fajo<\/td>\n<td width=\"307\">Orientador: Dr. Francisco F\u00e1bio Oliveira de Sousa.<\/td>\n<td width=\"183\">\n<p style=\"text-align: center\"><strong><a href=\"http:\/\/lattes.cnpq.br\/1619081756883771\">Acesse aqui<\/a><\/strong><\/p>\n<\/td>\n<td width=\"250\">\n<p style=\"text-align: center\"><a href=\"http:\/\/www2.unifap.br\/ppgcf\/files\/2026\/02\/JENNIFER-THAYANNE-CAVALCANTE-DE-ARAUJO.pdf\"><strong>Acesse aqui<\/strong><\/a><\/p>\n<\/td>\n<\/tr>\n<tr>\n<td width=\"51\">13<\/td>\n<td width=\"238\">Lenir Cabral Correia<\/td>\n<td width=\"307\">Orientadora: Dra. Lorane Izabel da Silva Hage Melim.<\/td>\n<td width=\"183\">\n<p style=\"text-align: center\"><strong><a href=\"http:\/\/lattes.cnpq.br\/5496624445543915\">Acesse aqui<\/a><\/strong><\/p>\n<\/td>\n<td width=\"250\">\n<p style=\"text-align: center\"><strong><a href=\"http:\/\/www2.unifap.br\/ppgcf\/files\/2026\/02\/PPGCF-Artigo-Lenir-C-Correia-Final.pdf\">Acesse aqui<\/a><\/strong><\/p>\n<\/td>\n<\/tr>\n<tr>\n<td width=\"51\">14<\/td>\n<td width=\"238\">Luana Albuquerque Lima<\/td>\n<td width=\"307\">Orientador: Dr. Rodrigo Alves Soares Cruz.<\/td>\n<td width=\"183\">\n<p style=\"text-align: center\"><strong><a href=\"http:\/\/lattes.cnpq.br\/0194216832427382\">Acesse aqui<\/a><\/strong><\/p>\n<\/td>\n<td width=\"250\">\n<p style=\"text-align: center\"><a href=\"http:\/\/www2.unifap.br\/ppgcf\/files\/2026\/02\/Dissertacao-final-Luana-Albuquerque-Lima.pdf\"><strong>Acesse aqui<\/strong><\/a><\/p>\n<\/td>\n<\/tr>\n<tr>\n<td width=\"51\">15<\/td>\n<td width=\"238\">Maiara de F\u00e1tima de Brito Brito<\/td>\n<td width=\"307\">Orientador: Dr. Rafael Lima Resque.<\/td>\n<td width=\"183\">\n<p style=\"text-align: center\"><strong><a href=\"http:\/\/lattes.cnpq.br\/2998968312674466\">Acesse aqui<\/a><\/strong><\/p>\n<\/td>\n<td width=\"250\">\n<p style=\"text-align: center\"><strong><a href=\"http:\/\/www2.unifap.br\/ppgcf\/files\/2026\/02\/DISSERTACAO-MAIARA_VERSAOFINAL.pdf\">Acesse aqui<\/a><\/strong><\/p>\n<\/td>\n<\/tr>\n<tr>\n<td width=\"51\">16<\/td>\n<td width=\"238\">Monique Yoko Martins Kawakami<\/td>\n<td width=\"307\">Orientadora: Dra. Anna Eliza Maciel de Faria Mota Oliveira.<\/td>\n<td width=\"183\">\n<p style=\"text-align: center\"><strong><a href=\"http:\/\/lattes.cnpq.br\/4336686392678999\">Acesse aqui<\/a><\/strong><\/p>\n<\/td>\n<td width=\"250\">\n<p style=\"text-align: center\"><strong><a href=\"http:\/\/www2.unifap.br\/ppgcf\/files\/2026\/02\/DISSERTAC\u0327A\u0303O_MONIQUE.pdf\">Acesse aqui<\/a><\/strong><\/p>\n<\/td>\n<\/tr>\n<tr>\n<td width=\"51\">17<\/td>\n<td width=\"238\">Nathacia Martins Cruz<\/td>\n<td width=\"307\">Orientador: Dr. Jos\u00e9 Carlos Tavares Carvalho.<\/td>\n<td width=\"183\">\n<p style=\"text-align: center\"><strong><a href=\"http:\/\/lattes.cnpq.br\/9638658663487999\">Acesse aqui<\/a><\/strong><\/p>\n<\/td>\n<td width=\"250\">\n<p style=\"text-align: center\">&#8211;<\/p>\n<\/td>\n<\/tr>\n<tr>\n<td width=\"51\">18<\/td>\n<td width=\"238\">Ramon Diego Cunha Ara\u00fajo<\/td>\n<td width=\"307\">Orientador: Dr. Gabriel Ara\u00fajo da Silva.<\/td>\n<td width=\"183\">\n<p style=\"text-align: center\"><strong><a href=\"http:\/\/lattes.cnpq.br\/0291065555798260\">Acesse aqui<\/a><\/strong><\/p>\n<\/td>\n<td width=\"250\">\n<p style=\"text-align: center\"><a href=\"http:\/\/www2.unifap.br\/ppgcf\/files\/2026\/02\/Ramon-Araujo.pdf\"><strong>Acesse aqui<\/strong><\/a><\/p>\n<\/td>\n<\/tr>\n<tr>\n<td width=\"51\">19<\/td>\n<td width=\"238\">Sarah Karoline de Oliveira Almeida<\/td>\n<td width=\"307\">Orientador: Dr. Rodrigo Alves Soares Cruz.<\/td>\n<td width=\"183\">\n<p style=\"text-align: center\"><strong><a href=\"http:\/\/lattes.cnpq.br\/2863085963948328\">Acesse aqui<\/a><\/strong><\/p>\n<\/td>\n<td width=\"250\">\n<p style=\"text-align: center\">&#8211;<\/p>\n<\/td>\n<\/tr>\n<\/tbody>\n<\/table>\n<p>&nbsp;<\/p>\n","protected":false},"excerpt":{"rendered":"<p>Turma 2018 ORD NOME ORIENTADOR \/ CO-ORIENTADOR CURR\u00cdCULO LATTES DISSERTA\u00c7\u00c3O DE MESTRADO 01 Alex Andr\u00e9 Coutinho Maia Orientadora: Dra. Raquel Silva Ara\u00fajo. Acesse aqui &#8211; 02 Amanda Furtado de Almeida Orientador: Dr. Madson Ralide Fonseca Gomes. Acesse aqui Acesse aqui&hellip; <\/p>\n<p><a href=\"https:\/\/www2.unifap.br\/ppgcf\/corpo-discente\/turma-2018-corpo-discente\/\" class=\"readmore-button\">Continue Reading<\/a><\/p>\n","protected":false},"author":624,"featured_media":0,"parent":456,"menu_order":6,"comment_status":"open","ping_status":"open","template":"","meta":{"inline_featured_image":false,"ngg_post_thumbnail":0,"footnotes":""},"class_list":["post-2391","page","type-page","status-publish","hentry"],"_links":{"self":[{"href":"https:\/\/www2.unifap.br\/ppgcf\/wp-json\/wp\/v2\/pages\/2391","targetHints":{"allow":["GET"]}}],"collection":[{"href":"https:\/\/www2.unifap.br\/ppgcf\/wp-json\/wp\/v2\/pages"}],"about":[{"href":"https:\/\/www2.unifap.br\/ppgcf\/wp-json\/wp\/v2\/types\/page"}],"author":[{"embeddable":true,"href":"https:\/\/www2.unifap.br\/ppgcf\/wp-json\/wp\/v2\/users\/624"}],"replies":[{"embeddable":true,"href":"https:\/\/www2.unifap.br\/ppgcf\/wp-json\/wp\/v2\/comments?post=2391"}],"version-history":[{"count":6,"href":"https:\/\/www2.unifap.br\/ppgcf\/wp-json\/wp\/v2\/pages\/2391\/revisions"}],"predecessor-version":[{"id":3858,"href":"https:\/\/www2.unifap.br\/ppgcf\/wp-json\/wp\/v2\/pages\/2391\/revisions\/3858"}],"up":[{"embeddable":true,"href":"https:\/\/www2.unifap.br\/ppgcf\/wp-json\/wp\/v2\/pages\/456"}],"wp:attachment":[{"href":"https:\/\/www2.unifap.br\/ppgcf\/wp-json\/wp\/v2\/media?parent=2391"}],"curies":[{"name":"wp","href":"https:\/\/api.w.org\/{rel}","templated":true}]}}