{"id":2396,"date":"2018-05-14T13:35:54","date_gmt":"2018-05-14T13:35:54","guid":{"rendered":"http:\/\/www2.unifap.br\/ppgcf\/?page_id=2396"},"modified":"2026-02-12T19:15:23","modified_gmt":"2026-02-12T19:15:23","slug":"turma-2017-corpo-discente","status":"publish","type":"page","link":"https:\/\/www2.unifap.br\/ppgcf\/corpo-discente\/turma-2017-corpo-discente\/","title":{"rendered":"TURMA 2017 &#8211; CORPO DISCENTE"},"content":{"rendered":"<p><strong>Turma 2017<\/strong><\/p>\n<table width=\"1028\">\n<tbody>\n<tr>\n<td width=\"51\"><strong>ORD<\/strong><\/td>\n<td width=\"238\"><strong>NOME<\/strong><\/td>\n<td width=\"307\"><strong>ORIENTADOR \/ CO-ORIENTADOR<\/strong><\/td>\n<td width=\"183\">\n<p style=\"text-align: center\"><strong>CURR\u00cdCULO LATTES<\/strong><\/p>\n<\/td>\n<td width=\"250\">\n<p style=\"text-align: center\"><strong>DISSERTA\u00c7\u00c3O DE MESTRADO<\/strong><\/p>\n<\/td>\n<\/tr>\n<tr>\n<td width=\"51\">01<\/td>\n<td width=\"238\">Alberto Gomes Tavares Junior<\/td>\n<td width=\"307\">Orientador: Dr. Francisco F\u00e1bio Oliveira de Sousa.<\/td>\n<td width=\"183\">\n<p style=\"text-align: center\"><strong><a href=\"http:\/\/lattes.cnpq.br\/6125697101757508\">Acesse aqui<\/a><\/strong><\/p>\n<\/td>\n<td width=\"250\">\n<p style=\"text-align: center\"><a href=\"http:\/\/www2.unifap.br\/ppgcf\/files\/2026\/02\/ALBERTO-GOMES.pdf\"><strong>Acesse aqui<\/strong><\/a><\/p>\n<\/td>\n<\/tr>\n<tr>\n<td width=\"51\">02<\/td>\n<td width=\"238\">Ana Paula Santos Rodrigues<\/td>\n<td width=\"307\">Orientador: Dr. Jos\u00e9 Carlos Tavares Carvalho.<\/td>\n<td width=\"183\">\n<p style=\"text-align: center\"><strong><a href=\"http:\/\/lattes.cnpq.br\/1903707842992429\">Acesse aqui<\/a><\/strong><\/p>\n<\/td>\n<td width=\"250\">\n<p style=\"text-align: center\"><a href=\"http:\/\/www2.unifap.br\/ppgcf\/files\/2026\/02\/ANA-PAULA-SANTOS-RODRIGUES.pdf\"><strong>Acesse aqui<\/strong><\/a><\/p>\n<\/td>\n<\/tr>\n<tr>\n<td width=\"51\">03<\/td>\n<td width=\"238\">Ananda da Silva Coutinho<\/td>\n<td width=\"307\">Orientador: Dr. Francisco F\u00e1bio Oliveira de Sousa.<\/td>\n<td width=\"183\">\n<p style=\"text-align: center\"><strong><a href=\"http:\/\/lattes.cnpq.br\/0157841466900322\">Acesse aqui<\/a><\/strong><\/p>\n<\/td>\n<td width=\"250\">\n<p style=\"text-align: center\">&#8211;<\/p>\n<\/td>\n<\/tr>\n<tr>\n<td width=\"51\">04<\/td>\n<td width=\"238\">Daniel Castro da Costa<\/td>\n<td width=\"307\">Orientadora: Dra. Lorane Izabel da Silva Hage Melim.<\/td>\n<td width=\"183\">\n<p style=\"text-align: center\"><strong><a href=\"http:\/\/lattes.cnpq.br\/7743193499273066\">Acesse aqui<\/a><\/strong><\/p>\n<\/td>\n<td width=\"250\">\n<p style=\"text-align: center\">&#8211;<\/p>\n<\/td>\n<\/tr>\n<tr>\n<td width=\"51\">05<\/td>\n<td width=\"238\">Dannielle Sousa da Silva<\/td>\n<td width=\"307\">Orientadora: Dra. Clarissa Silva Lima.<\/td>\n<td width=\"183\">\n<p style=\"text-align: center\"><strong><a href=\"http:\/\/lattes.cnpq.br\/9440411605992053\">Acesse aqui<\/a><\/strong><\/p>\n<\/td>\n<td width=\"250\">\n<p style=\"text-align: center\">&#8211;<\/p>\n<\/td>\n<\/tr>\n<tr>\n<td width=\"51\">06<\/td>\n<td width=\"238\">Diego Quaresma Ferreira<\/td>\n<td width=\"307\">Orientadora: Dra. Anna Eliza Maciel de Faria Mota Oliveira.<\/td>\n<td width=\"183\">\n<p style=\"text-align: center\"><strong><a href=\"http:\/\/lattes.cnpq.br\/8456668508894722\">Acesse aqui<\/a><\/strong><\/p>\n<\/td>\n<td width=\"250\">\n<p style=\"text-align: center\"><a href=\"http:\/\/www2.unifap.br\/ppgcf\/files\/2026\/02\/DIEGO.pdf\"><strong>Acesse aqui<\/strong><\/a><\/p>\n<\/td>\n<\/tr>\n<tr>\n<td width=\"51\">07<\/td>\n<td width=\"238\">Edmilson dos Santos Morais<\/td>\n<td width=\"307\">Orientador: Dr. Irlon Maciel Ferreira.<\/td>\n<td width=\"183\">\n<p style=\"text-align: center\"><strong><a href=\"http:\/\/lattes.cnpq.br\/2211922838351131\">Acesse aqui<\/a><\/strong><\/p>\n<\/td>\n<td width=\"250\">\n<p style=\"text-align: center\"><a href=\"http:\/\/www2.unifap.br\/ppgcf\/files\/2026\/02\/Edmilson-dos-Santos-Morais-Dissertacao-Final.pdf\"><strong>Acesse aqui<\/strong><\/a><\/p>\n<\/td>\n<\/tr>\n<tr>\n<td width=\"51\">08<\/td>\n<td width=\"238\">Everton Pantoja Vale<\/td>\n<td width=\"307\">Orientador: Dr. Moacir de Azevedo Bentes Monteiro Neto.Co-orientador: Dr. Francisco F\u00e1bio Oliveira de Sousa.<\/td>\n<td width=\"183\">\n<p style=\"text-align: center\"><strong><a href=\"http:\/\/lattes.cnpq.br\/6846098648281314\">Acesse aqui<\/a><\/strong><\/p>\n<\/td>\n<td width=\"250\">\n<p style=\"text-align: center\"><a href=\"http:\/\/www2.unifap.br\/ppgcf\/files\/2026\/02\/EVERTON-PANTOJA-VALE.pdf\"><strong>Acesse aqui<\/strong><\/a><\/p>\n<\/td>\n<\/tr>\n<tr>\n<td width=\"51\">09<\/td>\n<td width=\"238\">Fabr\u00edcio Holanda e Holanda<\/td>\n<td width=\"307\">Orientador: Dr. Irlon Maciel Ferreira.<\/td>\n<td width=\"183\">\n<p style=\"text-align: center\"><strong><a href=\"http:\/\/lattes.cnpq.br\/8892832864166481\">Acesse aqui<\/a><\/strong><\/p>\n<\/td>\n<td width=\"250\">\n<p style=\"text-align: center\"><a href=\"http:\/\/www2.unifap.br\/ppgcf\/files\/2026\/02\/FABRICIO.pdf\"><strong>Acesse aqui<\/strong><\/a><\/p>\n<\/td>\n<\/tr>\n<tr>\n<td width=\"51\">10<\/td>\n<td width=\"238\">Franklin Teixeira Regis<\/td>\n<td width=\"307\">Orientadora: Dra. L\u00edlian Grace da Silva Solon.<\/td>\n<td width=\"183\">\n<p style=\"text-align: center\"><strong><a href=\"http:\/\/lattes.cnpq.br\/0622990411348722\">Acesse aqui<\/a><\/strong><\/p>\n<\/td>\n<td width=\"250\">\n<p style=\"text-align: center\"><a href=\"http:\/\/www2.unifap.br\/ppgcf\/files\/2026\/02\/Dissertac\u0327a\u0303o_FranklinRegis.pdf\">Acesse aqui<\/a><\/p>\n<\/td>\n<\/tr>\n<tr>\n<td width=\"51\">11<\/td>\n<td width=\"238\">Jonatas Lobato Duarte<\/td>\n<td width=\"307\">Orientador: Dr. Caio Pinho Fernandes.<\/td>\n<td width=\"183\">\n<p style=\"text-align: center\"><strong><a href=\"http:\/\/lattes.cnpq.br\/2306854147352806\">Acesse aqui<\/a><\/strong><\/p>\n<\/td>\n<td width=\"250\">\n<p style=\"text-align: center\"><a href=\"http:\/\/www2.unifap.br\/ppgcf\/files\/2026\/02\/jonatas-lobato.pdf\"><strong>Acesse aqui<\/strong><\/a><\/p>\n<\/td>\n<\/tr>\n<tr>\n<td width=\"51\">12<\/td>\n<td width=\"238\">Lethicia Barreto Brand\u00e3o<\/td>\n<td width=\"307\">Orientadora: Dra. Sheylla Susan Moreira da Silva de Almeida.<\/td>\n<td width=\"183\">\n<p style=\"text-align: center\"><strong><a href=\"http:\/\/lattes.cnpq.br\/3561114338076976\">Acesse aqui<\/a><\/strong><\/p>\n<\/td>\n<td width=\"250\">\n<p style=\"text-align: center\">&#8211;<\/p>\n<\/td>\n<\/tr>\n<tr>\n<td width=\"51\">13<\/td>\n<td width=\"238\">Let\u00edcia Elizandra Mehl Boettger<\/td>\n<td width=\"307\">Orientadora: Dra. Clarissa Silva Lima.<\/td>\n<td width=\"183\">\n<p style=\"text-align: center\"><strong><a href=\"http:\/\/lattes.cnpq.br\/9313716423655584\">Acesse aqui<\/a><\/strong><\/p>\n<\/td>\n<td width=\"250\">\n<p style=\"text-align: center\"><a href=\"http:\/\/www2.unifap.br\/ppgcf\/files\/2026\/02\/Leticia-Elizandra-Mehl-Boettger.pdf\"><strong>Acesse aqui<\/strong><\/a><\/p>\n<\/td>\n<\/tr>\n<tr>\n<td width=\"51\">14<\/td>\n<td width=\"238\">Lizandra Lima Santos<\/td>\n<td width=\"307\">Orientadora: Dra. Sheylla Susan Moreira da Silva de Almeida.<\/td>\n<td width=\"183\">\n<p style=\"text-align: center\"><strong><a href=\"http:\/\/lattes.cnpq.br\/6783646627715729\">Acesse aqui<\/a><\/strong><\/p>\n<\/td>\n<td width=\"250\">\n<p style=\"text-align: center\">&#8211;<\/p>\n<\/td>\n<\/tr>\n<tr>\n<td width=\"51\">15<\/td>\n<td width=\"238\">Mayara Mikelle Farias Rodrigues<\/td>\n<td width=\"307\">Orientadora: Dra. Raquel Silva Ara\u00fajo.Co-orientador: Dr. Rodrigo Alves Soares Cruz.<\/td>\n<td width=\"183\">\n<p style=\"text-align: center\"><strong><a href=\"http:\/\/lattes.cnpq.br\/2562042122326995\">Acesse aqui<\/a><\/strong><\/p>\n<\/td>\n<td width=\"250\">\n<p style=\"text-align: center\">&#8211;<\/p>\n<\/td>\n<\/tr>\n<tr>\n<td width=\"51\">16<\/td>\n<td width=\"238\">Renata Cristina Vale dos Santos Bittencourt<\/td>\n<td width=\"307\">Orientador: Dr. Cleydson Breno Rodrigues dos Santos.<\/td>\n<td width=\"183\">\n<p style=\"text-align: center\"><strong><a href=\"http:\/\/lattes.cnpq.br\/6854644847873943\">Acesse aqui<\/a><\/strong><\/p>\n<\/td>\n<td width=\"250\">\n<p style=\"text-align: center\"><a href=\"http:\/\/www2.unifap.br\/ppgcf\/files\/2026\/02\/Dissertacao-Renata-Bittencourt.pdf\"><strong>Acesse aqui<\/strong><\/a><\/p>\n<\/td>\n<\/tr>\n<tr>\n<td width=\"51\">17<\/td>\n<td width=\"238\">Renata do Socorro Barbosa Chaves<\/td>\n<td width=\"307\">Orientadora: Dra. Sheylla Susan Moreira da Silva de Almeida.<\/td>\n<td width=\"183\">\n<p style=\"text-align: center\"><strong><a href=\"http:\/\/lattes.cnpq.br\/4223418305303820\">Acesse aqui<\/a><\/strong><\/p>\n<\/td>\n<td width=\"250\">\n<p style=\"text-align: center\"><a href=\"http:\/\/www2.unifap.br\/ppgcf\/files\/2026\/02\/Renata-do-Socorro-Barbosa-Chaves.pdf\"><strong>Acesse aqui<\/strong><\/a><\/p>\n<\/td>\n<\/tr>\n<tr>\n<td width=\"51\">18<\/td>\n<td width=\"238\">Robson Carvalho Barbosa<\/td>\n<td width=\"307\">Orientador: Dr. Rafael Lima Resque.<\/td>\n<td width=\"183\">\n<p style=\"text-align: center\"><strong><a href=\"http:\/\/lattes.cnpq.br\/9583912063732037\">Acesse aqui<\/a><\/strong><\/p>\n<\/td>\n<td width=\"250\">\n<p style=\"text-align: center\">&#8211;<\/p>\n<\/td>\n<\/tr>\n<tr>\n<td width=\"51\">19<\/td>\n<td width=\"238\">Vaneska Aimee Paranhos de Ara\u00fajo<\/td>\n<td width=\"307\">Orientador: Dr. Gabriel Ara\u00fajo da Silva.<\/td>\n<td width=\"183\">\n<p style=\"text-align: center\"><strong><a href=\"http:\/\/lattes.cnpq.br\/7995468552957742\">Acesse aqui<\/a><\/strong><\/p>\n<\/td>\n<td width=\"250\">\n<p style=\"text-align: center\"><a href=\"http:\/\/www2.unifap.br\/ppgcf\/files\/2026\/02\/DISSERTACAO-Vaneska-21.01.2020.pdf\">Acesse aqui<\/a><\/p>\n<\/td>\n<\/tr>\n<\/tbody>\n<\/table>\n<p>&nbsp;<\/p>\n","protected":false},"excerpt":{"rendered":"<p>Turma 2017 ORD NOME ORIENTADOR \/ CO-ORIENTADOR CURR\u00cdCULO LATTES DISSERTA\u00c7\u00c3O DE MESTRADO 01 Alberto Gomes Tavares Junior Orientador: Dr. Francisco F\u00e1bio Oliveira de Sousa. Acesse aqui Acesse aqui 02 Ana Paula Santos Rodrigues Orientador: Dr. Jos\u00e9 Carlos Tavares Carvalho. Acesse&hellip; <\/p>\n<p><a href=\"https:\/\/www2.unifap.br\/ppgcf\/corpo-discente\/turma-2017-corpo-discente\/\" class=\"readmore-button\">Continue Reading<\/a><\/p>\n","protected":false},"author":624,"featured_media":0,"parent":456,"menu_order":5,"comment_status":"open","ping_status":"open","template":"","meta":{"inline_featured_image":false,"ngg_post_thumbnail":0,"footnotes":""},"class_list":["post-2396","page","type-page","status-publish","hentry"],"_links":{"self":[{"href":"https:\/\/www2.unifap.br\/ppgcf\/wp-json\/wp\/v2\/pages\/2396","targetHints":{"allow":["GET"]}}],"collection":[{"href":"https:\/\/www2.unifap.br\/ppgcf\/wp-json\/wp\/v2\/pages"}],"about":[{"href":"https:\/\/www2.unifap.br\/ppgcf\/wp-json\/wp\/v2\/types\/page"}],"author":[{"embeddable":true,"href":"https:\/\/www2.unifap.br\/ppgcf\/wp-json\/wp\/v2\/users\/624"}],"replies":[{"embeddable":true,"href":"https:\/\/www2.unifap.br\/ppgcf\/wp-json\/wp\/v2\/comments?post=2396"}],"version-history":[{"count":5,"href":"https:\/\/www2.unifap.br\/ppgcf\/wp-json\/wp\/v2\/pages\/2396\/revisions"}],"predecessor-version":[{"id":3853,"href":"https:\/\/www2.unifap.br\/ppgcf\/wp-json\/wp\/v2\/pages\/2396\/revisions\/3853"}],"up":[{"embeddable":true,"href":"https:\/\/www2.unifap.br\/ppgcf\/wp-json\/wp\/v2\/pages\/456"}],"wp:attachment":[{"href":"https:\/\/www2.unifap.br\/ppgcf\/wp-json\/wp\/v2\/media?parent=2396"}],"curies":[{"name":"wp","href":"https:\/\/api.w.org\/{rel}","templated":true}]}}