{"id":2401,"date":"2018-05-14T13:40:01","date_gmt":"2018-05-14T13:40:01","guid":{"rendered":"http:\/\/www2.unifap.br\/ppgcf\/?page_id=2401"},"modified":"2026-02-12T19:12:48","modified_gmt":"2026-02-12T19:12:48","slug":"turma-2016-corpo-discente","status":"publish","type":"page","link":"https:\/\/www2.unifap.br\/ppgcf\/corpo-discente\/turma-2016-corpo-discente\/","title":{"rendered":"TURMA 2016 &#8211; CORPO DISCENTE"},"content":{"rendered":"<p><strong>Turma 2016<\/strong><\/p>\n<table width=\"1028\">\n<tbody>\n<tr>\n<td width=\"51\"><strong>ORD<\/strong><\/td>\n<td width=\"238\"><strong>NOME<\/strong><\/td>\n<td width=\"307\"><strong>ORIENTADOR \/ CO-ORIENTADOR<\/strong><\/td>\n<td style=\"text-align: center\" width=\"183\"><strong>CURR\u00cdCULO LATTES<\/strong><\/td>\n<td style=\"text-align: center\" width=\"250\"><strong>DISSERTA\u00c7\u00c3O DE MESTRADO<\/strong><\/td>\n<\/tr>\n<tr>\n<td width=\"51\">01<\/td>\n<td width=\"238\">Clarice Flexa da Rocha<\/td>\n<td width=\"307\">Orientadora: Dra. Clarissa Silva Lima.<\/p>\n<p>Co-orientador: Dr. Jos\u00e9 Carlos Tavares Carvalho.<\/td>\n<td width=\"183\">\n<p style=\"text-align: center\"><strong><a href=\"http:\/\/lattes.cnpq.br\/2275291289131684\">Acesse aqui<\/a><\/strong><\/p>\n<\/td>\n<td width=\"250\">\n<p style=\"text-align: center\"><a href=\"http:\/\/www2.unifap.br\/ppgcf\/files\/2026\/02\/CLARICE-FLEXA-DA-ROCHA.pdf\"><strong>Acesse aqui<\/strong><\/a><\/p>\n<\/td>\n<\/tr>\n<tr>\n<td width=\"51\">02<\/td>\n<td width=\"238\">Claudia In\u00eas Coelho de Souza<\/td>\n<td width=\"307\">Orientador: Dr. Jos\u00e9 Carlos Tavares Carvalho.<\/td>\n<td width=\"183\">\n<p style=\"text-align: center\"><strong><a href=\"http:\/\/lattes.cnpq.br\/2352017077669614\">Acesse aqui<\/a><\/strong><\/p>\n<\/td>\n<td width=\"250\">\n<p style=\"text-align: center\">&#8211;<\/p>\n<\/td>\n<\/tr>\n<tr>\n<td width=\"51\">03<\/td>\n<td width=\"238\">Daniel Sousa dos Santos<\/td>\n<td width=\"307\">Orientador: Dr. Caio Pinho Fernandes.<\/p>\n<p>Co-orientador: Dr. Irlon Maciel Ferreira.<\/td>\n<td width=\"183\">\n<p style=\"text-align: center\"><strong><a href=\"http:\/\/lattes.cnpq.br\/5899287727176275\">Acesse aqui<\/a><\/strong><\/p>\n<\/td>\n<td width=\"250\">\n<p style=\"text-align: center\"><a href=\"http:\/\/www2.unifap.br\/ppgcf\/files\/2026\/02\/DANIEL-SOUSA-DOS-SANTOS.pdf\"><strong>Acesse aqui<\/strong><\/a><\/p>\n<\/td>\n<\/tr>\n<tr>\n<td width=\"51\">04<\/td>\n<td width=\"238\">D\u00e9bora Terra Marques Miranda<\/td>\n<td width=\"307\">Orientador: Dr. Moacir de Azevedo Bentes Monteiro Neto.<\/p>\n<p>Co-orientadora: Dra. Raquel Rodrigues do Amaral.<\/td>\n<td width=\"183\">\n<p style=\"text-align: center\"><strong><a href=\"http:\/\/lattes.cnpq.br\/4802840421086904\">Acesse aqui<\/a><\/strong><\/p>\n<\/td>\n<td width=\"250\">\n<p style=\"text-align: center\"><a href=\"http:\/\/www2.unifap.br\/ppgcf\/files\/2026\/02\/DEBORA-TERRA-MARQUES-MIRANDA.pdf\"><strong>Acesse aqui<\/strong><\/a><\/p>\n<\/td>\n<\/tr>\n<tr>\n<td width=\"51\">05<\/td>\n<td width=\"238\">Erveton Pinheiro Pinto<\/td>\n<td width=\"307\">Orientador: Dr. Robert Ronald Magui\u00f1a Zamora.<\/td>\n<td width=\"183\">\n<p style=\"text-align: center\"><strong><a href=\"http:\/\/lattes.cnpq.br\/6660019971892291\">Acesse aqui<\/a><\/strong><\/p>\n<\/td>\n<td width=\"250\">\n<p style=\"text-align: center\"><a href=\"http:\/\/www2.unifap.br\/ppgcf\/files\/2026\/02\/ERVETON-PINHEIRO-PINTO.pdf\"><strong>Acesse aqui<\/strong><\/a><\/p>\n<\/td>\n<\/tr>\n<tr>\n<td width=\"51\">06<\/td>\n<td width=\"238\">Inana Fauro de Ara\u00fajo<\/td>\n<td width=\"307\">Orientador: Dr. Raimundo Nonato Pican\u00e7o Souto.<\/p>\n<p>Co-orientador: Dr. Irlon Maciel Ferreira.<\/td>\n<td width=\"183\">\n<p style=\"text-align: center\"><strong><a href=\"http:\/\/lattes.cnpq.br\/6820112062270746\">Acesse aqui<\/a><\/strong><\/p>\n<\/td>\n<td width=\"250\">\n<p style=\"text-align: center\"><a href=\"http:\/\/www2.unifap.br\/ppgcf\/files\/2026\/02\/Inana-Fauro.pdf\"><strong>Acesse aqui<\/strong><\/a><\/p>\n<\/td>\n<\/tr>\n<tr>\n<td width=\"51\">07<\/td>\n<td width=\"238\">Josiane Viana Cruz<\/td>\n<td width=\"307\">Orientador: Dr. Cleydson Breno Rodrigues dos Santos.<\/td>\n<td width=\"183\">\n<p style=\"text-align: center\"><strong><a href=\"http:\/\/lattes.cnpq.br\/5276547265506497\">Acesse aqui<\/a><\/strong><\/p>\n<\/td>\n<td width=\"250\">\n<p style=\"text-align: center\"><a href=\"http:\/\/www2.unifap.br\/ppgcf\/files\/2026\/02\/JOSIANE-VIANA-CRUZ.pdf\"><strong>Acesse aqui<\/strong><\/a><\/p>\n<\/td>\n<\/tr>\n<tr>\n<td width=\"51\">08<\/td>\n<td width=\"238\">Leide Caroline dos Santos Pican\u00e7o<\/td>\n<td width=\"307\">Orientadora: Dra. Lorane Izabel da Silva Hage Melim.<\/td>\n<td width=\"183\">\n<p style=\"text-align: center\"><strong><a href=\"http:\/\/lattes.cnpq.br\/8257379214062701\">Acesse aqui<\/a><\/strong><\/p>\n<\/td>\n<td width=\"250\">\n<p style=\"text-align: center\"><a href=\"http:\/\/www2.unifap.br\/ppgcf\/files\/2026\/02\/LEIDE.pdf\"><strong>Acesse aqui<\/strong><\/a><\/p>\n<\/td>\n<\/tr>\n<tr>\n<td width=\"51\">09<\/td>\n<td width=\"238\">Let\u00edcie Zulmira da Silva Pessoa<\/td>\n<td width=\"307\">Orientadora: Dra. Raquel Silva Ara\u00fajo.<\/p>\n<p>Co-orientador: Dr. Raimundo Nonato Pican\u00e7o Souto.<\/td>\n<td width=\"183\">\n<p style=\"text-align: center\"><strong><a href=\"http:\/\/lattes.cnpq.br\/7071250132327446\">Acesse aqui<\/a><\/strong><\/p>\n<\/td>\n<td width=\"250\">\n<p style=\"text-align: center\"><a href=\"http:\/\/www2.unifap.br\/ppgcf\/files\/2026\/02\/LETICIE-ZULMIRA-DA-SILVA-PESSOA.pdf\"><strong>Acesse aqui<\/strong><\/a><\/p>\n<\/td>\n<\/tr>\n<tr>\n<td width=\"51\">10<\/td>\n<td width=\"238\">Maria Luisa Pradella Nogueira<\/td>\n<td width=\"307\">Orientadora: Dra. Deyse de Souza Dantas.<\/p>\n<p>Co-orientador: Dr. Madson Ralide Fonseca Gomes.<\/td>\n<td width=\"183\">\n<p style=\"text-align: center\"><strong><a href=\"http:\/\/lattes.cnpq.br\/2224418292314705\">Acesse aqui<\/a><\/strong><\/p>\n<\/td>\n<td width=\"250\">\n<p style=\"text-align: center\"><a href=\"http:\/\/www2.unifap.br\/ppgcf\/files\/2026\/02\/MARIA-LUISA-PRADELA.pdf\"><strong>Acesse aqui<\/strong><\/a><\/p>\n<\/td>\n<\/tr>\n<tr>\n<td width=\"51\">11<\/td>\n<td width=\"238\">Marina Medeiros de Abreu<\/td>\n<td width=\"307\">Orientadora: Dra. Alessandra Azevedo do Nascimento.<\/td>\n<td width=\"183\">\n<p style=\"text-align: center\"><strong><a href=\"http:\/\/lattes.cnpq.br\/4408492177124973\">Acesse aqui<\/a><\/strong><\/p>\n<\/td>\n<td width=\"250\">\n<p style=\"text-align: center\">&#8211;<\/p>\n<\/td>\n<\/tr>\n<tr>\n<td width=\"51\">12<\/td>\n<td width=\"238\">Mayara Fabiana de Melo Furtado<\/td>\n<td width=\"307\">Orientadora: Dra. Silvia Maria Mathes Faustino.<\/td>\n<td width=\"183\">\n<p style=\"text-align: center\"><strong><a href=\"http:\/\/lattes.cnpq.br\/1295266775938952\">Acesse aqui<\/a><\/strong><\/p>\n<\/td>\n<td width=\"250\">\n<p style=\"text-align: center\"><a href=\"http:\/\/www2.unifap.br\/ppgcf\/files\/2026\/02\/Mayara_Furtado.pdf\"><strong>Acesse aqui<\/strong><\/a><\/p>\n<\/td>\n<\/tr>\n<tr>\n<td width=\"51\">13<\/td>\n<td width=\"238\">Pedro Henrique Fauro de Ara\u00fajo<\/td>\n<td width=\"307\">Orientador: Dr. Irlon Maciel Ferreira.<\/p>\n<p>Co-orientador: Dr. Roberto Messias Bezerra.<\/td>\n<td width=\"183\">\n<p style=\"text-align: center\"><strong><a href=\"http:\/\/lattes.cnpq.br\/5690893406427425\">Acesse aqui<\/a><\/strong><\/p>\n<\/td>\n<td width=\"250\">\n<p style=\"text-align: center\"><a href=\"http:\/\/www2.unifap.br\/ppgcf\/files\/2026\/02\/PEDRO-HENRIQUE.pdf\"><strong>Acesse aqui<\/strong><\/a><\/p>\n<\/td>\n<\/tr>\n<tr>\n<td width=\"51\">14<\/td>\n<td width=\"238\">Priscilla Farias Ozela<\/td>\n<td width=\"307\">Orientadora: Dra. Lorane Izabel da Silva Hage Melim.<\/p>\n<p>Co-orientador: Dr. Cleydson Breno Rodrigues dos Santos.<\/td>\n<td width=\"183\">\n<p style=\"text-align: center\"><strong><a href=\"http:\/\/lattes.cnpq.br\/1657728352228840\">Acesse aqui<\/a><\/strong><\/p>\n<\/td>\n<td width=\"250\">\n<p style=\"text-align: center\">&#8211;<\/p>\n<\/td>\n<\/tr>\n<tr>\n<td width=\"51\">15<\/td>\n<td width=\"238\">Raimundo de Almeida Mira Neto<\/td>\n<td width=\"307\">Orientador: Dr. Madson Ralide Fonseca Gomes.<\/td>\n<td width=\"183\">\n<p style=\"text-align: center\"><strong><a href=\"http:\/\/lattes.cnpq.br\/0860465158609538\">Acesse aqui<\/a><\/strong><\/p>\n<\/td>\n<td width=\"250\">\n<p style=\"text-align: center\"><a href=\"http:\/\/www2.unifap.br\/ppgcf\/files\/2026\/02\/Raimundo-Mira-Neto.pdf\"><strong>Acesse aqui<\/strong><\/a><\/p>\n<\/td>\n<\/tr>\n<tr>\n<td width=\"51\">16<\/td>\n<td width=\"238\">Shayanne Vanessa Correia Henriques<\/td>\n<td width=\"307\">Orientadora: Dra. Deyse de Souza Dantas.<\/p>\n<p>Co-orientador: Dr. Madson Ralide Fonseca Gomes.<\/td>\n<td width=\"183\">\n<p style=\"text-align: center\"><strong><a href=\"http:\/\/lattes.cnpq.br\/2385655250435588\">Acesse aqui<\/a><\/strong><\/p>\n<\/td>\n<td width=\"250\">\n<p style=\"text-align: center\"><a href=\"http:\/\/www2.unifap.br\/ppgcf\/files\/2026\/02\/SHAYANNE.pdf\"><strong>Acesse aqui<\/strong><\/a><\/p>\n<\/td>\n<\/tr>\n<tr>\n<td width=\"51\">17<\/td>\n<td width=\"238\">Silvia Eline Alfaia Lima<\/td>\n<td width=\"307\">Orientador: Dr. Madson Ralide Fonseca Gomes.<\/p>\n<p>Co-orientadora: Dra. Deyse de Souza Dantas.<\/td>\n<td width=\"183\">\n<p style=\"text-align: center\"><strong><a href=\"http:\/\/lattes.cnpq.br\/9459719483046874\">Acesse aqui<\/a><\/strong><\/p>\n<\/td>\n<td width=\"250\">\n<p style=\"text-align: center\"><a href=\"http:\/\/www2.unifap.br\/ppgcf\/files\/2026\/02\/SILVIA-ALFAIA.pdf\"><strong>Acesse aqui<\/strong><\/a><\/p>\n<\/td>\n<\/tr>\n<tr>\n<td width=\"51\">18<\/td>\n<td width=\"238\">Suelen da Silva Santos<\/td>\n<td width=\"307\">Orientador: Dr. Madson Ralide Fonseca Gomes.<\/td>\n<td width=\"183\">\n<p style=\"text-align: center\"><strong><a href=\"http:\/\/lattes.cnpq.br\/3708578079944571\">Acesse aqui<\/a><\/strong><\/p>\n<\/td>\n<td width=\"250\">\n<p style=\"text-align: center\"><a href=\"http:\/\/www2.unifap.br\/ppgcf\/files\/2026\/02\/SUELEN.pdf\"><strong>Acesse aqui<\/strong><\/a><\/p>\n<\/td>\n<\/tr>\n<tr>\n<td width=\"51\">19<\/td>\n<td width=\"238\">Tafnis Ingret dos Santos Sampaio<\/td>\n<td width=\"307\">Orientador: Dr. Jos\u00e9 Carlos Tavares Carvalho.<\/td>\n<td width=\"183\">\n<p style=\"text-align: center\"><strong><a href=\"http:\/\/lattes.cnpq.br\/2231344464895362\">Acesse aqui<\/a><\/strong><\/p>\n<\/td>\n<td width=\"250\">\n<p style=\"text-align: center\"><a href=\"http:\/\/www2.unifap.br\/ppgcf\/files\/2026\/02\/TAFNIS-INGRET-DOS-SANTOS-SAMPAIO.pdf\"><strong>Acesse aqui<\/strong><\/a><\/p>\n<\/td>\n<\/tr>\n<tr>\n<td width=\"51\">20<\/td>\n<td width=\"238\">Walter de Souza Tavares<\/td>\n<td width=\"307\">Orientador: Dr. Francisco F\u00e1bio Oliveira de Sousa.<\/td>\n<td width=\"183\">\n<p style=\"text-align: center\"><strong><a href=\"http:\/\/lattes.cnpq.br\/5085038840802665\">Acesse aqui<\/a><\/strong><\/p>\n<\/td>\n<td width=\"250\">\n<p style=\"text-align: center\"><a href=\"http:\/\/www2.unifap.br\/ppgcf\/files\/2026\/02\/WALTER-DE-SOUZA-TAVARES.pdf\"><strong>Acesse aqui<\/strong><\/a><\/p>\n<\/td>\n<\/tr>\n<tr>\n<td width=\"51\">21<\/td>\n<td width=\"238\">Yane dos Santos Pereira<\/td>\n<td width=\"307\">Orientador: Dr. Francisco F\u00e1bio Oliveira de Sousa.<\/td>\n<td width=\"183\">\n<p style=\"text-align: center\"><strong><a href=\"http:\/\/lattes.cnpq.br\/0186724192396398\">Acesse aqui<\/a><\/strong><\/p>\n<\/td>\n<td width=\"250\">\n<p style=\"text-align: center\"><strong><a href=\"http:\/\/www2.unifap.br\/ppgcf\/files\/2026\/02\/DISSERTACAO-MODELO-ARTIGO-Yane-dos-Santos.pdf\">Acesse aqui<\/a><\/strong><\/p>\n<\/td>\n<\/tr>\n<\/tbody>\n<\/table>\n<p>&nbsp;<\/p>\n","protected":false},"excerpt":{"rendered":"<p>Turma 2016 ORD NOME ORIENTADOR \/ CO-ORIENTADOR CURR\u00cdCULO LATTES DISSERTA\u00c7\u00c3O DE MESTRADO 01 Clarice Flexa da Rocha Orientadora: Dra. Clarissa Silva Lima. Co-orientador: Dr. Jos\u00e9 Carlos Tavares Carvalho. Acesse aqui Acesse aqui 02 Claudia In\u00eas Coelho de Souza Orientador: Dr.&hellip; <\/p>\n<p><a href=\"https:\/\/www2.unifap.br\/ppgcf\/corpo-discente\/turma-2016-corpo-discente\/\" class=\"readmore-button\">Continue Reading<\/a><\/p>\n","protected":false},"author":624,"featured_media":0,"parent":456,"menu_order":4,"comment_status":"open","ping_status":"open","template":"","meta":{"inline_featured_image":false,"ngg_post_thumbnail":0,"footnotes":""},"class_list":["post-2401","page","type-page","status-publish","hentry"],"_links":{"self":[{"href":"https:\/\/www2.unifap.br\/ppgcf\/wp-json\/wp\/v2\/pages\/2401","targetHints":{"allow":["GET"]}}],"collection":[{"href":"https:\/\/www2.unifap.br\/ppgcf\/wp-json\/wp\/v2\/pages"}],"about":[{"href":"https:\/\/www2.unifap.br\/ppgcf\/wp-json\/wp\/v2\/types\/page"}],"author":[{"embeddable":true,"href":"https:\/\/www2.unifap.br\/ppgcf\/wp-json\/wp\/v2\/users\/624"}],"replies":[{"embeddable":true,"href":"https:\/\/www2.unifap.br\/ppgcf\/wp-json\/wp\/v2\/comments?post=2401"}],"version-history":[{"count":9,"href":"https:\/\/www2.unifap.br\/ppgcf\/wp-json\/wp\/v2\/pages\/2401\/revisions"}],"predecessor-version":[{"id":3852,"href":"https:\/\/www2.unifap.br\/ppgcf\/wp-json\/wp\/v2\/pages\/2401\/revisions\/3852"}],"up":[{"embeddable":true,"href":"https:\/\/www2.unifap.br\/ppgcf\/wp-json\/wp\/v2\/pages\/456"}],"wp:attachment":[{"href":"https:\/\/www2.unifap.br\/ppgcf\/wp-json\/wp\/v2\/media?parent=2401"}],"curies":[{"name":"wp","href":"https:\/\/api.w.org\/{rel}","templated":true}]}}