{"id":2406,"date":"2018-05-14T13:49:10","date_gmt":"2018-05-14T13:49:10","guid":{"rendered":"http:\/\/www2.unifap.br\/ppgcf\/?page_id=2406"},"modified":"2026-02-12T19:11:30","modified_gmt":"2026-02-12T19:11:30","slug":"turma-2014-corpo-discente","status":"publish","type":"page","link":"https:\/\/www2.unifap.br\/ppgcf\/corpo-discente\/turma-2014-corpo-discente\/","title":{"rendered":"TURMA 2014 &#8211; CORPO DISCENTE"},"content":{"rendered":"<p><strong>Turma 2014<\/strong><\/p>\n<table width=\"1028\">\n<tbody>\n<tr>\n<td width=\"51\"><strong>ORD<\/strong><\/td>\n<td width=\"238\"><strong>NOME<\/strong><\/td>\n<td width=\"307\"><strong>ORIENTADOR \/ CO-ORIENTADOR<\/strong><\/td>\n<td width=\"183\">\n<p style=\"text-align: center\"><strong>CURR\u00cdCULO LATTES<\/strong><\/p>\n<\/td>\n<td width=\"250\">\n<p style=\"text-align: center\"><strong>DISSERTA\u00c7\u00c3O DE MESTRADO<\/strong><\/p>\n<\/td>\n<\/tr>\n<tr>\n<td width=\"51\">01<\/td>\n<td width=\"238\">Alex Bruno Lobato Rodrigues<\/td>\n<td width=\"307\">Orientadora: Dra. Sheylla Susan Moreira da Silva de Almeida.<\/td>\n<td width=\"183\">\n<p style=\"text-align: center\"><strong><a href=\"http:\/\/lattes.cnpq.br\/0736394038843448\">Acesse aqui<\/a><\/strong><\/p>\n<\/td>\n<td width=\"250\">\n<p style=\"text-align: center\"><strong><a href=\"http:\/\/www2.unifap.br\/ppgcf\/files\/2026\/02\/Alex_Bruno_Lobato_Rodrigues.pdf\">Acesse aqui<\/a><\/strong><\/p>\n<\/td>\n<\/tr>\n<tr>\n<td width=\"51\">02<\/td>\n<td width=\"238\">Cleison Carvalho Lobato<\/td>\n<td width=\"307\">Orientador: Dr. Jos\u00e9 Carlos Tavares Carvalho.<\/td>\n<td width=\"183\">\n<p style=\"text-align: center\"><strong><a href=\"http:\/\/lattes.cnpq.br\/0593219744340272\">Acesse aqui<\/a><\/strong><\/p>\n<\/td>\n<td width=\"250\">\n<p style=\"text-align: center\">&#8211;<\/p>\n<\/td>\n<\/tr>\n<tr>\n<td width=\"51\">03<\/td>\n<td width=\"238\">Glenda Quaresma Ramos<\/td>\n<td width=\"307\">Orientador: Dr. Henrique Duarte da Fonseca Filho.<\/td>\n<td width=\"183\">\n<p style=\"text-align: center\"><strong><a href=\"http:\/\/lattes.cnpq.br\/1730719523397207\">Acesse aqui<\/a><\/strong><\/p>\n<\/td>\n<td width=\"250\">\n<p style=\"text-align: center\">&#8211;<\/p>\n<\/td>\n<\/tr>\n<tr>\n<td width=\"51\">04<\/td>\n<td width=\"238\">Igor Victor Ferreira dos Santos<\/td>\n<td width=\"307\">Orientador: Dr. Jos\u00e9 Carlos Tavares Carvalho.<\/td>\n<td width=\"183\">\n<p style=\"text-align: center\"><strong><a href=\"http:\/\/lattes.cnpq.br\/2073529369588603\">Acesse aqui<\/a><\/strong><\/p>\n<\/td>\n<td width=\"250\">\n<p style=\"text-align: center\"><strong><a href=\"http:\/\/www2.unifap.br\/ppgcf\/files\/2026\/02\/IGOR-VICTOR-FERREIRA-DOS-SANTOS.pdf\">Acesse aqui<\/a><\/strong><\/p>\n<\/td>\n<\/tr>\n<tr>\n<td width=\"51\">05<\/td>\n<td width=\"238\">Leandro Lima Castro<\/td>\n<td width=\"307\">Orientadora: Dra. Lorane Izabel da Silva Hage Melim.<\/td>\n<td width=\"183\">\n<p style=\"text-align: center\"><strong><a href=\"http:\/\/lattes.cnpq.br\/0501436295198223\">Acesse aqui<\/a><\/strong><\/p>\n<\/td>\n<td width=\"250\">\n<p style=\"text-align: center\"><strong><a href=\"http:\/\/www2.unifap.br\/ppgcf\/files\/2026\/02\/LEANDRO-LIMA-CASTRO.pdf\">Acesse aqui<\/a><\/strong><\/p>\n<\/td>\n<\/tr>\n<tr>\n<td width=\"51\">06<\/td>\n<td width=\"238\">Robert Saraiva Matos<\/td>\n<td width=\"307\">Orientador: Dr. Robert Ronald Magui\u00f1a Zamora.<\/td>\n<td width=\"183\">\n<p style=\"text-align: center\"><strong><a href=\"http:\/\/lattes.cnpq.br\/0342189537308858\">Acesse aqui<\/a><\/strong><\/p>\n<\/td>\n<td width=\"250\">\n<p style=\"text-align: center\"><strong><a href=\"http:\/\/www2.unifap.br\/ppgcf\/files\/2026\/02\/Robert_Saraiva_Matos-1.pdf\">Acesse aqui<\/a><\/strong><\/p>\n<\/td>\n<\/tr>\n<\/tbody>\n<\/table>\n","protected":false},"excerpt":{"rendered":"<p>Turma 2014 ORD NOME ORIENTADOR \/ CO-ORIENTADOR CURR\u00cdCULO LATTES DISSERTA\u00c7\u00c3O DE MESTRADO 01 Alex Bruno Lobato Rodrigues Orientadora: Dra. Sheylla Susan Moreira da Silva de Almeida. Acesse aqui Acesse aqui 02 Cleison Carvalho Lobato Orientador: Dr. Jos\u00e9 Carlos Tavares Carvalho.&hellip; <\/p>\n<p><a href=\"https:\/\/www2.unifap.br\/ppgcf\/corpo-discente\/turma-2014-corpo-discente\/\" class=\"readmore-button\">Continue Reading<\/a><\/p>\n","protected":false},"author":624,"featured_media":0,"parent":456,"menu_order":2,"comment_status":"open","ping_status":"open","template":"","meta":{"inline_featured_image":false,"ngg_post_thumbnail":0,"footnotes":""},"class_list":["post-2406","page","type-page","status-publish","hentry"],"_links":{"self":[{"href":"https:\/\/www2.unifap.br\/ppgcf\/wp-json\/wp\/v2\/pages\/2406","targetHints":{"allow":["GET"]}}],"collection":[{"href":"https:\/\/www2.unifap.br\/ppgcf\/wp-json\/wp\/v2\/pages"}],"about":[{"href":"https:\/\/www2.unifap.br\/ppgcf\/wp-json\/wp\/v2\/types\/page"}],"author":[{"embeddable":true,"href":"https:\/\/www2.unifap.br\/ppgcf\/wp-json\/wp\/v2\/users\/624"}],"replies":[{"embeddable":true,"href":"https:\/\/www2.unifap.br\/ppgcf\/wp-json\/wp\/v2\/comments?post=2406"}],"version-history":[{"count":5,"href":"https:\/\/www2.unifap.br\/ppgcf\/wp-json\/wp\/v2\/pages\/2406\/revisions"}],"predecessor-version":[{"id":3850,"href":"https:\/\/www2.unifap.br\/ppgcf\/wp-json\/wp\/v2\/pages\/2406\/revisions\/3850"}],"up":[{"embeddable":true,"href":"https:\/\/www2.unifap.br\/ppgcf\/wp-json\/wp\/v2\/pages\/456"}],"wp:attachment":[{"href":"https:\/\/www2.unifap.br\/ppgcf\/wp-json\/wp\/v2\/media?parent=2406"}],"curies":[{"name":"wp","href":"https:\/\/api.w.org\/{rel}","templated":true}]}}