{"id":2408,"date":"2018-05-14T13:52:25","date_gmt":"2018-05-14T13:52:25","guid":{"rendered":"http:\/\/www2.unifap.br\/ppgcf\/?page_id=2408"},"modified":"2026-02-12T19:10:51","modified_gmt":"2026-02-12T19:10:51","slug":"turma-2013-corpo-discente","status":"publish","type":"page","link":"https:\/\/www2.unifap.br\/ppgcf\/corpo-discente\/turma-2013-corpo-discente\/","title":{"rendered":"TURMA 2013 &#8211; CORPO DISCENTE"},"content":{"rendered":"<p><strong>Turma 2013<\/strong> &#8211; Ingressantes&nbsp; no primeiro semestre de 2013.<\/p>\n<table width=\"1028\">\n<tbody>\n<tr>\n<td width=\"51\"><strong>ORD<\/strong><\/td>\n<td width=\"238\"><strong>NOME<\/strong><\/td>\n<td width=\"307\"><strong>ORIENTADOR \/ CO-ORIENTADOR<\/strong><\/td>\n<td width=\"183\">\n<p style=\"text-align: center\"><strong>CURR\u00cdCULO LATTES<\/strong><\/p>\n<\/td>\n<td width=\"250\">\n<p style=\"text-align: center\"><strong>DISSERTA\u00c7\u00c3O DE MESTRADO<\/strong><\/p>\n<\/td>\n<\/tr>\n<tr>\n<td width=\"51\">01<\/td>\n<td width=\"238\">Benedito Alfredo Gomes Rodrigues Filho<\/td>\n<td width=\"307\">Orientadora: Dra. Jociv\u00e2nia Oliveira da Silva.<\/td>\n<td width=\"183\">\n<p style=\"text-align: center\"><strong><a href=\"http:\/\/lattes.cnpq.br\/3196357339931916\">Acesse aqui<\/a><\/strong><\/p>\n<\/td>\n<td width=\"250\">\n<p style=\"text-align: center\">&#8211;<\/p>\n<\/td>\n<\/tr>\n<tr>\n<td width=\"51\">02<\/td>\n<td width=\"238\">Benedito de Souza Guimar\u00e3es J\u00fanior<\/td>\n<td width=\"307\">Orientadora: Dra. Alessandra Azevedo do Nascimento.<\/td>\n<td width=\"183\">\n<p style=\"text-align: center\"><strong><a href=\"http:\/\/lattes.cnpq.br\/4340634600010737\">Acesse aqui<\/a><\/strong><\/p>\n<\/td>\n<td width=\"250\">\n<p style=\"text-align: center\"><strong><a href=\"http:\/\/www2.unifap.br\/ppgcf\/files\/2026\/02\/BENEDITO-DE-SOUZA-GUIMARAES-JUNIOR.pdf\">Acesse aqui<\/a><\/strong><\/p>\n<\/td>\n<\/tr>\n<tr>\n<td width=\"51\">03<\/td>\n<td width=\"238\">Claudete do Socorro Mau\u00e9s Ara\u00fajo<\/td>\n<td width=\"307\">Orientadora: Dra. Silvia Maria Mathes Faustino.<\/td>\n<td width=\"183\">\n<p style=\"text-align: center\"><strong><a href=\"http:\/\/lattes.cnpq.br\/4923134163750134\">Acesse aqui<\/a><\/strong><\/p>\n<\/td>\n<td width=\"250\">\n<p style=\"text-align: center\">&#8211;<\/p>\n<\/td>\n<\/tr>\n<tr>\n<td width=\"51\">04<\/td>\n<td width=\"238\">Francenilda Barbosa Gibson<\/td>\n<td width=\"307\">Orientador: Dr. Roberto Messias Bezerra.<\/td>\n<td width=\"183\">\n<p style=\"text-align: center\"><strong><a href=\"http:\/\/lattes.cnpq.br\/3996450988179745\">Acesse aqui<\/a><\/strong><\/p>\n<\/td>\n<td width=\"250\">\n<p style=\"text-align: center\">&#8211;<\/p>\n<\/td>\n<\/tr>\n<tr>\n<td width=\"51\">05<\/td>\n<td width=\"238\">Gisele Custodio de Souza<\/td>\n<td width=\"307\">Orientador: Dr. Jos\u00e9 Carlos Tavares Carvalho.<\/td>\n<td width=\"183\">\n<p style=\"text-align: center\"><strong><a href=\"http:\/\/lattes.cnpq.br\/8625340401893375\">Acesse aqui<\/a><\/strong><\/p>\n<\/td>\n<td width=\"250\">\n<p style=\"text-align: center\"><strong><a href=\"http:\/\/www2.unifap.br\/ppgcf\/files\/2026\/02\/Dissertacao_GiseleCustodio.pdf\">Acesse aqui<\/a><\/strong><\/p>\n<\/td>\n<\/tr>\n<tr>\n<td width=\"51\">06<\/td>\n<td width=\"238\">Maxwell Santos Cabral<\/td>\n<td width=\"307\">Orientadora: Dra. Jociv\u00e2nia Oliveira da Silva.<\/p>\n<p>Co-orientador: Dr. Francisco F\u00e1bio Oliveira de Sousa.<\/td>\n<td width=\"183\">\n<p style=\"text-align: center\"><strong><a href=\"http:\/\/lattes.cnpq.br\/9383976001729703\">Acesse aqui<\/a><\/strong><\/p>\n<\/td>\n<td width=\"250\">\n<p style=\"text-align: center\"><strong><a href=\"http:\/\/www2.unifap.br\/ppgcf\/files\/2026\/02\/MAXWELL-S-C.pdf\">Acesse aqui<\/a><\/strong><\/p>\n<\/td>\n<\/tr>\n<tr>\n<td width=\"51\">07<\/td>\n<td width=\"238\">Mirian dos Santos Magalh\u00e3es<\/td>\n<td width=\"307\">Orientador: Dr. Raimundo Nonato Pican\u00e7o Souto.<\/td>\n<td width=\"183\">\n<p style=\"text-align: center\"><strong><a href=\"http:\/\/lattes.cnpq.br\/5033319183781570\">Acesse aqui<\/a><\/strong><\/p>\n<\/td>\n<td width=\"250\">\n<p style=\"text-align: center\"><strong><a href=\"http:\/\/www2.unifap.br\/ppgcf\/files\/2026\/02\/MIRIAM-DOS-SANTOS-MAGALAES.pdf\">Acesse aqui<\/a><\/strong><\/p>\n<\/td>\n<\/tr>\n<tr>\n<td width=\"51\">08<\/td>\n<td width=\"238\">Raphaelle Sousa Borges<\/td>\n<td width=\"307\">Orientador: Dr. Fl\u00e1vio Henrique Ferreira Barbosa.<\/td>\n<td width=\"183\">\n<p style=\"text-align: center\"><strong><a href=\"http:\/\/lattes.cnpq.br\/5967765732055568\">Acesse aqui<\/a><\/strong><\/p>\n<\/td>\n<td width=\"250\">\n<p style=\"text-align: center\"><strong><a href=\"http:\/\/www2.unifap.br\/ppgcf\/files\/2026\/02\/Raphaelle.pdf\">Acesse aqui<\/a><\/strong><\/p>\n<\/td>\n<\/tr>\n<tr>\n<td width=\"51\">09<\/td>\n<td width=\"238\">Ryan da Silva Ramos<\/td>\n<td width=\"307\">\n<p style=\"text-align: left\">Orientadora: Dra. Sheylla Susan Moreira da Silva de Almeida.<\/p>\n<\/td>\n<td style=\"text-align: center\" width=\"183\"><strong><a href=\"http:\/\/lattes.cnpq.br\/2242127435533182\">Acesse aqui<\/a><\/strong><\/td>\n<td width=\"250\">\n<p style=\"text-align: center\"><strong><a href=\"http:\/\/www2.unifap.br\/ppgcf\/files\/2026\/02\/Ryan-da-Silva-Ramos.pdf\">Acesse aqui<\/a><\/strong><\/p>\n<\/td>\n<\/tr>\n<tr>\n<td width=\"51\">10<\/td>\n<td width=\"238\">Sandro de Souza Figueiredo<\/td>\n<td width=\"307\">Orientador: Dr. Robert Ronald Magui\u00f1a Zamora.<\/td>\n<td width=\"183\">\n<p style=\"text-align: center\"><strong><a href=\"http:\/\/lattes.cnpq.br\/8633898831203244\">Acesse aqui<\/a><\/strong><\/p>\n<\/td>\n<td width=\"250\">\n<p style=\"text-align: center\"><strong><a href=\"http:\/\/www2.unifap.br\/ppgcf\/files\/2026\/02\/SANDRO-DE-SOUZA-FIGUEIREDO.pdf\">Acesse aqui<\/a><\/strong><\/p>\n<\/td>\n<\/tr>\n<\/tbody>\n<\/table>\n<p>&nbsp;<\/p>\n","protected":false},"excerpt":{"rendered":"<p>Turma 2013 &#8211; Ingressantes&nbsp; no primeiro semestre de 2013. ORD NOME ORIENTADOR \/ CO-ORIENTADOR CURR\u00cdCULO LATTES DISSERTA\u00c7\u00c3O DE MESTRADO 01 Benedito Alfredo Gomes Rodrigues Filho Orientadora: Dra. Jociv\u00e2nia Oliveira da Silva. Acesse aqui &#8211; 02 Benedito de Souza Guimar\u00e3es J\u00fanior&hellip; <\/p>\n<p><a href=\"https:\/\/www2.unifap.br\/ppgcf\/corpo-discente\/turma-2013-corpo-discente\/\" class=\"readmore-button\">Continue Reading<\/a><\/p>\n","protected":false},"author":624,"featured_media":0,"parent":456,"menu_order":1,"comment_status":"open","ping_status":"open","template":"","meta":{"inline_featured_image":false,"ngg_post_thumbnail":0,"footnotes":""},"class_list":["post-2408","page","type-page","status-publish","hentry"],"_links":{"self":[{"href":"https:\/\/www2.unifap.br\/ppgcf\/wp-json\/wp\/v2\/pages\/2408","targetHints":{"allow":["GET"]}}],"collection":[{"href":"https:\/\/www2.unifap.br\/ppgcf\/wp-json\/wp\/v2\/pages"}],"about":[{"href":"https:\/\/www2.unifap.br\/ppgcf\/wp-json\/wp\/v2\/types\/page"}],"author":[{"embeddable":true,"href":"https:\/\/www2.unifap.br\/ppgcf\/wp-json\/wp\/v2\/users\/624"}],"replies":[{"embeddable":true,"href":"https:\/\/www2.unifap.br\/ppgcf\/wp-json\/wp\/v2\/comments?post=2408"}],"version-history":[{"count":6,"href":"https:\/\/www2.unifap.br\/ppgcf\/wp-json\/wp\/v2\/pages\/2408\/revisions"}],"predecessor-version":[{"id":3849,"href":"https:\/\/www2.unifap.br\/ppgcf\/wp-json\/wp\/v2\/pages\/2408\/revisions\/3849"}],"up":[{"embeddable":true,"href":"https:\/\/www2.unifap.br\/ppgcf\/wp-json\/wp\/v2\/pages\/456"}],"wp:attachment":[{"href":"https:\/\/www2.unifap.br\/ppgcf\/wp-json\/wp\/v2\/media?parent=2408"}],"curies":[{"name":"wp","href":"https:\/\/api.w.org\/{rel}","templated":true}]}}